{"id":7299,"date":"2024-05-17T08:58:31","date_gmt":"2024-05-17T07:58:31","guid":{"rendered":"https:\/\/lebronze-distribution.com\/product\/materiaux-homologues-airbus-qpl\/"},"modified":"2025-02-17T13:30:02","modified_gmt":"2025-02-17T13:30:02","slug":"materiaux-homologues-airbus-qpl","status":"publish","type":"product","link":"https:\/\/lebronze-distribution.com\/fr\/produit\/materiaux-homologues-airbus-qpl\/","title":{"rendered":"Mat\u00e9riaux homologu\u00e9s AIRBUS QPL"},"content":{"rendered":"<h2>Un large portefeuille de mat\u00e9riaux Airbus QPL approuv\u00e9s<\/h2>\n<p>Lebronze Alloys UK est l&rsquo;un des principaux partenaires de distribution de l&rsquo;industrie a\u00e9rospatiale depuis de nombreuses ann\u00e9es.<br \/>\nAvec des mat\u00e9riaux certifi\u00e9s Airbus QPL dans nos stocks, nous r\u00e9pondons d\u00e9sormais plus efficacement aux besoins de nos clients. Ces mat\u00e9riaux homologu\u00e9s Airbus QPL t\u00e9moignent de la confiance que nous accorde l&rsquo;un des principaux entrepreneurs a\u00e9rospatiaux mondiaux.<\/p>\n<p>Pour plus d&rsquo;informations sur les mat\u00e9riaux homologu\u00e9s Airbus QPL, cliquez sur le lien suivant : <a href=\"https:\/\/info.airbus.com\/en\/aqpl-airbus-qualified-parts-list\" data-cke-saved-href=\"https:\/\/info.airbus.com\/en\/aqpl-airbus-qualified-parts-list\">https:\/\/info.airbus.com\/en\/aqpl-airbus-qualified-parts-list<\/a><\/p>\n<h2>Outil de recherche du Groupe Lebronze Alloys pour les mat\u00e9riaux Airbus QPL<\/h2>\n<p>En compl\u00e9ment de la distribution des mat\u00e9riaux Airbus QPL homologu\u00e9s, le Groupe Lebronze Alloys a cr\u00e9\u00e9 son propre outil de recherche de mat\u00e9riaux Airbus QPL.<\/p>\n<p>Cet outil de recherche a \u00e9t\u00e9 con\u00e7u pour vous aider et vous informer si votre certificat de mat\u00e9riau sp\u00e9cifique Lebronze Alloys est approuv\u00e9 Airbus QPL ou non.<\/p>\n<p>Cliquez sur le lien suivant pour acc\u00e9der \u00e0 l&rsquo;outil de recherche de Lebronze Alloys : <a href=\"https:\/\/www.lebronze-alloys.com\/en\/airbus-qpl\/\">https:\/\/www.lebronze-alloys.com\/en\/airbus-qpl\/<\/a><\/p>\n<h2>Mat\u00e9riels Airbus QPL approuv\u00e9s en stock<\/h2>\n\n<table id=\"tablepress-8\" class=\"tablepress tablepress-id-8 tbody-has-connected-cells\">\n<tbody class=\"row-striping row-hover\">\n<tr class=\"row-1\">\n\t<td colspan=\"2\" class=\"column-1\"><strong>AIRBUS QPL APPROVED MATERIALS<\/td>\n<\/tr>\n<tr class=\"row-2\">\n\t<td class=\"column-1\"><strong>Materials<\/td><td class=\"column-2\"><strong>Dimensions<\/td>\n<\/tr>\n<tr class=\"row-3\">\n\t<td class=\"column-1\">ABS 5152<\/td><td class=\"column-2\">50 \u2264 OD \u2264 200 mm \/ 1,97 \u2264 OD \u2264 7,87\"<br \/>\n7 \u2264 thickness \u2264 30 mm \/ 0,28 \u2264 thickness \u2264 1,18\"<\/td>\n<\/tr>\n<tr class=\"row-4\">\n\t<td class=\"column-1\">ABS 5849<\/td><td class=\"column-2\">15 \u2264 \u2300 \u2264 18 mm<br \/>\n0,59 \u2264 \u2300 \u2264 0,71\"<\/td>\n<\/tr>\n<tr class=\"row-5\">\n\t<td class=\"column-1\">ASNA 3315<\/td><td class=\"column-2\">20 x 50 mm \/ 25 x 50 mm<br \/>\n0,79 x 1,97\" \/ 0,98 x 1x97\"<\/td>\n<\/tr>\n<tr class=\"row-6\">\n\t<td class=\"column-1\">ASNA 3406<\/td><td class=\"column-2\">15 \u2264 \u2300 \u2264 275 mm<br \/>\n0,59 \u2264 \u2300 \u2264 10,82\"<\/td>\n<\/tr>\n<tr class=\"row-7\">\n\t<td class=\"column-1\">ASNA 6127<\/td><td class=\"column-2\">15 \u2264 \u2300 \u2264 140 mm<br \/>\n0,59 \u2264 \u2300 \u2264 5,51\"<\/td>\n<\/tr>\n<tr class=\"row-8\">\n\t<td class=\"column-1\">LN 9468<\/td><td class=\"column-2\">16 \u2264 \u2300 \u2264 80 mm<br \/>\n0,63 \u2264 \u2300 \u2264 3,15\"<\/td>\n<\/tr>\n<tr class=\"row-9\">\n\t<td class=\"column-1\">BS B23<\/td><td class=\"column-2\">16 \u2264 \u2300 \u2264 250 mm<br \/>\n0,63 \u2264 \u2300 \u2264 9,84\"<\/td>\n<\/tr>\n<tr class=\"row-10\">\n\t<td class=\"column-1\">DTD 197A<\/td><td class=\"column-2\">15,875 \u2264 \u2300 \u2264 101,6 mm<br \/>\n0,625 \u2264 \u2300 \u2264 4\"<\/td>\n<\/tr>\n<\/tbody>\n<\/table>\n<!-- #tablepress-8 from cache -->\n","protected":false},"excerpt":{"rendered":"<p>Un large portefeuille de mat\u00e9riaux Airbus QPL approuv\u00e9s Lebronze Alloys UK est l&rsquo;un des principaux partenaires de distribution de l&rsquo;industrie a\u00e9rospatiale depuis de nombreuses ann\u00e9es. Avec des mat\u00e9riaux certifi\u00e9s Airbus QPL dans nos stocks, nous r\u00e9pondons d\u00e9sormais plus efficacement aux besoins de nos clients. Ces mat\u00e9riaux homologu\u00e9s Airbus QPL t\u00e9moignent de la confiance que nous [&hellip;]<\/p>\n","protected":false},"featured_media":7254,"comment_status":"open","ping_status":"closed","template":"","meta":{"_acf_changed":false,"_seopress_robots_primary_cat":"none","_seopress_titles_title":"","_seopress_titles_desc":"","_seopress_robots_index":""},"product_brand":[],"product_cat":[577],"product_tag":[],"class_list":{"0":"post-7299","1":"product","2":"type-product","3":"status-publish","4":"has-post-thumbnail","6":"product_cat-materiaux-homologues-airbus-qpl","8":"first","9":"instock","10":"shipping-taxable","11":"product-type-simple"},"acf":[],"_links":{"self":[{"href":"https:\/\/lebronze-distribution.com\/fr\/wp-json\/wp\/v2\/product\/7299","targetHints":{"allow":["GET"]}}],"collection":[{"href":"https:\/\/lebronze-distribution.com\/fr\/wp-json\/wp\/v2\/product"}],"about":[{"href":"https:\/\/lebronze-distribution.com\/fr\/wp-json\/wp\/v2\/types\/product"}],"replies":[{"embeddable":true,"href":"https:\/\/lebronze-distribution.com\/fr\/wp-json\/wp\/v2\/comments?post=7299"}],"wp:featuredmedia":[{"embeddable":true,"href":"https:\/\/lebronze-distribution.com\/fr\/wp-json\/wp\/v2\/media\/7254"}],"wp:attachment":[{"href":"https:\/\/lebronze-distribution.com\/fr\/wp-json\/wp\/v2\/media?parent=7299"}],"wp:term":[{"taxonomy":"product_brand","embeddable":true,"href":"https:\/\/lebronze-distribution.com\/fr\/wp-json\/wp\/v2\/product_brand?post=7299"},{"taxonomy":"product_cat","embeddable":true,"href":"https:\/\/lebronze-distribution.com\/fr\/wp-json\/wp\/v2\/product_cat?post=7299"},{"taxonomy":"product_tag","embeddable":true,"href":"https:\/\/lebronze-distribution.com\/fr\/wp-json\/wp\/v2\/product_tag?post=7299"}],"curies":[{"name":"wp","href":"https:\/\/api.w.org\/{rel}","templated":true}]}}