{"id":6706,"date":"2024-02-28T14:48:05","date_gmt":"2024-02-28T14:48:05","guid":{"rendered":"https:\/\/lebronze-distribution.com\/product\/ns30-cuni7si2cr1-conductivite-thermique-elevee-et-alliage-a-haute-resistance\/"},"modified":"2025-02-17T13:30:10","modified_gmt":"2025-02-17T13:30:10","slug":"ns30-cuni7si2cr1-conductivite-thermique-elevee-et-alliage-a-haute-resistance","status":"publish","type":"product","link":"https:\/\/lebronze-distribution.com\/fr\/produit\/ns30-cuni7si2cr1-conductivite-thermique-elevee-et-alliage-a-haute-resistance\/","title":{"rendered":"NS30 | CuNi7Si2Cr1 | Alliage de cuivre-nickel-silicium \u00e0 haute conductivit\u00e9 thermique et haute r\u00e9sistance"},"content":{"rendered":"<h2><strong>NS30 | Propri\u00e9t\u00e9s cl\u00e9s de CuNi7Si2Cr1<\/strong><\/h2>\n<p><strong>NS30 | CuNi7Si2Cr1<\/strong> est un alliage de cuivre nickel silicium corroy\u00e9 CuNi7Si2Cr1 con\u00e7u pour les applications n\u00e9cessitant une combinaison de dissipation thermique \u00e9lev\u00e9e, de r\u00e9sistance \u00e9lev\u00e9e, de r\u00e9sistance aux chocs et de r\u00e9sistance \u00e0 la corrosion.<\/p>\n<p><strong>NS30 | CuNi7Si2Cr1<\/strong> pr\u00e9sente des propri\u00e9t\u00e9s physiques et m\u00e9caniques exceptionnelles.<\/p>\n<p><strong>NS30 | CuNi7Si2Cr1<\/strong> est exceptionnellement r\u00e9sistant \u00e0 l\u2019usure, au grippage et au ramollissement m\u00e9tal sur m\u00e9tal.<\/p>\n<p><strong>NS30 | CuNi7Si2Cr1<\/strong> garantit une dur\u00e9e de vie plus longue et moins de pannes, optimisant ainsi votre co\u00fbt total de possession (TCO).<\/p>\n<p><strong>NS30 | CuNi7Si2Cr1<\/strong> est facilement usin\u00e9 en composants complexes tout en <strong>\u00e9tant respectueux de l&rsquo;environnement,<\/strong> \u00e9tant \u00e0 la fois <strong>sans b\u00e9ryllium et sans plomb.<\/strong><\/p>\n<p><strong>NS30 | CuNi7Si2Cr1 est<\/strong> <strong>un substitut id\u00e9al au cuivre-b\u00e9ryllium CuBe2<\/strong> et est conforme aux r\u00e9glementations REACH et RoHS.<\/p>\n<h2><strong>NS30 | Applications CuNi7Si2Cr1<\/strong><\/h2>\n<h3><strong>Automobile<\/strong><\/h3>\n<p><strong>NS30 | CuNi7Si2Cr1<\/strong> am\u00e9liore les performances du moteur en minimisant le volume des crevasses et la distorsion de la t\u00eate, en abaissant la temp\u00e9rature du pont d&rsquo;\u00e9chappement, en r\u00e9duisant la masse du piston et en r\u00e9gulant la temp\u00e9rature globale.<\/p>\n<p>De plus, <strong>NS30 | CuNi7Si2Cr1<\/strong> diminue l\u2019effet de cliquetis et optimise l\u2019avance \u00e0 l\u2019allumage pour une meilleure efficacit\u00e9 du moteur.<\/p>\n<p>Dans les voitures de tourisme \u00e9conomes en carburant et en CO2, <strong>le NS30 | CuNi7Si2Cr1<\/strong> trouve des applications dans les si\u00e8ges de soupape, les guides de soupape, les chemises, les roulements et les bagues.<\/p>\n<p>De m\u00eame, <strong>le NS30 | CuNi7Si2Cr1<\/strong> est utilis\u00e9 dans les voitures de course pour les composants du train de soupapes afin d\u2019am\u00e9liorer les performances.<\/p>\n<p><strong>Outillage d&rsquo;injection<\/strong><\/p>\n<p><strong>NS30 | CuNi7Si2Cr1<\/strong> se distingue comme un excellent choix pour les applications d&rsquo;outillage en raison de ses propri\u00e9t\u00e9s thermiques et m\u00e9caniques exceptionnelles.<\/p>\n<p>Il est particuli\u00e8rement adapt\u00e9 \u00e0 une utilisation dans les inserts de moules pour le moulage par injection, le moulage par injection et par extrusion-soufflage, ainsi que dans les composants d&rsquo;injection tels que les buses et les collecteurs pour les syst\u00e8mes \u00e0 canaux chauds.<\/p>\n<p><strong>Soudage<\/strong><\/p>\n<p><strong>Le NS30 | CuNi7Si2Cr1<\/strong> est sp\u00e9cialement con\u00e7u pour les applications de soudage exigeantes, notamment les tiges et roues de soudage fortement sollicit\u00e9es, ainsi que les pointes de piston et pistons moul\u00e9s sous pression \u00e0 haute pression.<\/p>\n","protected":false},"excerpt":{"rendered":"<h2 style=\"text-align: left;\">Formes et tailles disponibles<\/h2>\n<ul>\n<li style=\"text-align: left;\">Barres&nbsp;: 0,50&nbsp;po (12,7&nbsp;mm)&lt; \u00d8 \u2264 5&Prime; (127 mm)<\/li>\n<\/ul>\n","protected":false},"featured_media":8082,"comment_status":"open","ping_status":"closed","template":"","meta":{"_acf_changed":false,"_seopress_robots_primary_cat":"none","_seopress_titles_title":"","_seopress_titles_desc":"","_seopress_robots_index":""},"product_brand":[],"product_cat":[572],"product_tag":[],"class_list":{"0":"post-6706","1":"product","2":"type-product","3":"status-publish","4":"has-post-thumbnail","6":"product_cat-alliages-de-cuivre-nickel-et-silicium","8":"first","9":"instock","10":"shipping-taxable","11":"product-type-simple"},"acf":[],"_links":{"self":[{"href":"https:\/\/lebronze-distribution.com\/fr\/wp-json\/wp\/v2\/product\/6706","targetHints":{"allow":["GET"]}}],"collection":[{"href":"https:\/\/lebronze-distribution.com\/fr\/wp-json\/wp\/v2\/product"}],"about":[{"href":"https:\/\/lebronze-distribution.com\/fr\/wp-json\/wp\/v2\/types\/product"}],"replies":[{"embeddable":true,"href":"https:\/\/lebronze-distribution.com\/fr\/wp-json\/wp\/v2\/comments?post=6706"}],"wp:featuredmedia":[{"embeddable":true,"href":"https:\/\/lebronze-distribution.com\/fr\/wp-json\/wp\/v2\/media\/8082"}],"wp:attachment":[{"href":"https:\/\/lebronze-distribution.com\/fr\/wp-json\/wp\/v2\/media?parent=6706"}],"wp:term":[{"taxonomy":"product_brand","embeddable":true,"href":"https:\/\/lebronze-distribution.com\/fr\/wp-json\/wp\/v2\/product_brand?post=6706"},{"taxonomy":"product_cat","embeddable":true,"href":"https:\/\/lebronze-distribution.com\/fr\/wp-json\/wp\/v2\/product_cat?post=6706"},{"taxonomy":"product_tag","embeddable":true,"href":"https:\/\/lebronze-distribution.com\/fr\/wp-json\/wp\/v2\/product_tag?post=6706"}],"curies":[{"name":"wp","href":"https:\/\/api.w.org\/{rel}","templated":true}]}}