{"id":3861,"date":"2022-05-23T16:29:13","date_gmt":"2022-05-23T15:29:13","guid":{"rendered":"https:\/\/lebronze-distribution.com\/product\/hardibron-alliage-de-performance-cuivre-nickel-aluminium-pour-le-petrole-et-le-gaz-cuni14al3fe1-wl-2-1504\/"},"modified":"2025-02-17T13:30:27","modified_gmt":"2025-02-17T13:30:27","slug":"cuni14al3fe1-wl-2-1504-cuivre-nickel-aluminium-lebronze-alliages","status":"publish","type":"product","link":"https:\/\/lebronze-distribution.com\/fr\/produit\/cuni14al3fe1-wl-2-1504-cuivre-nickel-aluminium-lebronze-alliages\/","title":{"rendered":"Hardibron\u00ae | CuNi14Al3Fe1 | WL 2.1504 &#8211; Alliage de performance cuivre-nickel-aluminium pour le p\u00e9trole et le gaz"},"content":{"rendered":"<h2>Hardibron\u00ae | CuNi14Al3Fe1 | WL 2.1504 propri\u00e9t\u00e9s principales<\/h2>\n<p><strong>Hardibron\u00ae | CuNi14Al3Fe1 | WL 2.1504<\/strong> est un alliage corroy\u00e9 de Cuivre-Nickel-Aluminium (CuNi14Al3Fe1) con\u00e7u pour des applications de haute r\u00e9sistance m\u00e9canique en environnements marins. Il est amagn\u00e9tique et r\u00e9siste \u00e0 l&rsquo;usure m\u00e9canique, au grippage, \u00e0 la corrosion marine, aux temp\u00e9ratures et pressions extr\u00eames. <strong>Hardibron\u00ae | CuNi14Al3Fe1 | WL 2.1504<\/strong> est facile \u00e0 usiner en composants complexes tout en \u00e9tant respectueux de l&rsquo;environnement car il ne contient ni Plomb ni B\u00e9ryllium.<\/p>\n<p><strong>Hardibron\u00ae | CuNi14Al3Fe1 | WL 2.1504<\/strong> est utilis\u00e9 dans l\u2019Oil &amp; Gas dans de nombreux composants pour <strong>ses excellentes propri\u00e9t\u00e9s physiques et m\u00e9caniques.<\/strong><\/p>\n<h2>Hardibron\u00ae | CuNi14Al3Fe1 | WL 2.1504 applications<\/h2>\n<p><strong>P\u00e9trole et gaz<\/strong><\/p>\n<p><strong>Hardibron\u00ae | CuNi14Al3Fe1 | WL 2.1504<\/strong> peut \u00eatre utilis\u00e9 dans les syst\u00e8mes de production flottants des topsides marins : Arbres marins, coussinets, boulonnerie offshore, valves, pompes.<\/p>\n<p><strong>Hardibron\u00ae | CuNi14Al3Fe1 | WL 2.1504<\/strong> est \u00e9galement utilis\u00e9 dans les pompes \u00e0 p\u00e9trole onshore comme accouplement de tige de succion et de douille de guidage de tige de soupape. Dans ces applications o\u00f9 l&rsquo;acier inoxydable est g\u00e9n\u00e9ralement utilis\u00e9, <strong>Hardibron\u00ae | CuNi14Al3Fe1 | WL 2.1504<\/strong> d\u00e9montre une <strong>r\u00e9sistance exceptionnelle \u00e0 l&rsquo;usure m\u00e9tal sur m\u00e9tal<\/strong>. Cela permet de r\u00e9duire les <strong>pannes <\/strong>et donc les <strong>temps d&rsquo;arr\u00eat pour la maintenance<\/strong>.<\/p>\n<p><strong>Hardibron\u00ae | CuNi14Al3Fe1 | WL 2.1504 <\/strong>est id\u00e9al pour les t\u00eates de puits sous-marines, les connexions hydrauliques et \u00e9lectriques ROV et AUV aux connecteurs de t\u00eate de puits, les outils ROV et les valves.<\/p>\n<p><strong>Hardibron\u00ae | CuNi14Al3Fe1 | WL 2.1504<\/strong> peut \u00eatre utilis\u00e9 dans les syst\u00e8mes offshore et sous-marins.<\/p>\n","protected":false},"excerpt":{"rendered":"<p class=\"heading heading--md aos-init aos-animate\" data-aos=\"fade-right\"><strong>Hardibron\u00ae | CuNi14Al3Fe1 | WL 2.1504<\/strong> est un alliage corroy\u00e9 de Cuivre-Nickel-Aluminium (CuNi14Al3Fe1) con\u00e7u pour des applications de haute r\u00e9sistance m\u00e9canique en environnements marins. Il est amagn\u00e9tique et r\u00e9siste \u00e0 l&rsquo;usure m\u00e9canique, au grippage, \u00e0 la corrosion marine, aux temp\u00e9ratures et pressions extr\u00eames. Il est facile \u00e0 usiner en composants complexes tout en \u00e9tant <strong>respectueux de l&rsquo;environnement car il ne contient ni plomb ni b\u00e9ryllium<\/strong>. Il est \u00e9galement conforme aux normes DIN 2.1504 et DTD 900\/4805.<\/p>\n","protected":false},"featured_media":2218,"comment_status":"open","ping_status":"closed","template":"","meta":{"_acf_changed":false,"_seopress_robots_primary_cat":"none","_seopress_titles_title":"Hardibron\u00ae | CuNi14Al3Fe1 | WL2.1504 | Cuivre Nickel Aluminium  ","_seopress_titles_desc":"","_seopress_robots_index":""},"product_brand":[],"product_cat":[219],"product_tag":[268,271,376,270],"class_list":{"0":"post-3861","1":"product","2":"type-product","3":"status-publish","4":"has-post-thumbnail","6":"product_cat-alliages-de-cuivre-nickel-et-bronze","7":"product_tag-cuni14al3fe1-fr","8":"product_tag-din-2-1504-fr","9":"product_tag-dtd-900-4805-fr","10":"product_tag-wl-2-1504-fr","12":"first","13":"instock","14":"shipping-taxable","15":"product-type-simple"},"acf":[],"_links":{"self":[{"href":"https:\/\/lebronze-distribution.com\/fr\/wp-json\/wp\/v2\/product\/3861","targetHints":{"allow":["GET"]}}],"collection":[{"href":"https:\/\/lebronze-distribution.com\/fr\/wp-json\/wp\/v2\/product"}],"about":[{"href":"https:\/\/lebronze-distribution.com\/fr\/wp-json\/wp\/v2\/types\/product"}],"replies":[{"embeddable":true,"href":"https:\/\/lebronze-distribution.com\/fr\/wp-json\/wp\/v2\/comments?post=3861"}],"wp:featuredmedia":[{"embeddable":true,"href":"https:\/\/lebronze-distribution.com\/fr\/wp-json\/wp\/v2\/media\/2218"}],"wp:attachment":[{"href":"https:\/\/lebronze-distribution.com\/fr\/wp-json\/wp\/v2\/media?parent=3861"}],"wp:term":[{"taxonomy":"product_brand","embeddable":true,"href":"https:\/\/lebronze-distribution.com\/fr\/wp-json\/wp\/v2\/product_brand?post=3861"},{"taxonomy":"product_cat","embeddable":true,"href":"https:\/\/lebronze-distribution.com\/fr\/wp-json\/wp\/v2\/product_cat?post=3861"},{"taxonomy":"product_tag","embeddable":true,"href":"https:\/\/lebronze-distribution.com\/fr\/wp-json\/wp\/v2\/product_tag?post=3861"}],"curies":[{"name":"wp","href":"https:\/\/api.w.org\/{rel}","templated":true}]}}