{"id":3858,"date":"2022-07-05T16:52:30","date_gmt":"2022-07-05T15:52:30","guid":{"rendered":"https:\/\/lebronze-distribution.com\/product\/k5-alliage-daluminium-cuivre-nickel-cuni14al3-nfl14702\/"},"modified":"2025-02-17T13:30:20","modified_gmt":"2025-02-17T13:30:20","slug":"k5-cuni14al3-nfl14702-aluminum-nickel-copper-alloy","status":"publish","type":"product","link":"https:\/\/lebronze-distribution.com\/fr\/produit\/k5-cuni14al3-nfl14702-aluminum-nickel-copper-alloy\/","title":{"rendered":"K5 | CuNi14Al3 | NFL14702 &#8211; Alliage d&rsquo;aluminium cuivre-nickel"},"content":{"rendered":"<h2><strong>K5 | CuNi14Al3 | NFL14702 propri\u00e9t\u00e9s cl\u00e9s<\/strong><\/h2>\n<p><strong>K5 | CuNi14Al3 | NFL14702<\/strong> est un Cupro-Nickel-Aluminium CuNi14Al3\/ CuNi14Al2 (NFL14702, ASNA 6127A, GAM MM11) corroy\u00e9 avec des propri\u00e9t\u00e9s m\u00e9caniques tr\u00e8s \u00e9lev\u00e9es, une bonne r\u00e9sistance aux chocs et \u00e0 la fatigue et n\u2019\u00e9met pas d&rsquo;\u00e9tincelles \u00e0 l&rsquo;impact.<\/p>\n<p><strong>K5 | CuNi14Al3 | NFL14702<\/strong> est \u00e9galement strictement amagn\u00e9tique.<\/p>\n<h2>K5 | CuNi14Al3 | NFL14702 Principales applications<\/h2>\n<p><strong>G\u00e9nie \u00e9lectrique<\/strong><\/p>\n<p><strong>K5 | CuNi14Al3 | NFL14702<\/strong> est utilis\u00e9 dans les applications d&rsquo;ing\u00e9nierie \u00e9lectrique.<\/p>\n<p><strong>Marine<\/strong><\/p>\n<p><strong>K5 | CuNi14Al3 | NFL14702<\/strong> a des applications comme pi\u00e8ces dans l&rsquo;industrie maritime.<\/p>\n","protected":false},"excerpt":{"rendered":"<p><strong>K5 | CuNi14Al3 | NFL14702<\/strong> est un Cupro-Nickel-Aluminium CuNi14Al3\/ CuNi14Al2 (NFL14702, ASNA 6127A, GAM MM11) corroy\u00e9 avec des propri\u00e9t\u00e9s m\u00e9caniques tr\u00e8s \u00e9lev\u00e9es, une bonne r\u00e9sistance aux chocs et \u00e0 la fatigue et n\u2019\u00e9met pas d&rsquo;\u00e9tincelles \u00e0 l&rsquo;impact.<\/p>\n","protected":false},"featured_media":555,"comment_status":"open","ping_status":"closed","template":"","meta":{"_acf_changed":false,"_seopress_robots_primary_cat":"none","_seopress_titles_title":"K5 | CuNi14Al3 | NFL14702 \u2013 Alliage d'Aluminium - Cuivre - Nickel","_seopress_titles_desc":"","_seopress_robots_index":""},"product_brand":[],"product_cat":[219],"product_tag":[302,306,369,308],"class_list":{"0":"post-3858","1":"product","2":"type-product","3":"status-publish","4":"has-post-thumbnail","6":"product_cat-alliages-de-cuivre-nickel-et-bronze","7":"product_tag-cuni14al3-fr","8":"product_tag-gam-mm11-fr","9":"product_tag-nfl14702-fr","10":"product_tag-x316-fr","12":"first","13":"instock","14":"shipping-taxable","15":"product-type-simple"},"acf":[],"_links":{"self":[{"href":"https:\/\/lebronze-distribution.com\/fr\/wp-json\/wp\/v2\/product\/3858","targetHints":{"allow":["GET"]}}],"collection":[{"href":"https:\/\/lebronze-distribution.com\/fr\/wp-json\/wp\/v2\/product"}],"about":[{"href":"https:\/\/lebronze-distribution.com\/fr\/wp-json\/wp\/v2\/types\/product"}],"replies":[{"embeddable":true,"href":"https:\/\/lebronze-distribution.com\/fr\/wp-json\/wp\/v2\/comments?post=3858"}],"wp:featuredmedia":[{"embeddable":true,"href":"https:\/\/lebronze-distribution.com\/fr\/wp-json\/wp\/v2\/media\/555"}],"wp:attachment":[{"href":"https:\/\/lebronze-distribution.com\/fr\/wp-json\/wp\/v2\/media?parent=3858"}],"wp:term":[{"taxonomy":"product_brand","embeddable":true,"href":"https:\/\/lebronze-distribution.com\/fr\/wp-json\/wp\/v2\/product_brand?post=3858"},{"taxonomy":"product_cat","embeddable":true,"href":"https:\/\/lebronze-distribution.com\/fr\/wp-json\/wp\/v2\/product_cat?post=3858"},{"taxonomy":"product_tag","embeddable":true,"href":"https:\/\/lebronze-distribution.com\/fr\/wp-json\/wp\/v2\/product_tag?post=3858"}],"curies":[{"name":"wp","href":"https:\/\/api.w.org\/{rel}","templated":true}]}}