{"id":3838,"date":"2022-05-18T15:10:14","date_gmt":"2022-05-18T14:10:14","guid":{"rendered":"https:\/\/lebronze-distribution.com\/product\/crm16-alliage-cucrzr-haute-resistance-haute-conductivite-c18150-rwma-classe-2\/"},"modified":"2025-02-17T13:30:33","modified_gmt":"2025-02-17T13:30:33","slug":"crm16-cucrzr-c18150-rwma-class-2","status":"publish","type":"product","link":"https:\/\/lebronze-distribution.com\/fr\/produit\/crm16-cucrzr-c18150-rwma-class-2\/","title":{"rendered":"CRM16 | CuCrZr | C18150 | RWMA Classe 2 &#8211; Alliage de cuivre \u00e0 haute r\u00e9sistance et haute conductivit\u00e9"},"content":{"rendered":"<h2><strong>CRM16 | CuCrZr | C18150 | RWMA Classe 2 propri\u00e9t\u00e9s cl\u00e9s<\/strong><\/h2>\n<p><strong>CRM16 | CuCrZr | C18150 | RWMA Class 2<\/strong> est un alliage Cuivre-Chrome-Zirconium de tr\u00e8s haute puret\u00e9.<\/p>\n<p><strong>CRM16 | CuCrZr | C18150 | RWMA Classe 2 <\/strong>pr\u00e9sente une bonne conductivit\u00e9, une bonne r\u00e9sistance m\u00e9canique et de bonnes propri\u00e9t\u00e9s thermiques, ce qui le rend adapt\u00e9 aux applications de soudage.<\/p>\n<h2>CRM16 | CuCrZr | C18150 | Applications RWMA Classe 2<\/h2>\n<p><strong>Automobile<\/strong><\/p>\n<p><strong>CRM16 | CuCrZr | C18150 | RWMA Class 2 <\/strong>convient pour \u00eatre transform\u00e9 en \u00e9lectrodes de soudage destin\u00e9es \u00e0 l&rsquo;industrie automobile.<\/p>\n<p>Les \u00e9lectrodes de soudage par points en <strong>CRM16 | CuCrZr | C18150 | RWMA Class 2<\/strong> sont la solution standard du march\u00e9 pour le soudage de l&rsquo;acier avec ou sans rev\u00eatement.<\/p>\n<p><strong>Industrie \u00e9lectrique<\/strong><\/p>\n<p><strong>CRM16 | CuCrZr | C18150 | RWMA Classe 2 <\/strong>peuvent \u00e9galement \u00eatre utilis\u00e9s dans les barres de rotor et les connecteurs.<\/p>\n<p><strong>Industrie sid\u00e9rurgique  <\/strong><\/p>\n<p><strong>CRM16 | CuCrZr | C18150 | RWMA Class 2 <\/strong>peut \u00eatre utilis\u00e9 dans les roues de coul\u00e9e et les moules de coul\u00e9e.<\/p>\n","protected":false},"excerpt":{"rendered":"<p><strong>CRM16 | CuCrZr | C18150 | RWMA Class 2<\/strong> est un alliage Cuivre-Chrome-Zirconium pr\u00e9sentant une bonne conductivit\u00e9, une bonne r\u00e9sistance m\u00e9canique et de bonnes propri\u00e9t\u00e9s thermiques, ce qui le rend adapt\u00e9 aux applications de soudage. Cet alliage est conforme aux normes suivantes : RWMA Classe 2, EN 12163, EN 12165, EN 12420, EN 12167, CW106C, CW105C, NFA 82100, DIN 17666 wn 2.1293, DIN 17672 et DIN 44759.<\/p>\n","protected":false},"featured_media":2055,"comment_status":"closed","ping_status":"closed","template":"","meta":{"_acf_changed":false,"_seopress_robots_primary_cat":"none","_seopress_titles_title":"CRM16 | CuCrZr | C18150 | RWMA Classe 2 - Distribution Lebronze","_seopress_titles_desc":"","_seopress_robots_index":""},"product_brand":[],"product_cat":[149],"product_tag":[354,353,153,164,167,358,359,360,286,355,356,287,357,160],"class_list":{"0":"post-3838","1":"product","2":"type-product","3":"status-publish","4":"has-post-thumbnail","6":"product_cat-alliages-cucrzr","7":"product_tag-c18150-fr","8":"product_tag-crm16-fr","9":"product_tag-cucrzr-fr","10":"product_tag-cw105c-fr","11":"product_tag-cw106c-fr","12":"product_tag-din-17666-wn-2-1293-fr","13":"product_tag-din-17672-fr","14":"product_tag-din-44759-fr","15":"product_tag-en-12163-fr","16":"product_tag-en-12165-fr","17":"product_tag-en-12167-fr","18":"product_tag-en-12420-fr","19":"product_tag-nfa-82100-fr","20":"product_tag-rwma-classe-2","22":"first","23":"outofstock","24":"shipping-taxable","25":"purchasable","26":"product-type-variable"},"acf":[],"_links":{"self":[{"href":"https:\/\/lebronze-distribution.com\/fr\/wp-json\/wp\/v2\/product\/3838","targetHints":{"allow":["GET"]}}],"collection":[{"href":"https:\/\/lebronze-distribution.com\/fr\/wp-json\/wp\/v2\/product"}],"about":[{"href":"https:\/\/lebronze-distribution.com\/fr\/wp-json\/wp\/v2\/types\/product"}],"replies":[{"embeddable":true,"href":"https:\/\/lebronze-distribution.com\/fr\/wp-json\/wp\/v2\/comments?post=3838"}],"wp:featuredmedia":[{"embeddable":true,"href":"https:\/\/lebronze-distribution.com\/fr\/wp-json\/wp\/v2\/media\/2055"}],"wp:attachment":[{"href":"https:\/\/lebronze-distribution.com\/fr\/wp-json\/wp\/v2\/media?parent=3838"}],"wp:term":[{"taxonomy":"product_brand","embeddable":true,"href":"https:\/\/lebronze-distribution.com\/fr\/wp-json\/wp\/v2\/product_brand?post=3838"},{"taxonomy":"product_cat","embeddable":true,"href":"https:\/\/lebronze-distribution.com\/fr\/wp-json\/wp\/v2\/product_cat?post=3838"},{"taxonomy":"product_tag","embeddable":true,"href":"https:\/\/lebronze-distribution.com\/fr\/wp-json\/wp\/v2\/product_tag?post=3838"}],"curies":[{"name":"wp","href":"https:\/\/api.w.org\/{rel}","templated":true}]}}