{"id":3835,"date":"2022-05-30T10:20:52","date_gmt":"2022-05-30T09:20:52","guid":{"rendered":"https:\/\/lebronze-distribution.com\/product\/composants-usines\/"},"modified":"2025-02-17T13:30:25","modified_gmt":"2025-02-17T13:30:25","slug":"composants-usines","status":"publish","type":"product","link":"https:\/\/lebronze-distribution.com\/fr\/produit\/composants-usines\/","title":{"rendered":"Composants usin\u00e9s"},"content":{"rendered":"<p>Le groupe Lebronze Alloys fournit \u00e0 de nombreuses industries diff\u00e9rentes des pi\u00e8ces usin\u00e9es de haute pr\u00e9cision, pr\u00eates \u00e0 \u00eatre install\u00e9es. Avec plus d&rsquo;une d\u00e9cennie d&rsquo;exp\u00e9rience, nous vous offrons une expertise et des solutions fiables pour les pi\u00e8ces usin\u00e9es simples ou complexes.<\/p>\n<p>Notre processus enti\u00e8rement int\u00e9gr\u00e9 et nos partenariats de confiance permettent aux \u00e9quipes de Lebronze alloys d&rsquo;offrir des composants usin\u00e9s et finis :<\/p>\n<ul>\n<li>Composants de haute performance &amp; de haute qualit\u00e9, notamment gr\u00e2ce aux mat\u00e9riaux performants des alliages Lebronze<\/li>\n<li>Des prix comp\u00e9titifs gr\u00e2ce \u00e0 toutes nos usines sp\u00e9cialis\u00e9es<\/li>\n<\/ul>\n","protected":false},"excerpt":{"rendered":"<p>Le groupe Lebronze Alloys fournit \u00e0 de nombreuses industries diff\u00e9rentes des pi\u00e8ces usin\u00e9es de haute pr\u00e9cision, pr\u00eates \u00e0 \u00eatre install\u00e9es. Avec plus d&rsquo;une d\u00e9cennie d&rsquo;exp\u00e9rience, nous vous offrons une expertise et des solutions fiables pour les pi\u00e8ces usin\u00e9es simples ou complexes. Notre processus enti\u00e8rement int\u00e9gr\u00e9 et nos partenariats de confiance permettent aux \u00e9quipes de Lebronze [&hellip;]<\/p>\n","protected":false},"featured_media":2165,"comment_status":"open","ping_status":"closed","template":"","meta":{"_acf_changed":false,"_seopress_robots_primary_cat":"none","_seopress_titles_title":"","_seopress_titles_desc":"","_seopress_robots_index":""},"product_brand":[],"product_cat":[333],"product_tag":[],"class_list":{"0":"post-3835","1":"product","2":"type-product","3":"status-publish","4":"has-post-thumbnail","6":"product_cat-composants-usines","8":"first","9":"instock","10":"shipping-taxable","11":"product-type-simple"},"acf":[],"_links":{"self":[{"href":"https:\/\/lebronze-distribution.com\/fr\/wp-json\/wp\/v2\/product\/3835","targetHints":{"allow":["GET"]}}],"collection":[{"href":"https:\/\/lebronze-distribution.com\/fr\/wp-json\/wp\/v2\/product"}],"about":[{"href":"https:\/\/lebronze-distribution.com\/fr\/wp-json\/wp\/v2\/types\/product"}],"replies":[{"embeddable":true,"href":"https:\/\/lebronze-distribution.com\/fr\/wp-json\/wp\/v2\/comments?post=3835"}],"wp:featuredmedia":[{"embeddable":true,"href":"https:\/\/lebronze-distribution.com\/fr\/wp-json\/wp\/v2\/media\/2165"}],"wp:attachment":[{"href":"https:\/\/lebronze-distribution.com\/fr\/wp-json\/wp\/v2\/media?parent=3835"}],"wp:term":[{"taxonomy":"product_brand","embeddable":true,"href":"https:\/\/lebronze-distribution.com\/fr\/wp-json\/wp\/v2\/product_brand?post=3835"},{"taxonomy":"product_cat","embeddable":true,"href":"https:\/\/lebronze-distribution.com\/fr\/wp-json\/wp\/v2\/product_cat?post=3835"},{"taxonomy":"product_tag","embeddable":true,"href":"https:\/\/lebronze-distribution.com\/fr\/wp-json\/wp\/v2\/product_tag?post=3835"}],"curies":[{"name":"wp","href":"https:\/\/api.w.org\/{rel}","templated":true}]}}