{"id":3827,"date":"2022-06-30T10:23:07","date_gmt":"2022-06-30T09:23:07","guid":{"rendered":"https:\/\/lebronze-distribution.com\/product\/arcap-ap1c-alliage-de-cuivre-a-haute-formabilite\/"},"modified":"2025-02-17T13:30:18","modified_gmt":"2025-02-17T13:30:18","slug":"arcap-ap1c","status":"publish","type":"product","link":"https:\/\/lebronze-distribution.com\/fr\/produit\/arcap-ap1c\/","title":{"rendered":"ARCAP\u00ae AP1C Alliage de cuivre \u00e0 haute formabilit\u00e9"},"content":{"rendered":"<h2>Propri\u00e9t\u00e9s cl\u00e9s de l&rsquo;ARCAP\u00ae AP1C<\/h2>\n<p>ARCAP\u00ae AP1C est un alliage Cupro-Nickel-Zinc qui pr\u00e9sente des propri\u00e9t\u00e9s m\u00e9caniques \u00e9lev\u00e9es, une excellente \u00e9lasticit\u00e9 ainsi qu\u2019une grande formabilit\u00e9. <strong>ARCAP\u00ae AP1C<\/strong> d\u00e9montre une r\u00e9sistance \u00e9lev\u00e9e \u00e0 la corrosion, un contr\u00f4le strict du magn\u00e9tisme, une r\u00e9sistivit\u00e9 stable et une grande facilit\u00e9 d\u2019utilisation.<\/p>\n<p><strong>ARCAP\u00ae AP1C<\/strong> est principalement utilis\u00e9 pour les pi\u00e8ces qui vont subir un formage par torsion, pliage, rivetage, sertissage, emboutissage, etc., et pour tout type de soudure, notamment par soudage laser.<\/p>\n<p><strong>ARCAP\u00ae AP1C<\/strong> est souvent la meilleure solution lorsque des exigences sans plomb sont sp\u00e9cifi\u00e9es, ainsi que la r\u00e9sistance \u00e0 la corrosion et les propri\u00e9t\u00e9s magn\u00e9tiques.<\/p>\n<h2>Applications de l&rsquo;ARCAP\u00ae AP1C<\/h2>\n<p><strong>\u00c9lectronique<\/strong><\/p>\n<p><strong>ARCAP\u00ae AP1C<\/strong> est utilis\u00e9 pour les connecteurs de fibres optiques, notamment en environnements extr\u00eames.<\/p>\n<p><strong>Marine<\/strong><\/p>\n<p><strong>ARCAP\u00ae AP1C <\/strong>est r\u00e9sistant \u00e0 la corrosion : il peut \u00eatre utilis\u00e9 dans des environnements marins.<\/p>\n<p><strong>Luxe et biens de consommation<\/strong><\/p>\n<p><strong>ARCAP\u00ae AP1C<\/strong> est utilis\u00e9 dans le luxe : il peut \u00eatre transform\u00e9 en micro-composants d&rsquo;horlogerie.<\/p>\n","protected":false},"excerpt":{"rendered":"<p>ARCAP\u00ae AP1C est un alliage Cupro-Nickel-Zinc qui pr\u00e9sente des propri\u00e9t\u00e9s m\u00e9caniques \u00e9lev\u00e9es, une excellente \u00e9lasticit\u00e9 ainsi qu\u2019une grande formabilit\u00e9. <strong>ARCAP\u00ae AP1C<\/strong> d\u00e9montre une r\u00e9sistance \u00e9lev\u00e9e \u00e0 la corrosion, un contr\u00f4le strict du magn\u00e9tisme, une r\u00e9sistivit\u00e9 stable et une grande facilit\u00e9 d\u2019utilisation.<\/p>\n","protected":false},"featured_media":1601,"comment_status":"open","ping_status":"closed","template":"","meta":{"_acf_changed":false,"_seopress_robots_primary_cat":"none","_seopress_titles_title":"ARCAP \u00ae AP1C Alliage de Cuivre \u00e0 haute formabilit\u00e9 ","_seopress_titles_desc":"","_seopress_robots_index":""},"product_brand":[],"product_cat":[266],"product_tag":[],"class_list":{"0":"post-3827","1":"product","2":"type-product","3":"status-publish","4":"has-post-thumbnail","6":"product_cat-arcap-fr","8":"first","9":"instock","10":"shipping-taxable","11":"product-type-simple"},"acf":[],"_links":{"self":[{"href":"https:\/\/lebronze-distribution.com\/fr\/wp-json\/wp\/v2\/product\/3827","targetHints":{"allow":["GET"]}}],"collection":[{"href":"https:\/\/lebronze-distribution.com\/fr\/wp-json\/wp\/v2\/product"}],"about":[{"href":"https:\/\/lebronze-distribution.com\/fr\/wp-json\/wp\/v2\/types\/product"}],"replies":[{"embeddable":true,"href":"https:\/\/lebronze-distribution.com\/fr\/wp-json\/wp\/v2\/comments?post=3827"}],"wp:featuredmedia":[{"embeddable":true,"href":"https:\/\/lebronze-distribution.com\/fr\/wp-json\/wp\/v2\/media\/1601"}],"wp:attachment":[{"href":"https:\/\/lebronze-distribution.com\/fr\/wp-json\/wp\/v2\/media?parent=3827"}],"wp:term":[{"taxonomy":"product_brand","embeddable":true,"href":"https:\/\/lebronze-distribution.com\/fr\/wp-json\/wp\/v2\/product_brand?post=3827"},{"taxonomy":"product_cat","embeddable":true,"href":"https:\/\/lebronze-distribution.com\/fr\/wp-json\/wp\/v2\/product_cat?post=3827"},{"taxonomy":"product_tag","embeddable":true,"href":"https:\/\/lebronze-distribution.com\/fr\/wp-json\/wp\/v2\/product_tag?post=3827"}],"curies":[{"name":"wp","href":"https:\/\/api.w.org\/{rel}","templated":true}]}}