{"id":3814,"date":"2022-05-23T16:15:52","date_gmt":"2022-05-23T15:15:52","guid":{"rendered":"https:\/\/lebronze-distribution.com\/product\/k5-alliage-daluminium-cuivre-nickel-cuni14al3-asna-6127\/"},"modified":"2025-02-17T13:30:26","modified_gmt":"2025-02-17T13:30:26","slug":"k5-k5b-alliages-speciaux-de-cuivre-nickel-aluminium","status":"publish","type":"product","link":"https:\/\/lebronze-distribution.com\/fr\/produit\/k5-k5b-alliages-speciaux-de-cuivre-nickel-aluminium\/","title":{"rendered":"K5 | CuNi14Al3 | ASNA 6127 &#8211; Alliage Cuivre-Nickel Aluminium"},"content":{"rendered":"<h2><strong>K5 | CuNi14Al3 | ASNA 6127 propri\u00e9t\u00e9s cl\u00e9s<\/strong><\/h2>\n<p><strong>K5 | CuNi14Al3 | ASNA 6127<\/strong> est un Cupro-Nickel-Aluminium CuNi14Al3\/ CuNi14Al2 (NFL14702, ASNA 6127A, GAM MM11) corroy\u00e9 avec des propri\u00e9t\u00e9s m\u00e9caniques tr\u00e8s \u00e9lev\u00e9es, une bonne r\u00e9sistance aux chocs et \u00e0 la fatigue et n\u2019\u00e9met pas d&rsquo;\u00e9tincelles \u00e0 l&rsquo;impact.<\/p>\n<p><strong>K5 | CuNi14Al3 | ASNA 6127<\/strong> est \u00e9galement strictement amagn\u00e9tique.<\/p>\n<h2>K5 | CuNi14Al3 | ASNA 6127 applications<\/h2>\n<p><strong>A\u00e9rospatiale<\/strong><\/p>\n<p><strong>K5 | CuNi14Al3 | ASNA 6127<\/strong> est utilis\u00e9 dans l&rsquo;industrie a\u00e9ronautique pour ses propri\u00e9t\u00e9s physiques et m\u00e9caniques exceptionnelles dans de nombreux composants.<\/p>\n<p><strong>K5 | CuNi14Al3 | ASNA 6127<\/strong> a \u00e9t\u00e9 d\u00e9velopp\u00e9 pour r\u00e9pondre aux exigences strictes de l&rsquo;industrie a\u00e9rospatiale.<\/p>\n","protected":false},"excerpt":{"rendered":"<p><strong>K5 | CuNi14Al3 | ASNA 6127<\/strong> est un cuivre-nickel aluminium corroy\u00e9 CuNi14Al3\/ CuNi14Al2 (ASNA 6127A, GAM MM11) pr\u00e9sentant des propri\u00e9t\u00e9s m\u00e9caniques tr\u00e8s \u00e9lev\u00e9es, une bonne r\u00e9sistance aux chocs, une bonne r\u00e9sistance \u00e0 la fatigue, et ne scintillant pas aux impacts.<\/p>\n","protected":false},"featured_media":555,"comment_status":"open","ping_status":"closed","template":"","meta":{"_acf_changed":false,"_seopress_robots_primary_cat":"none","_seopress_titles_title":"K5 | CuNi14Al3 | ASNA 6127 | Alliage cuivre-nickel-aluminium","_seopress_titles_desc":"","_seopress_robots_index":""},"product_brand":[],"product_cat":[219],"product_tag":[313,302,306,308],"class_list":{"0":"post-3814","1":"product","2":"type-product","3":"status-publish","4":"has-post-thumbnail","6":"product_cat-alliages-de-cuivre-nickel-et-bronze","7":"product_tag-asna-6127-fr","8":"product_tag-cuni14al3-fr","9":"product_tag-gam-mm11-fr","10":"product_tag-x316-fr","12":"first","13":"instock","14":"shipping-taxable","15":"product-type-simple"},"acf":[],"_links":{"self":[{"href":"https:\/\/lebronze-distribution.com\/fr\/wp-json\/wp\/v2\/product\/3814","targetHints":{"allow":["GET"]}}],"collection":[{"href":"https:\/\/lebronze-distribution.com\/fr\/wp-json\/wp\/v2\/product"}],"about":[{"href":"https:\/\/lebronze-distribution.com\/fr\/wp-json\/wp\/v2\/types\/product"}],"replies":[{"embeddable":true,"href":"https:\/\/lebronze-distribution.com\/fr\/wp-json\/wp\/v2\/comments?post=3814"}],"wp:featuredmedia":[{"embeddable":true,"href":"https:\/\/lebronze-distribution.com\/fr\/wp-json\/wp\/v2\/media\/555"}],"wp:attachment":[{"href":"https:\/\/lebronze-distribution.com\/fr\/wp-json\/wp\/v2\/media?parent=3814"}],"wp:term":[{"taxonomy":"product_brand","embeddable":true,"href":"https:\/\/lebronze-distribution.com\/fr\/wp-json\/wp\/v2\/product_brand?post=3814"},{"taxonomy":"product_cat","embeddable":true,"href":"https:\/\/lebronze-distribution.com\/fr\/wp-json\/wp\/v2\/product_cat?post=3814"},{"taxonomy":"product_tag","embeddable":true,"href":"https:\/\/lebronze-distribution.com\/fr\/wp-json\/wp\/v2\/product_tag?post=3814"}],"curies":[{"name":"wp","href":"https:\/\/api.w.org\/{rel}","templated":true}]}}