{"id":3799,"date":"2022-05-23T11:12:54","date_gmt":"2022-05-23T10:12:54","guid":{"rendered":"https:\/\/lebronze-distribution.com\/product\/k7-alliage-de-performance-cuivre-nickel-aluminium-pour-laerospatiale-cuni14al3fe1-ln9468\/"},"modified":"2025-02-17T13:30:28","modified_gmt":"2025-02-17T13:30:28","slug":"k7-cuni14al3fe1-wl-2-1504-ln-9468-copper-nickel-aluminum","status":"publish","type":"product","link":"https:\/\/lebronze-distribution.com\/fr\/produit\/k7-cuni14al3fe1-wl-2-1504-ln-9468-copper-nickel-aluminum\/","title":{"rendered":"K7 | CuNi14Al3Fe1 | LN9468 &#8211; Alliage de performance Cuivre Nickel Aluminium pour l&rsquo;a\u00e9rospatiale"},"content":{"rendered":"<h2>K7 | CuNi14Al3Fe1 | LN9468 propri\u00e9t\u00e9s principales<\/h2>\n<p><strong>K7 | CuNi14Al3Fe1 | LN9468<\/strong> est un alliage corroy\u00e9 Cupro-Nickel-Aluminium con\u00e7u pour des applications \u00e0 haute r\u00e9sistance m\u00e9canique et haute fiabilit\u00e9. Il est amagn\u00e9tique et r\u00e9siste \u00e0 l&rsquo;usure m\u00e9canique, au grippage et \u00e0 la corrosion marine. Il est facile \u00e0 usiner en composants complexes tout en \u00e9tant respectueux de l&rsquo;environnement car il ne contient ni Plomb ni B\u00e9ryllium.<\/p>\n<p><strong>K7 | CuNi14Al3Fe1 | LN9468<\/strong> est principalement utilis\u00e9 dans divers composants en industrie a\u00e9rospatiale gr\u00e2ce \u00e0 ses propri\u00e9t\u00e9s physiques et m\u00e9caniques exceptionnelles. En particulier, <strong>K7 | CuNi14Al3Fe1 | LN9468<\/strong> peut \u00eatre utilis\u00e9 sans aucune lubrification, ou avec une lubrification limit\u00e9e.<\/p>\n<h2>K7 | CuNi14Al3Fe1 | LN9468 Principales applications<\/h2>\n<p><strong>A\u00e9rospatiale<\/strong><\/p>\n<p><strong>K7 | CuNi14Al3Fe1 | LN9468 <\/strong>est utilis\u00e9 dans les composants de fuselages fortement sollicit\u00e9s.<\/p>\n<p><strong>K7 | CuNi14Al3Fe1 | LN9468<\/strong> pr\u00e9sente une r\u00e9sistance exceptionnelle \u00e0 l&rsquo;usure m\u00e9tal sur m\u00e9tal, ce qui le rend id\u00e9al pour les bagues de trains d&rsquo;atterrissage et les coussinets de paliers.<\/p>\n<p><strong>K7 | CuNi14Al3Fe1 | LN9468<\/strong> est \u00e9galement utilis\u00e9 dans de nombreux autres syst\u00e8mes, tels que les bagues du syst\u00e8me de fret, les portes d&rsquo;avion, les manchons d&rsquo;actionnement, les composants de la surface de contr\u00f4le, sur de nombreux composants m\u00e9caniques et \u00e9lectrom\u00e9caniques.<\/p>\n<p><strong>K7 | CuNi14Al3Fe1 | LN9468<\/strong> est \u00e9galement utilis\u00e9 sur les h\u00e9licopt\u00e8res, pour les syst\u00e8mes de volets et les bagues.<\/p>\n","protected":false},"excerpt":{"rendered":"<p class=\"heading heading--md aos-init aos-animate\" data-aos=\"fade-right\"><strong>K7 | CuNi14Al3Fe1 | LN9468<\/strong> est un alliage corroy\u00e9 Cupro-Nickel-Aluminium con\u00e7u pour des applications \u00e0 haute r\u00e9sistance m\u00e9canique et haute fiabilit\u00e9.<\/p>\n","protected":false},"featured_media":2223,"comment_status":"open","ping_status":"closed","template":"","meta":{"_acf_changed":false,"_seopress_robots_primary_cat":"none","_seopress_titles_title":"K7 |CuNi14Al3Fe1| LN9468 \u2013 Alliage de Cuivre - Nickel - Aluminium pour l\u2019a\u00e9ronautique","_seopress_titles_desc":"","_seopress_robots_index":""},"product_brand":[],"product_cat":[219],"product_tag":[268,271,269,270],"class_list":{"0":"post-3799","1":"product","2":"type-product","3":"status-publish","4":"has-post-thumbnail","6":"product_cat-alliages-de-cuivre-nickel-et-bronze","7":"product_tag-cuni14al3fe1-fr","8":"product_tag-din-2-1504-fr","9":"product_tag-ln-9468-fr","10":"product_tag-wl-2-1504-fr","12":"first","13":"instock","14":"shipping-taxable","15":"product-type-simple"},"acf":[],"_links":{"self":[{"href":"https:\/\/lebronze-distribution.com\/fr\/wp-json\/wp\/v2\/product\/3799","targetHints":{"allow":["GET"]}}],"collection":[{"href":"https:\/\/lebronze-distribution.com\/fr\/wp-json\/wp\/v2\/product"}],"about":[{"href":"https:\/\/lebronze-distribution.com\/fr\/wp-json\/wp\/v2\/types\/product"}],"replies":[{"embeddable":true,"href":"https:\/\/lebronze-distribution.com\/fr\/wp-json\/wp\/v2\/comments?post=3799"}],"wp:featuredmedia":[{"embeddable":true,"href":"https:\/\/lebronze-distribution.com\/fr\/wp-json\/wp\/v2\/media\/2223"}],"wp:attachment":[{"href":"https:\/\/lebronze-distribution.com\/fr\/wp-json\/wp\/v2\/media?parent=3799"}],"wp:term":[{"taxonomy":"product_brand","embeddable":true,"href":"https:\/\/lebronze-distribution.com\/fr\/wp-json\/wp\/v2\/product_brand?post=3799"},{"taxonomy":"product_cat","embeddable":true,"href":"https:\/\/lebronze-distribution.com\/fr\/wp-json\/wp\/v2\/product_cat?post=3799"},{"taxonomy":"product_tag","embeddable":true,"href":"https:\/\/lebronze-distribution.com\/fr\/wp-json\/wp\/v2\/product_tag?post=3799"}],"curies":[{"name":"wp","href":"https:\/\/api.w.org\/{rel}","templated":true}]}}