{"id":3790,"date":"2022-07-06T11:11:35","date_gmt":"2022-07-06T10:11:35","guid":{"rendered":"https:\/\/lebronze-distribution.com\/product\/k5b-alliage-daluminium-cuivre-nickel-cuni14mn4al2-def-stan-02-835\/"},"modified":"2025-02-17T13:30:18","modified_gmt":"2025-02-17T13:30:18","slug":"k5b-cuni14mn4al2-def-stan-02-835","status":"publish","type":"product","link":"https:\/\/lebronze-distribution.com\/fr\/produit\/k5b-cuni14mn4al2-def-stan-02-835\/","title":{"rendered":"K5B | CuNi14Mn4Al2 | DEF STAN 02-835 &#8211; Alliage Cuivre-Nickel Aluminium"},"content":{"rendered":"<h2><strong>K5B | CuNi14Mn4Al2 | DEF STAN 02-835 propri\u00e9t\u00e9s cl\u00e9s<\/strong><\/h2>\n<p><strong>K5B | CuNi14Mn4Al2 | DEF STAN 02-835<\/strong> est un alliage Cupro- Nickel-Aluminium corroy\u00e9 CuNi14Mn4Al2 con\u00e7u pour des applications \u00e0 haute r\u00e9sistance m\u00e9canique dans un environnement marin. K5B |CuNi14Mn4Al2| DEF STAN 02-0835 est amagn\u00e9tique et r\u00e9siste \u00e0 l&rsquo;usure m\u00e9canique, au grippage, \u00e0 la relaxation de contrainte, \u00e0 la corrosion et \u00e0 l&rsquo;\u00e9rosion. Il est facile \u00e0 usiner en composants complexes, tout en \u00e9tant respectueux de l&rsquo;environnement car il <strong>ne contient ni<\/strong> P<strong>lomb<\/strong> <strong>ni B\u00e9ryllium<\/strong>.<\/p>\n<p><strong>K5B | CuNi14Mn4Al2 | DEF STAN 02-835<\/strong> est conforme \u00e0 la norme NES835 \/ DEF STAN 02-835.<\/p>\n<h2><strong>K5B | CuNi14Mn4Al2 | Demandes DEF STAN 02-835<\/strong><\/h2>\n<p><strong>Applications navales et de d\u00e9fense<\/strong><\/p>\n<p><strong>K5B | CuNi14Mn4Al2 | DEF STAN 02-835<\/strong> peut \u00eatre utilis\u00e9 comme \u00e9l\u00e9ments de fixation pour les navires et les sous-marins, les \u00e9l\u00e9ments de commande des sous-marins, les pompes, les arbres, les joints m\u00e9caniques, les composants de treuil, les engrenages, les raccords de tuyaux, les composants des appareils sonar, les arbres d&rsquo;h\u00e9lice et les bagues d&rsquo;entra\u00eenement.<\/p>\n<p><strong>Applications p\u00e9troli\u00e8res et gazi\u00e8res<\/strong><\/p>\n<p><strong>K5B | CuNi14Mn4Al2 | DEF STAN 02-835 <\/strong>est utilis\u00e9 dans la boulonnerie sous-marine, les arbres pour pompes et vannes, les broches de vannes, les pistons et cylindres hydrauliques, les connecteurs hydrauliques et les raccords \u00e0 pression.<\/p>\n","protected":false},"excerpt":{"rendered":"<p><strong>K5B | CuNi14Mn4Al2<\/strong> est un alliage cuivre-nickel-aluminium forg\u00e9 CuNi14Mn4Al2 con\u00e7u pour les applications \u00e0 haute r\u00e9sistance dans un environnement d&rsquo;eau de mer.<\/p>\n<p> <strong>K5B | CuNi14Mn4Al2<\/strong> est conforme \u00e0 la norme NES835 \/ DEF STAN 02-835.<\/p>\n","protected":false},"featured_media":786,"comment_status":"open","ping_status":"closed","template":"","meta":{"_acf_changed":false,"_seopress_robots_primary_cat":"none","_seopress_titles_title":"K5B | CuNi14Mn4Al2 |DEF STAN 02-835- Alliage de Cuivre - Nickel - Aluminium","_seopress_titles_desc":"","_seopress_robots_index":""},"product_brand":[],"product_cat":[219],"product_tag":[241,224,232,228],"class_list":{"0":"post-3790","1":"product","2":"type-product","3":"status-publish","4":"has-post-thumbnail","6":"product_cat-alliages-de-cuivre-nickel-et-bronze","7":"product_tag-cuivre-nickel-aluminium","8":"product_tag-cuni14mn4al2-fr","9":"product_tag-def-stan-02-835-fr","10":"product_tag-nes835-fr","12":"first","13":"instock","14":"shipping-taxable","15":"product-type-simple"},"acf":[],"_links":{"self":[{"href":"https:\/\/lebronze-distribution.com\/fr\/wp-json\/wp\/v2\/product\/3790","targetHints":{"allow":["GET"]}}],"collection":[{"href":"https:\/\/lebronze-distribution.com\/fr\/wp-json\/wp\/v2\/product"}],"about":[{"href":"https:\/\/lebronze-distribution.com\/fr\/wp-json\/wp\/v2\/types\/product"}],"replies":[{"embeddable":true,"href":"https:\/\/lebronze-distribution.com\/fr\/wp-json\/wp\/v2\/comments?post=3790"}],"wp:featuredmedia":[{"embeddable":true,"href":"https:\/\/lebronze-distribution.com\/fr\/wp-json\/wp\/v2\/media\/786"}],"wp:attachment":[{"href":"https:\/\/lebronze-distribution.com\/fr\/wp-json\/wp\/v2\/media?parent=3790"}],"wp:term":[{"taxonomy":"product_brand","embeddable":true,"href":"https:\/\/lebronze-distribution.com\/fr\/wp-json\/wp\/v2\/product_brand?post=3790"},{"taxonomy":"product_cat","embeddable":true,"href":"https:\/\/lebronze-distribution.com\/fr\/wp-json\/wp\/v2\/product_cat?post=3790"},{"taxonomy":"product_tag","embeddable":true,"href":"https:\/\/lebronze-distribution.com\/fr\/wp-json\/wp\/v2\/product_tag?post=3790"}],"curies":[{"name":"wp","href":"https:\/\/api.w.org\/{rel}","templated":true}]}}