{"id":3759,"date":"2022-07-11T10:45:24","date_gmt":"2022-07-11T09:45:24","guid":{"rendered":"https:\/\/lebronze-distribution.com\/product\/ncs-aerospace-nickel-aluminium-bronze-c63020-cual11ni5fe5-ams-4590-astm-b-150-cw308g\/"},"modified":"2025-02-17T13:30:11","modified_gmt":"2025-02-17T13:30:11","slug":"ncs-c63020-cuni11al5fe5-ams4590-cw308g","status":"publish","type":"product","link":"https:\/\/lebronze-distribution.com\/fr\/produit\/ncs-c63020-cuni11al5fe5-ams4590-cw308g\/","title":{"rendered":"NCS | C63020 |CuAl11Ni5Fe5 |AMS 4590 |ASTM B 150 |CW308G \u2013 Alliage de Cuivre &#8211; Aluminium &#8211; Nickel pour l\u2019a\u00e9ronautique"},"content":{"rendered":"<h2>NCS | C63020 | CuAl11Ni5Fe5 | AMS 4590 propri\u00e9t\u00e9s cl\u00e9s<\/h2>\n<p><strong>NCS | C63020 | CuAl11Ni5Fe5 | AMS4590<\/strong> est un alliage Nickel-Aluminium- Bronze biphas\u00e9 de haute performance. Il pr\u00e9sente des propri\u00e9t\u00e9s m\u00e9caniques \u00e9lev\u00e9es ainsi que d&rsquo;excellentes propri\u00e9t\u00e9s de surface.<\/p>\n<p><strong>NCS | C63020 | CuAl11Ni5Fe5 | AMS4590<\/strong> d\u00e9montre \u00e9galement une excellente r\u00e9sistance \u00e0 l&rsquo;oxydation et \u00e0 la corrosion, m\u00eame dans les zones de brouillard salin.<\/p>\n<h2>NCS | C63020 | CuAl11Ni5Fe5 | AMS 4590 applications cl\u00e9s<\/h2>\n<p><strong>A\u00e9rospatiale<\/strong><\/p>\n<p><strong>NCS | C63020 | CuAl11Ni5Fe5 | AMS 4590<\/strong> peuvent \u00eatre transform\u00e9s en anneaux pour l&rsquo;industrie a\u00e9rospatiale. C&rsquo;est le mat\u00e9riau id\u00e9al pour les bagues et les roulements des trains d&rsquo;atterrissage.<\/p>\n<p><strong>NCS | C63020 | CuAl11Ni5Fe5 | AMS 4590<\/strong> peuvent \u00e9galement \u00eatre utilis\u00e9s comme pi\u00e8ces m\u00e9caniques.<\/p>\n<p><strong>Industrie hydraulique<\/strong><\/p>\n<p><strong>NCS | C63020 | CuAl11Ni5Fe5 | AMS 4590<\/strong> peuvent \u00eatre utilis\u00e9s comme blocs de pompe.<\/p>\n","protected":false},"excerpt":{"rendered":"<p><strong>NCS | AMS 4590 | CuAl11Ni5Fe5 | CW 308G<\/strong> est un alliage nickel aluminium bronze biphas\u00e9 \u00e0 haute performance. Il est conforme aux normes suivantes : C63020, ASTM B150, AMS 4590, NFA 51-116, NFL 14-706, DIN 17665 WN 20978, DIN 17672 WN 20978, EN 12167, EN 12163, EN 12420 et CW308G.<\/p>\n","protected":false},"featured_media":6694,"comment_status":"closed","ping_status":"closed","template":"","meta":{"_acf_changed":false,"_seopress_robots_primary_cat":"none","_seopress_titles_title":"NCS | C63020 | CuAl11Ni5Fe5 | AMS 4590 | ASTM B 150 | CW308G","_seopress_titles_desc":"","_seopress_robots_index":""},"product_brand":[],"product_cat":[172],"product_tag":[173,184,183,179,181,175,177,186],"class_list":{"0":"post-3759","1":"product","2":"type-product","3":"status-publish","4":"has-post-thumbnail","6":"product_cat-alliages-de-nickel-daluminium-et-de-bronze","7":"product_tag-ams-4590-fr","8":"product_tag-cuni11al5fe5-fr","9":"product_tag-cw308g-fr","10":"product_tag-din-17665-wn-20978-fr","11":"product_tag-din-17672-wn-20978-fr","12":"product_tag-nfa-51-116-fr","13":"product_tag-nfl-14-706-fr","14":"product_tag-nickel-bronze-daluminium","16":"first","17":"instock","18":"shipping-taxable","19":"product-type-simple"},"acf":[],"_links":{"self":[{"href":"https:\/\/lebronze-distribution.com\/fr\/wp-json\/wp\/v2\/product\/3759","targetHints":{"allow":["GET"]}}],"collection":[{"href":"https:\/\/lebronze-distribution.com\/fr\/wp-json\/wp\/v2\/product"}],"about":[{"href":"https:\/\/lebronze-distribution.com\/fr\/wp-json\/wp\/v2\/types\/product"}],"replies":[{"embeddable":true,"href":"https:\/\/lebronze-distribution.com\/fr\/wp-json\/wp\/v2\/comments?post=3759"}],"wp:featuredmedia":[{"embeddable":true,"href":"https:\/\/lebronze-distribution.com\/fr\/wp-json\/wp\/v2\/media\/6694"}],"wp:attachment":[{"href":"https:\/\/lebronze-distribution.com\/fr\/wp-json\/wp\/v2\/media?parent=3759"}],"wp:term":[{"taxonomy":"product_brand","embeddable":true,"href":"https:\/\/lebronze-distribution.com\/fr\/wp-json\/wp\/v2\/product_brand?post=3759"},{"taxonomy":"product_cat","embeddable":true,"href":"https:\/\/lebronze-distribution.com\/fr\/wp-json\/wp\/v2\/product_cat?post=3759"},{"taxonomy":"product_tag","embeddable":true,"href":"https:\/\/lebronze-distribution.com\/fr\/wp-json\/wp\/v2\/product_tag?post=3759"}],"curies":[{"name":"wp","href":"https:\/\/api.w.org\/{rel}","templated":true}]}}