{"id":3745,"date":"2022-06-14T15:50:56","date_gmt":"2022-06-14T14:50:56","guid":{"rendered":"https:\/\/lebronze-distribution.com\/conditions-dutilisation\/"},"modified":"2024-01-24T14:50:49","modified_gmt":"2024-01-24T14:50:49","slug":"conditions-dutilisation","status":"publish","type":"page","link":"https:\/\/lebronze-distribution.com\/fr\/conditions-dutilisation\/","title":{"rendered":"Conditions d&rsquo;utilisation"},"content":{"rendered":"\t\t<div data-elementor-type=\"wp-page\" data-elementor-id=\"3745\" class=\"elementor elementor-3745 elementor-1384\" data-elementor-post-type=\"page\">\n\t\t\t\t\t\t<section class=\"elementor-section elementor-top-section elementor-element elementor-element-f06c0f0 elementor-section-boxed elementor-section-height-default elementor-section-height-default\" data-id=\"f06c0f0\" data-element_type=\"section\" data-e-type=\"section\" data-settings=\"{&quot;jet_parallax_layout_list&quot;:[]}\">\n\t\t\t\t\t\t<div class=\"elementor-container elementor-column-gap-default\">\n\t\t\t\t\t<div class=\"elementor-column elementor-col-100 elementor-top-column elementor-element elementor-element-0c33322\" data-id=\"0c33322\" data-element_type=\"column\" data-e-type=\"column\">\n\t\t\t<div class=\"elementor-widget-wrap elementor-element-populated\">\n\t\t\t\t\t\t<div class=\"elementor-element elementor-element-bded373 elementor-widget elementor-widget-text-editor\" data-id=\"bded373\" data-element_type=\"widget\" data-e-type=\"widget\" data-widget_type=\"text-editor.default\">\n\t\t\t\t<div class=\"elementor-widget-container\">\n\t\t\t\t\t\t\t\t\t<h1> <\/h1>\n<h1>CONDITIONS D&rsquo;UTILISATION DU SITE WEB<\/h1>\n<p><em>(Derni\u00e8re mise \u00e0 jour : juin 2022)<\/em><\/p>\n<h2>ARTICLE 1 : Objet<\/h2>\n<p>Les pr\u00e9sentes conditions d&rsquo;utilisation du site web (ci-apr\u00e8s d\u00e9nomm\u00e9es les  <strong>\u00ab\u00a0Conditions\u00a0\u00bb<\/strong>) \u00e9tablissent les termes et conditions juridiques selon lesquels LEBRONZE ALLOYS UK LIMITED (ci-apr\u00e8s d\u00e9nomm\u00e9 le  <strong>\u00ab\u00a0\u00c9diteur\u00a0\u00bb<\/strong>identifi\u00e9 \u00e0 l&rsquo;article 2.1) fournit des services via le site web  <a href=\"https:\/\/lebronze-distribution.com\/fr\/\">https:\/\/lebronze-distribution.com\/<\/a>  (ci-apr\u00e8s d\u00e9nomm\u00e9 le  <strong>\u00ab\u00a0Site web\u00a0\u00bb<\/strong>), et ces services sont utilis\u00e9s par l&rsquo;internaute (ci-apr\u00e8s d\u00e9nomm\u00e9 \u00ab\u00a0l&rsquo;internaute\u00a0\u00bb)  <strong>\u00ab\u00a0Utilisateur\u00a0\u00bb<\/strong>).<\/p>\n<p>Les Conditions doivent \u00eatre accept\u00e9es par tout Utilisateur souhaitant acc\u00e9der au Site. Elles \u00e9tablissent un contrat entre l&rsquo;Editeur et l&rsquo;Utilisateur (ci-apr\u00e8s d\u00e9nomm\u00e9 le <strong>\u00ab\u00a0Contrat\u00a0\u00bb)<\/strong>. En acc\u00e9dant au site web, l&rsquo;utilisateur accepte les pr\u00e9sentes conditions.<\/p>\n<p>Si l&rsquo;Utilisateur n&rsquo;accepte pas les termes du Contrat, il doit s&rsquo;abstenir d&rsquo;acc\u00e9der aux services propos\u00e9s par l&rsquo;Editeur sur le Site.<\/p>\n<p>L&rsquo;Editeur se r\u00e9serve le droit de modifier les Conditions \u00e0 tout moment et \u00e0 sa seule discr\u00e9tion.<\/p>\n<h2>ARTICLE 2 : Cr\u00e9dits du site web<\/h2>\n<h3><span style=\"text-decoration: underline;\">2.1 \u00c9diteur du site web :<strong> <\/strong><\/span><\/h3>\n<p><strong>LEBRONZE ALLOYS UK LIMITED<\/strong><\/p>\n<p>Une soci\u00e9t\u00e9 priv\u00e9e \u00e0 responsabilit\u00e9 limit\u00e9e,<\/p>\n<p>Adresse enregistr\u00e9e : Unit 58 Empire Industrial Park, Aldridge, Walsall, ENGLAND, WS9 8UY,<\/p>\n<p>Enregistrement de la soci\u00e9t\u00e9 : 01650805,<\/p>\n<p>T\u00e9l : <a href=\"tel:+44%20(0)%201922%20612722\">+44 (0) 1922 612722<\/a><\/p>\n<p><strong> <\/strong><\/p>\n<h3><u>2.2 Gestionnaire de publication<\/u>:<\/h3>\n<p>Richard MONCKTON<\/p>\n<p><strong> <\/strong><\/p>\n<h3><u>2.2 Conception et d\u00e9veloppement du site web<\/u>:<\/h3>\n<p><strong> <\/strong><\/p>\n<p><strong>ADVENTURE GRAPHICS LIMITED<\/strong><\/p>\n<p>Une soci\u00e9t\u00e9 priv\u00e9e \u00e0 responsabilit\u00e9 limit\u00e9e,<\/p>\n<p>Adresse enregistr\u00e9e : First Floor Station House, Midland Drive, Sutton Coldfield, ENGLAND, B72 1TU,<\/p>\n<p>Enregistrement de la soci\u00e9t\u00e9 : 07014188,<\/p>\n<p>T\u00e9l : +44 (0) 121 354 1010<\/p>\n<p>Site web <a href=\"https:\/\/adventuregraphics.co.uk\/\">: https:\/\/adventuregraphics.co.uk\/<\/a><\/p>\n<h3><u>2.3 Fournisseur d&rsquo;h\u00e9bergement de sites web<\/u>:<\/h3>\n<p><strong> <\/strong><\/p>\n<p><strong>DUNBLUE LIMITED<\/strong><\/p>\n<p>Une soci\u00e9t\u00e9 priv\u00e9e \u00e0 responsabilit\u00e9 limit\u00e9e,<\/p>\n<p>Adresse enregistr\u00e9e : 70-72 The Havens<\/p>\n<p>Ransomes Europark, Ipswich, Suffolk ENGLAND, IP3 9BF<\/p>\n<p>Enregistrement de la soci\u00e9t\u00e9 : 6291003<\/p>\n<p>T\u00e9l. : 01473553335  <\/p>\n<p>Site web <a href=\"https:\/\/www.dunblue.com\">: https:\/\/www.dunblue.com<\/a><\/p>\n<h2>ARTICLE 3 : Acc\u00e8s aux services<\/h2>\n<p>L&rsquo;Editeur permet \u00e0 l&rsquo;Utilisateur d&rsquo;acc\u00e9der gratuitement aux services suivants sur le Site :<\/p>\n<ul>\n<li>Informations sur l&rsquo;activit\u00e9 de l&rsquo;\u00e9diteur,<\/li>\n<li>Informations sur les produits de l&rsquo;\u00e9diteur,<\/li>\n<li>Articles de presse,<\/li>\n<li>Contact avec l&rsquo;\u00e9diteur,<\/li>\n<\/ul>\n<p>(ci-apr\u00e8s d\u00e9nomm\u00e9s les <strong>\u00ab\u00a0services\u00a0\u00bb)<\/strong>.<\/p>\n<p>Le site web peut \u00eatre consult\u00e9 gratuitement de n&rsquo;importe quel endroit par tout utilisateur disposant d&rsquo;un acc\u00e8s \u00e0 Internet. L&rsquo;utilisateur est responsable de tous les frais engag\u00e9s pour acc\u00e9der aux services (par exemple, mat\u00e9riel, logiciel, connexion Internet).<\/p>\n<p>L&rsquo;Editeur met en \u0153uvre tous les moyens disponibles pour assurer un acc\u00e8s de qualit\u00e9 aux Services, et est tenu \u00e0 une obligation de moyens.<\/p>\n<p>L&rsquo;acc\u00e8s aux services du site web peut \u00eatre interrompu, suspendu ou modifi\u00e9 \u00e0 tout moment sans pr\u00e9avis pour des raisons de maintenance ou autres. L&rsquo;utilisateur ne peut pr\u00e9tendre \u00e0 une indemnisation pour toute perturbation, suspension ou modification du contrat.<\/p>\n<p>Les utilisateurs peuvent contacter l&rsquo;\u00e9diteur en utilisant le formulaire de contact disponible sur <a href=\"mailto:contact@lebronze-distribution.com\">contact@lebronze-distribution.com.<\/a><\/p>\n<h2><strong>ARTICLE 4 : <\/strong><strong>Hyperliens et sites tiers<\/strong><\/h2>\n<p>Le Site peut contenir des hyperliens vers d&rsquo;autres sites qui ne sont pas \u00e9dit\u00e9s par LEBRONZE ALLOYS UK LIMITED. LEBRONZE ALLOYS UK LIMITED n&rsquo;accepte aucune responsabilit\u00e9 quant \u00e0 la disponibilit\u00e9 ou au contenu de ces sites tiers et n&rsquo;a aucun contr\u00f4le sur ces liens.<\/p>\n<p>Les utilisateurs sont seuls responsables de l&rsquo;utilisation des hyperliens vers d&rsquo;autres sites.<\/p>\n<h2>ARTICLE 5 : Propri\u00e9t\u00e9 intellectuelle<\/h2>\n<p>Les marques LEBRONZE ALLOYS<strong><br \/>\n  <sup>\u00ae<\/sup><br \/>\n<\/strong>, HARDIALL<strong><br \/>\n  <sup>\u00ae<\/sup><br \/>\n<\/strong>, BRONZIALL<strong><br \/>\n  <sup>\u00ae<\/sup><br \/>\n<\/strong>, STERIALL<strong><sup>\u00ae<\/sup><\/strong>ARCAP<strong><sup>\u00ae<\/sup><\/strong>CUPROFOR<strong><sup>\u00ae<\/sup><\/strong>NICLAFOR<strong><sup>\u00ae<\/sup><\/strong>CRM16<strong><sup>\u00ae<\/sup><\/strong>les logos, les noms de domaine, tous les signes distinctifs, et tous les autres contenus du Site, y compris les textes, vid\u00e9os, images, photographies, charte graphique, etc., sont la propri\u00e9t\u00e9 du Groupe LEBRONZE ALLOYS, et sont prot\u00e9g\u00e9s par les lois fran\u00e7aises, britanniques, europ\u00e9ennes et internationales sur la propri\u00e9t\u00e9 intellectuelle, y compris le droit d&rsquo;auteur.<\/p>\n<p>Les photos et visuels proviennent de la banque d&rsquo;images du Groupe LEBRONZE ALLOYS ou sont utilis\u00e9s sous licence.<\/p>\n<p>Toute reproduction totale ou partielle de ce contenu et de ces marques est strictement interdite, est susceptible de constituer un d\u00e9lit de contrefa\u00e7on.<\/p>\n<p>L&rsquo;utilisateur doit demander l&rsquo;autorisation pr\u00e9alable de l&rsquo;\u00e9diteur pour toute reproduction, publication, copie, hyperlien, encadrement, etc. du contenu du Site. Les utilisateurs peuvent contacter l&rsquo;\u00e9diteur \u00e0 l&rsquo;adresse suivante : <a href=\"mailto:contact@lebronze-distribution.com\">contact@lebronze-distribution.com<\/a><\/p>\n<h2>ARTICLE 6 : Donn\u00e9es personnelles<\/h2>\n<p>La politique de confidentialit\u00e9 de l&rsquo;\u00e9diteur est disponible sur <a href=\"https:\/\/lebronze-distribution.com\/fr\/politique-de-confidentialite\/\">https:\/\/lebronze-distribution.com\/privacy-policy\/<\/a><\/p>\n<h2>ARTICLE 7 : Responsabilit\u00e9<\/h2>\n<p>Le site web s&rsquo;efforce de publier des informations provenant de sources fiables. Toutefois, l&rsquo;Editeur ne peut garantir l&rsquo;exactitude, l&rsquo;exhaustivit\u00e9 ou l&rsquo;actualit\u00e9 des informations contenues dans le Site. Toutes les informations figurant sur le Site sont donn\u00e9es \u00e0 titre indicatif et l&rsquo;Utilisateur est seul responsable de l&rsquo;utilisation qu&rsquo;il fait des informations et du contenu du Site.<\/p>\n<p>Le site Web n&rsquo;acceptera aucune responsabilit\u00e9 pour (i) les actes de Dieu ; (ii) des erreurs ou omissions sur le site web ; (iii) les dommages directs ou indirects, quelle qu&rsquo;en soit la cause, la nature ou la cons\u00e9quence, r\u00e9sultant de l&rsquo;acc\u00e8s au site Web ou de son utilisation, y compris l&rsquo;accessibilit\u00e9, la perte de donn\u00e9es, la corruption, la destruction ou la pr\u00e9sence d&rsquo;un virus affectant l&rsquo;\u00e9quipement de l&rsquo;utilisateur et\/ou la pr\u00e9sence d&rsquo;un virus sur le site Web.<\/p>\n<p>L&rsquo;Editeur peut avoir droit \u00e0 une indemnisation pour toute utilisation du Service par un Utilisateur qui entra\u00eene un dommage direct ou indirect.<\/p>\n<h2>ARTICLE 8 : Dur\u00e9e<\/h2>\n<p>Le contrat n&rsquo;a pas de date de fin fixe. Le Contrat lie l&rsquo;Utilisateur d\u00e8s l&rsquo;utilisation du Service.<\/p>\n<h2>ARTICLE 9 : Amendements<\/h2>\n<p>Le site Web se r\u00e9serve le droit de modifier le contrat \u00e0 tout moment.<\/p>\n<h2>ARTICLE 10 : Droit applicable et juridiction<\/h2>\n<p>Le site Web, son contenu et le contrat sont r\u00e9gis par le droit anglais et gallois.<\/p>\n<p>Si les parties ne parviennent pas \u00e0 trouver une solution \u00e0 l&rsquo;amiable \u00e0 tout litige, l&rsquo;affaire sera soumise \u00e0 la juridiction des tribunaux anglais.<\/p>\n\t\t\t\t\t\t\t\t<\/div>\n\t\t\t\t<\/div>\n\t\t\t\t\t<\/div>\n\t\t<\/div>\n\t\t\t\t\t<\/div>\n\t\t<\/section>\n\t\t\t\t<\/div>\n\t\t","protected":false},"excerpt":{"rendered":"<p>CONDITIONS D&rsquo;UTILISATION DU SITE WEB (Derni\u00e8re mise \u00e0 jour : juin 2022) ARTICLE 1 : Objet Les pr\u00e9sentes conditions d&rsquo;utilisation du site web (ci-apr\u00e8s d\u00e9nomm\u00e9es les \u00ab\u00a0Conditions\u00a0\u00bb) \u00e9tablissent les termes et conditions juridiques selon lesquels LEBRONZE ALLOYS UK LIMITED (ci-apr\u00e8s d\u00e9nomm\u00e9 le \u00ab\u00a0\u00c9diteur\u00a0\u00bbidentifi\u00e9 \u00e0 l&rsquo;article 2.1) fournit des services via le site web https:\/\/lebronze-distribution.com\/ (ci-apr\u00e8s [&hellip;]<\/p>\n","protected":false},"author":1,"featured_media":0,"parent":0,"menu_order":0,"comment_status":"closed","ping_status":"closed","template":"elementor_header_footer","meta":{"_acf_changed":false,"_seopress_robots_primary_cat":"","_seopress_titles_title":"","_seopress_titles_desc":"","_seopress_robots_index":"","footnotes":""},"class_list":["post-3745","page","type-page","status-publish","hentry"],"acf":[],"_links":{"self":[{"href":"https:\/\/lebronze-distribution.com\/fr\/wp-json\/wp\/v2\/pages\/3745","targetHints":{"allow":["GET"]}}],"collection":[{"href":"https:\/\/lebronze-distribution.com\/fr\/wp-json\/wp\/v2\/pages"}],"about":[{"href":"https:\/\/lebronze-distribution.com\/fr\/wp-json\/wp\/v2\/types\/page"}],"author":[{"embeddable":true,"href":"https:\/\/lebronze-distribution.com\/fr\/wp-json\/wp\/v2\/users\/1"}],"replies":[{"embeddable":true,"href":"https:\/\/lebronze-distribution.com\/fr\/wp-json\/wp\/v2\/comments?post=3745"}],"version-history":[{"count":2,"href":"https:\/\/lebronze-distribution.com\/fr\/wp-json\/wp\/v2\/pages\/3745\/revisions"}],"predecessor-version":[{"id":6560,"href":"https:\/\/lebronze-distribution.com\/fr\/wp-json\/wp\/v2\/pages\/3745\/revisions\/6560"}],"wp:attachment":[{"href":"https:\/\/lebronze-distribution.com\/fr\/wp-json\/wp\/v2\/media?parent=3745"}],"curies":[{"name":"wp","href":"https:\/\/api.w.org\/{rel}","templated":true}]}}