{"id":3706,"date":"2022-06-14T15:59:37","date_gmt":"2022-06-14T14:59:37","guid":{"rendered":"https:\/\/lebronze-distribution.com\/credits\/"},"modified":"2022-11-28T13:03:50","modified_gmt":"2022-11-28T13:03:50","slug":"credits","status":"publish","type":"page","link":"https:\/\/lebronze-distribution.com\/fr\/credits\/","title":{"rendered":"Cr\u00e9dits"},"content":{"rendered":"\t\t<div data-elementor-type=\"wp-page\" data-elementor-id=\"3706\" class=\"elementor elementor-3706 elementor-1393\" data-elementor-post-type=\"page\">\n\t\t\t\t\t\t<section class=\"elementor-section elementor-top-section elementor-element elementor-element-06a4cd9 elementor-section-boxed elementor-section-height-default elementor-section-height-default\" data-id=\"06a4cd9\" data-element_type=\"section\" data-e-type=\"section\" data-settings=\"{&quot;jet_parallax_layout_list&quot;:[]}\">\n\t\t\t\t\t\t<div class=\"elementor-container elementor-column-gap-default\">\n\t\t\t\t\t<div class=\"elementor-column elementor-col-100 elementor-top-column elementor-element elementor-element-aff37b4\" data-id=\"aff37b4\" data-element_type=\"column\" data-e-type=\"column\">\n\t\t\t<div class=\"elementor-widget-wrap elementor-element-populated\">\n\t\t\t\t\t\t<div class=\"elementor-element elementor-element-2a983fe elementor-widget elementor-widget-text-editor\" data-id=\"2a983fe\" data-element_type=\"widget\" data-e-type=\"widget\" data-widget_type=\"text-editor.default\">\n\t\t\t\t<div class=\"elementor-widget-container\">\n\t\t\t\t\t\t\t\t\t<h1>CR\u00c9DITS DU SITE WEB<\/h1>\n<p><em>(Derni\u00e8re mise \u00e0 jour : juin 2022)<\/em><\/p>\n<h2>1. \u00c9diteur du site web<\/h2>\n<p><strong>LEBRONZE ALLOYS UK LIMITED<\/strong><\/p>\n<p>Une soci\u00e9t\u00e9 priv\u00e9e \u00e0 responsabilit\u00e9 limit\u00e9e,<\/p>\n<p>Adresse enregistr\u00e9e : Unit 58 Empire Industrial Park, Aldridge, Walsall, ENGLAND, WS9 8UY,<\/p>\n<p>Enregistrement de la soci\u00e9t\u00e9 : 01650805,<\/p>\n<p>T\u00e9l : <a href=\"tel:+44%20(0)%201922%20612722\">+44 (0) 1922 612722<\/a><\/p>\n<p><strong> <\/strong><\/p>\n<h2><u>2 Gestionnaire de publication<\/u>:<\/h2>\n<p>Richard MONCKTON<\/p>\n<p><strong> <\/strong><\/p>\n<h2><u>3 Conception et d\u00e9veloppement de sites web<\/u>:<strong> <\/strong><\/h2>\n<p><strong>ADVENTURE GRAPHICS LIMITED<\/strong><\/p>\n<p>Une soci\u00e9t\u00e9 priv\u00e9e \u00e0 responsabilit\u00e9 limit\u00e9e,<\/p>\n<p>Adresse enregistr\u00e9e : First Floor Station House, Midland Drive, Sutton Coldfield, ENGLAND, B72 1TU,<\/p>\n<p>Enregistrement de la soci\u00e9t\u00e9 : 07014188,<\/p>\n<p>T\u00e9l : +44 (0) 121 354 1010<\/p>\n<p>Site web <a href=\"https:\/\/adventuregraphics.co.uk\/\">: https:\/\/adventuregraphics.co.uk\/<\/a><\/p>\n<h2><u>4 Fournisseur d&rsquo;h\u00e9bergement de sites Web<\/u>:<\/h2>\n<p><strong> <\/strong><\/p>\n<p><strong>DUNBLUE LIMITED<\/strong><\/p>\n<p>Une soci\u00e9t\u00e9 priv\u00e9e \u00e0 responsabilit\u00e9 limit\u00e9e,<\/p>\n<p>Adresse enregistr\u00e9e : 70-72 The Havens<\/p>\n<p>Ransomes Europark, Ipswich, Suffolk ENGLAND, IP3 9BF<\/p>\n<p>Enregistrement de la soci\u00e9t\u00e9 : 6291003<\/p>\n<p>T\u00e9l. : 01473553335  <\/p>\n<p>Site web <a href=\"https:\/\/www.dunblue.com\">: https:\/\/www.dunblue.com<\/a><\/p>\n\t\t\t\t\t\t\t\t<\/div>\n\t\t\t\t<\/div>\n\t\t\t\t\t<\/div>\n\t\t<\/div>\n\t\t\t\t\t<\/div>\n\t\t<\/section>\n\t\t\t\t<\/div>\n\t\t","protected":false},"excerpt":{"rendered":"<p>CR\u00c9DITS DU SITE WEB (Derni\u00e8re mise \u00e0 jour : juin 2022) 1. \u00c9diteur du site web LEBRONZE ALLOYS UK LIMITED Une soci\u00e9t\u00e9 priv\u00e9e \u00e0 responsabilit\u00e9 limit\u00e9e, Adresse enregistr\u00e9e : Unit 58 Empire Industrial Park, Aldridge, Walsall, ENGLAND, WS9 8UY, Enregistrement de la soci\u00e9t\u00e9 : 01650805, T\u00e9l : +44 (0) 1922 612722 2 Gestionnaire de publication: [&hellip;]<\/p>\n","protected":false},"author":1,"featured_media":0,"parent":0,"menu_order":0,"comment_status":"closed","ping_status":"closed","template":"elementor_header_footer","meta":{"_acf_changed":false,"_seopress_robots_primary_cat":"","_seopress_titles_title":"","_seopress_titles_desc":"","_seopress_robots_index":"","footnotes":""},"class_list":["post-3706","page","type-page","status-publish","hentry"],"acf":[],"_links":{"self":[{"href":"https:\/\/lebronze-distribution.com\/fr\/wp-json\/wp\/v2\/pages\/3706","targetHints":{"allow":["GET"]}}],"collection":[{"href":"https:\/\/lebronze-distribution.com\/fr\/wp-json\/wp\/v2\/pages"}],"about":[{"href":"https:\/\/lebronze-distribution.com\/fr\/wp-json\/wp\/v2\/types\/page"}],"author":[{"embeddable":true,"href":"https:\/\/lebronze-distribution.com\/fr\/wp-json\/wp\/v2\/users\/1"}],"replies":[{"embeddable":true,"href":"https:\/\/lebronze-distribution.com\/fr\/wp-json\/wp\/v2\/comments?post=3706"}],"version-history":[{"count":4,"href":"https:\/\/lebronze-distribution.com\/fr\/wp-json\/wp\/v2\/pages\/3706\/revisions"}],"predecessor-version":[{"id":5680,"href":"https:\/\/lebronze-distribution.com\/fr\/wp-json\/wp\/v2\/pages\/3706\/revisions\/5680"}],"wp:attachment":[{"href":"https:\/\/lebronze-distribution.com\/fr\/wp-json\/wp\/v2\/media?parent=3706"}],"curies":[{"name":"wp","href":"https:\/\/api.w.org\/{rel}","templated":true}]}}