{"id":3627,"date":"2022-05-13T11:15:57","date_gmt":"2022-05-13T10:15:57","guid":{"rendered":"https:\/\/lebronze-distribution.com\/alliages-cucrzr\/"},"modified":"2024-12-17T13:36:28","modified_gmt":"2024-12-17T13:36:28","slug":"alliages-cucrzr","status":"publish","type":"page","link":"https:\/\/lebronze-distribution.com\/fr\/alliages-cucrzr\/","title":{"rendered":"Alliages CuCrZr"},"content":{"rendered":"\t\t<div data-elementor-type=\"wp-page\" data-elementor-id=\"3627\" class=\"elementor elementor-3627 elementor-746\" data-elementor-post-type=\"page\">\n\t\t\t\t\t\t<section class=\"elementor-section elementor-top-section elementor-element elementor-element-8c59297 elementor-section-boxed elementor-section-height-default elementor-section-height-default\" data-id=\"8c59297\" data-element_type=\"section\" data-e-type=\"section\" data-settings=\"{&quot;jet_parallax_layout_list&quot;:[],&quot;background_background&quot;:&quot;classic&quot;}\">\n\t\t\t\t\t\t\t<div class=\"elementor-background-overlay\"><\/div>\n\t\t\t\t\t\t\t<div class=\"elementor-container elementor-column-gap-default\">\n\t\t\t\t\t<div class=\"elementor-column elementor-col-100 elementor-top-column elementor-element elementor-element-6e00e38\" data-id=\"6e00e38\" data-element_type=\"column\" data-e-type=\"column\">\n\t\t\t<div class=\"elementor-widget-wrap elementor-element-populated\">\n\t\t\t\t\t\t\t<\/div>\n\t\t<\/div>\n\t\t\t\t\t<\/div>\n\t\t<\/section>\n\t\t\t\t<section class=\"elementor-section elementor-top-section elementor-element elementor-element-139883b elementor-section-full_width elementor-section-height-default elementor-section-height-default\" data-id=\"139883b\" data-element_type=\"section\" data-e-type=\"section\" data-settings=\"{&quot;jet_parallax_layout_list&quot;:[]}\">\n\t\t\t\t\t\t<div class=\"elementor-container elementor-column-gap-default\">\n\t\t\t\t\t<div class=\"elementor-column elementor-col-100 elementor-top-column elementor-element elementor-element-7ceb353\" data-id=\"7ceb353\" data-element_type=\"column\" data-e-type=\"column\">\n\t\t\t<div class=\"elementor-widget-wrap elementor-element-populated\">\n\t\t\t\t\t\t<div class=\"elementor-element elementor-element-890202c elementor-product-loop-item--align-left elementor-grid-mobile-1 elementor-grid-4 elementor-grid-tablet-3 elementor-products-grid elementor-wc-products elementor-show-pagination-border-yes elementor-widget elementor-widget-woocommerce-products\" data-id=\"890202c\" data-element_type=\"widget\" data-e-type=\"widget\" data-widget_type=\"woocommerce-products.default\">\n\t\t\t\t<div class=\"elementor-widget-container\">\n\t\t\t\t\t<div class=\"woocommerce columns-4 \"><div class=\"woocommerce-notices-wrapper\"><\/div><p class=\"woocommerce-result-count\" role=\"alert\" aria-relevant=\"all\" >\n\tVoici le seul r\u00e9sultat<\/p>\n<ul class=\"products elementor-grid columns-4\">\n<li class=\"product type-product post-3838 status-publish first outofstock product_cat-alliages-cucrzr product_tag-c18150-fr product_tag-crm16-fr product_tag-cucrzr-fr product_tag-cw105c-fr product_tag-cw106c-fr product_tag-din-17666-wn-2-1293-fr product_tag-din-17672-fr product_tag-din-44759-fr product_tag-en-12163-fr product_tag-en-12165-fr product_tag-en-12167-fr product_tag-en-12420-fr product_tag-nfa-82100-fr product_tag-rwma-classe-2 has-post-thumbnail shipping-taxable purchasable product-type-variable\">\n\t<a href=\"https:\/\/lebronze-distribution.com\/fr\/produit\/crm16-cucrzr-c18150-rwma-class-2\/\" class=\"woocommerce-LoopProduct-link woocommerce-loop-product__link\"><img fetchpriority=\"high\" decoding=\"async\" width=\"300\" height=\"300\" src=\"https:\/\/lebronze-distribution.com\/wp-content\/uploads\/2022\/05\/B0008768-300x300.jpg\" class=\"attachment-woocommerce_thumbnail size-woocommerce_thumbnail\" alt=\"CuCrZr - C18150 - CuCr1Zr - RWMA Classe 2 | Alliages Lebronze\" srcset=\"https:\/\/lebronze-distribution.com\/wp-content\/uploads\/2022\/05\/B0008768-300x300.jpg 300w, https:\/\/lebronze-distribution.com\/wp-content\/uploads\/2022\/05\/B0008768-150x150.jpg 150w, https:\/\/lebronze-distribution.com\/wp-content\/uploads\/2022\/05\/B0008768-100x100.jpg 100w\" sizes=\"(max-width: 300px) 100vw, 300px\" \/><h2 class=\"woocommerce-loop-product__title\">CRM16 | CuCrZr | C18150 | RWMA Classe 2 &#8211; Alliage de cuivre \u00e0 haute r\u00e9sistance et haute conductivit\u00e9<\/h2>\n<\/a><\/li>\n<\/ul>\n<\/div>\t\t\t\t<\/div>\n\t\t\t\t<\/div>\n\t\t\t\t\t<\/div>\n\t\t<\/div>\n\t\t\t\t\t<\/div>\n\t\t<\/section>\n\t\t\t\t<\/div>\n\t\t","protected":false},"excerpt":{"rendered":"","protected":false},"author":1,"featured_media":0,"parent":0,"menu_order":0,"comment_status":"closed","ping_status":"closed","template":"elementor_header_footer","meta":{"_acf_changed":false,"_seopress_robots_primary_cat":"","_seopress_titles_title":"","_seopress_titles_desc":"","_seopress_robots_index":"","footnotes":""},"class_list":["post-3627","page","type-page","status-publish","hentry"],"acf":[],"_links":{"self":[{"href":"https:\/\/lebronze-distribution.com\/fr\/wp-json\/wp\/v2\/pages\/3627","targetHints":{"allow":["GET"]}}],"collection":[{"href":"https:\/\/lebronze-distribution.com\/fr\/wp-json\/wp\/v2\/pages"}],"about":[{"href":"https:\/\/lebronze-distribution.com\/fr\/wp-json\/wp\/v2\/types\/page"}],"author":[{"embeddable":true,"href":"https:\/\/lebronze-distribution.com\/fr\/wp-json\/wp\/v2\/users\/1"}],"replies":[{"embeddable":true,"href":"https:\/\/lebronze-distribution.com\/fr\/wp-json\/wp\/v2\/comments?post=3627"}],"version-history":[{"count":4,"href":"https:\/\/lebronze-distribution.com\/fr\/wp-json\/wp\/v2\/pages\/3627\/revisions"}],"predecessor-version":[{"id":8127,"href":"https:\/\/lebronze-distribution.com\/fr\/wp-json\/wp\/v2\/pages\/3627\/revisions\/8127"}],"wp:attachment":[{"href":"https:\/\/lebronze-distribution.com\/fr\/wp-json\/wp\/v2\/media?parent=3627"}],"curies":[{"name":"wp","href":"https:\/\/api.w.org\/{rel}","templated":true}]}}