{"id":3599,"date":"2022-08-16T12:48:47","date_gmt":"2022-08-16T11:48:47","guid":{"rendered":"https:\/\/lebronze-distribution.com\/succes-et-telechargement\/"},"modified":"2022-11-28T13:11:06","modified_gmt":"2022-11-28T13:11:06","slug":"succes-et-telechargement","status":"publish","type":"page","link":"https:\/\/lebronze-distribution.com\/fr\/succes-et-telechargement\/","title":{"rendered":"Succ\u00e8s et t\u00e9l\u00e9chargement"},"content":{"rendered":"\t\t<div data-elementor-type=\"wp-page\" data-elementor-id=\"3599\" class=\"elementor elementor-3599 elementor-3111\" data-elementor-post-type=\"page\">\n\t\t\t\t\t\t<section class=\"elementor-section elementor-top-section elementor-element elementor-element-515442a elementor-section-boxed elementor-section-height-default elementor-section-height-default\" data-id=\"515442a\" data-element_type=\"section\" data-e-type=\"section\" data-settings=\"{&quot;jet_parallax_layout_list&quot;:[]}\">\n\t\t\t\t\t\t<div class=\"elementor-container elementor-column-gap-default\">\n\t\t\t\t\t<div class=\"elementor-column elementor-col-100 elementor-top-column elementor-element elementor-element-50bd877\" data-id=\"50bd877\" data-element_type=\"column\" data-e-type=\"column\">\n\t\t\t<div class=\"elementor-widget-wrap elementor-element-populated\">\n\t\t\t\t\t\t<div class=\"elementor-element elementor-element-aee8fc6 elementor-widget elementor-widget-shortcode\" data-id=\"aee8fc6\" data-element_type=\"widget\" data-e-type=\"widget\" data-widget_type=\"shortcode.default\">\n\t\t\t\t<div class=\"elementor-widget-container\">\n\t\t\t\t\t\t<div class=\"brochure-contact-form download_brochure\">\n\t\t\t\t<button type=\"button\" id=\"back_to_last_page\" name=\"back_to_last_page\" class=\"button\">Back to last page<\/button>\n\t\t<br>\n\t\t<button type=\"button\" id=\"redirect_to_home\" name=\"redirect_to_home\" class=\"button\">Home<\/button>\n\t\t<p class=\"downloading-count\">\n\t\t\tDownload starting in\n\t\t\t<span class=\"counter\">10<\/span>\n\t\t\tseconds\n\t\t<\/p>\n\t\t<p class=\"not-download-text\">\n\t\t\tNot downloading ?\n\t\t<\/p>\n\t\t<button type=\"button\" id=\"download_pdf\" name=\"download_pdf\" class=\"button\">Download<\/button>\n\t<\/div>\n\t<script>\n\t\tjQuery(document).ready(function ($) {\n\t\t\tvar counter = 10;\n\t\t\tvar intervalId = setInterval(function () {\n\t\t\t\tif (counter !== 0) {\n\t\t\t\t\tcounter--;\n\t\t\t\t\t$(\".downloading-count .counter\").text(counter);\n\t\t\t\t}\n\t\t\t\tif (counter == 0) {\n\t\t\t\t\tdownloadPdf();\n\t\t\t\t}\n\t\t\t}, 1000);\n\n\t\t\tsetTimeout(function () {\n\t\t\t\tclearInterval(intervalId);\n\t\t\t}, 10000);\n\n\t\t\t$(\"#download_pdf\").on(\"click\", function () {\n\t\t\t\tdownloadPdf();\n\t\t\t});\n\n\t\t\t$(\"#redirect_to_home\").on(\"click\", function () {\n\t\t\t\twindow.location.href = 'https:\/\/lebronze-distribution.com';\n\t\t\t});\n\n\t\t\t$(\"#back_to_last_page\").on(\"click\", function () {\n\t\t\t\twindow.location.href = '\/brochures-downloads';\n\t\t\t});\n\n\t\t\tfunction downloadPdf() {\n\t\t\t\t$.ajax({\n\t\t\t\t\turl: '',\n\t\t\t\t\tmethod: 'GET',\n\t\t\t\t\txhrFields: {\n\t\t\t\t\t\tresponseType: 'blob'\n\t\t\t\t\t},\n\t\t\t\t\tsuccess: function (data) {\n\t\t\t\t\t\tvar a = document.createElement('a');\n\t\t\t\t\t\tvar url = window.URL.createObjectURL(data);\n\t\t\t\t\t\tconsole.log(url);\n\t\t\t\t\t\ta.href = url;\n\t\t\t\t\t\ta.download = '';\n\t\t\t\t\t\tdocument.body.append(a);\n\t\t\t\t\t\ta.click();\n\t\t\t\t\t\ta.remove();\n\t\t\t\t\t\twindow.URL.revokeObjectURL(url);\n\t\t\t\t\t}\n\t\t\t\t});\n\t\t\t}\n\n\t\t});\n\t<\/script>\n\t\t<div class=\"elementor-shortcode\">\n          \n        <\/div>\n\t\t\t\t\t\t<\/div>\n\t\t\t\t<\/div>\n\t\t\t\t\t<\/div>\n\t\t<\/div>\n\t\t\t\t\t<\/div>\n\t\t<\/section>\n\t\t\t\t<\/div>\n\t\t","protected":false},"excerpt":{"rendered":"","protected":false},"author":4,"featured_media":0,"parent":0,"menu_order":0,"comment_status":"closed","ping_status":"closed","template":"elementor_header_footer","meta":{"_acf_changed":false,"_seopress_robots_primary_cat":"","_seopress_titles_title":"","_seopress_titles_desc":"","_seopress_robots_index":"","footnotes":""},"class_list":["post-3599","page","type-page","status-publish","hentry"],"acf":[],"_links":{"self":[{"href":"https:\/\/lebronze-distribution.com\/fr\/wp-json\/wp\/v2\/pages\/3599","targetHints":{"allow":["GET"]}}],"collection":[{"href":"https:\/\/lebronze-distribution.com\/fr\/wp-json\/wp\/v2\/pages"}],"about":[{"href":"https:\/\/lebronze-distribution.com\/fr\/wp-json\/wp\/v2\/types\/page"}],"author":[{"embeddable":true,"href":"https:\/\/lebronze-distribution.com\/fr\/wp-json\/wp\/v2\/users\/4"}],"replies":[{"embeddable":true,"href":"https:\/\/lebronze-distribution.com\/fr\/wp-json\/wp\/v2\/comments?post=3599"}],"version-history":[{"count":1,"href":"https:\/\/lebronze-distribution.com\/fr\/wp-json\/wp\/v2\/pages\/3599\/revisions"}],"predecessor-version":[{"id":3619,"href":"https:\/\/lebronze-distribution.com\/fr\/wp-json\/wp\/v2\/pages\/3599\/revisions\/3619"}],"wp:attachment":[{"href":"https:\/\/lebronze-distribution.com\/fr\/wp-json\/wp\/v2\/media?parent=3599"}],"curies":[{"name":"wp","href":"https:\/\/api.w.org\/{rel}","templated":true}]}}