{"id":3531,"date":"2022-05-11T11:34:56","date_gmt":"2022-05-11T10:34:56","guid":{"rendered":"https:\/\/lebronze-distribution.com\/calculateur-plat-rond\/"},"modified":"2026-03-23T14:28:59","modified_gmt":"2026-03-23T14:28:59","slug":"calculateur-plat-rond","status":"publish","type":"page","link":"https:\/\/lebronze-distribution.com\/fr\/calculateur-plat-rond\/","title":{"rendered":"Calculateur plat\/rond"},"content":{"rendered":"\t\t<div data-elementor-type=\"wp-page\" data-elementor-id=\"3531\" class=\"elementor elementor-3531 elementor-676\" data-elementor-post-type=\"page\">\n\t\t\t\t\t\t<section class=\"elementor-section elementor-top-section elementor-element elementor-element-29df93d elementor-section-boxed elementor-section-height-default elementor-section-height-default\" data-id=\"29df93d\" data-element_type=\"section\" data-e-type=\"section\" data-settings=\"{&quot;jet_parallax_layout_list&quot;:[],&quot;background_background&quot;:&quot;classic&quot;}\">\n\t\t\t\t\t\t\t<div class=\"elementor-background-overlay\"><\/div>\n\t\t\t\t\t\t\t<div class=\"elementor-container elementor-column-gap-default\">\n\t\t\t\t\t<div class=\"elementor-column elementor-col-100 elementor-top-column elementor-element elementor-element-b72bbdf\" data-id=\"b72bbdf\" data-element_type=\"column\" data-e-type=\"column\">\n\t\t\t<div class=\"elementor-widget-wrap elementor-element-populated\">\n\t\t\t\t\t\t\t<\/div>\n\t\t<\/div>\n\t\t\t\t\t<\/div>\n\t\t<\/section>\n\t\t\t\t<section class=\"elementor-section elementor-top-section elementor-element elementor-element-f69ebd9 elementor-section-boxed elementor-section-height-default elementor-section-height-default\" data-id=\"f69ebd9\" data-element_type=\"section\" data-e-type=\"section\" data-settings=\"{&quot;jet_parallax_layout_list&quot;:[]}\">\n\t\t\t\t\t\t<div class=\"elementor-container elementor-column-gap-default\">\n\t\t\t\t\t<div class=\"elementor-column elementor-col-100 elementor-top-column elementor-element elementor-element-2d1ef1e\" data-id=\"2d1ef1e\" data-element_type=\"column\" data-e-type=\"column\">\n\t\t\t<div class=\"elementor-widget-wrap elementor-element-populated\">\n\t\t\t\t\t\t<div class=\"elementor-element elementor-element-bfc7e6c elementor-widget elementor-widget-shortcode\" data-id=\"bfc7e6c\" data-element_type=\"widget\" data-e-type=\"widget\" data-widget_type=\"shortcode.default\">\n\t\t\t\t<div class=\"elementor-widget-container\">\n\t\t\t\t\t\t\t<div class=\"elementor-shortcode\"><div class=\"flat-to-round-container container\">\r\n    <table class=\"table-big flat-to-round-calculator\" border=\"0\" cellspacing=\"0\" cellpadding=\"2\">\r\n        <tbody>\r\n            <tr>\r\n                <td><\/td>\r\n            <\/tr>\r\n            <tr>\r\n                <td>\r\n                    <label for=\"flatBarWidth\">Largeur<\/label>\r\n                    <input id=\"flatBarWidth\" style=\"font-size: 11px;\" size=\"7\" type=\"text\">\r\n                <\/td>\r\n                <td><p>x<\/p><\/td>\r\n                <td>\r\n                    <label for=\"flatBarHeight\">Hauteur<\/label>\r\n                    <input id=\"flatBarHeight\" style=\"font-size: 11px;\" size=\"7\" type=\"text\">\r\n                <\/td>\r\n                <td class=\"select\">\r\n                    <select id=\"flatBarUM\">\r\n                        <option>Pouces<\/option>\r\n                        <option>Millim\u00e8tres<\/option>\r\n                    <\/select>\r\n                <\/td>\r\n                <td><p>=<\/p><\/td>\r\n                <td>\r\n                    <label for=\"flatBarConversion\">Diam\u00e8tre de barre ronde n\u00e9cessaire<\/label>\r\n                    <input id=\"flatBarConversion\" style=\"font-size: 11px;\" readonly=\"readonly\" size=\"7\" type=\"text\">\r\n                <\/td>\r\n                <td class=\"select\">\r\n                    <select id=\"flatBarResultUM\">\r\n                        <option>Pouces<\/option>\r\n                        <option>Millim\u00e8tres<\/option>\r\n                    <\/select>\r\n                <\/td>\r\n            <\/tr>\r\n        <\/tbody>\r\n    <\/table>\r\n<\/div><\/div>\n\t\t\t\t\t\t<\/div>\n\t\t\t\t<\/div>\n\t\t\t\t\t<\/div>\n\t\t<\/div>\n\t\t\t\t\t<\/div>\n\t\t<\/section>\n\t\t\t\t<section class=\"elementor-section elementor-top-section elementor-element elementor-element-6977918 elementor-section-boxed elementor-section-height-default elementor-section-height-default\" data-id=\"6977918\" data-element_type=\"section\" data-e-type=\"section\" data-settings=\"{&quot;jet_parallax_layout_list&quot;:[]}\">\n\t\t\t\t\t\t<div class=\"elementor-container elementor-column-gap-default\">\n\t\t\t\t\t<div class=\"elementor-column elementor-col-100 elementor-top-column elementor-element elementor-element-b888f4e\" data-id=\"b888f4e\" data-element_type=\"column\" data-e-type=\"column\">\n\t\t\t<div class=\"elementor-widget-wrap elementor-element-populated\">\n\t\t\t\t\t\t<div class=\"elementor-element elementor-element-6394bc5 elementor-widget elementor-widget-text-editor\" data-id=\"6394bc5\" data-element_type=\"widget\" data-e-type=\"widget\" data-widget_type=\"text-editor.default\">\n\t\t\t\t<div class=\"elementor-widget-container\">\n\t\t\t\t\t\t\t\t\t<p><strong>Remarque : Aucune tol\u00e9rance sur l&rsquo;usinage n&rsquo;est incluse dans le calcul.<\/strong><\/p><p> <\/p><p style=\"text-align: center;\">Clause de non-responsabilit\u00e9 : Tous les calculs et valeurs sont donn\u00e9s \u00e0 titre d&rsquo;information seulement et aucune responsabilit\u00e9 n&rsquo;est donn\u00e9e, il est de la responsabilit\u00e9 de l&rsquo;utilisateur de v\u00e9rifier toutes les valeurs.  <\/p>\t\t\t\t\t\t\t\t<\/div>\n\t\t\t\t<\/div>\n\t\t\t\t\t<\/div>\n\t\t<\/div>\n\t\t\t\t\t<\/div>\n\t\t<\/section>\n\t\t\t\t<\/div>\n\t\t","protected":false},"excerpt":{"rendered":"<p>Remarque : Aucune tol\u00e9rance sur l&rsquo;usinage n&rsquo;est incluse dans le calcul. Clause de non-responsabilit\u00e9 : Tous les calculs et valeurs sont donn\u00e9s \u00e0 titre d&rsquo;information seulement et aucune responsabilit\u00e9 n&rsquo;est donn\u00e9e, il est de la responsabilit\u00e9 de l&rsquo;utilisateur de v\u00e9rifier toutes les valeurs.<\/p>\n","protected":false},"author":1,"featured_media":0,"parent":0,"menu_order":0,"comment_status":"closed","ping_status":"closed","template":"elementor_header_footer","meta":{"_acf_changed":false,"_seopress_robots_primary_cat":"","_seopress_titles_title":"","_seopress_titles_desc":"","_seopress_robots_index":"","footnotes":""},"class_list":["post-3531","page","type-page","status-publish","hentry"],"acf":[],"_links":{"self":[{"href":"https:\/\/lebronze-distribution.com\/fr\/wp-json\/wp\/v2\/pages\/3531","targetHints":{"allow":["GET"]}}],"collection":[{"href":"https:\/\/lebronze-distribution.com\/fr\/wp-json\/wp\/v2\/pages"}],"about":[{"href":"https:\/\/lebronze-distribution.com\/fr\/wp-json\/wp\/v2\/types\/page"}],"author":[{"embeddable":true,"href":"https:\/\/lebronze-distribution.com\/fr\/wp-json\/wp\/v2\/users\/1"}],"replies":[{"embeddable":true,"href":"https:\/\/lebronze-distribution.com\/fr\/wp-json\/wp\/v2\/comments?post=3531"}],"version-history":[{"count":6,"href":"https:\/\/lebronze-distribution.com\/fr\/wp-json\/wp\/v2\/pages\/3531\/revisions"}],"predecessor-version":[{"id":9582,"href":"https:\/\/lebronze-distribution.com\/fr\/wp-json\/wp\/v2\/pages\/3531\/revisions\/9582"}],"wp:attachment":[{"href":"https:\/\/lebronze-distribution.com\/fr\/wp-json\/wp\/v2\/media?parent=3531"}],"curies":[{"name":"wp","href":"https:\/\/api.w.org\/{rel}","templated":true}]}}