{"id":3490,"date":"2022-05-11T11:33:43","date_gmt":"2022-05-11T10:33:43","guid":{"rendered":"https:\/\/lebronze-distribution.com\/calculateur-de-poids\/"},"modified":"2026-03-23T14:32:14","modified_gmt":"2026-03-23T14:32:14","slug":"calculateur-de-poids","status":"publish","type":"page","link":"https:\/\/lebronze-distribution.com\/fr\/calculateur-de-poids\/","title":{"rendered":"Calculateur de poids"},"content":{"rendered":"\t\t<div data-elementor-type=\"wp-page\" data-elementor-id=\"3490\" class=\"elementor elementor-3490 elementor-674\" data-elementor-post-type=\"page\">\n\t\t\t\t\t\t<section class=\"elementor-section elementor-top-section elementor-element elementor-element-232e628 elementor-section-boxed elementor-section-height-default elementor-section-height-default\" data-id=\"232e628\" data-element_type=\"section\" data-e-type=\"section\" data-settings=\"{&quot;jet_parallax_layout_list&quot;:[],&quot;background_background&quot;:&quot;classic&quot;}\">\n\t\t\t\t\t\t\t<div class=\"elementor-background-overlay\"><\/div>\n\t\t\t\t\t\t\t<div class=\"elementor-container elementor-column-gap-default\">\n\t\t\t\t\t<div class=\"elementor-column elementor-col-100 elementor-top-column elementor-element elementor-element-03ff353\" data-id=\"03ff353\" data-element_type=\"column\" data-e-type=\"column\">\n\t\t\t<div class=\"elementor-widget-wrap elementor-element-populated\">\n\t\t\t\t\t\t\t<\/div>\n\t\t<\/div>\n\t\t\t\t\t<\/div>\n\t\t<\/section>\n\t\t\t\t<section class=\"elementor-section elementor-top-section elementor-element elementor-element-1b16bf0 elementor-section-boxed elementor-section-height-default elementor-section-height-default\" data-id=\"1b16bf0\" data-element_type=\"section\" data-e-type=\"section\" data-settings=\"{&quot;jet_parallax_layout_list&quot;:[]}\">\n\t\t\t\t\t\t<div class=\"elementor-container elementor-column-gap-default\">\n\t\t\t\t\t<div class=\"elementor-column elementor-col-100 elementor-top-column elementor-element elementor-element-e8f16ff\" data-id=\"e8f16ff\" data-element_type=\"column\" data-e-type=\"column\">\n\t\t\t<div class=\"elementor-widget-wrap elementor-element-populated\">\n\t\t\t\t\t\t<div class=\"elementor-element elementor-element-f0c5722 elementor-widget elementor-widget-shortcode\" data-id=\"f0c5722\" data-element_type=\"widget\" data-e-type=\"widget\" data-widget_type=\"shortcode.default\">\n\t\t\t\t<div class=\"elementor-widget-container\">\n\t\t\t\t\t\t\t<div class=\"elementor-shortcode\"><div class=\"lba-calculator-container container\">\n        <table class=\"lba-calculator\" width=\"500\">\n            <tbody>\n                <tr>\n                    <td><label for=\"calculator_alloy_category\">Cat\u00e9gorie:<\/label><\/td>\n                    <td>\n                        <select id=\"calculator_alloy_category\" name=\"category\">\n                            <option value=\"\">Choisir une cat\u00e9gorie<\/option>\n                            <option value=\"Spinodal alloys\">Spinodal alloys<\/option>\n                            <option value=\"Copper Nickel Bronze alloys\">Copper Nickel Aluminum Bronze alloys<\/option>\n                            <option value=\"Nickel Aluminum Bronze alloys\">Nickel Aluminum Bronze alloys<\/option>\n                            <option value=\"ARCAP\u00ae\">ARCAP\u00ae<\/option>\n                            <option value=\"CuCrZr alloys\">CuCrZr alloys<\/option>\n                        <\/select>\n                    <\/td>\n                <\/tr>\n                <tr>\n                    <td><label for=\"calculator_alloy\">Alliage:<\/label><\/td>\n                    <td>\n                        <select id=\"calculator_alloy\" name=\"alloy\" text=\"test\">\n                            <option value=\"\">S\u00e9lectionnez d\u2019abord la cat\u00e9gorie<\/option>\n                            <option data-select=\"Spinodal alloys\" value=\"Hardiall\u00ae | C72900 | CuNi15Sn8 | AMS 4596\" data-density=\"8.95\">Hardiall\u00ae | C72900 | CuNi15Sn8 | AMS 4596<\/option>\n                            <option data-select=\"Copper Nickel Bronze alloys\" value=\"K7 | LN9468 | CuNi14Al3Fe1\" data-density=\"8.5\">K7 | LN9468 | CuNi14Al3Fe1<\/option>\n                            <option data-select=\"Copper Nickel Bronze alloys\" value=\"Hardibron\u00ae | WL 2.1504 |CuNi14Al3Fe1\" data-density=\"8.5\">Hardibron\u00ae | WL 2.1504 |CuNi14Al3Fe1<\/option>\n                            <option data-select=\"Copper Nickel Bronze alloys\" value=\"K5 | ASNA 6127 | CuNi14Al3\" data-density=\"8.6\">K5 | ASNA 6127 | CuNi14Al3<\/option>\n                            <option data-select=\"Copper Nickel Bronze alloys\" value=\"K5 |NFL 14702 | CuNi14Al3\" data-density=\"8.6\">K5 |NFL 14702 | CuNi14Al3<\/option>\n                            <option data-select=\"Copper Nickel Bronze alloys\" value=\"K5B | CuNi14Mn4Al2 | NES 835\" data-density=\"8.6\">K5B | CuNi14Mn4Al2 | NES 835<\/option>\n                            <option data-select=\"Nickel Aluminum Bronze alloys\" value=\"K7 | LN9468\" data-density=\"7.5\">NCS | C63020 | CuAl11Ni5Fe5 | AMS 4590<\/option>\n                            <option data-select=\"ARCAP\u00ae\" value=\"ARCAP\u00ae AP1D\" data-density=\"8.8\">ARCAP\u00ae AP1D<\/option>\n                            <option data-select=\"ARCAP\u00ae\" value=\"ARCAP\u00ae AP1C\" data-density=\"8.8\">ARCAP\u00ae AP1C<\/option>\n                            <option data-select=\"CuCrZr alloys\" value=\"CRM16 | C18150 | CuCrZr | RWMA Class II\" data-density=\"8.9\">CRM16 | C18150 | CuCrZr | RWMA Class II<\/option>\n                        <\/select>\n                    <\/td>\n                <\/tr>\n                <tr>\n                    <td class=\"calculator_unit_container\"><label for=\"calculator_unit\">Unit\u00e9:<\/label><\/td>\n                    <td>\n                        <label for=\"calculator_unit_metric\">M\u00e9trique<\/label>\n                        <input type=\"radio\" id=\"calculator_unit_metric\" value=\"metric\" name=\"calculator_unit\" checked \/>\n                        <label for=\"calculator_unit_imperial\">Imp\u00e9rial<\/label>\n                        <input type=\"radio\" id=\"calculator_unit_imperial\" value=\"imperial\" name=\"calculator_unit\" \/>\n                    <\/td>\n                <\/tr>\n                <tr>\n                    <td><label for=\"calculator_shape\">Forme:<\/label><\/td>\n                    <td>\n                        <select id=\"calculator_shape\" name=\"shape\">\n                            <option value=\"\">-<\/option>\n                            <option value=\"Round Bar\">Barre ronde<\/option>\n                            <option value=\"Round Tube\">Tube rond<\/option>\n                            <option value=\"Square Bar\">Bar carr\u00e9<\/option>\n                            <option value=\"Rectangular Sheet\">Feuille rectangulaire<\/option>\n                            <option value=\"Hexagonal Bar\">Barre hexagonale<\/option>\n                        <\/select>\n                    <\/td>\n                <\/tr>\n                <tr style=\"display: none;\" class=\"sizeInput roundbar_mm\">\n                    <td><label for=\"calculator_diameter_mm\">Diam\u00e8tre \u00d8 (mm):<\/label><\/td>\n                    <td><input id=\"calculator_diameter_mm\" class=\"numeric-only\" name=\"calculator_diameter_mm\" type=\"text\" value=\"1\"><\/td>\n                <\/tr>\n                <tr style=\"display: none;\" class=\"sizeInput roundbar_inch\">\n                    <td><label for=\"calculator_diameter_inch\">Diam\u00e8tre \u00d8 (pouce):<\/label><\/td>\n                    <td><input id=\"calculator_diameter_inch\" class=\"numeric-only\" name=\"calculator_diameter_inch\" type=\"text\" value=\"1\"><\/td>\n                <\/tr>\n                <tr style=\"display: none;\" class=\"sizeInput roundtube_mm\">\n                    <td><label for=\"calculator_od_mm\">OD (mm):<\/label><\/td>\n                    <td><input id=\"calculator_od_mm\" class=\"numeric-only\" name=\"calculator_od_mm\" type=\"text\" value=\"1\"><\/td>\n                <\/tr>\n                <tr style=\"display: none;\" class=\"sizeInput roundtube_mm\">\n                    <td><label for=\"calculator_id_mm\">ID (mm):<\/label><\/td>\n                    <td><input id=\"calculator_id_mm\" class=\"numeric-only\" name=\"calculator_id_mm\" type=\"text\" value=\"1\"><\/td>\n                <\/tr>\n                <tr style=\"display: none;\" class=\"sizeInput roundtube_inch\">\n                    <td><label for=\"calculator_od_inch\">OD (inch):<\/label><\/td>\n                    <td><input id=\"calculator_od_inch\" class=\"numeric-only\" name=\"calculator_od_inch\" type=\"text\" value=\"1\"><\/td>\n                <\/tr>\n                <tr style=\"display: none;\" class=\"sizeInput roundtube_inch\">\n                    <td><label for=\"calculator_id_inch\">ID (inch):<\/label><\/td>\n                    <td><input id=\"calculator_id_inch\" class=\"numeric-only\" name=\"calculator_id_inch\" type=\"text\" value=\"1\"><\/td>\n                <\/tr>\n                <tr style=\"display: none;\" class=\"sizeInput squarebar_mm\">\n                    <td><label for=\"calculator_side_mm\">C\u00f4t\u00e9 S (mm):<\/label><\/td>\n                    <td><input id=\"calculator_side_mm\" class=\"numeric-only\" name=\"calculator_side_mm\" type=\"text\" value=\"1\"><\/td>\n                <\/tr>\n                <tr style=\"display: none;\" class=\"sizeInput squarebar_inch\">\n                    <td><label for=\"calculator_side_inch\">C\u00f4t\u00e9 S (pouce):<\/label><\/td>\n                    <td><input id=\"calculator_side_inch\" class=\"numeric-only\" name=\"calculator_side_inch\" type=\"text\" value=\"1\"><\/td>\n                <\/tr>\n                <tr style=\"display: none;\" class=\"sizeInput hexagonalbar_mm\">\n                    <td><label for=\"calculator_height_mm\">Hauteur H (mm):<\/label><\/td>\n                    <td><input id=\"calculator_height_mm\" class=\"numeric-only\" name=\"calculator_height_mm\" type=\"text\" value=\"1\"><\/td>\n                <\/tr>\n                <tr style=\"display: none;\" class=\"sizeInput hexagonalbar_inch\">\n                    <td><label for=\"calculator_height_inch\">Hauteur H (pouce):<\/label><\/td>\n                    <td><input id=\"calculator_height_inch\" class=\"numeric-only\" name=\"calculator_height_inch\" type=\"text\" value=\"1\"><\/td>\n                <\/tr>\n                <!-- <tr style=\"display: none;\" class=\"sizeInput roundbar roundtube squarebar hexagonalbar\">\n                    <td><label for=\"calculator_length\">Longueur l (m):<\/label><\/td>\n                    <td><input id=\"calculator_length\" class=\"numeric-only\" name=\"calculator_length\" type=\"text\"><\/td>\n                <\/tr>\n                <tr style=\"display: none;\" class=\"sizeInput rectangularsheet\">\n                    <td><label for=\"calculator_lengthmm\">Longueur L (mm):<\/label><\/td>\n                    <td><input id=\"calculator_lengthmm\" class=\"numeric-only\" name=\"calculator_lengthmm\" type=\"text\"><\/td>\n                <\/tr> -->\n                <tr style=\"display: none;\" class=\"sizeInput rectangularsheet_mm\">\n                    <td><label for=\"calculator_width_mm\">Largeur L(mm)<\/label><\/td>\n                    <td><input id=\"calculator_width_mm\" class=\"numeric-only\" name=\"calculator_width_mm\" type=\"text\"><\/td>\n                <\/tr>\n                <tr style=\"display: none;\" class=\"sizeInput rectangularsheet_mm\">\n                    <td><label for=\"calculator_thickness_mm\">\u00c9paisseur H(mm):<\/label><\/td>\n                    <td><input id=\"calculator_thickness_mm\" class=\"numeric-only\" name=\"calculator_thickness_mm\" type=\"text\"><\/td>\n                <\/tr>\n                <tr style=\"display: none;\" class=\"sizeInput rectangularsheet_inch\">\n                    <td><label for=\"calculator_width_inch\">Largeur L(pouce)<\/label><\/td>\n                    <td><input id=\"calculator_width_inch\" class=\"numeric-only\" name=\"calculator_width_inch\" type=\"text\"><\/td>\n                <\/tr>\n                <tr style=\"display: none;\" class=\"sizeInput rectangularsheet_inch\">\n                    <td><label for=\"calculator_thickness_inch\">\u00c9paisseur H (pouce):<\/label><\/td>\n                    <td><input id=\"calculator_thickness_inch\" class=\"numeric-only\" name=\"calculator_thickness_inch\" type=\"text\"><\/td>\n                <\/tr>\n                <tr>\n                    <td class=\"buttonCell\" colspan=\"2\">\n                        <button role=\"button\" type=\"button\" id=\"calculate-button\">Calculer<\/button>\n                    <\/td>\n                <\/tr>\n                <tr>\n                    <td colspan=\"2\">\n                        <table class=\"output\" style=\"display: none;\">\n                            <tbody>\n                                <tr class=\"weight_kg_container\">\n                                    <th scope=\"row\">Poids (kg\/m):<\/th>\n                                    <td class=\"weight_kg\"><\/td>\n                                <\/tr>\n                                <tr class=\"weight_lb_container\">\n                                    <th scope=\"row\">Poids (lb\/pied) :<\/th>\n                                    <td class=\"weight_lb\"><\/td>\n                                <\/tr>\n                            <\/tbody>\n                        <\/table>\n                    <\/td>\n                <\/tr>\n            <\/tbody>\n        <\/table>\n<\/div><\/div>\n\t\t\t\t\t\t<\/div>\n\t\t\t\t<\/div>\n\t\t\t\t\t<\/div>\n\t\t<\/div>\n\t\t\t\t\t<\/div>\n\t\t<\/section>\n\t\t\t\t<section class=\"elementor-section elementor-top-section elementor-element elementor-element-e2e9f0c elementor-section-boxed elementor-section-height-default elementor-section-height-default\" data-id=\"e2e9f0c\" data-element_type=\"section\" data-e-type=\"section\" data-settings=\"{&quot;jet_parallax_layout_list&quot;:[]}\">\n\t\t\t\t\t\t<div class=\"elementor-container elementor-column-gap-default\">\n\t\t\t\t\t<div class=\"elementor-column elementor-col-100 elementor-top-column elementor-element elementor-element-092be33\" data-id=\"092be33\" data-element_type=\"column\" data-e-type=\"column\">\n\t\t\t<div class=\"elementor-widget-wrap elementor-element-populated\">\n\t\t\t\t\t\t<div class=\"elementor-element elementor-element-c03076f elementor-widget elementor-widget-text-editor\" data-id=\"c03076f\" data-element_type=\"widget\" data-e-type=\"widget\" data-widget_type=\"text-editor.default\">\n\t\t\t\t<div class=\"elementor-widget-container\">\n\t\t\t\t\t\t\t\t\t<p>Clause de non-responsabilit\u00e9 : Tous les calculs et valeurs sont donn\u00e9s \u00e0 titre d&rsquo;information seulement et aucune responsabilit\u00e9 n&rsquo;est donn\u00e9e, il est de la responsabilit\u00e9 de l&rsquo;utilisateur de v\u00e9rifier toutes les valeurs.<\/p>\t\t\t\t\t\t\t\t<\/div>\n\t\t\t\t<\/div>\n\t\t\t\t\t<\/div>\n\t\t<\/div>\n\t\t\t\t\t<\/div>\n\t\t<\/section>\n\t\t\t\t<\/div>\n\t\t","protected":false},"excerpt":{"rendered":"<p>Clause de non-responsabilit\u00e9 : Tous les calculs et valeurs sont donn\u00e9s \u00e0 titre d&rsquo;information seulement et aucune responsabilit\u00e9 n&rsquo;est donn\u00e9e, il est de la responsabilit\u00e9 de l&rsquo;utilisateur de v\u00e9rifier toutes les valeurs.<\/p>\n","protected":false},"author":1,"featured_media":0,"parent":0,"menu_order":0,"comment_status":"closed","ping_status":"closed","template":"elementor_header_footer","meta":{"_acf_changed":false,"_seopress_robots_primary_cat":"","_seopress_titles_title":"","_seopress_titles_desc":"","_seopress_robots_index":"","footnotes":""},"class_list":["post-3490","page","type-page","status-publish","hentry"],"acf":[],"_links":{"self":[{"href":"https:\/\/lebronze-distribution.com\/fr\/wp-json\/wp\/v2\/pages\/3490","targetHints":{"allow":["GET"]}}],"collection":[{"href":"https:\/\/lebronze-distribution.com\/fr\/wp-json\/wp\/v2\/pages"}],"about":[{"href":"https:\/\/lebronze-distribution.com\/fr\/wp-json\/wp\/v2\/types\/page"}],"author":[{"embeddable":true,"href":"https:\/\/lebronze-distribution.com\/fr\/wp-json\/wp\/v2\/users\/1"}],"replies":[{"embeddable":true,"href":"https:\/\/lebronze-distribution.com\/fr\/wp-json\/wp\/v2\/comments?post=3490"}],"version-history":[{"count":6,"href":"https:\/\/lebronze-distribution.com\/fr\/wp-json\/wp\/v2\/pages\/3490\/revisions"}],"predecessor-version":[{"id":9601,"href":"https:\/\/lebronze-distribution.com\/fr\/wp-json\/wp\/v2\/pages\/3490\/revisions\/9601"}],"wp:attachment":[{"href":"https:\/\/lebronze-distribution.com\/fr\/wp-json\/wp\/v2\/media?parent=3490"}],"curies":[{"name":"wp","href":"https:\/\/api.w.org\/{rel}","templated":true}]}}