{"id":3475,"date":"2022-05-11T11:32:50","date_gmt":"2022-05-11T10:32:50","guid":{"rendered":"https:\/\/lebronze-distribution.com\/convertisseur-metrique-imperial\/"},"modified":"2026-03-23T14:25:36","modified_gmt":"2026-03-23T14:25:36","slug":"convertisseur-metrique-imperial","status":"publish","type":"page","link":"https:\/\/lebronze-distribution.com\/fr\/convertisseur-metrique-imperial\/","title":{"rendered":"Convertisseur m\u00e9trique\/imp\u00e9rial"},"content":{"rendered":"\t\t<div data-elementor-type=\"wp-page\" data-elementor-id=\"3475\" class=\"elementor elementor-3475 elementor-670\" data-elementor-post-type=\"page\">\n\t\t\t\t\t\t<section class=\"elementor-section elementor-top-section elementor-element elementor-element-58fd790 elementor-section-boxed elementor-section-height-default elementor-section-height-default\" data-id=\"58fd790\" data-element_type=\"section\" data-e-type=\"section\" data-settings=\"{&quot;jet_parallax_layout_list&quot;:[],&quot;background_background&quot;:&quot;classic&quot;}\">\n\t\t\t\t\t\t\t<div class=\"elementor-background-overlay\"><\/div>\n\t\t\t\t\t\t\t<div class=\"elementor-container elementor-column-gap-default\">\n\t\t\t\t\t<div class=\"elementor-column elementor-col-100 elementor-top-column elementor-element elementor-element-59da083\" data-id=\"59da083\" data-element_type=\"column\" data-e-type=\"column\">\n\t\t\t<div class=\"elementor-widget-wrap elementor-element-populated\">\n\t\t\t\t\t\t\t<\/div>\n\t\t<\/div>\n\t\t\t\t\t<\/div>\n\t\t<\/section>\n\t\t\t\t<section class=\"elementor-section elementor-top-section elementor-element elementor-element-76b45e3 elementor-section-content-middle elementor-section-boxed elementor-section-height-default elementor-section-height-default\" data-id=\"76b45e3\" data-element_type=\"section\" data-e-type=\"section\" data-settings=\"{&quot;jet_parallax_layout_list&quot;:[]}\">\n\t\t\t\t\t\t<div class=\"elementor-container elementor-column-gap-default\">\n\t\t\t\t\t<div class=\"elementor-column elementor-col-100 elementor-top-column elementor-element elementor-element-8dc6927\" data-id=\"8dc6927\" data-element_type=\"column\" data-e-type=\"column\">\n\t\t\t<div class=\"elementor-widget-wrap elementor-element-populated\">\n\t\t\t\t\t\t<div class=\"elementor-element elementor-element-3e6fa18 elementor-widget elementor-widget-shortcode\" data-id=\"3e6fa18\" data-element_type=\"widget\" data-e-type=\"widget\" data-widget_type=\"shortcode.default\">\n\t\t\t\t<div class=\"elementor-widget-container\">\n\t\t\t\t\t\t\t<div class=\"elementor-shortcode\"><div class=\"container\">\n    <table class=\"table-big metric-to-imperial-calculator\" border=\"0\" cellspacing=\"0\" cellpadding=\"2\">\n        <tbody>\n            <tr>\n                <td colspan=\"5\">Longueur<\/td>\n            <\/tr>\n            <tr>\n                <td>\n                    <input id=\"length\" style=\"font-size: 11px;\" size=\"7\" type=\"text\">\n                <\/td>\n                <td>\n                    <select id=\"lengthUM\">\n                        <option>Millim\u00e8tres<\/option>\n                        <option>Centim\u00e8tres<\/option>\n                        <option>M\u00e8tres<\/option>\n                    <\/select>\n                <\/td>\n                <td class=\"sign\"><img decoding=\"async\" src=\"https:\/\/lebronze-distribution.com\/wp-content\/plugins\/metric-imperial-unit-convertor\/assets\/images\/conversion.png\"><\/td>\n                <td>\n                    <input id=\"lengthConversion\" style=\"font-size: 11px;\" size=\"7\" type=\"text\">\n                <\/td>\n                <td>\n                    <select id=\"lengthResultUM\">\n                        <option>Pouces<\/option>\n                        <option>Pieds<\/option>\n                    <\/select>\n                <\/td>\n            <\/tr>\n            <tr>\n                <td colspan=\"5\">Poids<\/td>\n            <\/tr>\n            <tr>\n                <td>\n                    <input id=\"weight\" style=\"font-size: 11px;\" size=\"7\" type=\"text\">\n                <\/td>\n                <td>\n                    <select id=\"weightUM\">\n                        <option>Kilogramme<\/option>\n                    <\/select>\n                <\/td>\n                <td class=\"sign\"><img decoding=\"async\" src=\"https:\/\/lebronze-distribution.com\/wp-content\/plugins\/metric-imperial-unit-convertor\/assets\/images\/conversion.png\"><\/td>\n                <td>\n                    <input id=\"weightConversion\" style=\"font-size: 11px;\" size=\"7\" type=\"text\">\n                <\/td>\n                <td>\n                    <select id=\"weightResultUM\">\n                        <option>Livres<\/option>\n                    <\/select>\n                <\/td>\n            <\/tr>\n        <\/tbody>\n    <\/table>\n<\/div><\/div>\n\t\t\t\t\t\t<\/div>\n\t\t\t\t<\/div>\n\t\t\t\t\t<\/div>\n\t\t<\/div>\n\t\t\t\t\t<\/div>\n\t\t<\/section>\n\t\t\t\t<section class=\"elementor-section elementor-top-section elementor-element elementor-element-c56042b elementor-section-boxed elementor-section-height-default elementor-section-height-default\" data-id=\"c56042b\" data-element_type=\"section\" data-e-type=\"section\" data-settings=\"{&quot;jet_parallax_layout_list&quot;:[]}\">\n\t\t\t\t\t\t<div class=\"elementor-container elementor-column-gap-default\">\n\t\t\t\t\t<div class=\"elementor-column elementor-col-100 elementor-top-column elementor-element elementor-element-eb392b5\" data-id=\"eb392b5\" data-element_type=\"column\" data-e-type=\"column\">\n\t\t\t<div class=\"elementor-widget-wrap elementor-element-populated\">\n\t\t\t\t\t\t<div class=\"elementor-element elementor-element-c253b14 elementor-widget elementor-widget-text-editor\" data-id=\"c253b14\" data-element_type=\"widget\" data-e-type=\"widget\" data-widget_type=\"text-editor.default\">\n\t\t\t\t<div class=\"elementor-widget-container\">\n\t\t\t\t\t\t\t\t\t<p>Clause de non-responsabilit\u00e9 : Tous les calculs et valeurs sont donn\u00e9s \u00e0 titre d&rsquo;information seulement et aucune responsabilit\u00e9 n&rsquo;est donn\u00e9e, il est de la responsabilit\u00e9 de l&rsquo;utilisateur de v\u00e9rifier toutes les valeurs.<\/p>\n\t\t\t\t\t\t\t\t<\/div>\n\t\t\t\t<\/div>\n\t\t\t\t\t<\/div>\n\t\t<\/div>\n\t\t\t\t\t<\/div>\n\t\t<\/section>\n\t\t\t\t<\/div>\n\t\t","protected":false},"excerpt":{"rendered":"<p>Clause de non-responsabilit\u00e9 : Tous les calculs et valeurs sont donn\u00e9s \u00e0 titre d&rsquo;information seulement et aucune responsabilit\u00e9 n&rsquo;est donn\u00e9e, il est de la responsabilit\u00e9 de l&rsquo;utilisateur de v\u00e9rifier toutes les valeurs.<\/p>\n","protected":false},"author":1,"featured_media":0,"parent":0,"menu_order":0,"comment_status":"closed","ping_status":"closed","template":"elementor_header_footer","meta":{"_acf_changed":false,"_seopress_robots_primary_cat":"","_seopress_titles_title":"","_seopress_titles_desc":"","_seopress_robots_index":"","footnotes":""},"class_list":["post-3475","page","type-page","status-publish","hentry"],"acf":[],"_links":{"self":[{"href":"https:\/\/lebronze-distribution.com\/fr\/wp-json\/wp\/v2\/pages\/3475","targetHints":{"allow":["GET"]}}],"collection":[{"href":"https:\/\/lebronze-distribution.com\/fr\/wp-json\/wp\/v2\/pages"}],"about":[{"href":"https:\/\/lebronze-distribution.com\/fr\/wp-json\/wp\/v2\/types\/page"}],"author":[{"embeddable":true,"href":"https:\/\/lebronze-distribution.com\/fr\/wp-json\/wp\/v2\/users\/1"}],"replies":[{"embeddable":true,"href":"https:\/\/lebronze-distribution.com\/fr\/wp-json\/wp\/v2\/comments?post=3475"}],"version-history":[{"count":6,"href":"https:\/\/lebronze-distribution.com\/fr\/wp-json\/wp\/v2\/pages\/3475\/revisions"}],"predecessor-version":[{"id":9564,"href":"https:\/\/lebronze-distribution.com\/fr\/wp-json\/wp\/v2\/pages\/3475\/revisions\/9564"}],"wp:attachment":[{"href":"https:\/\/lebronze-distribution.com\/fr\/wp-json\/wp\/v2\/media?parent=3475"}],"curies":[{"name":"wp","href":"https:\/\/api.w.org\/{rel}","templated":true}]}}