{"id":3462,"date":"2022-05-11T11:31:02","date_gmt":"2022-05-11T10:31:02","guid":{"rendered":"https:\/\/lebronze-distribution.com\/navigateur-en-alliages-lba\/"},"modified":"2026-03-23T13:58:38","modified_gmt":"2026-03-23T13:58:38","slug":"navigateur-en-alliages-lba","status":"publish","type":"page","link":"https:\/\/lebronze-distribution.com\/fr\/navigateur-en-alliages-lba\/","title":{"rendered":"Navigateur d&rsquo;alliages LBA"},"content":{"rendered":"\t\t<div data-elementor-type=\"wp-page\" data-elementor-id=\"3462\" class=\"elementor elementor-3462 elementor-667\" data-elementor-post-type=\"page\">\n\t\t\t\t\t\t<section class=\"elementor-section elementor-top-section elementor-element elementor-element-49388bd elementor-section-boxed elementor-section-height-default elementor-section-height-default\" data-id=\"49388bd\" data-element_type=\"section\" data-e-type=\"section\" data-settings=\"{&quot;jet_parallax_layout_list&quot;:[],&quot;background_background&quot;:&quot;classic&quot;}\">\n\t\t\t\t\t\t\t<div class=\"elementor-background-overlay\"><\/div>\n\t\t\t\t\t\t\t<div class=\"elementor-container elementor-column-gap-default\">\n\t\t\t\t\t<div class=\"elementor-column elementor-col-100 elementor-top-column elementor-element elementor-element-d9448aa\" data-id=\"d9448aa\" data-element_type=\"column\" data-e-type=\"column\">\n\t\t\t<div class=\"elementor-widget-wrap elementor-element-populated\">\n\t\t\t\t\t\t\t<\/div>\n\t\t<\/div>\n\t\t\t\t\t<\/div>\n\t\t<\/section>\n\t\t\t\t<section class=\"elementor-section elementor-top-section elementor-element elementor-element-34a700a elementor-section-boxed elementor-section-height-default elementor-section-height-default\" data-id=\"34a700a\" data-element_type=\"section\" data-e-type=\"section\" data-settings=\"{&quot;jet_parallax_layout_list&quot;:[]}\">\n\t\t\t\t\t\t<div class=\"elementor-container elementor-column-gap-default\">\n\t\t\t\t\t<div class=\"elementor-column elementor-col-100 elementor-top-column elementor-element elementor-element-2da6e64\" data-id=\"2da6e64\" data-element_type=\"column\" data-e-type=\"column\">\n\t\t\t<div class=\"elementor-widget-wrap elementor-element-populated\">\n\t\t\t\t\t\t<div class=\"elementor-element elementor-element-e5dadbd elementor-widget elementor-widget-heading\" data-id=\"e5dadbd\" data-element_type=\"widget\" data-e-type=\"widget\" data-widget_type=\"heading.default\">\n\t\t\t\t<div class=\"elementor-widget-container\">\n\t\t\t\t\t<h2 class=\"elementor-heading-title elementor-size-default\">Bienvenue dans le navigateur d'alliages LBA, une application cr\u00e9\u00e9e pour comparer les mat\u00e9riaux des alliages Lebronze alloys.<\/h2>\t\t\t\t<\/div>\n\t\t\t\t<\/div>\n\t\t\t\t<div class=\"elementor-element elementor-element-35b0692 elementor-widget elementor-widget-text-editor\" data-id=\"35b0692\" data-element_type=\"widget\" data-e-type=\"widget\" data-widget_type=\"text-editor.default\">\n\t\t\t\t<div class=\"elementor-widget-container\">\n\t\t\t\t\t\t\t\t\t<p>Cette application est con\u00e7ue pour comparer et s\u00e9lectionner plus de 100 mat\u00e9riaux en alliages Lebronze alloys et vous permettre de \u00ab\u00a0naviguer\u00a0\u00bb dans notre portefeuille de produits. Avec cette application, vous pouvez :<\/p><ul><li>Rechercher un mat\u00e9riau par norme ou composition<\/li><li>Consultez les fiches techniques de ces mat\u00e9riaux\u00a0<\/li><li>Filtrer et classer nos alliages sur la base de plus de 20 crit\u00e8res techniques diff\u00e9rents.<ul><li>Propri\u00e9t\u00e9s m\u00e9caniques<\/li><li>Propri\u00e9t\u00e9s physiques<\/li><li>Formes et dimensions<\/li><li>Propri\u00e9t\u00e9s de surface<\/li><\/ul><\/li><li>Comparer les donn\u00e9es techniques des mat\u00e9riaux<\/li><li>Cr\u00e9er des tableaux de comparaison<\/li><li>Exporter les r\u00e9sultats de vos comparaisons<\/li><\/ul>\t\t\t\t\t\t\t\t<\/div>\n\t\t\t\t<\/div>\n\t\t\t\t<div class=\"elementor-element elementor-element-71b5236 elementor-widget elementor-widget-video\" data-id=\"71b5236\" data-element_type=\"widget\" data-e-type=\"widget\" data-settings=\"{&quot;youtube_url&quot;:&quot;https:\\\/\\\/www.youtube.com\\\/watch?v=AHM-zKFU0Ts&quot;,&quot;video_type&quot;:&quot;youtube&quot;,&quot;controls&quot;:&quot;yes&quot;}\" data-widget_type=\"video.default\">\n\t\t\t\t<div class=\"elementor-widget-container\">\n\t\t\t\t\t\t\t<div class=\"elementor-wrapper elementor-open-inline\">\n\t\t\t<div class=\"elementor-video\"><\/div>\t\t<\/div>\n\t\t\t\t\t\t<\/div>\n\t\t\t\t<\/div>\n\t\t\t\t<div class=\"elementor-element elementor-element-5fe8d8f elementor-align-center elementor-widget elementor-widget-button\" data-id=\"5fe8d8f\" data-element_type=\"widget\" data-e-type=\"widget\" data-widget_type=\"button.default\">\n\t\t\t\t<div class=\"elementor-widget-container\">\n\t\t\t\t\t\t\t\t\t<div class=\"elementor-button-wrapper\">\n\t\t\t\t\t<a class=\"elementor-button elementor-button-link elementor-size-sm\" href=\"https:\/\/www.lba-materials.com\/#\/\" target=\"_blank\">\n\t\t\t\t\t\t<span class=\"elementor-button-content-wrapper\">\n\t\t\t\t\t\t\t\t\t<span class=\"elementor-button-text\">Acc\u00e9der au Navigateur d\u2019alliages<\/span>\n\t\t\t\t\t<\/span>\n\t\t\t\t\t<\/a>\n\t\t\t\t<\/div>\n\t\t\t\t\t\t\t\t<\/div>\n\t\t\t\t<\/div>\n\t\t\t\t<div class=\"elementor-element elementor-element-6cd10ac elementor-widget elementor-widget-text-editor\" data-id=\"6cd10ac\" data-element_type=\"widget\" data-e-type=\"widget\" data-widget_type=\"text-editor.default\">\n\t\t\t\t<div class=\"elementor-widget-container\">\n\t\t\t\t\t\t\t\t\t<p>Remarque : comme nous utilisons des plages de valeurs pour certaines propri\u00e9t\u00e9s, veuillez noter que le filtre prend en compte la valeur sup\u00e9rieure de ces plages, tandis que les graphiques prennent en compte la valeur inf\u00e9rieure de ces plages.  <\/p>\n<p>Pour plus de d\u00e9tails, <a href=\"https:\/\/lebronze-distribution.com\/fr\/contacter-un-expert\/\">contactez nos experts<\/a>. Nous pouvons personnaliser nos produits pour r\u00e9pondre aux besoins de nos clients.<\/p>\n\t\t\t\t\t\t\t\t<\/div>\n\t\t\t\t<\/div>\n\t\t\t\t\t<\/div>\n\t\t<\/div>\n\t\t\t\t\t<\/div>\n\t\t<\/section>\n\t\t\t\t<\/div>\n\t\t","protected":false},"excerpt":{"rendered":"<p>Bienvenue dans le navigateur d&rsquo;alliages LBA, une application cr\u00e9\u00e9e pour comparer les mat\u00e9riaux des alliages Lebronze alloys. Cette application est con\u00e7ue pour comparer et s\u00e9lectionner plus de 100 mat\u00e9riaux en alliages Lebronze alloys et vous permettre de \u00ab\u00a0naviguer\u00a0\u00bb dans notre portefeuille de produits. Avec cette application, vous pouvez : Rechercher un mat\u00e9riau par norme ou [&hellip;]<\/p>\n","protected":false},"author":1,"featured_media":0,"parent":0,"menu_order":0,"comment_status":"closed","ping_status":"closed","template":"elementor_header_footer","meta":{"_acf_changed":false,"_seopress_robots_primary_cat":"","_seopress_titles_title":"","_seopress_titles_desc":"","_seopress_robots_index":"","footnotes":""},"class_list":["post-3462","page","type-page","status-publish","hentry"],"acf":[],"_links":{"self":[{"href":"https:\/\/lebronze-distribution.com\/fr\/wp-json\/wp\/v2\/pages\/3462","targetHints":{"allow":["GET"]}}],"collection":[{"href":"https:\/\/lebronze-distribution.com\/fr\/wp-json\/wp\/v2\/pages"}],"about":[{"href":"https:\/\/lebronze-distribution.com\/fr\/wp-json\/wp\/v2\/types\/page"}],"author":[{"embeddable":true,"href":"https:\/\/lebronze-distribution.com\/fr\/wp-json\/wp\/v2\/users\/1"}],"replies":[{"embeddable":true,"href":"https:\/\/lebronze-distribution.com\/fr\/wp-json\/wp\/v2\/comments?post=3462"}],"version-history":[{"count":8,"href":"https:\/\/lebronze-distribution.com\/fr\/wp-json\/wp\/v2\/pages\/3462\/revisions"}],"predecessor-version":[{"id":9491,"href":"https:\/\/lebronze-distribution.com\/fr\/wp-json\/wp\/v2\/pages\/3462\/revisions\/9491"}],"wp:attachment":[{"href":"https:\/\/lebronze-distribution.com\/fr\/wp-json\/wp\/v2\/media?parent=3462"}],"curies":[{"name":"wp","href":"https:\/\/api.w.org\/{rel}","templated":true}]}}