{"id":3445,"date":"2022-04-29T11:17:07","date_gmt":"2022-04-29T10:17:07","guid":{"rendered":"https:\/\/lebronze-distribution.com\/blog-technique\/"},"modified":"2026-03-23T13:52:48","modified_gmt":"2026-03-23T13:52:48","slug":"blog-technique","status":"publish","type":"page","link":"https:\/\/lebronze-distribution.com\/fr\/blog-technique\/","title":{"rendered":"Blog technique"},"content":{"rendered":"\t\t<div data-elementor-type=\"wp-page\" data-elementor-id=\"3445\" class=\"elementor elementor-3445 elementor-376\" data-elementor-post-type=\"page\">\n\t\t\t\t\t\t<section class=\"elementor-section elementor-top-section elementor-element elementor-element-b3f2260 elementor-section-boxed elementor-section-height-default elementor-section-height-default\" data-id=\"b3f2260\" data-element_type=\"section\" data-e-type=\"section\" data-settings=\"{&quot;jet_parallax_layout_list&quot;:[],&quot;background_background&quot;:&quot;classic&quot;}\">\n\t\t\t\t\t\t\t<div class=\"elementor-background-overlay\"><\/div>\n\t\t\t\t\t\t\t<div class=\"elementor-container elementor-column-gap-default\">\n\t\t\t\t\t<div class=\"elementor-column elementor-col-100 elementor-top-column elementor-element elementor-element-f2d0e3b\" data-id=\"f2d0e3b\" data-element_type=\"column\" data-e-type=\"column\">\n\t\t\t<div class=\"elementor-widget-wrap elementor-element-populated\">\n\t\t\t\t\t\t<div class=\"elementor-element elementor-element-b47a6ce elementor-widget elementor-widget-heading\" data-id=\"b47a6ce\" data-element_type=\"widget\" data-e-type=\"widget\" data-widget_type=\"heading.default\">\n\t\t\t\t<div class=\"elementor-widget-container\">\n\t\t\t\t\t<h1 class=\"elementor-heading-title elementor-size-default\">Blog technique<\/h1>\t\t\t\t<\/div>\n\t\t\t\t<\/div>\n\t\t\t\t\t<\/div>\n\t\t<\/div>\n\t\t\t\t\t<\/div>\n\t\t<\/section>\n\t\t\t\t<section class=\"elementor-section elementor-top-section elementor-element elementor-element-6966938 elementor-section-boxed elementor-section-height-default elementor-section-height-default\" data-id=\"6966938\" data-element_type=\"section\" data-e-type=\"section\" data-settings=\"{&quot;background_background&quot;:&quot;classic&quot;,&quot;jet_parallax_layout_list&quot;:[]}\">\n\t\t\t\t\t\t<div class=\"elementor-container elementor-column-gap-default\">\n\t\t\t\t\t<div class=\"elementor-column elementor-col-100 elementor-top-column elementor-element elementor-element-bf7f1d2\" data-id=\"bf7f1d2\" data-element_type=\"column\" data-e-type=\"column\">\n\t\t\t<div class=\"elementor-widget-wrap elementor-element-populated\">\n\t\t\t\t\t\t<div class=\"elementor-element elementor-element-6299521 elementor-widget elementor-widget-jet-blog-smart-listing\" data-id=\"6299521\" data-element_type=\"widget\" data-e-type=\"widget\" data-widget_type=\"jet-blog-smart-listing.default\">\n\t\t\t\t<div class=\"elementor-widget-container\">\n\t\t\t\t\t<div class=\"elementor-jet-blog-smart-listing jet-blog\"><div class=\"jet-smart-listing-wrap\" data-settings='{&quot;block_title&quot;:&quot;&quot;,&quot;title_tag&quot;:&quot;h3&quot;,&quot;featured_post&quot;:&quot;&quot;,&quot;featured_position&quot;:null,&quot;featured_width&quot;:null,&quot;featured_layout&quot;:null,&quot;featured_image_size&quot;:null,&quot;featured_image_position&quot;:null,&quot;featured_image_width&quot;:null,&quot;featured_excerpt_length&quot;:null,&quot;featured_excerpt_trimmed_ending&quot;:null,&quot;featured_read_more&quot;:null,&quot;featured_read_more_text&quot;:null,&quot;featured_show_meta&quot;:null,&quot;featured_show_author&quot;:null,&quot;featured_show_author_avatar&quot;:null,&quot;featured_show_author_from&quot;:null,&quot;featured_avatar_custom_field&quot;:null,&quot;featured_avatar_size&quot;:null,&quot;featured_show_author_icon&quot;:null,&quot;selected_featured_show_author_icon&quot;:null,&quot;featured_show_date&quot;:null,&quot;featured_show_date_icon&quot;:null,&quot;selected_featured_show_date_icon&quot;:null,&quot;featured_show_comments&quot;:null,&quot;featured_show_comments_icon&quot;:null,&quot;selected_featured_show_comments_icon&quot;:null,&quot;posts_columns_widescreen&quot;:null,&quot;posts_columns&quot;:1,&quot;posts_columns_laptop&quot;:null,&quot;posts_columns_tablet_extra&quot;:null,&quot;posts_columns_tablet&quot;:null,&quot;posts_columns_mobile_extra&quot;:null,&quot;posts_columns_mobile&quot;:null,&quot;posts_rows_widescreen&quot;:null,&quot;posts_rows&quot;:&quot;6&quot;,&quot;posts_rows_laptop&quot;:null,&quot;posts_rows_tablet_extra&quot;:null,&quot;posts_rows_tablet&quot;:null,&quot;posts_rows_mobile_extra&quot;:null,&quot;posts_rows_mobile&quot;:null,&quot;image_size&quot;:&quot;large&quot;,&quot;image_position&quot;:&quot;top&quot;,&quot;image_width&quot;:null,&quot;excerpt_length&quot;:-1,&quot;excerpt_trimmed_ending&quot;:&quot;...&quot;,&quot;read_more&quot;:&quot;yes&quot;,&quot;read_more_text&quot;:&quot;Read More&quot;,&quot;show_meta&quot;:&quot;yes&quot;,&quot;show_author&quot;:&quot;yes&quot;,&quot;show_author_avatar&quot;:&quot;&quot;,&quot;get_avatar_from&quot;:null,&quot;avatar_custom_field&quot;:null,&quot;avatar_size&quot;:null,&quot;show_author_icon&quot;:null,&quot;selected_show_author_icon&quot;:{&quot;value&quot;:&quot;fas fa-user&quot;,&quot;library&quot;:&quot;fa-solid&quot;},&quot;show_date&quot;:&quot;yes&quot;,&quot;show_date_icon&quot;:null,&quot;selected_show_date_icon&quot;:{&quot;value&quot;:&quot;fas fa-calendar-alt&quot;,&quot;library&quot;:&quot;fa-solid&quot;},&quot;show_comments&quot;:&quot;yes&quot;,&quot;show_comments_icon&quot;:null,&quot;selected_show_comments_icon&quot;:{&quot;value&quot;:&quot;fas fa-comments&quot;,&quot;library&quot;:&quot;fa-solid&quot;},&quot;query_by&quot;:&quot;category&quot;,&quot;category_ids&quot;:[&quot;126&quot;],&quot;post_tag_ids&quot;:null,&quot;include_ids&quot;:null,&quot;exclude_ids&quot;:&quot;&quot;,&quot;custom_query_by&quot;:&quot;all&quot;,&quot;custom_terms_ids&quot;:null,&quot;meta_query&quot;:&quot;&quot;,&quot;meta_key&quot;:null,&quot;meta_value&quot;:null,&quot;show_filter&quot;:&quot;&quot;,&quot;filter_by&quot;:null,&quot;show_all_btn&quot;:null,&quot;all_btn_label&quot;:null,&quot;more_terms_icon&quot;:null,&quot;selected_more_terms_icon&quot;:null,&quot;show_arrows&quot;:&quot;&quot;,&quot;arrow_type&quot;:null,&quot;show_featured_terms&quot;:null,&quot;show_featured_terms_tax&quot;:null,&quot;show_featured_terms_num&quot;:null,&quot;show_terms&quot;:&quot;&quot;,&quot;show_terms_tax&quot;:null,&quot;show_terms_num&quot;:null,&quot;featured_meta_position&quot;:null,&quot;meta_position&quot;:&quot;after&quot;,&quot;show_image&quot;:&quot;yes&quot;,&quot;post_type&quot;:[&quot;post&quot;],&quot;post_ids&quot;:null,&quot;content_related_meta&quot;:null,&quot;show_content_related_meta&quot;:&quot;&quot;,&quot;meta_content_related_position&quot;:null,&quot;title_related_meta&quot;:null,&quot;show_title_related_meta&quot;:&quot;&quot;,&quot;meta_title_related_position&quot;:null,&quot;featured_title_length&quot;:null,&quot;title_length&quot;:0,&quot;add_button_icon&quot;:&quot;&quot;,&quot;button_icon&quot;:null,&quot;selected_button_icon&quot;:null,&quot;post_add_button_icon&quot;:&quot;&quot;,&quot;post_button_icon&quot;:null,&quot;selected_post_button_icon&quot;:null,&quot;use_custom_query&quot;:&quot;&quot;,&quot;custom_query&quot;:null,&quot;posts_offset&quot;:0,&quot;order&quot;:&quot;DESC&quot;,&quot;order_by&quot;:&quot;date&quot;,&quot;is_archive_template&quot;:&quot;&quot;}' data-page=\"1\" data-term=\"0\" data-scroll-top=>\n\t<div class=\"jet-smart-listing__heading\"><span class=\"jet-smart-listing__title-placeholder\"><\/span><\/div>\n\t<div class=\"jet-smart-listing rows-6 no-featured\"><div class=\"jet-smart-listing__posts\">\n\t\t\t\t<div class=\"jet-smart-listing__post-wrapper\">\n\t\t\t\t<div class=\"jet-smart-listing__post has-post-thumb\">\n\t\t\t\t\t\t\t\t\t\t<div class=\"jet-smart-listing__post-thumbnail post-thumbnail-simple\"><a href=\"https:\/\/lebronze-distribution.com\/fr\/comment-remplacer-le-cuivre-beryllium-dans-les-formats-feuillards-et-fils-decouvrez-niclafor-1000-cuni9sn6-c72700\/\"><img fetchpriority=\"high\" decoding=\"async\" width=\"1024\" height=\"683\" src=\"https:\/\/lebronze-distribution.com\/wp-content\/uploads\/2022\/11\/iStock-942186310-1024x683.jpg\" class=\"jet-smart-listing__post-thumbnail-img post-thumbnail-img-simple wp-post-image\" alt=\"Comment remplacer le Cuivre B\u00e9ryllium dans les formats feuillards et fils ? D\u00e9couvrez Niclafor\u00ae 1000 | CuNi9Sn6 | C72700\" srcset=\"https:\/\/lebronze-distribution.com\/wp-content\/uploads\/2022\/11\/iStock-942186310-1024x683.jpg 1024w, https:\/\/lebronze-distribution.com\/wp-content\/uploads\/2022\/11\/iStock-942186310-300x200.jpg 300w, https:\/\/lebronze-distribution.com\/wp-content\/uploads\/2022\/11\/iStock-942186310-768x512.jpg 768w, https:\/\/lebronze-distribution.com\/wp-content\/uploads\/2022\/11\/iStock-942186310-1536x1024.jpg 1536w, https:\/\/lebronze-distribution.com\/wp-content\/uploads\/2022\/11\/iStock-942186310-2048x1365.jpg 2048w, https:\/\/lebronze-distribution.com\/wp-content\/uploads\/2022\/11\/iStock-942186310-600x400.jpg 600w\" sizes=\"(max-width: 1024px) 100vw, 1024px\" \/><\/a><\/div>\t\t\t\t\t<div class=\"jet-smart-listing__post-content\"><div class=\"jet-smart-listing__post-title post-title-simple\"><a href=\"https:\/\/lebronze-distribution.com\/fr\/comment-remplacer-le-cuivre-beryllium-dans-les-formats-feuillards-et-fils-decouvrez-niclafor-1000-cuni9sn6-c72700\/\">Comment remplacer le Cuivre B\u00e9ryllium dans les formats feuillards et fils ? D\u00e9couvrez Niclafor\u00ae 1000 | CuNi9Sn6 | C72700<\/a><\/div><div class=\"jet-smart-listing__meta\"><span class=\"posted-by post-meta__item jet-smart-listing__meta-item\"><span class=\"jet-smart-listing__meta-icon jet-blog-icon\"><i aria-hidden=\"true\" class=\"fas fa-user\"><\/i><\/span><a href=\"https:\/\/lebronze-distribution.com\/fr\/author\/mina-gendy\/\" rel=\"author\">Mina Gendy<\/a><\/span><span class=\"post__date post-meta__item jet-smart-listing__meta-item\"><span class=\"jet-smart-listing__meta-icon jet-blog-icon\"><i aria-hidden=\"true\" class=\"fas fa-calendar-alt\"><\/i><\/span><a href=\"https:\/\/lebronze-distribution.com\/fr\/2022\/11\/09\/\"><time datetime=\"2022-11-09T16:15:50+00:00\" title=\"2022-11-09T16:15:50+00:00\">9 novembre 2022<\/time><\/a><\/span><span class=\"post__comments post-meta__item jet-smart-listing__meta-item\"><span class=\"jet-smart-listing__meta-icon jet-blog-icon\"><i aria-hidden=\"true\" class=\"fas fa-comments\"><\/i><\/span><a href=\"https:\/\/lebronze-distribution.com\/fr\/comment-remplacer-le-cuivre-beryllium-dans-les-formats-feuillards-et-fils-decouvrez-niclafor-1000-cuni9sn6-c72700\/#respond\">0<\/a><\/span><\/div><div class=\"jet-smart-listing__post-excerpt post-excerpt-simple\">Le cuivre au b\u00e9ryllium est un alliage de cuivre contenant 0,5 \u00e0 3 % de b\u00e9ryllium. Il peut \u00e9galement contenir du plomb pour am\u00e9liorer l'usinabilit\u00e9. Les alliages de cuivre au b\u00e9ryllium les plus utilis\u00e9s sont CuBe2 | C17200, CuBe2Pb | C17300 et CuBe1,7 | C17000. Gr\u00e2ce \u00e0 son excellent compromis entre conductivit\u00e9 et propri\u00e9t\u00e9s m\u00e9caniques,<\/div><div class=\"jet-smart-listing__more-wrap\"><a href=\"https:\/\/lebronze-distribution.com\/fr\/comment-remplacer-le-cuivre-beryllium-dans-les-formats-feuillards-et-fils-decouvrez-niclafor-1000-cuni9sn6-c72700\/\" class=\"jet-smart-listing__more simple-more elementor-button elementor-size-md\"><span class=\"jet-smart-listing__more-text\">Read More<\/span><\/a><\/div><\/div>\n\t\t\t\t<\/div>\n\t\t\t<\/div>\n\t\t\t<\/div>\n<\/div>\n\t<\/div>\n<div class=\"jet-smart-listing-loading\"><\/div><\/div>\t\t\t\t<\/div>\n\t\t\t\t<\/div>\n\t\t\t\t\t<\/div>\n\t\t<\/div>\n\t\t\t\t\t<\/div>\n\t\t<\/section>\n\t\t\t\t<\/div>\n\t\t","protected":false},"excerpt":{"rendered":"<p>Blog technique \u5982\u4f55\u66f4\u6362\u5e26\u72b6\u548c\u7ebf\u72b6\u7684\u94cd\u94dc\uff1f \u63a2\u7d22 Niclafor\u00ae 1000| CuNi9Sn6 | C72700Mina Gendy9 November 20220\u94cd\u94dc\u662f\u4e00\u79cd\u542b0.5-3%\u94cd\u7684\u94dc\u5408\u91d1\u3002 \u5b83\u8fd8\u53ef\u4ee5\u5305\u542b\u4e00\u4e9b\u94c5\u4ee5\u6539\u5584\u673a\u68b0\u52a0\u5de5\u6027\u3002 \u6700\u5e38\u7528\u7684\u94cd\u94dc\u5408\u91d1\u662fCuBe2 | C17200\uff0cCuBe2Pb | C17300 \u548c CuBe1,7 | C17000\u3002 \u7531\u4e8e\u5176\u5728\u5bfc\u7535\u6027\u548c\u673a\u68b0\u6027\u80fd\u4e4b\u95f4\u7684\u5de8\u5927\u6298\u8877\uff0c\u5b83\u5df2\u5e7f\u6cdb\u7528\u4e8e\u8f67\u5236\u548c\u7ebf\u6750\u5f62\u5f0f\u3002 \u56e0\u6b64\uff0c\u6211\u4eec\u5728\u5404\u79cd\u5e94\u7528\u4e2d\u7684\u8fde\u63a5\u5668\u3001\u5851\u6599\u6a21\u5177\u3001\u4f4e\u6e29\u90e8\u4ef6\u548c\u4e50\u5668\u4e2d\u53d1\u73b0\u4e86\u8fd9\u79cd\u5408\u91d1\u3002 \u5c3d\u7ba1\u5982\u6b64\uff0c\u94cd\u94dc\u5df2\u88ab\u786e\u5b9a\u662f\u6709\u6bd2\u7684\uff1a\u5438\u5165\u94cd\u9897\u7c92\u4f1a\u5bfc\u81f4\u80ba\u90e8\u75be\u75c5\uff0c\u5e76\u4e14\u4e0d\u7b26\u5408 REACH \u6cd5\u89c4\u3002 \u8fd9\u5c31\u662f\u4e3a\u4ec0\u4e48\u5404\u884c\u5404\u4e1a\u7684\u5236\u9020\u5546\u90fd\u8f6c\u5411\u65e0\u94cd\u66ff\u4ee3\u54c1\u7684\u539f\u56e0\u3002 Lebronze\u5408\u91d1\u6eb6\u6db2\uff1a Niclafor \u00ae 1000 | CuNi9Sn6 | C72700 \u4e3a\u6b64\uff0cLebronze \u5408\u91d1\u5f00\u53d1\u4e86Niclafor \u00ae 1000 |CuNi9Sn6 | C72700 \uff0c\u4e00\u79cd\u4ec5\u7531\u94dc\u3001\u954d\u548c\u9521\u7ec4\u6210\u7684\u65e0\u94c5\u548c\u65e0\u94cd\u65cb\u8282\u7ebf\u5408\u91d1\uff1a\u94cd\u94dc\u7684\u6781\u597d\u66ff\u4ee3\u54c1\u3002 Niclafor \u00ae 1000 |CuNi9Sn6 | C72700\u5177\u6709\u975e\u5e38\u9ad8\u7684\u673a\u68b0\u6027\u80fd\uff0c\u4f8b\u5982\u62c9\u4f38\u5f3a\u5ea6\u548c\u5c48\u670d\u5f3a\u5ea6\u9ad8\u4e8e 1,000 MPa (145 ksi)\uff0c\u53d6\u51b3\u4e8e\u56de\u706b\u72b6\u6001\uff0c\u5373\u4f7f\u5728\u9ad8\u6e29\u4e0b\u4e5f\u662f\u5982\u6b64\u3002 Niclafor [&hellip;]<\/p>\n","protected":false},"author":1,"featured_media":0,"parent":0,"menu_order":0,"comment_status":"open","ping_status":"closed","template":"elementor_header_footer","meta":{"_acf_changed":false,"_seopress_robots_primary_cat":"","_seopress_titles_title":"","_seopress_titles_desc":"","_seopress_robots_index":"","footnotes":""},"class_list":["post-3445","page","type-page","status-publish","hentry"],"acf":[],"_links":{"self":[{"href":"https:\/\/lebronze-distribution.com\/fr\/wp-json\/wp\/v2\/pages\/3445","targetHints":{"allow":["GET"]}}],"collection":[{"href":"https:\/\/lebronze-distribution.com\/fr\/wp-json\/wp\/v2\/pages"}],"about":[{"href":"https:\/\/lebronze-distribution.com\/fr\/wp-json\/wp\/v2\/types\/page"}],"author":[{"embeddable":true,"href":"https:\/\/lebronze-distribution.com\/fr\/wp-json\/wp\/v2\/users\/1"}],"replies":[{"embeddable":true,"href":"https:\/\/lebronze-distribution.com\/fr\/wp-json\/wp\/v2\/comments?post=3445"}],"version-history":[{"count":5,"href":"https:\/\/lebronze-distribution.com\/fr\/wp-json\/wp\/v2\/pages\/3445\/revisions"}],"predecessor-version":[{"id":9468,"href":"https:\/\/lebronze-distribution.com\/fr\/wp-json\/wp\/v2\/pages\/3445\/revisions\/9468"}],"wp:attachment":[{"href":"https:\/\/lebronze-distribution.com\/fr\/wp-json\/wp\/v2\/media?parent=3445"}],"curies":[{"name":"wp","href":"https:\/\/api.w.org\/{rel}","templated":true}]}}