{"id":3404,"date":"2022-03-30T17:43:57","date_gmt":"2022-03-30T16:43:57","guid":{"rendered":"https:\/\/lebronze-distribution.com\/politique-de-confidentialite\/"},"modified":"2025-02-17T13:29:19","modified_gmt":"2025-02-17T13:29:19","slug":"politique-de-confidentialite","status":"publish","type":"page","link":"https:\/\/lebronze-distribution.com\/fr\/politique-de-confidentialite\/","title":{"rendered":"Politique de confidentialit\u00e9"},"content":{"rendered":"\t\t<div data-elementor-type=\"wp-page\" data-elementor-id=\"3404\" class=\"elementor elementor-3404 elementor-3\" data-elementor-post-type=\"page\">\n\t\t\t\t\t\t<section class=\"elementor-section elementor-top-section elementor-element elementor-element-395f2ce elementor-section-boxed elementor-section-height-default elementor-section-height-default\" data-id=\"395f2ce\" data-element_type=\"section\" data-e-type=\"section\" data-settings=\"{&quot;jet_parallax_layout_list&quot;:[]}\">\n\t\t\t\t\t\t<div class=\"elementor-container elementor-column-gap-default\">\n\t\t\t\t\t<div class=\"elementor-column elementor-col-100 elementor-top-column elementor-element elementor-element-403d103\" data-id=\"403d103\" data-element_type=\"column\" data-e-type=\"column\">\n\t\t\t<div class=\"elementor-widget-wrap elementor-element-populated\">\n\t\t\t\t\t\t<div class=\"elementor-element elementor-element-77a89fa elementor-widget elementor-widget-text-editor\" data-id=\"77a89fa\" data-element_type=\"widget\" data-e-type=\"widget\" data-widget_type=\"text-editor.default\">\n\t\t\t\t<div class=\"elementor-widget-container\">\n\t\t\t\t\t\t\t\t\t<h1>POLITIQUE DE CONFIDENTIALIT\u00c9<\/h1>\n<p>POUR www.lebronze-DISTRIBUTION.com<\/p>\n<p>(Derni\u00e8re mise \u00e0 jour octobre 2024)<\/p>\n<p>La pr\u00e9sente politique de confidentialit\u00e9 s&rsquo;applique \u00e0 tous les traitements de donn\u00e9es \u00e0 caract\u00e8re personnel effectu\u00e9s<\/p>\n<p>par LEBRONZE ALLOYS UK et LEBRONZE ALLOYS (France) (ci-apr\u00e8s d\u00e9nomm\u00e9s ensemble le(s) \u00ab\u00a0contr\u00f4leur(s) de donn\u00e9es\u00a0\u00bb),<\/p>\n<p>conform\u00e9ment \u00e0 (i) le r\u00e8glement (UE) 2016\/679 du 27 avril 2016 relatif \u00e0 la protection des personnes physiques \u00e0 l&rsquo;\u00e9gard du traitement des donn\u00e9es \u00e0 caract\u00e8re personnel et \u00e0 la libre circulation de ces donn\u00e9es (\u00a0\u00bb GDPR \u00ab\u00a0), (ii) la loi n\u00b078-17 du 6 janvier 1978 relative \u00e0 l&rsquo;informatique et aux libert\u00e9s, dite loi informatique et libert\u00e9s (telle que modifi\u00e9e par la loi n\u00b02018-493 du 20 juin 2018 relative \u00e0 la protection des donn\u00e9es personnelles), (iii) la loi (britannique) sur la protection des donn\u00e9es de 2018, et par toute loi ult\u00e9rieure.<\/p>\n<p>sous r\u00e9serve des conditions suivantes :<\/p>\n<h2>1. Traitement des donn\u00e9es<\/h2>\n<h3>1.1 Contr\u00f4leur des donn\u00e9es<\/h3>\n<p>Les contr\u00f4leurs conjoints des donn\u00e9es sont :<\/p>\n<p>LEBRONZE ALLOYS UK LIMITED, une soci\u00e9t\u00e9 priv\u00e9e \u00e0 responsabilit\u00e9 limit\u00e9e, constitu\u00e9e selon les lois d&rsquo;Angleterre et du Pays de Galles, enregistr\u00e9e \u00e0 la Companies House sous le num\u00e9ro 016508054, dont le si\u00e8ge social est situ\u00e9 \u00e0 Unit 58 Empire Industrial Park, Aldridge, Walsall, ENGLAND, WS9 8UY, repr\u00e9sent\u00e9e par M. Richard Monckton, Directeur G\u00e9n\u00e9ral,<\/p>\n<p>Et sa soci\u00e9t\u00e9 holding :<\/p>\n<p>LEBRONZE ALLOYS (France), soci\u00e9t\u00e9 par actions simplifi\u00e9e de droit fran\u00e7ais, au capital social de 12 508 759,45 EUR, immatricul\u00e9e au Registre du Commerce et des Soci\u00e9t\u00e9s de Ch\u00e2lons-en-Champagne sous le num\u00e9ro 572 196 129, dont le si\u00e8ge social est situ\u00e9 Voie de Ch\u00e2lons, Route d\u00e9partementale 977, 51600 Suippes (France), repr\u00e9sent\u00e9e par Monsieur Michel Dumont, Pr\u00e9sident,<\/p>\n<p>Les coordonn\u00e9es du contr\u00f4leur des donn\u00e9es sont :<\/p>\n<p>Adresse postale : LEBRONZE ALLOYS, Service RGPD, 8, rue de Hanovre, 75002 PARIS, France,<\/p>\n<p>Adresse \u00e9lectronique : <a href=\"mailto:rgpd@lebronze-alloys.com\">rgpd@lebronze-alloys.com<\/a><\/p>\n<h3>1.2 Objectifs du traitement des donn\u00e9es<\/h3>\n<p>Formulaire de contact \u00ab\u00a0Ventes\u00a0\u00bb : Les donn\u00e9es sont trait\u00e9es afin de r\u00e9pondre aux demandes d&rsquo;information, aux commandes de produits manufactur\u00e9s vendus par LEBRONZE ALLOYS UK et aux offres de vente de produits \u00e0 LEBRONZE ALLOYS UK.<\/p>\n<p>Formulaire de contact \u00ab\u00a0Brochure\u00a0\u00bb : Les donn\u00e9es sont trait\u00e9es afin de r\u00e9pondre aux demandes de brochures sur les produits et\/ou activit\u00e9s du Groupe LEBRONZE ALLOYS.<\/p>\n<p>Marketing direct : Les donn\u00e9es sont trait\u00e9es afin d&rsquo;envoyer des bulletins d&rsquo;information et des informations cibl\u00e9es sur les nouveaux produits, les foires commerciales, etc. susceptibles d&rsquo;int\u00e9resser la personne concern\u00e9e.<\/p>\n<h3>1.3 Base juridique du traitement<\/h3>\n<p>La base juridique du traitement des donn\u00e9es est le consentement de la personne concern\u00e9e.<\/p>\n<h2>2. Donn\u00e9es trait\u00e9es<\/h2>\n<h3>2.1 Cat\u00e9gories de donn\u00e9es<\/h3>\n<p><strong>Formulaire de contact \u00ab\u00a0G\u00e9n\u00e9ral\u00a0\u00bb \/ \u00ab\u00a0Ventes\u00a0\u00bb :<\/strong><\/p>\n<ul>\n<li>Titre (Mme \/ M.)<\/li>\n<li>Nom de famille,<\/li>\n<li>Pr\u00e9nom,<\/li>\n<li>Entreprise,<\/li>\n<li>Num\u00e9ro de t\u00e9l\u00e9phone,<\/li>\n<li>Courriel,<\/li>\n<li>Pays,<\/li>\n<li>Objectif,<\/li>\n<li>Mat\u00e9riau,<\/li>\n<li>Message,<\/li>\n<\/ul>\n<p><strong>Formulaire de contact \u00ab\u00a0Brochure\u00a0\u00bb :<\/strong><\/p>\n<ul>\n<li>Titre (Mme \/ M.)<\/li>\n<li>Nom de famille,<\/li>\n<li>Pr\u00e9nom,<\/li>\n<li>Entreprise,<\/li>\n<li>Poste,<\/li>\n<li>Num\u00e9ro de t\u00e9l\u00e9phone,<\/li>\n<li>Courriel,<\/li>\n<li>Pays,<\/li>\n<\/ul>\n<p><strong>Le marketing direct :<\/strong><\/p>\n<ul>\n<li>Nom de famille,<\/li>\n<li>Pr\u00e9nom,<\/li>\n<li>Entreprise,<\/li>\n<li>Poste,<\/li>\n<li>Num\u00e9ro de t\u00e9l\u00e9phone,<\/li>\n<li>Courriel,<\/li>\n<li>Pays,<\/li>\n<li>Secteur d&rsquo;activit\u00e9,<\/li>\n<\/ul>\n<h3>2.2 Source des donn\u00e9es<\/h3>\n<p>Toutes les donn\u00e9es sont collect\u00e9es directement aupr\u00e8s de la personne concern\u00e9e.<\/p>\n<h3>2.3 Collecte obligatoire de donn\u00e9es<\/h3>\n<p>Toutes les donn\u00e9es sont obligatoires, sauf indication contraire. Les donn\u00e9es obligatoires sont marqu\u00e9es d&rsquo;un ast\u00e9risque et\/ou d&rsquo;un commentaire.<\/p>\n<p>Les formulaires de contact \u00ab\u00a0Ventes\u00a0\u00bb et \u00ab\u00a0Brochure\u00a0\u00bb : Aucune r\u00e9ponse ne sera donn\u00e9e aux demandes d&rsquo;informations ou de brochures ou aux candidatures \u00e0 un emploi si les donn\u00e9es ne sont pas fournies. Si aucune donn\u00e9e n&rsquo;est fournie, la personne concern\u00e9e ne recevra pas de r\u00e9ponse.<\/p>\n<p>Marketing direct : Aucun marketing ne sera envoy\u00e9 si les donn\u00e9es ne sont pas fournies. Si aucune donn\u00e9e n&rsquo;est fournie, la personne concern\u00e9e ne recevra pas de marketing.<\/p>\n<h3>2.4 Prise de d\u00e9cision automatis\u00e9e<\/h3>\n<p>Le traitement des donn\u00e9es n&rsquo;impliquera aucune <a href=\"https:\/\/www.cnil.fr\/fr\/reglement-europeen-protection-donnees\/chapitre3#Article22\">prise de d\u00e9cision automatis\u00e9e<\/a>.<\/p>\n<h2>3. Personnes concern\u00e9es<\/h2>\n<p>Formulaires de contact \u00ab Ventes \u00bb, et \u00ab Brochure \u00bb : Les personnes concern\u00e9es sont les personnes qui demandent des informations ou des brochures via les formulaires de contact disponibles sur le site <a href=\"https:\/\/lebronze-distribution.com\/fr\/\">https:\/\/lebronze-distribution.com\/<\/a> .<\/p>\n<p>Marketing direct : Les personnes concern\u00e9es sont les personnes qui consentent \u00e0 recevoir du marketing via le site Internet <a href=\"https:\/\/lebronze-distribution.com\/fr\/\">https:\/\/lebronze-distribution.com\/<\/a> en cochant la case correspondante dans le formulaire de contact mentionn\u00e9 ci-dessus.<\/p>\n<h2>4. Destinataires des donn\u00e9es<\/h2>\n<h3>4.1 Cat\u00e9gories de b\u00e9n\u00e9ficiaires<\/h3>\n<p><strong>Formulaires de contact \u00ab\u00a0Ventes\u00a0\u00bb et \u00ab\u00a0Brochure\u00a0\u00bb<\/strong>: Tout ou partie des donn\u00e9es peuvent \u00eatre transmises aux employ\u00e9s du Responsable du traitement, notamment ceux travaillant pour ses services commerciaux et marketing, en fonction de leurs besoins.<\/p>\n<p>Marketing direct : Tout ou partie des donn\u00e9es peuvent \u00eatre transmises aux employ\u00e9s du Responsable du traitement, notamment ceux travaillant pour ses services commerciaux et marketing, en fonction de leurs besoins.<\/p>\n<h3>4.2 Transferts de donn\u00e9es en dehors de l&rsquo;UE et de l&rsquo;Angleterre<\/h3>\n<p>Formulaires de contact \u00ab\u00a0Ventes\u00a0\u00bb et \u00ab\u00a0Brochure\u00a0\u00bb : Les donn\u00e9es peuvent \u00eatre transf\u00e9r\u00e9es en dehors de l&rsquo;Union Europ\u00e9enne et de l&rsquo;Angleterre, uniquement aux filiales du Groupe LEBRONZE ALLOYS.<\/p>\n<p>Marketing direct : Les donn\u00e9es peuvent \u00eatre transf\u00e9r\u00e9es en dehors de l&rsquo;Union europ\u00e9enne et de l&rsquo;Angleterre, uniquement aux filiales du groupe LEBRONZE ALLOYS.<\/p>\n<h2>5. Dur\u00e9e de stockage des donn\u00e9es<\/h2>\n<p>Formulaires de contact \u00ab\u00a0Ventes\u00a0\u00bb et \u00ab\u00a0Brochure\u00a0\u00bb : Les donn\u00e9es seront conserv\u00e9es pendant trois (3) ans \u00e0 compter de la date du dernier contact avec LEBRONZE ALLOYS Group ou jusqu&rsquo;\u00e0 ce que la personne concern\u00e9e retire son consentement (en envoyant un e-mail aux coordonn\u00e9es indiqu\u00e9es au point 6.2), sous r\u00e9serve de toute action ult\u00e9rieure (par exemple, contrat sign\u00e9, commande pass\u00e9e, etc.).<\/p>\n<p>Marketing direct : Les donn\u00e9es seront conserv\u00e9es pendant trois (3) ans \u00e0 compter de la date du dernier contact avec le groupe LEBRONZE ALLOYS ou jusqu&rsquo;\u00e0 ce que la personne concern\u00e9e retire son consentement (en envoyant un e-mail aux coordonn\u00e9es indiqu\u00e9es au point 6.2 ou en cliquant sur le lien \u00ab\u00a0d\u00e9sinscription\u00a0\u00bb dans le courrier).<\/p>\n<h2>6. Cookies<\/h2>\n<h3>6.1 D\u00e9finition d&rsquo;un cookie informatique<\/h3>\n<p>Un cookie est un petit fichier stock\u00e9 par un serveur sur le disque dur du terminal de l&rsquo;utilisateur (ordinateur, smartphone, tablette, etc.) et associ\u00e9 au domaine d&rsquo;un site web.<\/p>\n<h3>6.2 Fonction d&rsquo;un cookie informatique<\/h3>\n<p>Les cookies servent de multiples objectifs, tels que :<\/p>\n<ul>\n<li>Conserver le choix exprim\u00e9 par les utilisateurs sur le d\u00e9p\u00f4t de cookies ;<\/li>\n<li>Authentifier un utilisateur aupr\u00e8s d&rsquo;un service ;<\/li>\n<li>Souvenez-vous du contenu d&rsquo;un panier d&rsquo;achat sur un site marchand ;<\/li>\n<li>Personnaliser l&rsquo;interface utilisateur (par exemple, choix de la langue) ;<\/li>\n<li>Mesurer l&rsquo;audience d&rsquo;un site web ;<\/li>\n<li>Afficher des publicit\u00e9s personnalis\u00e9es ou non personnalis\u00e9es ;<\/li>\n<li>Partagez sur les r\u00e9seaux sociaux ;<\/li>\n<\/ul>\n<p>Les cookies n\u00e9cessitent le consentement pr\u00e9alable de l&rsquo;utilisateur, \u00e0 moins qu&rsquo;ils ne soient strictement n\u00e9cessaires \u00e0 la fourniture d&rsquo;un service de communication en ligne express\u00e9ment demand\u00e9 par l&rsquo;utilisateur ou qu&rsquo;ils n&rsquo;aient pour seul objectif de permettre ou de faciliter la communication par voie \u00e9lectronique.<\/p>\n<h3>6.3 Cookies informatiques utilis\u00e9s par LEBRONZE ALLOYS sur le site Web<\/h3>\n<p>Le Groupe LEBRONZE ALLOYS utilise des cookies sur son Site Internet <a href=\"https:\/\/lebronze-distribution.com\/fr\/\">https:\/\/lebronze-distribution.com\/<\/a> , de la mani\u00e8re suivante :<\/p>\n\t\t\t\t\t\t\t\t<\/div>\n\t\t\t\t<\/div>\n\t\t\t\t<div class=\"elementor-element elementor-element-8fa084e elementor-widget elementor-widget-shortcode\" data-id=\"8fa084e\" data-element_type=\"widget\" data-e-type=\"widget\" data-widget_type=\"shortcode.default\">\n\t\t\t\t<div class=\"elementor-widget-container\">\n\t\t\t\t\t\t\t<div class=\"elementor-shortcode\"><table class=\"cookielawinfo-row-cat-table cookielawinfo-classic\"><thead><tr><th class=\"cookielawinfo-column-1\">Cookie<\/th><th class=\"cookielawinfo-column-3\">Dur\u00e9e<\/th><th class=\"cookielawinfo-column-4\">Description<\/th><\/tr><\/thead><tbody><tr class=\"cookielawinfo-row\"><td class=\"cookielawinfo-column-1\">cookielawinfo-checkbox-advertisement<\/td><td class=\"cookielawinfo-column-3\"><\/td><td class=\"cookielawinfo-column-4\">D\u00e9fini par le plugin GDPR Cookie Consent, ce cookie est utilis\u00e9 pour enregistrer le consentement de l'utilisateur pour les cookies de la cat\u00e9gorie \" Publicit\u00e9 \" .<\/td><\/tr><tr class=\"cookielawinfo-row\"><td class=\"cookielawinfo-column-1\">cookielawinfo-checkbox-analytics<\/td><td class=\"cookielawinfo-column-3\"><\/td><td class=\"cookielawinfo-column-4\">Ce cookie est d\u00e9fini par le plugin GDPR Cookie Consent. Ce cookie est utilis\u00e9 pour stocker le consentement de l'utilisateur pour les cookies de la cat\u00e9gorie \"Analytics\".<\/td><\/tr><tr class=\"cookielawinfo-row\"><td class=\"cookielawinfo-column-1\">cookielawinfo-checkbox-fonctionnel<\/td><td class=\"cookielawinfo-column-3\"><\/td><td class=\"cookielawinfo-column-4\">Le cookie est d\u00e9fini par le consentement aux cookies GDPR pour enregistrer le consentement de l'utilisateur pour les cookies de la cat\u00e9gorie \"Fonctionnel\".<\/td><\/tr><tr class=\"cookielawinfo-row\"><td class=\"cookielawinfo-column-1\">cookielawinfo-checkbox-necessary<\/td><td class=\"cookielawinfo-column-3\"><\/td><td class=\"cookielawinfo-column-4\">Ce cookie est d\u00e9fini par le plugin GDPR Cookie Consent. Les cookies sont utilis\u00e9s pour stocker le consentement de l'utilisateur pour les cookies de la cat\u00e9gorie \"N\u00e9cessaire\".<\/td><\/tr><tr class=\"cookielawinfo-row\"><td class=\"cookielawinfo-column-1\">cookielawinfo-checkbox-others<\/td><td class=\"cookielawinfo-column-3\"><\/td><td class=\"cookielawinfo-column-4\">Ce cookie est d\u00e9fini par le plugin GDPR Cookie Consent. Ce cookie est utilis\u00e9 pour stocker le consentement de l'utilisateur pour les cookies de la cat\u00e9gorie \" Autre \".<\/td><\/tr><tr class=\"cookielawinfo-row\"><td class=\"cookielawinfo-column-1\">cookielawinfo-checkbox-performance<\/td><td class=\"cookielawinfo-column-3\"><\/td><td class=\"cookielawinfo-column-4\">Ce cookie est d\u00e9fini par le plugin GDPR Cookie Consent. Ce cookie est utilis\u00e9 pour stocker le consentement de l'utilisateur pour les cookies de la cat\u00e9gorie \"Performance\".<\/td><\/tr><tr class=\"cookielawinfo-row\"><td class=\"cookielawinfo-column-1\">\u00c9l\u00e9menteur<\/td><td class=\"cookielawinfo-column-3\"><\/td><td class=\"cookielawinfo-column-4\">Ce cookie est utilis\u00e9 par le th\u00e8me WordPress du site web. Il permet au propri\u00e9taire du site web de mettre en \u0153uvre ou de modifier le contenu du site en temps r\u00e9el.<\/td><\/tr><tr class=\"cookielawinfo-row\"><td class=\"cookielawinfo-column-1\">Loi sur les cookiesInfoConsentement<\/td><td class=\"cookielawinfo-column-3\"><\/td><td class=\"cookielawinfo-column-4\">Enregistre l'\u00e9tat du bouton par d\u00e9faut de la cat\u00e9gorie correspondante et l'\u00e9tat du CCPA. Il ne fonctionne qu'en coordination avec le cookie primaire.<\/td><\/tr><tr class=\"cookielawinfo-row\"><td class=\"cookielawinfo-column-1\">politique_cookie_visible<\/td><td class=\"cookielawinfo-column-3\"><\/td><td class=\"cookielawinfo-column-4\">Ce cookie est d\u00e9fini par le plugin GDPR Cookie Consent et est utilis\u00e9 pour stocker si l'utilisateur a consenti ou non \u00e0 l'utilisation de cookies. Il ne stocke pas de donn\u00e9es personnelles.<\/td><\/tr><tr class=\"cookielawinfo-row\"><td class=\"cookielawinfo-column-1\">wp-wpml_current_language<\/td><td class=\"cookielawinfo-column-3\"><\/td><td class=\"cookielawinfo-column-4\">Aucune description disponible.<\/td><\/tr><\/tbody><\/table> <\/div>\n\t\t\t\t\t\t<\/div>\n\t\t\t\t<\/div>\n\t\t\t\t\t<\/div>\n\t\t<\/div>\n\t\t\t\t\t<\/div>\n\t\t<\/section>\n\t\t\t\t<section class=\"elementor-section elementor-top-section elementor-element elementor-element-3612ef8e elementor-section-boxed elementor-section-height-default elementor-section-height-default\" data-id=\"3612ef8e\" data-element_type=\"section\" data-e-type=\"section\" data-settings=\"{&quot;jet_parallax_layout_list&quot;:[]}\">\n\t\t\t\t\t\t<div class=\"elementor-container elementor-column-gap-default\">\n\t\t\t\t\t<div class=\"elementor-column elementor-col-100 elementor-top-column elementor-element elementor-element-697172d4\" data-id=\"697172d4\" data-element_type=\"column\" data-e-type=\"column\">\n\t\t\t<div class=\"elementor-widget-wrap elementor-element-populated\">\n\t\t\t\t\t\t<div class=\"elementor-element elementor-element-3227d001 elementor-widget elementor-widget-text-editor\" data-id=\"3227d001\" data-element_type=\"widget\" data-e-type=\"widget\" data-widget_type=\"text-editor.default\">\n\t\t\t\t<div class=\"elementor-widget-container\">\n\t\t\t\t\t\t\t\t\t<h3>6.4 Gestion des cookies informatiques<\/h3>\n<p>Les cookies peuvent \u00eatre g\u00e9r\u00e9s de deux mani\u00e8res :<\/p>\n<ul>\n<li><strong>Dans la \u00ab\u00a0banni\u00e8re des cookies\u00a0\u00bb :<\/strong><\/li>\n<\/ul>\n<p>Lors de la premi\u00e8re connexion de l&rsquo;utilisateur, le Site pr\u00e9sente une \u00a0\u00bb banni\u00e8re Cookies \u00a0\u00bb qui indique les diff\u00e9rents types de cookies que LEBRONZE ALLOYS Group, ou ses partenaires tiers (analyse, vente en ligne, etc.) sont susceptibles d&rsquo;implanter sur le navigateur de l&rsquo;utilisateur, ainsi que les finalit\u00e9s poursuivies et les \u00e9ventuelles sp\u00e9cificit\u00e9s des traitements associ\u00e9s. L&rsquo;utilisateur se voit offrir la possibilit\u00e9 d&rsquo;accepter ou de refuser les cookies appos\u00e9s, dans leur totalit\u00e9 ou type par type.<\/p>\n<ul>\n<li><strong>Dans la configuration du navigateur :<\/strong><\/li>\n<\/ul>\n<p>L&rsquo;utilisateur a la possibilit\u00e9, \u00e0 tout moment, d&rsquo;accepter ou de refuser les cookies appos\u00e9s, dans leur totalit\u00e9 ou type par type, en configurant le navigateur de son ordinateur.<\/p>\n<p>Pour ce faire, la proc\u00e9dure d\u00e9pend du navigateur de l&rsquo;utilisateur :<\/p>\n<ul>\n<li>Internet explorer&nbsp; <a href=\"https:\/\/support.microsoft.com\/fr-fr\/windows\/supprimer-et-g%C3%A9rer-les-cookies-168dab11-0753-043d-7c16-ede5947fc64d\">%C3%<\/a><\/li>\n<li>Safari&nbsp; <a href=\"https:\/\/support.apple.com\/fr-fr\/HT201265\">https:\/\/support.apple.com\/fr-fr\/HT201265<\/a><\/li>\n<li>Chrome <a href=\"https:\/\/policies.google.com\/technologies\/cookies?hl=fr&amp;gl=fr#managing-cookies\">https:\/\/policies.google.com\/technologies\/cookies?hl=fr&amp;gl=fr#managing-cookies<\/a><\/li>\n<li>Firefox&nbsp; <a href=\"https:\/\/support.mozilla.org\/fr\/kb\/protection-renforcee-contre-pistage-firefox-ordinateur?redirectlocale=fr&amp;redirectslug=activer-desactiver-cookies\">https:\/\/support.mozilla.org\/fr\/kb\/protection-renforcee-contre-pistage-firefox-ordinateur?redirectlocale=fr&amp;redirectslug=activer-desactiver-cookies<\/a><\/li>\n<li>Pour les autres navigateurs : veuillez consulter l&rsquo;aide en ligne de ces navigateurs.<\/li>\n<\/ul>\n<h2>7. Droits des personnes concern\u00e9es<\/h2>\n<h3>7.1 Informations sur les droits des personnes concern\u00e9es<\/h3>\n<p>Les personnes concern\u00e9es dont les donn\u00e9es personnelles sont collect\u00e9es ont les droits suivants :<\/p>\n<ul>\n<li>Droit d&rsquo;acc\u00e8s,<\/li>\n<li>Droit de rectification,<\/li>\n<li>Droit \u00e0 l&rsquo;effacement,<\/li>\n<li>Droit \u00e0 la limitation du traitement,<\/li>\n<li>Droit d&rsquo;opposition au traitement,<\/li>\n<li>Droit de retirer le consentement \u00e0 tout moment,<\/li>\n<li>Droit \u00e0 la portabilit\u00e9 des donn\u00e9es.<\/li>\n<\/ul>\n<h3>7.2 Comment exercer ces droits<\/h3>\n<p>Les personnes concern\u00e9es peuvent exercer leurs droits en \u00e9crivant \u00e0 :<\/p>\n<p>ALLIAGES LEBRONZE<br> Service RGPD<br> 8, rue de Hanovre<br> 75002 PARIS<br> France<\/p>\n<p><a href=\"mailto:rgpd@lebronze-alloys.com\">rgpd@lebronze-alloys.com<\/a><\/p>\n<h3>7.3 Plaintes de l&rsquo;autorit\u00e9 de surveillance<\/h3>\n<p>Si la personne concern\u00e9e n&rsquo;est pas satisfaite de la r\u00e9ponse re\u00e7ue du service GDPR de LEBRONZE ALLOYS, elle peut <a href=\"https:\/\/www.cnil.fr\/fr\/webform\/adresser-une-plainte\">d\u00e9poser une plainte aupr\u00e8s de la Commission nationale de l&rsquo;informatique et des libert\u00e9s, la CNIL<\/a>, \u00e0 l&rsquo;adresse <a href=\"https:\/\/www.cnil.fr\/fr\/webform\/adresser-une-plainte\">https:\/\/www.cnil.fr\/fr\/webform\/adresser-une-plainte.<\/a><\/p>\t\t\t\t\t\t\t\t<\/div>\n\t\t\t\t<\/div>\n\t\t\t\t\t<\/div>\n\t\t<\/div>\n\t\t\t\t\t<\/div>\n\t\t<\/section>\n\t\t\t\t<\/div>\n\t\t","protected":false},"excerpt":{"rendered":"<p>POLITIQUE DE CONFIDENTIALIT\u00c9 POUR www.lebronze-DISTRIBUTION.com (Derni\u00e8re mise \u00e0 jour octobre 2024) La pr\u00e9sente politique de confidentialit\u00e9 s&rsquo;applique \u00e0 tous les traitements de donn\u00e9es \u00e0 caract\u00e8re personnel effectu\u00e9s par LEBRONZE ALLOYS UK et LEBRONZE ALLOYS (France) (ci-apr\u00e8s d\u00e9nomm\u00e9s ensemble le(s) \u00ab\u00a0contr\u00f4leur(s) de donn\u00e9es\u00a0\u00bb), conform\u00e9ment \u00e0 (i) le r\u00e8glement (UE) 2016\/679 du 27 avril 2016 relatif \u00e0 [&hellip;]<\/p>\n","protected":false},"author":1,"featured_media":0,"parent":0,"menu_order":0,"comment_status":"closed","ping_status":"open","template":"elementor_header_footer","meta":{"_acf_changed":false,"_seopress_robots_primary_cat":"","_seopress_titles_title":"","_seopress_titles_desc":"","_seopress_robots_index":"","footnotes":""},"class_list":["post-3404","page","type-page","status-publish","hentry"],"acf":[],"_links":{"self":[{"href":"https:\/\/lebronze-distribution.com\/fr\/wp-json\/wp\/v2\/pages\/3404","targetHints":{"allow":["GET"]}}],"collection":[{"href":"https:\/\/lebronze-distribution.com\/fr\/wp-json\/wp\/v2\/pages"}],"about":[{"href":"https:\/\/lebronze-distribution.com\/fr\/wp-json\/wp\/v2\/types\/page"}],"author":[{"embeddable":true,"href":"https:\/\/lebronze-distribution.com\/fr\/wp-json\/wp\/v2\/users\/1"}],"replies":[{"embeddable":true,"href":"https:\/\/lebronze-distribution.com\/fr\/wp-json\/wp\/v2\/comments?post=3404"}],"version-history":[{"count":5,"href":"https:\/\/lebronze-distribution.com\/fr\/wp-json\/wp\/v2\/pages\/3404\/revisions"}],"predecessor-version":[{"id":8236,"href":"https:\/\/lebronze-distribution.com\/fr\/wp-json\/wp\/v2\/pages\/3404\/revisions\/8236"}],"wp:attachment":[{"href":"https:\/\/lebronze-distribution.com\/fr\/wp-json\/wp\/v2\/media?parent=3404"}],"curies":[{"name":"wp","href":"https:\/\/api.w.org\/{rel}","templated":true}]}}