{"id":8856,"date":"2026-02-16T11:32:51","date_gmt":"2026-02-16T11:32:51","guid":{"rendered":"https:\/\/lebronze-distribution.com\/product\/cuprofor-cucop-aleacion-de-alto-rendimiento-c15600-para-resistencia-resistencia-al-desgaste-y-estabilidad-termica\/"},"modified":"2026-02-18T17:33:01","modified_gmt":"2026-02-18T17:33:01","slug":"cuprofor-cucop-c15600","status":"publish","type":"product","link":"https:\/\/lebronze-distribution.com\/es\/producto\/cuprofor-cucop-c15600\/","title":{"rendered":"Cuprofor\u00ae | CuCoP | C15600 Aleaci\u00f3n de alto rendimiento para resistencia, resistencia al desgaste y estabilidad t\u00e9rmica"},"content":{"rendered":"<h2>Propiedades clave de Cuprofor\u00ae | CuCoP | C15600<\/h2>\n<p><strong>Cuprofor\u00ae | CuCoP | C15600<\/strong> es un cobre de baja aleaci\u00f3n dise\u00f1ado para una excelente conductividad el\u00e9ctrica, lo que lo hace ideal para componentes conductores como contactos, terminales y conectores el\u00e9ctricos. Combina una alta resistencia mec\u00e1nica con una alta conductividad, garantizando integridad estructural y capacidad de carga de hasta 500 \u00b0C para aplicaciones el\u00e9ctricas y t\u00e9rmicas exigentes. Adem\u00e1s, Cuprofor\u00ae demuestra una excelente resistencia a la fatiga, lo que garantiza una larga vida \u00fatil en piezas sometidas a ciclos mec\u00e1nicos o t\u00e9rmicos repetidos.<\/p>\n<h2>Aplicaciones de Cuprofor\u00ae | CuCoP | C15600<\/h2>\n<p><strong>Cuprofor\u00ae | CuCoP | C15600<\/strong> se utiliza en disipadores de calor para transistores de potencia, soportes de PCB, contactos el\u00e9ctricos, montajes de contactos y pulsadores, donde la alta conductividad y la resistencia mec\u00e1nica son fundamentales.<br \/>\n<strong>Cuprofor\u00ae | CuCoP | C15600<\/strong> tambi\u00e9n se aplica en piezas conductoras, conexiones y terminales el\u00e9ctricas, intercambiadores de calor, sellos, arandelas, anillos desfasadores y derivaciones, proporcionando un rendimiento confiable bajo estr\u00e9s t\u00e9rmico y mec\u00e1nico.<\/p>\n<p><strong>Electricidad y electr\u00f3nica<\/strong><br \/>\n<strong>Cuprofor\u00ae | CuCoP | C15600<\/strong> se utiliza ampliamente en soportes de circuitos impresos, contactos el\u00e9ctricos, terminales y pulsadores, donde una excelente conductividad, resistencia mec\u00e1nica y resistencia a la fatiga son esenciales.<\/p>\n<p><strong>Gesti\u00f3n de energ\u00eda y t\u00e9rmica<\/strong><br \/>\nSe aplica en disipadores de calor, intercambiadores de calor y conjuntos conductores que requieren un rendimiento estable a temperaturas elevadas y ciclos t\u00e9rmicos repetidos.<\/p>\n<p><strong>Ingenier\u00eda general<\/strong><br \/>\nLa aleaci\u00f3n proporciona un rendimiento duradero en componentes mec\u00e1nicos como arandelas, sellos y anillos desfasadores expuestos a cargas moderadas y estr\u00e9s t\u00e9rmico.<\/p>\n","protected":false},"excerpt":{"rendered":"<p>Cuprofor\u00ae | CuCoP | Aleaci\u00f3n de alto rendimiento C15600 para resistencia, resistencia al desgaste y estabilidad t\u00e9rmica<\/p>\n","protected":false},"featured_media":8843,"comment_status":"open","ping_status":"closed","template":"","meta":{"_acf_changed":false,"_seopress_robots_primary_cat":"none","_seopress_titles_title":"","_seopress_titles_desc":"","_seopress_robots_index":""},"product_brand":[],"product_cat":[598],"product_tag":[601,600,599],"class_list":{"0":"post-8856","1":"product","2":"type-product","3":"status-publish","4":"has-post-thumbnail","6":"product_cat-aleaciones-de-cobre-de-baja-aleacion","7":"product_tag-c15600","8":"product_tag-cucop","9":"product_tag-cuprofor","11":"first","12":"instock","13":"shipping-taxable","14":"product-type-simple"},"acf":[],"_links":{"self":[{"href":"https:\/\/lebronze-distribution.com\/es\/wp-json\/wp\/v2\/product\/8856","targetHints":{"allow":["GET"]}}],"collection":[{"href":"https:\/\/lebronze-distribution.com\/es\/wp-json\/wp\/v2\/product"}],"about":[{"href":"https:\/\/lebronze-distribution.com\/es\/wp-json\/wp\/v2\/types\/product"}],"replies":[{"embeddable":true,"href":"https:\/\/lebronze-distribution.com\/es\/wp-json\/wp\/v2\/comments?post=8856"}],"wp:featuredmedia":[{"embeddable":true,"href":"https:\/\/lebronze-distribution.com\/es\/wp-json\/wp\/v2\/media\/8843"}],"wp:attachment":[{"href":"https:\/\/lebronze-distribution.com\/es\/wp-json\/wp\/v2\/media?parent=8856"}],"wp:term":[{"taxonomy":"product_brand","embeddable":true,"href":"https:\/\/lebronze-distribution.com\/es\/wp-json\/wp\/v2\/product_brand?post=8856"},{"taxonomy":"product_cat","embeddable":true,"href":"https:\/\/lebronze-distribution.com\/es\/wp-json\/wp\/v2\/product_cat?post=8856"},{"taxonomy":"product_tag","embeddable":true,"href":"https:\/\/lebronze-distribution.com\/es\/wp-json\/wp\/v2\/product_tag?post=8856"}],"curies":[{"name":"wp","href":"https:\/\/api.w.org\/{rel}","templated":true}]}}