{"id":7300,"date":"2024-05-17T08:58:31","date_gmt":"2024-05-17T07:58:31","guid":{"rendered":"https:\/\/lebronze-distribution.com\/product\/materiales-aprobados-por-airbus-qpl\/"},"modified":"2025-02-17T13:30:02","modified_gmt":"2025-02-17T13:30:02","slug":"materiales-aprobados-por-airbus-qpl","status":"publish","type":"product","link":"https:\/\/lebronze-distribution.com\/es\/producto\/materiales-aprobados-por-airbus-qpl\/","title":{"rendered":"Materiales aprobados por AIRBUS QPL"},"content":{"rendered":"<h2>Una amplia cartera de materiales aprobados por Airbus QPL<\/h2>\n<p>Lebronze Alloys UK ha sido un socio de distribuci\u00f3n l\u00edder en la industria aeroespacial durante muchos a\u00f1os.<br \/>\nCon materiales aprobados por Airbus QPL en nuestro inventario, ahora estamos respondiendo de manera m\u00e1s efectiva a las necesidades de nuestros clientes. Estos materiales aprobados por Airbus QPL dan testimonio de la confianza depositada en nosotros por uno de los principales contratistas aeroespaciales del mundo.<\/p>\n<p>Para obtener m\u00e1s informaci\u00f3n sobre los materiales aprobados por Airbus QPL, haga clic en el siguiente enlace: <a href=\"https:\/\/info.airbus.com\/en\/aqpl-airbus-qualified-parts-list\" data-cke-saved-href=\"https:\/\/info.airbus.com\/en\/aqpl-airbus-qualified-parts-list\">https:\/\/info.airbus.com\/en\/aqpl-airbus-qualified-parts-list<\/a><\/p>\n<h2>Herramienta de b\u00fasqueda de Lebronze Alloys Group para materiales QPL de Airbus<\/h2>\n<p>Adem\u00e1s de la distribuci\u00f3n de materiales aprobados por Airbus QPL, Lebronze Alloys Group ha creado su propia herramienta de b\u00fasqueda de materiales Airbus QPL.<\/p>\n<p>Esta herramienta de b\u00fasqueda fue dise\u00f1ada para ayudarlo e informarle si su certificado de material de aleaciones Lebronze espec\u00edfico est\u00e1 aprobado por Airbus QPL o no.<\/p>\n<p>Haga clic en el siguiente enlace para acceder a la herramienta de b\u00fasqueda de Lebronze Alloys: <a href=\"https:\/\/www.lebronze-alloys.com\/en\/airbus-qpl\/\">https:\/\/www.lebronze-alloys.com\/es\/airbus-qpl\/<\/a><\/p>\n<h2>Materiales almacenados aprobados por Airbus QPL<\/h2>\n\n<table id=\"tablepress-8\" class=\"tablepress tablepress-id-8 tbody-has-connected-cells\">\n<tbody class=\"row-striping row-hover\">\n<tr class=\"row-1\">\n\t<td colspan=\"2\" class=\"column-1\"><strong>AIRBUS QPL APPROVED MATERIALS<\/td>\n<\/tr>\n<tr class=\"row-2\">\n\t<td class=\"column-1\"><strong>Materials<\/td><td class=\"column-2\"><strong>Dimensions<\/td>\n<\/tr>\n<tr class=\"row-3\">\n\t<td class=\"column-1\">ABS 5152<\/td><td class=\"column-2\">50 \u2264 OD \u2264 200 mm \/ 1,97 \u2264 OD \u2264 7,87\"<br \/>\n7 \u2264 thickness \u2264 30 mm \/ 0,28 \u2264 thickness \u2264 1,18\"<\/td>\n<\/tr>\n<tr class=\"row-4\">\n\t<td class=\"column-1\">ABS 5849<\/td><td class=\"column-2\">15 \u2264 \u2300 \u2264 18 mm<br \/>\n0,59 \u2264 \u2300 \u2264 0,71\"<\/td>\n<\/tr>\n<tr class=\"row-5\">\n\t<td class=\"column-1\">ASNA 3315<\/td><td class=\"column-2\">20 x 50 mm \/ 25 x 50 mm<br \/>\n0,79 x 1,97\" \/ 0,98 x 1x97\"<\/td>\n<\/tr>\n<tr class=\"row-6\">\n\t<td class=\"column-1\">ASNA 3406<\/td><td class=\"column-2\">15 \u2264 \u2300 \u2264 275 mm<br \/>\n0,59 \u2264 \u2300 \u2264 10,82\"<\/td>\n<\/tr>\n<tr class=\"row-7\">\n\t<td class=\"column-1\">ASNA 6127<\/td><td class=\"column-2\">15 \u2264 \u2300 \u2264 140 mm<br \/>\n0,59 \u2264 \u2300 \u2264 5,51\"<\/td>\n<\/tr>\n<tr class=\"row-8\">\n\t<td class=\"column-1\">LN 9468<\/td><td class=\"column-2\">16 \u2264 \u2300 \u2264 80 mm<br \/>\n0,63 \u2264 \u2300 \u2264 3,15\"<\/td>\n<\/tr>\n<tr class=\"row-9\">\n\t<td class=\"column-1\">BS B23<\/td><td class=\"column-2\">16 \u2264 \u2300 \u2264 250 mm<br \/>\n0,63 \u2264 \u2300 \u2264 9,84\"<\/td>\n<\/tr>\n<tr class=\"row-10\">\n\t<td class=\"column-1\">DTD 197A<\/td><td class=\"column-2\">15,875 \u2264 \u2300 \u2264 101,6 mm<br \/>\n0,625 \u2264 \u2300 \u2264 4\"<\/td>\n<\/tr>\n<\/tbody>\n<\/table>\n<!-- #tablepress-8 from cache -->\n","protected":false},"excerpt":{"rendered":"<p>Una amplia cartera de materiales aprobados por Airbus QPL Lebronze Alloys UK ha sido un socio de distribuci\u00f3n l\u00edder en la industria aeroespacial durante muchos a\u00f1os. Con materiales aprobados por Airbus QPL en nuestro inventario, ahora estamos respondiendo de manera m\u00e1s efectiva a las necesidades de nuestros clientes. Estos materiales aprobados por Airbus QPL dan [&hellip;]<\/p>\n","protected":false},"featured_media":7256,"comment_status":"open","ping_status":"closed","template":"","meta":{"_acf_changed":false,"_seopress_robots_primary_cat":"none","_seopress_titles_title":"","_seopress_titles_desc":"","_seopress_robots_index":""},"product_brand":[],"product_cat":[578],"product_tag":[],"class_list":{"0":"post-7300","1":"product","2":"type-product","3":"status-publish","4":"has-post-thumbnail","6":"product_cat-materiales-aprobados-por-airbus-qpl","8":"first","9":"instock","10":"shipping-taxable","11":"product-type-simple"},"acf":[],"_links":{"self":[{"href":"https:\/\/lebronze-distribution.com\/es\/wp-json\/wp\/v2\/product\/7300","targetHints":{"allow":["GET"]}}],"collection":[{"href":"https:\/\/lebronze-distribution.com\/es\/wp-json\/wp\/v2\/product"}],"about":[{"href":"https:\/\/lebronze-distribution.com\/es\/wp-json\/wp\/v2\/types\/product"}],"replies":[{"embeddable":true,"href":"https:\/\/lebronze-distribution.com\/es\/wp-json\/wp\/v2\/comments?post=7300"}],"wp:featuredmedia":[{"embeddable":true,"href":"https:\/\/lebronze-distribution.com\/es\/wp-json\/wp\/v2\/media\/7256"}],"wp:attachment":[{"href":"https:\/\/lebronze-distribution.com\/es\/wp-json\/wp\/v2\/media?parent=7300"}],"wp:term":[{"taxonomy":"product_brand","embeddable":true,"href":"https:\/\/lebronze-distribution.com\/es\/wp-json\/wp\/v2\/product_brand?post=7300"},{"taxonomy":"product_cat","embeddable":true,"href":"https:\/\/lebronze-distribution.com\/es\/wp-json\/wp\/v2\/product_cat?post=7300"},{"taxonomy":"product_tag","embeddable":true,"href":"https:\/\/lebronze-distribution.com\/es\/wp-json\/wp\/v2\/product_tag?post=7300"}],"curies":[{"name":"wp","href":"https:\/\/api.w.org\/{rel}","templated":true}]}}