{"id":6803,"date":"2024-02-29T10:04:31","date_gmt":"2024-02-29T10:04:31","guid":{"rendered":"https:\/\/lebronze-distribution.com\/?post_type=product&#038;p=6803"},"modified":"2025-02-17T13:30:02","modified_gmt":"2025-02-17T13:30:02","slug":"ns6-cuni3si-c18000-aleacion-de-cobre-niquel-y-silicio-de-altas-propiedades-mecanicas","status":"publish","type":"product","link":"https:\/\/lebronze-distribution.com\/es\/producto\/ns6-cuni3si-c18000-aleacion-de-cobre-niquel-y-silicio-de-altas-propiedades-mecanicas\/","title":{"rendered":"NS6 | CuNi3Si | C18000 | Aleaci\u00f3n de cobre, n\u00edquel y silicio de altas propiedades mec\u00e1nicas."},"content":{"rendered":"<h2>NS6 | CuNi3Si | Propiedades clave de C18000<\/h2>\n<p><strong>NS6 | CuNi3Si | C18000<\/strong> es una aleaci\u00f3n forjada de cobre, n\u00edquel y silicio CuNi3Si con endurecimiento estructural.<\/p>\n<p><strong>NS6 | CuNi3Si | C18000<\/strong> exhibe altas propiedades mec\u00e1nicas, as\u00ed como propiedades el\u00e9ctricas y t\u00e9rmicas adecuadas.<\/p>\n<p><strong>NS6 | CuNi3Si | C18000<\/strong> tambi\u00e9n tiene buenas propiedades antifricci\u00f3n y es adecuado para soldadura fuerte.<\/p>\n<h2>NS6 | CuNi3Si | Aplicaciones clave del C18000<\/h2>\n<p><strong>NS6 | CuNi3Si | C18000<\/strong> se utiliza para:<\/p>\n<ul>\n<li>Puntas de \u00e9mbolo para m\u00e1quinas de fundici\u00f3n a presi\u00f3n<\/li>\n<li>Piezas para soldadura por resistencia.<\/li>\n<li>Inserto para moldes de inyecci\u00f3n de pl\u00e1stico.<\/li>\n<\/ul>\n","protected":false},"excerpt":{"rendered":"<p>NS6 | CuNi3Si | Propiedades clave de C18000 NS6 | CuNi3Si | C18000 es una aleaci\u00f3n forjada de cobre, n\u00edquel y silicio CuNi3Si con endurecimiento estructural. NS6 | CuNi3Si | C18000 exhibe altas propiedades mec\u00e1nicas, as\u00ed como propiedades el\u00e9ctricas y t\u00e9rmicas adecuadas. NS6 | CuNi3Si | C18000 tambi\u00e9n tiene buenas propiedades antifricci\u00f3n y es adecuado [&hellip;]<\/p>\n","protected":false},"featured_media":8086,"comment_status":"open","ping_status":"closed","template":"","meta":{"_acf_changed":false,"_seopress_robots_primary_cat":"none","_seopress_titles_title":"","_seopress_titles_desc":"","_seopress_robots_index":""},"product_brand":[],"product_cat":[574],"product_tag":[],"class_list":{"0":"post-6803","1":"product","2":"type-product","3":"status-publish","4":"has-post-thumbnail","6":"product_cat-cobre-niquel-aleaciones-de-silicio","8":"first","9":"instock","10":"shipping-taxable","11":"product-type-simple"},"acf":[],"_links":{"self":[{"href":"https:\/\/lebronze-distribution.com\/es\/wp-json\/wp\/v2\/product\/6803","targetHints":{"allow":["GET"]}}],"collection":[{"href":"https:\/\/lebronze-distribution.com\/es\/wp-json\/wp\/v2\/product"}],"about":[{"href":"https:\/\/lebronze-distribution.com\/es\/wp-json\/wp\/v2\/types\/product"}],"replies":[{"embeddable":true,"href":"https:\/\/lebronze-distribution.com\/es\/wp-json\/wp\/v2\/comments?post=6803"}],"wp:featuredmedia":[{"embeddable":true,"href":"https:\/\/lebronze-distribution.com\/es\/wp-json\/wp\/v2\/media\/8086"}],"wp:attachment":[{"href":"https:\/\/lebronze-distribution.com\/es\/wp-json\/wp\/v2\/media?parent=6803"}],"wp:term":[{"taxonomy":"product_brand","embeddable":true,"href":"https:\/\/lebronze-distribution.com\/es\/wp-json\/wp\/v2\/product_brand?post=6803"},{"taxonomy":"product_cat","embeddable":true,"href":"https:\/\/lebronze-distribution.com\/es\/wp-json\/wp\/v2\/product_cat?post=6803"},{"taxonomy":"product_tag","embeddable":true,"href":"https:\/\/lebronze-distribution.com\/es\/wp-json\/wp\/v2\/product_tag?post=6803"}],"curies":[{"name":"wp","href":"https:\/\/api.w.org\/{rel}","templated":true}]}}