{"id":6717,"date":"2024-02-28T17:05:20","date_gmt":"2024-02-28T17:05:20","guid":{"rendered":"https:\/\/lebronze-distribution.com\/product\/ns5-cuni2si-cuni3si-cw111c-aleaciones-de-cobre-niquel-y-silicio-de-alta-resistencia\/"},"modified":"2025-02-17T13:30:09","modified_gmt":"2025-02-17T13:30:09","slug":"ns5-cuni2si-cuni3si-cw111c-aleaciones-de-cobre-niquel-y-silicio-de-alta-resistencia","status":"publish","type":"product","link":"https:\/\/lebronze-distribution.com\/es\/producto\/ns5-cuni2si-cuni3si-cw111c-aleaciones-de-cobre-niquel-y-silicio-de-alta-resistencia\/","title":{"rendered":"NS5 | CuNi2Si | CW111C | 2.0855 | DTD 498 | Aleaci\u00f3n de cobre, n\u00edquel y silicio de alta resistencia"},"content":{"rendered":"<h2>Propiedades clave NS5 | CuNi2Si | CW111C | 2.0855 | DTD 498<\/h2>\n<p><strong>NS5 | CuNi2Si | CW111C | 2.0855 | DTD 498<\/strong> es una aleaci\u00f3n de n\u00edquel silicio y cobre forjado de endurecimiento por envejecimiento CuNi2Si.<\/p>\n<p><strong>NS5 | CuNi2Si | CW111C | 2.0855 | DTD 498<\/strong> est\u00e1 dise\u00f1ado para aplicaciones de alta resistencia.<\/p>\n<p><strong>NS5 | CuNi2Si | CW111C | 2.0855 | DTD 498<\/strong> presenta buenas propiedades el\u00e9ctricas y t\u00e9rmicas, as\u00ed como propiedades antifricci\u00f3n adecuadas.<\/p>\n<p><strong>NS5 | CuNi2Si | CW111C | 2.0855 | DTD 498<\/strong> resiste el desgaste mec\u00e1nico, el agarrotamiento y es resistente a la corrosi\u00f3n marina.<\/p>\n<p>Finalmente, <strong>NS5 | CuNi2Si | CW111C | 2.0855 | DTD 498<\/strong><strong> <\/strong>Tiene una baja permeabilidad magn\u00e9tica y un excelente comportamiento antiincrustante.<\/p>\n<h2>Aplicaciones clave NS5 | CuNi2Si | CW111C | 2.0855 | DTD 498<\/h2>\n<p><strong>Aeroespacial<\/strong><\/p>\n<p><strong>NS5 | CuNi2Si | CW111C | 2.0855 | DTD 498<\/strong> es muy adecuado para la industria aeroespacial y se puede utilizar para jaulas de rodamientos, anillos de cortocircuito, rotores y anillos antifricci\u00f3n.<\/p>\n<p><strong>Autom\u00f3viles<\/strong><\/p>\n<p><strong>NS5 | CuNi2Si | CW111C | 2.0855 | DTD 498<\/strong> se puede encontrar en la industria automotriz como inserto para moldes de inyecci\u00f3n de pl\u00e1stico.<\/p>\n<p><strong>Petr\u00f3leo y gas<\/strong><\/p>\n<p>Gracias a su excelente resistencia al desgaste de metal con metal y al rendimiento termodin\u00e1mico, <strong>NS5 | CuNi2Si | CW111C | 2.0855 | DTD 498<\/strong> es una aleaci\u00f3n preferida para la industria del petr\u00f3leo y el gas.<\/p>\n<p>De hecho, <strong>NS5 | CuNi2Si | CW111C | 2.0855 | DTD 498<\/strong><strong> <\/strong>Se utiliza para aplicaciones tales como anillos de cortocircuito de transmisiones superiores, cu\u00f1as de rotor, cojinetes y bujes, sellos mec\u00e1nicos y muchos m\u00e1s.<\/p>\n","protected":false},"excerpt":{"rendered":"<p>Propiedades clave NS5 | CuNi2Si | CW111C | 2.0855 | DTD 498 NS5 | CuNi2Si | CW111C | 2.0855 | DTD 498 es una aleaci\u00f3n de n\u00edquel silicio y cobre forjado de endurecimiento por envejecimiento CuNi2Si. NS5 | CuNi2Si | CW111C | 2.0855 | DTD 498 est\u00e1 dise\u00f1ado para aplicaciones de alta resistencia. NS5 | [&hellip;]<\/p>\n","protected":false},"featured_media":8086,"comment_status":"open","ping_status":"closed","template":"","meta":{"_acf_changed":false,"_seopress_robots_primary_cat":"none","_seopress_titles_title":"","_seopress_titles_desc":"","_seopress_robots_index":""},"product_brand":[],"product_cat":[574],"product_tag":[],"class_list":{"0":"post-6717","1":"product","2":"type-product","3":"status-publish","4":"has-post-thumbnail","6":"product_cat-cobre-niquel-aleaciones-de-silicio","8":"first","9":"instock","10":"shipping-taxable","11":"product-type-simple"},"acf":[],"_links":{"self":[{"href":"https:\/\/lebronze-distribution.com\/es\/wp-json\/wp\/v2\/product\/6717","targetHints":{"allow":["GET"]}}],"collection":[{"href":"https:\/\/lebronze-distribution.com\/es\/wp-json\/wp\/v2\/product"}],"about":[{"href":"https:\/\/lebronze-distribution.com\/es\/wp-json\/wp\/v2\/types\/product"}],"replies":[{"embeddable":true,"href":"https:\/\/lebronze-distribution.com\/es\/wp-json\/wp\/v2\/comments?post=6717"}],"wp:featuredmedia":[{"embeddable":true,"href":"https:\/\/lebronze-distribution.com\/es\/wp-json\/wp\/v2\/media\/8086"}],"wp:attachment":[{"href":"https:\/\/lebronze-distribution.com\/es\/wp-json\/wp\/v2\/media?parent=6717"}],"wp:term":[{"taxonomy":"product_brand","embeddable":true,"href":"https:\/\/lebronze-distribution.com\/es\/wp-json\/wp\/v2\/product_brand?post=6717"},{"taxonomy":"product_cat","embeddable":true,"href":"https:\/\/lebronze-distribution.com\/es\/wp-json\/wp\/v2\/product_cat?post=6717"},{"taxonomy":"product_tag","embeddable":true,"href":"https:\/\/lebronze-distribution.com\/es\/wp-json\/wp\/v2\/product_tag?post=6717"}],"curies":[{"name":"wp","href":"https:\/\/api.w.org\/{rel}","templated":true}]}}