{"id":6709,"date":"2024-02-28T14:48:05","date_gmt":"2024-02-28T14:48:05","guid":{"rendered":"https:\/\/lebronze-distribution.com\/product\/ns30-cuni7si2cr1-alta-conductividad-termica-y-aleacion-de-alta-resistencia\/"},"modified":"2025-02-17T13:30:10","modified_gmt":"2025-02-17T13:30:10","slug":"ns30-cuni7si2cr1-alta-conductividad-termica-y-aleacion-de-alta-resistencia","status":"publish","type":"product","link":"https:\/\/lebronze-distribution.com\/es\/producto\/ns30-cuni7si2cr1-alta-conductividad-termica-y-aleacion-de-alta-resistencia\/","title":{"rendered":"NS30 | CuNi7Si2Cr1 | Aleaci\u00f3n de cobre, n\u00edquel y silicio de alta conductividad t\u00e9rmica y alta resistencia"},"content":{"rendered":"<h2><strong>NS30 | Propiedades clave de CuNi7Si2Cr1<\/strong><\/h2>\n<p><strong>NS30 | CuNi7Si2Cr1<\/strong> es una aleaci\u00f3n de n\u00edquel-silicio de cobre forjado CuNi7Si2Cr1 dise\u00f1ada para aplicaciones que requieren una combinaci\u00f3n de alta disipaci\u00f3n t\u00e9rmica, alta resistencia, resistencia a los golpes y resistencia a la corrosi\u00f3n.<\/p>\n<p><strong>NS30 | CuNi7Si2Cr1<\/strong> exhibe propiedades f\u00edsicas y mec\u00e1nicas excepcionales.<\/p>\n<p><strong>NS30 | CuNi7Si2Cr1<\/strong> es excepcionalmente resistente al desgaste, excoriaci\u00f3n y ablandamiento de metal con metal.<\/p>\n<p><strong>NS30 | CuNi7Si2Cr1<\/strong> garantiza una vida \u00fatil m\u00e1s larga y menos aver\u00edas, optimizando as\u00ed el coste total de propiedad (TCO).<\/p>\n<p><strong>NS30 | CuNi7Si2Cr1<\/strong> se mecaniza f\u00e1cilmente para formar componentes complejos y, al mismo tiempo <strong>, es respetuoso con el medio ambiente<\/strong> <strong>y no contiene berilio ni plomo.<\/strong><\/p>\n<p><strong>NS30 | CuNi7Si2Cr1 es<\/strong> <strong>un sustituto ideal del CuBe2 Berilio Cobre<\/strong> y cumple con las normativas REACH y RoHS.<\/p>\n<h2><strong>NS30 | Aplicaciones de CuNi7Si2Cr1<\/strong><\/h2>\n<h3><strong>Autom\u00f3viles<\/strong><\/h3>\n<p><strong>NS30 | CuNi7Si2Cr1<\/strong> mejora el rendimiento del motor al minimizar el volumen de las grietas y la distorsi\u00f3n de la cabeza, reducir la temperatura del puente de escape, reducir la masa del pist\u00f3n y regular la temperatura general.<\/p>\n<p>Adem\u00e1s, <strong>NS30 | CuNi7Si2Cr1<\/strong> disminuye el efecto de detonaci\u00f3n y optimiza el avance de la chispa para mejorar la eficiencia del motor.<\/p>\n<p>En autom\u00f3viles de turismo que ahorran combustible y CO2, <strong>el NS30 | CuNi7Si2Cr1<\/strong> encuentra aplicaciones en asientos de v\u00e1lvulas, gu\u00edas de v\u00e1lvulas, revestimientos, cojinetes y bujes.<\/p>\n<p>De manera similar, <strong>NS30 | CuNi7Si2Cr1<\/strong> se utiliza en coches de carreras para los componentes del tren de v\u00e1lvulas con el fin de mejorar el rendimiento.<\/p>\n<p><strong>Herramientas de inyecci\u00f3n<\/strong><\/p>\n<p><strong>NS30 | CuNi7Si2Cr1<\/strong> se destaca como una excelente opci\u00f3n para aplicaciones de herramientas debido a sus excepcionales propiedades t\u00e9rmicas y mec\u00e1nicas.<\/p>\n<p>Es ideal para su uso en insertos de moldes para moldeo por inyecci\u00f3n, moldeo por inyecci\u00f3n y extrusi\u00f3n-soplado, as\u00ed como en componentes de inyecci\u00f3n como boquillas y colectores para sistemas de canal caliente.<\/p>\n<p><strong>Soldadura<\/strong><\/p>\n<p><strong>NS30 | CuNi7Si2Cr1<\/strong> est\u00e1 dise\u00f1ado espec\u00edficamente para aplicaciones de soldadura exigentes, incluidos v\u00e1stagos y ruedas de soldadura altamente estresados, as\u00ed como puntas de \u00e9mbolo y pistones de fundici\u00f3n a presi\u00f3n de alta presi\u00f3n.<\/p>\n","protected":false},"excerpt":{"rendered":"<h2 style=\"text-align: left;\">Formas y tama\u00f1os disponibles<\/h2>\n<ul>\n<li style=\"text-align: left;\">Barras: 0,50&#8243; (12,7 mm)&lt; \u00d8 \u2264 5&#8243; (127 mm)<\/li>\n<\/ul>\n","protected":false},"featured_media":8086,"comment_status":"open","ping_status":"closed","template":"","meta":{"_acf_changed":false,"_seopress_robots_primary_cat":"none","_seopress_titles_title":"","_seopress_titles_desc":"","_seopress_robots_index":""},"product_brand":[],"product_cat":[574],"product_tag":[],"class_list":{"0":"post-6709","1":"product","2":"type-product","3":"status-publish","4":"has-post-thumbnail","6":"product_cat-cobre-niquel-aleaciones-de-silicio","8":"first","9":"instock","10":"shipping-taxable","11":"product-type-simple"},"acf":[],"_links":{"self":[{"href":"https:\/\/lebronze-distribution.com\/es\/wp-json\/wp\/v2\/product\/6709","targetHints":{"allow":["GET"]}}],"collection":[{"href":"https:\/\/lebronze-distribution.com\/es\/wp-json\/wp\/v2\/product"}],"about":[{"href":"https:\/\/lebronze-distribution.com\/es\/wp-json\/wp\/v2\/types\/product"}],"replies":[{"embeddable":true,"href":"https:\/\/lebronze-distribution.com\/es\/wp-json\/wp\/v2\/comments?post=6709"}],"wp:featuredmedia":[{"embeddable":true,"href":"https:\/\/lebronze-distribution.com\/es\/wp-json\/wp\/v2\/media\/8086"}],"wp:attachment":[{"href":"https:\/\/lebronze-distribution.com\/es\/wp-json\/wp\/v2\/media?parent=6709"}],"wp:term":[{"taxonomy":"product_brand","embeddable":true,"href":"https:\/\/lebronze-distribution.com\/es\/wp-json\/wp\/v2\/product_brand?post=6709"},{"taxonomy":"product_cat","embeddable":true,"href":"https:\/\/lebronze-distribution.com\/es\/wp-json\/wp\/v2\/product_cat?post=6709"},{"taxonomy":"product_tag","embeddable":true,"href":"https:\/\/lebronze-distribution.com\/es\/wp-json\/wp\/v2\/product_tag?post=6709"}],"curies":[{"name":"wp","href":"https:\/\/api.w.org\/{rel}","templated":true}]}}