{"id":6182,"date":"2023-10-30T10:20:21","date_gmt":"2023-10-30T10:20:21","guid":{"rendered":"https:\/\/lebronze-distribution.com\/product\/perfiles-complejos-de-cobre-y-aleaciones-de-cobre\/"},"modified":"2025-02-17T13:30:09","modified_gmt":"2025-02-17T13:30:09","slug":"perfiles-complejos-de-cobre-y-aleaciones-de-cobre","status":"publish","type":"product","link":"https:\/\/lebronze-distribution.com\/es\/producto\/perfiles-complejos-de-cobre-y-aleaciones-de-cobre\/","title":{"rendered":"Perfiles complejos de cobre y aleaciones de cobre."},"content":{"rendered":"<h3>Desde hace d\u00e9cadas, Lebronze Alloys es un referente en el dise\u00f1o y fabricaci\u00f3n de varillas y alambres <strong>con perfiles especiales para mecanizado, estampaci\u00f3n en fr\u00edo y conformado en fr\u00edo<\/strong> .<\/h3>\n<p>Suministramos perfiles est\u00e1ndar (redondos, cuadrados, hexagonales, etc.), as\u00ed como perfiles con formas complejas y asim\u00e9tricas.<\/p>\n<p>Nuestros procesos de fabricaci\u00f3n de perfiles est\u00e1n totalmente integrados e incluyen fundici\u00f3n, utillaje, extrusi\u00f3n, estirado en fr\u00edo y tratamientos t\u00e9rmicos.<\/p>\n<h2><strong>Departamento de herramientas dedicado<\/strong><\/h2>\n<p>Nuestra planta de Lebronze Alloys Germany GmbH est\u00e1 especializada en la producci\u00f3n de perfiles complejos. De hecho, nuestra f\u00e1brica est\u00e1 equipada con un departamento dedicado que se encarga del dise\u00f1o, la ingenier\u00eda y la fabricaci\u00f3n de herramientas que se utilizan en todas las etapas de producci\u00f3n.<\/p>\n<h2><strong>Extrusi\u00f3n casi en forma<\/strong><\/h2>\n<p>Una de nuestras especialidades es <strong>la extrusi\u00f3n de preperfiles<\/strong> . Gracias a este trabajo previo nos acercamos a la forma final deseada desde la fase de conformado en caliente.<\/p>\n<p>Es m\u00e1s eficiente y rentable producir productos semiacabados casi en forma. Dado que el perfil se acerca m\u00e1s a la forma final deseada desde el primer paso de producci\u00f3n, se utiliza menos material y se fabrican menos restos, lo que tambi\u00e9n es m\u00e1s ecol\u00f3gico.<\/p>\n<p>Tras la extrusi\u00f3n, nuestros perfiles ser\u00e1n sometidos a una trefilaci\u00f3n en fr\u00edo y a los tratamientos t\u00e9rmicos adecuados para obtener las propiedades mec\u00e1nicas requeridas.<\/p>\n<h2><strong>Nuestras aleaciones para perfiles especiales<\/strong><\/h2>\n<p>Nuestros perfiles est\u00e1n fabricados a partir de una gama de aleaciones de cobre, lat\u00f3n y bronce de alta calidad que garantizan una alta conductividad el\u00e9ctrica combinada con propiedades \u00f3ptimas de resistencia a la tracci\u00f3n y deformaci\u00f3n mec\u00e1nica.<\/p>\n<p>Dependiendo de la forma de sus perfiles, ofrecemos diferentes embalajes (paquetes, bobina\/anillo, carrete, carretes met\u00e1licos y varillas)<\/p>\n<p>Nuestros perfiles casi en forma reducir\u00e1n cualquier operaci\u00f3n de mecanizado adicional que pueda tener.<\/p>\n<p>La lista de cobre y aleaciones de cobre y las capacidades que dominamos para la fabricaci\u00f3n de perfiles complejos se describen en la siguiente tabla.<\/p>\n\n<table id=\"tablepress-3\" class=\"tablepress tablepress-id-3 tbody-has-connected-cells\">\n<tbody class=\"row-striping row-hover\">\n<tr class=\"row-1\">\n\t<td colspan=\"4\" class=\"column-1\" style=\"width:60px;\"><strong>Delivery Program for copper and copper alloys complex profiles<strong><\/strong><\/td>\n<\/tr>\n<tr class=\"row-2\">\n\t<td rowspan=\"2\" class=\"column-1\"><strong>Description<\/strong><\/strong><\/td><td rowspan=\"2\" class=\"column-2\"><strong>ISO<strong><\/strong><\/td><td rowspan=\"2\" class=\"column-3\"><strong>EN-Nr.<\/strong><\/strong><\/td><td rowspan=\"2\" class=\"column-4\"><strong>UNS<strong><\/strong><\/td>\n<\/tr>\n<tr class=\"row-3\">\n\t\n<\/tr>\n<tr class=\"row-4\">\n\t<td colspan=\"4\" class=\"column-1\"><strong>Pure copper<\/strong><\/strong><\/td>\n<\/tr>\n<tr class=\"row-5\">\n\t<td class=\"column-1\">CUSC<\/td><td class=\"column-2\">SC-cu<\/td><td class=\"column-3\">CW020A<\/td><td class=\"column-4\"><\/td>\n<\/tr>\n<tr class=\"row-6\">\n\t<td class=\"column-1\">ECU<\/td><td class=\"column-2\">Cu-ETP<\/td><td class=\"column-3\">CW004A<\/td><td class=\"column-4\">C11000<\/td>\n<\/tr>\n<tr class=\"row-7\">\n\t<td colspan=\"4\" class=\"column-1\"><strong>Unleaded brass<strong><\/strong><\/td>\n<\/tr>\n<tr class=\"row-8\">\n\t<td class=\"column-1\">EnviB10<\/td><td class=\"column-2\">CuZn40<\/td><td class=\"column-3\">CW509L<\/td><td class=\"column-4\"><\/td>\n<\/tr>\n<tr class=\"row-9\">\n\t<td class=\"column-1\">EnviB 58<\/td><td class=\"column-2\">CuZn42<\/td><td class=\"column-3\">CW510L<\/td><td class=\"column-4\"><\/td>\n<\/tr>\n<tr class=\"row-10\">\n\t<td class=\"column-1\">E63FS<\/td><td class=\"column-2\">CuZn36<\/td><td class=\"column-3\">CW507L<\/td><td class=\"column-4\">C27000<\/td>\n<\/tr>\n<tr class=\"row-11\">\n\t<td class=\"column-1\">E70PG<\/td><td class=\"column-2\">CuZn30<\/td><td class=\"column-3\">CW505L<\/td><td class=\"column-4\">C26000<\/td>\n<\/tr>\n<tr class=\"row-12\">\n\t<td class=\"column-1\">E80<\/td><td class=\"column-2\">CuZn20<\/td><td class=\"column-3\">CW503L<\/td><td class=\"column-4\">C24000<\/td>\n<\/tr>\n<tr class=\"row-13\">\n\t<td class=\"column-1\">E85<\/td><td class=\"column-2\">CuZn15<\/td><td class=\"column-3\">CW502L<\/td><td class=\"column-4\">C23000<\/td>\n<\/tr>\n<tr class=\"row-14\">\n\t<td colspan=\"4\" class=\"column-1\"><strong>Leaded brass<\/strong><\/strong><\/td>\n<\/tr>\n<tr class=\"row-15\">\n\t<td class=\"column-1\">58A<\/td><td class=\"column-2\">CuZn39Pb3<\/td><td class=\"column-3\">CW614N<\/td><td class=\"column-4\">C38500<\/td>\n<\/tr>\n<tr class=\"row-16\">\n\t<td class=\"column-1\">58D<\/td><td class=\"column-2\">CuZn39Pb3<\/td><td class=\"column-3\">CW614N<\/td><td class=\"column-4\">C38500<\/td>\n<\/tr>\n<tr class=\"row-17\">\n\t<td class=\"column-1\">58F<\/td><td class=\"column-2\">CuZn39Pb3<\/td><td class=\"column-3\">CW614N<\/td><td class=\"column-4\">C38500<\/td>\n<\/tr>\n<tr class=\"row-18\">\n\t<td class=\"column-1\">60A<\/td><td class=\"column-2\">CuZn38Pb2<\/td><td class=\"column-3\">CW608N<\/td><td class=\"column-4\">C37700<\/td>\n<\/tr>\n<tr class=\"row-19\">\n\t<td class=\"column-1\">60K<\/td><td class=\"column-2\"><\/td><td class=\"column-3\"><\/td><td class=\"column-4\"><\/td>\n<\/tr>\n<tr class=\"row-20\">\n\t<td class=\"column-1\">60M<\/td><td class=\"column-2\">CuZn38Pb2<\/td><td class=\"column-3\">CW608N<\/td><td class=\"column-4\">C37700<\/td>\n<\/tr>\n<tr class=\"row-21\">\n\t<td class=\"column-1\">61A<\/td><td class=\"column-2\">CuZn36Pb3<\/td><td class=\"column-3\">CW603N<\/td><td class=\"column-4\">C36000<\/td>\n<\/tr>\n<tr class=\"row-22\">\n\t<td class=\"column-1\">62A<\/td><td class=\"column-2\">CuZn35Pb2<\/td><td class=\"column-3\">CW601N<\/td><td class=\"column-4\">C34500<\/td>\n<\/tr>\n<tr class=\"row-23\">\n\t<td class=\"column-1\">63N<\/td><td class=\"column-2\">CuZn35Pb2<\/td><td class=\"column-3\">CW601N<\/td><td class=\"column-4\">C34500<\/td>\n<\/tr>\n<tr class=\"row-24\">\n\t<td colspan=\"4\" class=\"column-1\"><strong>Nickel-silver<strong><\/strong><\/td>\n<\/tr>\n<tr class=\"row-25\">\n\t<td class=\"column-1\">NM2<\/td><td class=\"column-2\">CuNi7Zn39Pb3Mn2<\/td><td class=\"column-3\">CW400J<\/td><td class=\"column-4\"><\/td>\n<\/tr>\n<tr class=\"row-26\">\n\t<td class=\"column-1\">NM3<\/td><td class=\"column-2\">CuNi7Zn39Pb3Mn2<\/td><td class=\"column-3\">CW400J<\/td><td class=\"column-4\">C79860<\/td>\n<\/tr>\n<tr class=\"row-27\">\n\t<td class=\"column-1\">NM436<\/td><td class=\"column-2\">CuNi11Zn37Mn5Pb2<\/td><td class=\"column-3\"><\/td><td class=\"column-4\">C79860<\/td>\n<\/tr>\n<tr class=\"row-28\">\n\t<td class=\"column-1\">ENVN0701<\/td><td class=\"column-2\">CuNi7Zn42<\/td><td class=\"column-3\"><\/td><td class=\"column-4\"><\/td>\n<\/tr>\n<tr class=\"row-29\">\n\t<td colspan=\"4\" class=\"column-1\"><strong>Tin Bronze leaded and unleaded<\/strong><\/strong><\/td>\n<\/tr>\n<tr class=\"row-30\">\n\t<td class=\"column-1\">BZ4<\/td><td class=\"column-2\">CuSn4Pb4Zn4<\/td><td class=\"column-3\">CW456K<\/td><td class=\"column-4\">C54400<\/td>\n<\/tr>\n<tr class=\"row-31\">\n\t<td class=\"column-1\">BZ6<\/td><td class=\"column-2\">CuSn6<\/td><td class=\"column-3\">CW452K<\/td><td class=\"column-4\">C51900<\/td>\n<\/tr>\n<tr class=\"row-32\">\n\t<td class=\"column-1\">BZ8<\/td><td class=\"column-2\">CuSn8<\/td><td class=\"column-3\">CW453K<\/td><td class=\"column-4\">C52100<\/td>\n<\/tr>\n<tr class=\"row-33\">\n\t<td colspan=\"4\" class=\"column-1\"><strong>Low alloyed copper<strong><\/strong><\/td>\n<\/tr>\n<tr class=\"row-34\">\n\t<td class=\"column-1\">C97<\/td><td class=\"column-2\">CuNi1Pb1P<\/td><td class=\"column-3\"><\/td><td class=\"column-4\">C19160<\/td>\n<\/tr>\n<\/tbody>\n<\/table>\n<!-- #tablepress-3 from cache -->\n<h2><strong>Ejemplo de perfiles complejos en cobre y aleaciones de cobre.<\/strong><\/h2>\n<p>A continuaci\u00f3n se muestran algunos ejemplos de perfiles especiales que estamos equipados para fabricar:<\/p>\n<p><img fetchpriority=\"high\" decoding=\"async\" class=\"alignnone size-medium wp-image-6127\" src=\"https:\/\/lebronze-distribution.com\/wp-content\/uploads\/2023\/10\/Nickel-silver-complex-and-special-profile-300x211.png\" alt=\"\" width=\"300\" height=\"211\" srcset=\"https:\/\/lebronze-distribution.com\/wp-content\/uploads\/2023\/10\/Nickel-silver-complex-and-special-profile-300x211.png 300w, https:\/\/lebronze-distribution.com\/wp-content\/uploads\/2023\/10\/Nickel-silver-complex-and-special-profile-768x541.png 768w, https:\/\/lebronze-distribution.com\/wp-content\/uploads\/2023\/10\/Nickel-silver-complex-and-special-profile-600x422.png 600w, https:\/\/lebronze-distribution.com\/wp-content\/uploads\/2023\/10\/Nickel-silver-complex-and-special-profile.png 902w\" sizes=\"(max-width: 300px) 100vw, 300px\" \/> <img decoding=\"async\" class=\"alignnone size-medium wp-image-6132\" src=\"https:\/\/lebronze-distribution.com\/wp-content\/uploads\/2023\/10\/Copper-complex-and-special-profile-300x211.png\" alt=\"\" width=\"300\" height=\"211\" srcset=\"https:\/\/lebronze-distribution.com\/wp-content\/uploads\/2023\/10\/Copper-complex-and-special-profile-300x211.png 300w, https:\/\/lebronze-distribution.com\/wp-content\/uploads\/2023\/10\/Copper-complex-and-special-profile-768x540.png 768w, https:\/\/lebronze-distribution.com\/wp-content\/uploads\/2023\/10\/Copper-complex-and-special-profile-600x422.png 600w, https:\/\/lebronze-distribution.com\/wp-content\/uploads\/2023\/10\/Copper-complex-and-special-profile.png 907w\" sizes=\"(max-width: 300px) 100vw, 300px\" \/> <img decoding=\"async\" class=\"alignnone size-medium wp-image-6137\" src=\"https:\/\/lebronze-distribution.com\/wp-content\/uploads\/2023\/10\/Bronze-complex-and-special-profile-300x213.png\" alt=\"\" width=\"300\" height=\"213\" srcset=\"https:\/\/lebronze-distribution.com\/wp-content\/uploads\/2023\/10\/Bronze-complex-and-special-profile-300x213.png 300w, https:\/\/lebronze-distribution.com\/wp-content\/uploads\/2023\/10\/Bronze-complex-and-special-profile-768x544.png 768w, https:\/\/lebronze-distribution.com\/wp-content\/uploads\/2023\/10\/Bronze-complex-and-special-profile-600x425.png 600w, https:\/\/lebronze-distribution.com\/wp-content\/uploads\/2023\/10\/Bronze-complex-and-special-profile.png 902w\" sizes=\"(max-width: 300px) 100vw, 300px\" \/> <img loading=\"lazy\" decoding=\"async\" class=\"alignnone size-medium wp-image-6142\" src=\"https:\/\/lebronze-distribution.com\/wp-content\/uploads\/2023\/10\/Brass-complex-and-special-profile-300x212.png\" alt=\"\" width=\"300\" height=\"212\" srcset=\"https:\/\/lebronze-distribution.com\/wp-content\/uploads\/2023\/10\/Brass-complex-and-special-profile-300x212.png 300w, https:\/\/lebronze-distribution.com\/wp-content\/uploads\/2023\/10\/Brass-complex-and-special-profile-768x543.png 768w, https:\/\/lebronze-distribution.com\/wp-content\/uploads\/2023\/10\/Brass-complex-and-special-profile-600x424.png 600w, https:\/\/lebronze-distribution.com\/wp-content\/uploads\/2023\/10\/Brass-complex-and-special-profile.png 907w\" sizes=\"(max-width: 300px) 100vw, 300px\" \/><img loading=\"lazy\" decoding=\"async\" class=\"alignnone size-medium wp-image-6277\" src=\"https:\/\/lebronze-distribution.com\/wp-content\/uploads\/2023\/10\/Dessin-5-300x212.png\" alt=\"Perfiles complejos de cobre y aleaciones de cobre.\" width=\"300\" height=\"212\" srcset=\"https:\/\/lebronze-distribution.com\/wp-content\/uploads\/2023\/10\/Dessin-5-300x212.png 300w, https:\/\/lebronze-distribution.com\/wp-content\/uploads\/2023\/10\/Dessin-5-768x542.png 768w, https:\/\/lebronze-distribution.com\/wp-content\/uploads\/2023\/10\/Dessin-5-600x424.png 600w, https:\/\/lebronze-distribution.com\/wp-content\/uploads\/2023\/10\/Dessin-5.png 844w\" sizes=\"(max-width: 300px) 100vw, 300px\" \/> <img loading=\"lazy\" decoding=\"async\" class=\"alignnone size-medium wp-image-6282\" src=\"https:\/\/lebronze-distribution.com\/wp-content\/uploads\/2023\/10\/Dessin-6-300x211.png\" alt=\"Perfiles complejos de cobre y aleaciones de cobre.\" width=\"300\" height=\"211\" srcset=\"https:\/\/lebronze-distribution.com\/wp-content\/uploads\/2023\/10\/Dessin-6-300x211.png 300w, https:\/\/lebronze-distribution.com\/wp-content\/uploads\/2023\/10\/Dessin-6-768x540.png 768w, https:\/\/lebronze-distribution.com\/wp-content\/uploads\/2023\/10\/Dessin-6-600x421.png 600w, https:\/\/lebronze-distribution.com\/wp-content\/uploads\/2023\/10\/Dessin-6.png 847w\" sizes=\"(max-width: 300px) 100vw, 300px\" \/> <img loading=\"lazy\" decoding=\"async\" class=\"alignnone size-medium wp-image-6287\" src=\"https:\/\/lebronze-distribution.com\/wp-content\/uploads\/2023\/10\/Dessin-7-300x211.png\" alt=\"Perfiles complejos de cobre y aleaciones de cobre.\" width=\"300\" height=\"211\" srcset=\"https:\/\/lebronze-distribution.com\/wp-content\/uploads\/2023\/10\/Dessin-7-300x211.png 300w, https:\/\/lebronze-distribution.com\/wp-content\/uploads\/2023\/10\/Dessin-7-768x540.png 768w, https:\/\/lebronze-distribution.com\/wp-content\/uploads\/2023\/10\/Dessin-7-600x422.png 600w, https:\/\/lebronze-distribution.com\/wp-content\/uploads\/2023\/10\/Dessin-7.png 847w\" sizes=\"(max-width: 300px) 100vw, 300px\" \/> <img loading=\"lazy\" decoding=\"async\" class=\"alignnone size-medium wp-image-6292\" src=\"https:\/\/lebronze-distribution.com\/wp-content\/uploads\/2023\/10\/Dessin-8-300x211.png\" alt=\"Perfiles complejos de cobre y aleaciones de cobre.\" width=\"300\" height=\"211\" srcset=\"https:\/\/lebronze-distribution.com\/wp-content\/uploads\/2023\/10\/Dessin-8-300x211.png 300w, https:\/\/lebronze-distribution.com\/wp-content\/uploads\/2023\/10\/Dessin-8-768x541.png 768w, https:\/\/lebronze-distribution.com\/wp-content\/uploads\/2023\/10\/Dessin-8-600x423.png 600w, https:\/\/lebronze-distribution.com\/wp-content\/uploads\/2023\/10\/Dessin-8.png 849w\" sizes=\"(max-width: 300px) 100vw, 300px\" \/> <img loading=\"lazy\" decoding=\"async\" class=\"size-medium wp-image-6297 aligncenter\" src=\"https:\/\/lebronze-distribution.com\/wp-content\/uploads\/2023\/10\/Dessin-9-300x211.png\" alt=\"Perfiles complejos de cobre y aleaciones de cobre.\" width=\"300\" height=\"211\" srcset=\"https:\/\/lebronze-distribution.com\/wp-content\/uploads\/2023\/10\/Dessin-9-300x211.png 300w, https:\/\/lebronze-distribution.com\/wp-content\/uploads\/2023\/10\/Dessin-9-768x540.png 768w, https:\/\/lebronze-distribution.com\/wp-content\/uploads\/2023\/10\/Dessin-9-600x421.png 600w, https:\/\/lebronze-distribution.com\/wp-content\/uploads\/2023\/10\/Dessin-9.png 847w\" sizes=\"(max-width: 300px) 100vw, 300px\" \/><\/p>\n<h2><strong>\u00a1Cont\u00e1ctenos!<\/strong><\/h2>\n<p>Nuestros expertos le acompa\u00f1ar\u00e1n en el dise\u00f1o de sus perfiles a medida con un estricto respeto de los criterios dimensionales y tolerancias. Son posibles muchas opciones de geometr\u00edas diferentes.<\/p>\n","protected":false},"excerpt":{"rendered":"<p>Desde hace d\u00e9cadas, Lebronze Alloys es un referente en el dise\u00f1o y fabricaci\u00f3n de varillas y alambres con perfiles especiales para mecanizado, estampaci\u00f3n en fr\u00edo y conformado en fr\u00edo . Suministramos perfiles est\u00e1ndar (redondos, cuadrados, hexagonales, etc.), as\u00ed como perfiles con formas complejas y asim\u00e9tricas. Nuestros procesos de fabricaci\u00f3n de perfiles est\u00e1n totalmente integrados e [&hellip;]<\/p>\n","protected":false},"featured_media":6065,"comment_status":"open","ping_status":"closed","template":"","meta":{"_acf_changed":false,"_seopress_robots_primary_cat":"none","_seopress_titles_title":"Perfiles complejos de cobre y aleaciones de cobre.","_seopress_titles_desc":"Nuestros perfiles especiales en barras y alambres est\u00e1n fabricados a partir de una gama de aleaciones de cobre, lat\u00f3n y bronce de alta calidad que garantiza una alta conductividad el\u00e9ctrica.","_seopress_robots_index":""},"product_brand":[],"product_cat":[569],"product_tag":[551,545,552,548,546,549,547,544,550],"class_list":{"0":"post-6182","1":"product","2":"type-product","3":"status-publish","4":"has-post-thumbnail","6":"product_cat-perfiles-complejos-de-cobre-y-aleaciones-de-cobre-es","7":"product_tag-alambres","8":"product_tag-aleaciones","9":"product_tag-barras","10":"product_tag-bronce","11":"product_tag-cobre","12":"product_tag-extrusion-casi-en-forma","13":"product_tag-laton","14":"product_tag-perfiles-especiales","15":"product_tag-varillas","17":"first","18":"instock","19":"shipping-taxable","20":"product-type-simple"},"acf":[],"_links":{"self":[{"href":"https:\/\/lebronze-distribution.com\/es\/wp-json\/wp\/v2\/product\/6182","targetHints":{"allow":["GET"]}}],"collection":[{"href":"https:\/\/lebronze-distribution.com\/es\/wp-json\/wp\/v2\/product"}],"about":[{"href":"https:\/\/lebronze-distribution.com\/es\/wp-json\/wp\/v2\/types\/product"}],"replies":[{"embeddable":true,"href":"https:\/\/lebronze-distribution.com\/es\/wp-json\/wp\/v2\/comments?post=6182"}],"wp:featuredmedia":[{"embeddable":true,"href":"https:\/\/lebronze-distribution.com\/es\/wp-json\/wp\/v2\/media\/6065"}],"wp:attachment":[{"href":"https:\/\/lebronze-distribution.com\/es\/wp-json\/wp\/v2\/media?parent=6182"}],"wp:term":[{"taxonomy":"product_brand","embeddable":true,"href":"https:\/\/lebronze-distribution.com\/es\/wp-json\/wp\/v2\/product_brand?post=6182"},{"taxonomy":"product_cat","embeddable":true,"href":"https:\/\/lebronze-distribution.com\/es\/wp-json\/wp\/v2\/product_cat?post=6182"},{"taxonomy":"product_tag","embeddable":true,"href":"https:\/\/lebronze-distribution.com\/es\/wp-json\/wp\/v2\/product_tag?post=6182"}],"curies":[{"name":"wp","href":"https:\/\/api.w.org\/{rel}","templated":true}]}}