{"id":3867,"date":"2022-05-18T15:14:07","date_gmt":"2022-05-18T14:14:07","guid":{"rendered":"https:\/\/lebronze-distribution.com\/product\/aleacion-de-cobre-niquel-estano-hardiall-de-alta-resistencia-cuni15sn8-c72900-ams-4596-ams-4597-ams-4598\/"},"modified":"2025-02-26T11:33:21","modified_gmt":"2025-02-26T11:33:21","slug":"hardiall-c72900-cuni15sn8-ams-4596-toughmet","status":"publish","type":"product","link":"https:\/\/lebronze-distribution.com\/es\/producto\/hardiall-c72900-cuni15sn8-ams-4596-toughmet\/","title":{"rendered":"Hardiall\u00ae | C72900 | CuNi15Sn8 | AMS 4596 | AMS 4597 | AMS 4598 &#8211; Aleaci\u00f3n espinodal de cobre, n\u00edquel y esta\u00f1o de alta resistencia"},"content":{"rendered":"<div class=\"text text--wysiwyg-product text--list\">\n<h2 style=\"text-align: left;\"><strong>Hardiall \u00ae | CuNi15Sn8 | C72900 propiedades clave<\/strong><\/h2>\n<p><strong>Hardiall\u00ae<\/strong> es una aleaci\u00f3n forjada de cobre endurecido espinodal <strong>CuNi15Sn8 | C72900<\/strong> dise\u00f1ada para aplicaciones de alta resistencia en las que se requiere tenacidad. No es magn\u00e9tico y resiste el desgaste mec\u00e1nico, el desgaste por rozamiento, la relajaci\u00f3n de tensiones, la corrosi\u00f3n y la erosi\u00f3n.<br \/>\n Se mecaniza f\u00e1cilmente para fabricar componentes complejos y es respetuoso con el medio ambiente, ya que no contiene plomo ni berilio. <strong>Hardiall \u00ae | CuNi15Sn8 | C72900<\/strong> se utiliza en diversas industrias gracias a sus excelentes propiedades f\u00edsicas y mec\u00e1nicas en muchos componentes diferentes.<\/p>\n<p><strong>Hardiall \u00ae | CuNi15Sn8 | C72900<\/strong> es una soluci\u00f3n ideal con un historial de eficacia comprobado. Extensas pruebas aseguran que Hardiall \u00ae | CuNi15Sn8 | C72900 cumple totalmente con las especificaciones relevantes: en ese sentido, usando <strong>Hardiall \u00ae | CuNi15Sn8 | C72900<\/strong> puede ayudar a las industrias de alto nivel a mitigar los riesgos de su cadena de suministro.<\/p>\n<p>Hardiall \u00ae | <strong>CuNi15Sn8<\/strong> | C72900 <strong>es un sustituto ideal del cobre de berilio CuBe2<\/strong>. Hardiall \u00ae | <strong>CuNi15Sn8<\/strong> | C72900 consigue propiedades mec\u00e1nicas similares, as\u00ed como propiedades superficiales y trabajabilidad superiores.<\/p>\n<p>En el sector aeroespacial, <strong>Hardiall \u00ae | CuNi15Sn8 | C72900<\/strong> cumple las <strong>normas AMS 4596, AMS 4597, AMS 4598 y UT AMS 2154 clase B<\/strong>.<\/p>\n<p>En Petr\u00f3leo y Gas, <strong>Hardiall \u00ae | CuNi15Sn8 | C72900<\/strong> cumple con las <strong>normas NACE MR0175, ASTM B505 y ASTM B929<\/strong>.<\/p>\n<p><strong>Hardiall \u00ae | CuNi15Sn8 | C72900 <\/strong>es fabricado por <strong>Lebronze alloys<\/strong> y se beneficia de un proceso de producci\u00f3n totalmente integrado desde la fundici\u00f3n hasta el acabado.<\/p>\n<h2 style=\"text-align: left;\"><strong>Hardiall \u00ae | CuNi15Sn8 | C72900 aplicaciones<\/strong><\/h2>\n<h3>Aeroespacial<\/h3>\n<p><strong>Hardiall \u00ae | CuNi15Sn8 | C72900<\/strong> se utiliza ampliamente en sistemas de actuaci\u00f3n, casquillos de fricci\u00f3n y cojinetes para controles de vuelo primarios y secundarios, ruedas y frenos y diversos accesorios de sistemas de aeronaves.<\/p>\n<p><strong>Hardiall \u00ae | CuNi15Sn8 | C72900<\/strong> cumple con las principales especificaciones de los clientes de la industria aeroespacial, a saber: BS 5849, ABS 5152, BMS 7-373 Clase 90 Clase 100 Clase TS.<br \/>\n MTL4112<\/p>\n<h3>Petr\u00f3leo y gas<\/h3>\n<p><strong>Hardiall \u00ae | CuNi15Sn8 | C72900<\/strong> se utiliza en varillas de bombeo de elevaci\u00f3n artificial Onshore, acoplamientos de gu\u00edas de v\u00e1lvulas<br \/>\n<strong>Hardiall \u00ae | CuNi15Sn8 | C72900 <\/strong>tambi\u00e9n se puede utilizar como controles de cabezales de pozos submarinos, colectores, bombas de lodo, componentes de LWD y MWD, herramientas de HDD, brocas, cojinetes, casquillos, arandelas de empuje, conectores hidr\u00e1ulicos de ROV, componentes de v\u00e1lvulas Trim.<\/p>\n<p><strong>Hardiall \u00ae | CuNi15Sn8 | C72900,<\/strong> cumple con las principales especificaciones de los clientes de petr\u00f3leo y gas, a saber: 22-000119-03, CU07 CU08, MS013, WN 135, 6000062, MS 145, 100082256, 100679610, M 40131C, 50 2L 50 2D<\/p>\n<h3>Miner\u00eda<\/h3>\n<p><strong>Hardiall \u00ae | CuNi15Sn8 | C72900<\/strong> tiene aplicaciones en equipos y veh\u00edculos de miner\u00eda pesada excavadoras, camiones de transporte, pala minera y dragalinas, mineros continuos Bujes y cojinetes de pivote, cono de rodillo de broca de roca tri-cono, escariadores bujes de herramientas HDD, arandelas de empuje.<\/p>\n<\/div>\n<h3>Autom\u00f3viles<\/h3>\n<p><strong>Hardiall \u00ae | CuNi15Sn8 | C72900<\/strong> tambi\u00e9n tiene aplicaciones de alto rendimiento en coches de carreras, componentes del tren de potencia de veh\u00edculos de pasajeros (gu\u00edas de v\u00e1lvulas, cojinetes lisos, bujes), sistemas de frenado y direcci\u00f3n (bujes de pinzas de freno, bujes de direcci\u00f3n).<\/p>\n","protected":false},"excerpt":{"rendered":"<p>Aleaci\u00f3n de cobre, n\u00edquel y esta\u00f1o espinodal de alta resistencia Hardiall\u00ae | CuNi15Sn8 | C72900 | C729 | AMS 4596 | AMS 4597 | AMS 4598 | ASTM B505 | ASTM B929 | EN 12163 | CW355H | NACE MR0175<\/p>\n","protected":false},"featured_media":6674,"comment_status":"closed","ping_status":"closed","template":"","meta":{"_acf_changed":false,"_seopress_robots_primary_cat":"none","_seopress_titles_title":"Hardiall\u00ae | CuNi15Sn8 | C729 C72900 | AMS 4596 4597 4598","_seopress_titles_desc":"","_seopress_robots_index":""},"product_brand":[],"product_cat":[390],"product_tag":[393,394,395,396,397,392,391,401,398,217,399,400],"class_list":{"0":"post-3867","1":"product","2":"type-product","3":"status-publish","4":"has-post-thumbnail","6":"product_cat-aleaciones-spinodal","7":"product_tag-ams-4596-es","8":"product_tag-ams-4597-es","9":"product_tag-ams-4598-es","10":"product_tag-astm-b505-es","11":"product_tag-astm-b929-es","12":"product_tag-c729-es","13":"product_tag-c72900-es","14":"product_tag-cuni15sn8-es","15":"product_tag-cw355h-es","16":"product_tag-en-12163-es","17":"product_tag-nace-mr0175-es","18":"product_tag-toughmet-3-es","20":"first","21":"outofstock","22":"shipping-taxable","23":"purchasable","24":"product-type-variable"},"acf":[],"_links":{"self":[{"href":"https:\/\/lebronze-distribution.com\/es\/wp-json\/wp\/v2\/product\/3867","targetHints":{"allow":["GET"]}}],"collection":[{"href":"https:\/\/lebronze-distribution.com\/es\/wp-json\/wp\/v2\/product"}],"about":[{"href":"https:\/\/lebronze-distribution.com\/es\/wp-json\/wp\/v2\/types\/product"}],"replies":[{"embeddable":true,"href":"https:\/\/lebronze-distribution.com\/es\/wp-json\/wp\/v2\/comments?post=3867"}],"wp:featuredmedia":[{"embeddable":true,"href":"https:\/\/lebronze-distribution.com\/es\/wp-json\/wp\/v2\/media\/6674"}],"wp:attachment":[{"href":"https:\/\/lebronze-distribution.com\/es\/wp-json\/wp\/v2\/media?parent=3867"}],"wp:term":[{"taxonomy":"product_brand","embeddable":true,"href":"https:\/\/lebronze-distribution.com\/es\/wp-json\/wp\/v2\/product_brand?post=3867"},{"taxonomy":"product_cat","embeddable":true,"href":"https:\/\/lebronze-distribution.com\/es\/wp-json\/wp\/v2\/product_cat?post=3867"},{"taxonomy":"product_tag","embeddable":true,"href":"https:\/\/lebronze-distribution.com\/es\/wp-json\/wp\/v2\/product_tag?post=3867"}],"curies":[{"name":"wp","href":"https:\/\/api.w.org\/{rel}","templated":true}]}}