{"id":3854,"date":"2022-05-23T16:29:13","date_gmt":"2022-05-23T15:29:13","guid":{"rendered":"https:\/\/lebronze-distribution.com\/product\/aleacion-de-rendimiento-hardibron-cobre-niquel-aluminio-para-petroleo-y-gas-cuni14al3fe1-wl-2-1504\/"},"modified":"2025-02-17T13:30:28","modified_gmt":"2025-02-17T13:30:28","slug":"cuni14al3fe1-wl-2-1504-cobre-niquel-aluminio-aleaciones-de-bronce","status":"publish","type":"product","link":"https:\/\/lebronze-distribution.com\/es\/producto\/cuni14al3fe1-wl-2-1504-cobre-niquel-aluminio-aleaciones-de-bronce\/","title":{"rendered":"Hardibron\u00ae | CuNi14Al3Fe1 | WL 2.1504 &#8211; Aleaci\u00f3n de alto rendimiento de cobre, n\u00edquel y aluminio para petr\u00f3leo y gas"},"content":{"rendered":"<h2>Hardibron\u00ae | CuNi14Al3Fe1 | WL 2.1504 propiedades principales<\/h2>\n<p><strong>Hardibron\u00ae | CuNi14Al3Fe1 | WL 2.1504<\/strong> es una aleaci\u00f3n forjada de cobre-n\u00edquel-aluminio dise\u00f1ada para aplicaciones de alta resistencia en el entorno del agua de mar. No es magn\u00e9tico y resiste el desgaste mec\u00e1nico, la corrosi\u00f3n marina, las temperaturas extremas y la presi\u00f3n. Se puede mecanizar f\u00e1cilmente en componentes complejos y es <strong>respetuoso con el medio ambiente, ya que no contiene plomo ni berilio<\/strong>.<\/p>\n<p><strong>Hardibron\u00ae | CuNi14Al3Fe1 | WL 2.1504<\/strong> se utiliza en la industria del petr\u00f3leo y el gas gracias a sus <strong>excelentes propiedades f\u00edsicas y mec\u00e1nicas en diversos componentes<\/strong>.<\/p>\n<h2>Hardibron\u00ae | CuNi14Al3Fe1 | Aplicaciones WL 2.1504<\/h2>\n<p><strong>Petr\u00f3leo y gas<\/strong><\/p>\n<p><strong>Hardibron\u00ae | CuNi14Al3Fe1 | WL 2.1504<\/strong> puede utilizarse en sistemas marinos de producci\u00f3n flotante: Ejes marinos, casquillos de cojinetes, torniller\u00eda offshore, v\u00e1lvulas, bombas<\/p>\n<p><strong>Hardibron\u00ae | CuNi14Al3Fe1 | WL 2.1504<\/strong> tambi\u00e9n se utiliza en las bombas de petr\u00f3leo en tierra como acoplamientos de casquillos de varillas de bombeo y gu\u00edas de varillas de v\u00e1lvulas. En estas aplicaciones en las que generalmente se utiliza el acero inoxidable, <strong>Hardibron\u00ae | CuNi14Al3Fe1 | WL 2.1504<\/strong> demuestra <strong>una extraordinaria resistencia al desgaste metal-metal<\/strong>. De este modo, se reducen las <strong>aver\u00edas <\/strong>y, por tanto, <strong>los tiempos de mantenimiento<\/strong>.<\/p>\n<p><strong>Hardibron\u00ae | CuNi14Al3Fe1 | WL 2.1504 <\/strong>es ideal para la cabeza de pozo del fondo marino, conexiones hidr\u00e1ulicas y el\u00e9ctricas ROV y AUV a conectores fap de cabeza de pozo, herramientas ROV y v\u00e1lvulas.<\/p>\n<p><strong>Hardibron\u00ae | CuNi14Al3Fe1 | WL 2.1504<\/strong> puede utilizarse tanto en sistemas marinos como submarinos.<\/p>\n","protected":false},"excerpt":{"rendered":"<p class=\"heading heading--md aos-init aos-animate\" data-aos=\"fade-right\"><strong>Hardibron\u00ae | CuNi14Al3Fe1 | WL 2.1504<\/strong> es una aleaci\u00f3n forjada de cobre-n\u00edquel-aluminio dise\u00f1ada para aplicaciones de alta resistencia en el entorno del agua de mar. No es magn\u00e9tico y resiste el desgaste mec\u00e1nico, la corrosi\u00f3n marina, las temperaturas extremas y la presi\u00f3n. Se puede mecanizar f\u00e1cilmente en componentes complejos y es <strong>respetuoso con el medio ambiente, ya que no contiene plomo ni berilio<\/strong>. Tambi\u00e9n cumple la norma DIN 2.1504 y la DTD 900\/4805.<\/p>\n","protected":false},"featured_media":2220,"comment_status":"open","ping_status":"closed","template":"","meta":{"_acf_changed":false,"_seopress_robots_primary_cat":"none","_seopress_titles_title":"Hardibron\u00ae | CuNi14Al3Fe1 | WL 2.1504 | Cobre N\u00edquel Aluminio ","_seopress_titles_desc":"","_seopress_robots_index":""},"product_brand":[],"product_cat":[207],"product_tag":[208,214,368,210],"class_list":{"0":"post-3854","1":"product","2":"type-product","3":"status-publish","4":"has-post-thumbnail","6":"product_cat-aleaciones-de-cobre-niquel-y-bronce","7":"product_tag-cuni14al3fe1-es","8":"product_tag-din-2-1504-es","9":"product_tag-dtd-900-4805-es","10":"product_tag-wl-2-1504-es","12":"first","13":"instock","14":"shipping-taxable","15":"product-type-simple"},"acf":[],"_links":{"self":[{"href":"https:\/\/lebronze-distribution.com\/es\/wp-json\/wp\/v2\/product\/3854","targetHints":{"allow":["GET"]}}],"collection":[{"href":"https:\/\/lebronze-distribution.com\/es\/wp-json\/wp\/v2\/product"}],"about":[{"href":"https:\/\/lebronze-distribution.com\/es\/wp-json\/wp\/v2\/types\/product"}],"replies":[{"embeddable":true,"href":"https:\/\/lebronze-distribution.com\/es\/wp-json\/wp\/v2\/comments?post=3854"}],"wp:featuredmedia":[{"embeddable":true,"href":"https:\/\/lebronze-distribution.com\/es\/wp-json\/wp\/v2\/media\/2220"}],"wp:attachment":[{"href":"https:\/\/lebronze-distribution.com\/es\/wp-json\/wp\/v2\/media?parent=3854"}],"wp:term":[{"taxonomy":"product_brand","embeddable":true,"href":"https:\/\/lebronze-distribution.com\/es\/wp-json\/wp\/v2\/product_brand?post=3854"},{"taxonomy":"product_cat","embeddable":true,"href":"https:\/\/lebronze-distribution.com\/es\/wp-json\/wp\/v2\/product_cat?post=3854"},{"taxonomy":"product_tag","embeddable":true,"href":"https:\/\/lebronze-distribution.com\/es\/wp-json\/wp\/v2\/product_tag?post=3854"}],"curies":[{"name":"wp","href":"https:\/\/api.w.org\/{rel}","templated":true}]}}