{"id":3841,"date":"2022-07-06T11:11:35","date_gmt":"2022-07-06T10:11:35","guid":{"rendered":"https:\/\/lebronze-distribution.com\/product\/k5b-aleacion-de-cobre-niquel-aluminio-cuni14mn4al2-def-stan-02-835\/"},"modified":"2025-02-17T13:30:18","modified_gmt":"2025-02-17T13:30:18","slug":"k5b-cuni14mn4al2-def-stan-02-835","status":"publish","type":"product","link":"https:\/\/lebronze-distribution.com\/es\/producto\/k5b-cuni14mn4al2-def-stan-02-835\/","title":{"rendered":"K5B | CuNi14Mn4Al2 | DEF STAN 02-835 &#8211; Aleaci\u00f3n de aluminio cobre-n\u00edquel"},"content":{"rendered":"<h2><strong>K5B | CuNi14Mn4Al2 | DEF STAN 02-835 propiedades clave<\/strong><\/h2>\n<p><strong>K5B | CuNi14Mn4Al2 | DEF STAN 02-835<\/strong> es una aleaci\u00f3n forjada de cobre-n\u00edquel-aluminio dise\u00f1ada para aplicaciones de alta resistencia en un entorno de agua de mar. No es magn\u00e9tico y resiste el desgaste mec\u00e1nico, el agarrotamiento, la relajaci\u00f3n por tensi\u00f3n, la corrosi\u00f3n y la erosi\u00f3n. Se puede mecanizar f\u00e1cilmente en componentes complejos, a la vez que es respetuoso con el medio ambiente, ya que <strong>no contiene<\/strong> <strong>plomo<\/strong> <strong>ni berilio<\/strong>.<\/p>\n<p><strong>K5B | CuNi14Mn4Al2 | DEF ST<\/strong> AN 02-835 es conforme a la norma NES835 \/ DEF STAN 02-835.<\/p>\n<h2>Aplicaciones <strong>K5B | CuNi14Mn4Al2 | DEF STAN 02-835<\/strong><\/h2>\n<p><strong>Aplicaciones navales y de defensa<\/strong><\/p>\n<p><strong>K5B | CuNi14Mn4Al2 | DEF STAN 02-835<\/strong> se puede utilizar como sujetadores para barcos y submarinos, elementos de control de submarinos, bombas, ejes, sellos mec\u00e1nicos, componentes de cabrestante, engranajes, acoplamientos de mangueras, componentes en dispositivos de sonar, ejes de h\u00e9lice y bujes de transmisi\u00f3n.<\/p>\n<p><strong>Aplicaciones de petr\u00f3leo y gas<\/strong><\/p>\n<p><strong>K5B | CuNi14Mn4Al2 | DEF STAN 02-835 <\/strong>se utiliza en pernos submarinos, ejes para bombas y v\u00e1lvulas, husillos de v\u00e1lvulas, pistones y cilindros hidr\u00e1ulicos, conectores hidr\u00e1ulicos y acoplamientos a presi\u00f3n.<\/p>\n","protected":false},"excerpt":{"rendered":"<p><strong>K5B | CuNi14Mn4Al2<\/strong> es una aleaci\u00f3n de aluminio de cobre-n\u00edquel forjado CuNi14Mn4Al2 dise\u00f1ada para aplicaciones de alta resistencia en un entorno de agua de mar.<\/p>\n<p> <strong>K5B | CuNi14Mn4Al2<\/strong> cumple con la norma NES835 \/ DEF STAN 02-835.<\/p>\n","protected":false},"featured_media":788,"comment_status":"open","ping_status":"closed","template":"","meta":{"_acf_changed":false,"_seopress_robots_primary_cat":"none","_seopress_titles_title":"K5B | CuNi14Mn4Al2 | DEF STAN 02-835 | Aluminio cobre-n\u00edquel","_seopress_titles_desc":"","_seopress_robots_index":""},"product_brand":[],"product_cat":[207],"product_tag":[352,346,351,349],"class_list":{"0":"post-3841","1":"product","2":"type-product","3":"status-publish","4":"has-post-thumbnail","6":"product_cat-aleaciones-de-cobre-niquel-y-bronce","7":"product_tag-cobre-niquel-aluminio","8":"product_tag-cuni14mn4al2-es","9":"product_tag-def-stan-02-835-es","10":"product_tag-nes835-es","12":"first","13":"instock","14":"shipping-taxable","15":"product-type-simple"},"acf":[],"_links":{"self":[{"href":"https:\/\/lebronze-distribution.com\/es\/wp-json\/wp\/v2\/product\/3841","targetHints":{"allow":["GET"]}}],"collection":[{"href":"https:\/\/lebronze-distribution.com\/es\/wp-json\/wp\/v2\/product"}],"about":[{"href":"https:\/\/lebronze-distribution.com\/es\/wp-json\/wp\/v2\/types\/product"}],"replies":[{"embeddable":true,"href":"https:\/\/lebronze-distribution.com\/es\/wp-json\/wp\/v2\/comments?post=3841"}],"wp:featuredmedia":[{"embeddable":true,"href":"https:\/\/lebronze-distribution.com\/es\/wp-json\/wp\/v2\/media\/788"}],"wp:attachment":[{"href":"https:\/\/lebronze-distribution.com\/es\/wp-json\/wp\/v2\/media?parent=3841"}],"wp:term":[{"taxonomy":"product_brand","embeddable":true,"href":"https:\/\/lebronze-distribution.com\/es\/wp-json\/wp\/v2\/product_brand?post=3841"},{"taxonomy":"product_cat","embeddable":true,"href":"https:\/\/lebronze-distribution.com\/es\/wp-json\/wp\/v2\/product_cat?post=3841"},{"taxonomy":"product_tag","embeddable":true,"href":"https:\/\/lebronze-distribution.com\/es\/wp-json\/wp\/v2\/product_tag?post=3841"}],"curies":[{"name":"wp","href":"https:\/\/api.w.org\/{rel}","templated":true}]}}