{"id":3828,"date":"2022-05-30T10:20:52","date_gmt":"2022-05-30T09:20:52","guid":{"rendered":"https:\/\/lebronze-distribution.com\/product\/componentes-mecanizados\/"},"modified":"2025-02-17T13:30:26","modified_gmt":"2025-02-17T13:30:26","slug":"componentes-mecanizados","status":"publish","type":"product","link":"https:\/\/lebronze-distribution.com\/es\/producto\/componentes-mecanizados\/","title":{"rendered":"Componentes mecanizados"},"content":{"rendered":"<p>El grupo de aleaciones Lebronze suministra a muchas industrias diferentes piezas mecanizadas de alta precisi\u00f3n listas para instalar. Con m\u00e1s de una d\u00e9cada de experiencia, le ofrecemos experiencia y soluciones fiables para piezas mecanizadas simples o complejas.<\/p>\n<p>Nuestro proceso totalmente integrado y nuestras asociaciones de confianza permiten a los equipos de Lebronze alloys ofrecer componentes mecanizados y acabados:<\/p>\n<ul>\n<li>Componentes de alto rendimiento y alta calidad, especialmente gracias a los materiales de alto rendimiento de las aleaciones Lebronze<\/li>\n<li>Precios competitivos gracias a todas nuestras f\u00e1bricas especializadas<\/li>\n<\/ul>\n","protected":false},"excerpt":{"rendered":"<p>El grupo de aleaciones Lebronze suministra a muchas industrias diferentes piezas mecanizadas de alta precisi\u00f3n listas para instalar. Con m\u00e1s de una d\u00e9cada de experiencia, le ofrecemos experiencia y soluciones fiables para piezas mecanizadas simples o complejas. Nuestro proceso totalmente integrado y nuestras asociaciones de confianza permiten a los equipos de Lebronze alloys ofrecer componentes [&hellip;]<\/p>\n","protected":false},"featured_media":2167,"comment_status":"open","ping_status":"closed","template":"","meta":{"_acf_changed":false,"_seopress_robots_primary_cat":"none","_seopress_titles_title":"","_seopress_titles_desc":"","_seopress_robots_index":""},"product_brand":[],"product_cat":[327],"product_tag":[],"class_list":{"0":"post-3828","1":"product","2":"type-product","3":"status-publish","4":"has-post-thumbnail","6":"product_cat-componentes-mecanizados","8":"first","9":"instock","10":"shipping-taxable","11":"product-type-simple"},"acf":[],"_links":{"self":[{"href":"https:\/\/lebronze-distribution.com\/es\/wp-json\/wp\/v2\/product\/3828","targetHints":{"allow":["GET"]}}],"collection":[{"href":"https:\/\/lebronze-distribution.com\/es\/wp-json\/wp\/v2\/product"}],"about":[{"href":"https:\/\/lebronze-distribution.com\/es\/wp-json\/wp\/v2\/types\/product"}],"replies":[{"embeddable":true,"href":"https:\/\/lebronze-distribution.com\/es\/wp-json\/wp\/v2\/comments?post=3828"}],"wp:featuredmedia":[{"embeddable":true,"href":"https:\/\/lebronze-distribution.com\/es\/wp-json\/wp\/v2\/media\/2167"}],"wp:attachment":[{"href":"https:\/\/lebronze-distribution.com\/es\/wp-json\/wp\/v2\/media?parent=3828"}],"wp:term":[{"taxonomy":"product_brand","embeddable":true,"href":"https:\/\/lebronze-distribution.com\/es\/wp-json\/wp\/v2\/product_brand?post=3828"},{"taxonomy":"product_cat","embeddable":true,"href":"https:\/\/lebronze-distribution.com\/es\/wp-json\/wp\/v2\/product_cat?post=3828"},{"taxonomy":"product_tag","embeddable":true,"href":"https:\/\/lebronze-distribution.com\/es\/wp-json\/wp\/v2\/product_tag?post=3828"}],"curies":[{"name":"wp","href":"https:\/\/api.w.org\/{rel}","templated":true}]}}