{"id":3817,"date":"2022-05-18T15:10:14","date_gmt":"2022-05-18T14:10:14","guid":{"rendered":"https:\/\/lebronze-distribution.com\/product\/crm16-aleacion-de-cucrzr-de-alta-resistencia-y-alta-conductividad-c18150-rwma-clase-2\/"},"modified":"2025-02-17T13:30:34","modified_gmt":"2025-02-17T13:30:34","slug":"crm16-cucrzr-c18150-rwma-class-2","status":"publish","type":"product","link":"https:\/\/lebronze-distribution.com\/es\/producto\/crm16-cucrzr-c18150-rwma-class-2\/","title":{"rendered":"CRM16 | CuCrZr | C18150 | RWMA Clase 2: aleaci\u00f3n de cobre de alta resistencia y alta conductividad"},"content":{"rendered":"<h2><strong>CRM16 | CuCrZr | C18150 | RWMA Clase 2 propiedades clave<\/strong><\/h2>\n<p><strong>CRM16 | CuCrZr | C18150 | RWMA Clase 2<\/strong> es una aleaci\u00f3n de cobre-cromo-circonio de muy alta pureza.<\/p>\n<p><strong>CRM16 | CuCrZr | C18150 | RWMA Clase <\/strong>2 presenta una buena conductividad, una buena resistencia mec\u00e1nica y buenas propiedades t\u00e9rmicas, lo que lo hace adecuado para aplicaciones de soldadura.<\/p>\n<h2>CRM16 | CuCrZr | C18150 | Aplicaciones RWMA Clase 2<\/h2>\n<p><strong>Autom\u00f3viles<\/strong><\/p>\n<p><strong>CRM16 | CuCrZr | C18150 | RWMA Clase 2 <\/strong>es adecuado para formar electrodos de soldadura que se utilizar\u00e1n en la industria del autom\u00f3vil.<\/p>\n<p>Los electrodos de soldadura por puntos de <strong>CRM16 | CuCrZr | C18150 | RWMA Clase 2<\/strong> son la soluci\u00f3n est\u00e1ndar del mercado para la soldadura de acero revestido y no revestido.<\/p>\n<p><strong>Industria el\u00e9ctrica<\/strong><\/p>\n<p><strong>CRM16 | CuCrZr | C18150 | RWMA Clase 2 <\/strong>tambi\u00e9n se puede utilizar en barras de rotor y conectores.<\/p>\n<p><strong>Industria sider\u00fargica  <\/strong><\/p>\n<p><strong>CRM16 | CuCrZr | C18150 | RWMA Clase 2 <\/strong>puede utilizarse en ruedas de fundici\u00f3n y moldes de fundici\u00f3n.<\/p>\n","protected":false},"excerpt":{"rendered":"<p><strong>CRM16 | CuCrZr | C18150 | RWMA Clase 2<\/strong> es una aleaci\u00f3n de cobre-cromo-circonio con buena conductividad, buena resistencia mec\u00e1nica y buenas propiedades t\u00e9rmicas, lo que la hace adecuada para aplicaciones de soldadura. Esta aleaci\u00f3n cumple con las siguientes normas RWMA Clase 2, EN 12163, EN 12165, EN 12420, EN 12167, CW106C, CW105C, NFA 82100, DIN 17666 wn 2.1293, DIN 17672 y DIN 44759.<\/p>\n","protected":false},"featured_media":2057,"comment_status":"closed","ping_status":"closed","template":"","meta":{"_acf_changed":false,"_seopress_robots_primary_cat":"none","_seopress_titles_title":"CRM16 | CuCrZr | C18150 | RWMA Clase 2 - Distribuci\u00f3n Lebronze","_seopress_titles_desc":"","_seopress_robots_index":""},"product_brand":[],"product_cat":[152],"product_tag":[299,166,295,157,169,171,304,307,311,217,300,225,221,301],"class_list":{"0":"post-3817","1":"product","2":"type-product","3":"status-publish","4":"has-post-thumbnail","6":"product_cat-aleaciones-cucrzr","7":"product_tag-c18150-es","8":"product_tag-clase-2-de-la-rwma","9":"product_tag-crm16-es","10":"product_tag-cucrzr-es","11":"product_tag-cw105c-es","12":"product_tag-cw106c-es","13":"product_tag-din-17666-wn-2-1293-es","14":"product_tag-din-17672-es","15":"product_tag-din-44759-es","16":"product_tag-en-12163-es","17":"product_tag-en-12165-es","18":"product_tag-en-12167-es","19":"product_tag-en-12420-es","20":"product_tag-nfa-82100-es","22":"first","23":"outofstock","24":"shipping-taxable","25":"purchasable","26":"product-type-variable"},"acf":[],"_links":{"self":[{"href":"https:\/\/lebronze-distribution.com\/es\/wp-json\/wp\/v2\/product\/3817","targetHints":{"allow":["GET"]}}],"collection":[{"href":"https:\/\/lebronze-distribution.com\/es\/wp-json\/wp\/v2\/product"}],"about":[{"href":"https:\/\/lebronze-distribution.com\/es\/wp-json\/wp\/v2\/types\/product"}],"replies":[{"embeddable":true,"href":"https:\/\/lebronze-distribution.com\/es\/wp-json\/wp\/v2\/comments?post=3817"}],"wp:featuredmedia":[{"embeddable":true,"href":"https:\/\/lebronze-distribution.com\/es\/wp-json\/wp\/v2\/media\/2057"}],"wp:attachment":[{"href":"https:\/\/lebronze-distribution.com\/es\/wp-json\/wp\/v2\/media?parent=3817"}],"wp:term":[{"taxonomy":"product_brand","embeddable":true,"href":"https:\/\/lebronze-distribution.com\/es\/wp-json\/wp\/v2\/product_brand?post=3817"},{"taxonomy":"product_cat","embeddable":true,"href":"https:\/\/lebronze-distribution.com\/es\/wp-json\/wp\/v2\/product_cat?post=3817"},{"taxonomy":"product_tag","embeddable":true,"href":"https:\/\/lebronze-distribution.com\/es\/wp-json\/wp\/v2\/product_tag?post=3817"}],"curies":[{"name":"wp","href":"https:\/\/api.w.org\/{rel}","templated":true}]}}