{"id":3812,"date":"2022-06-30T10:23:07","date_gmt":"2022-06-30T09:23:07","guid":{"rendered":"https:\/\/lebronze-distribution.com\/product\/aleacion-de-cobre-de-alta-formabilidad-arcap-ap1c\/"},"modified":"2025-02-17T13:30:19","modified_gmt":"2025-02-17T13:30:19","slug":"arcap-ap1c","status":"publish","type":"product","link":"https:\/\/lebronze-distribution.com\/es\/producto\/arcap-ap1c\/","title":{"rendered":"Aleaci\u00f3n de cobre de alta formabilidad ARCAP\u00ae AP1C"},"content":{"rendered":"<h2>Propiedades principales de ARCAP\u00ae AP1C<\/h2>\n<p><strong>ARCAP\u00ae AP1C<\/strong> es una aleaci\u00f3n de cobre-n\u00edquel-cinc que presenta altas propiedades mec\u00e1nicas, gran elasticidad y conformabilidad, alta resistencia a la corrosi\u00f3n, estrictos controles de magnetismo, resistividad estable y gran facilidad de uso.<\/p>\n<p><strong>ARCAP\u00ae AP1C<\/strong> se utiliza principalmente para las piezas que van a someterse a un proceso de conformaci\u00f3n mediante torsi\u00f3n, doblado, remachado, engarzado, estampado, etc., y para cualquier tipo de soldadura, especialmente mediante soldadura l\u00e1ser.<\/p>\n<p><strong>ARCAP\u00ae AP1C<\/strong> suele ser la mejor soluci\u00f3n cuando se especifican requisitos de ausencia de plomo, junto con resistencia a la corrosi\u00f3n y propiedades magn\u00e9ticas.<\/p>\n<h2>Aplicaciones ARCAP\u00ae AP1C<\/h2>\n<p><strong>Electr\u00f3nica<\/strong><\/p>\n<p><strong>ARCAP\u00ae AP1C<\/strong> se utiliza para conectores de fibra \u00f3ptica, especialmente en entornos dif\u00edciles.<\/p>\n<p><strong>Marina<\/strong><\/p>\n<p><strong>ARCAP\u00ae AP1C <\/strong>es resistente a la corrosi\u00f3n: puede utilizarse en ambientes marinos.<\/p>\n<p><strong>Bienes de lujo y de consumo<\/strong><\/p>\n<p><strong>ARCAP\u00ae AP1C<\/strong> se utiliza en el lujo: puede transformarse en microcomponentes de relojer\u00eda.<\/p>\n","protected":false},"excerpt":{"rendered":"<p><strong>ARCAP\u00ae AP1C<\/strong> es una aleaci\u00f3n de cobre-n\u00edquel-cinc que presenta altas propiedades mec\u00e1nicas, gran elasticidad y conformabilidad, alta resistencia a la corrosi\u00f3n, estrictos controles de magnetismo, resistividad estable y gran facilidad de uso.<\/p>\n","protected":false},"featured_media":1603,"comment_status":"open","ping_status":"closed","template":"","meta":{"_acf_changed":false,"_seopress_robots_primary_cat":"none","_seopress_titles_title":"Aleaci\u00f3n de cobre de alta formabilidad ARCAP\u00ae AP1C ","_seopress_titles_desc":"","_seopress_robots_index":""},"product_brand":[],"product_cat":[211],"product_tag":[],"class_list":{"0":"post-3812","1":"product","2":"type-product","3":"status-publish","4":"has-post-thumbnail","6":"product_cat-arcap-es","8":"first","9":"instock","10":"shipping-taxable","11":"product-type-simple"},"acf":[],"_links":{"self":[{"href":"https:\/\/lebronze-distribution.com\/es\/wp-json\/wp\/v2\/product\/3812","targetHints":{"allow":["GET"]}}],"collection":[{"href":"https:\/\/lebronze-distribution.com\/es\/wp-json\/wp\/v2\/product"}],"about":[{"href":"https:\/\/lebronze-distribution.com\/es\/wp-json\/wp\/v2\/types\/product"}],"replies":[{"embeddable":true,"href":"https:\/\/lebronze-distribution.com\/es\/wp-json\/wp\/v2\/comments?post=3812"}],"wp:featuredmedia":[{"embeddable":true,"href":"https:\/\/lebronze-distribution.com\/es\/wp-json\/wp\/v2\/media\/1603"}],"wp:attachment":[{"href":"https:\/\/lebronze-distribution.com\/es\/wp-json\/wp\/v2\/media?parent=3812"}],"wp:term":[{"taxonomy":"product_brand","embeddable":true,"href":"https:\/\/lebronze-distribution.com\/es\/wp-json\/wp\/v2\/product_brand?post=3812"},{"taxonomy":"product_cat","embeddable":true,"href":"https:\/\/lebronze-distribution.com\/es\/wp-json\/wp\/v2\/product_cat?post=3812"},{"taxonomy":"product_tag","embeddable":true,"href":"https:\/\/lebronze-distribution.com\/es\/wp-json\/wp\/v2\/product_tag?post=3812"}],"curies":[{"name":"wp","href":"https:\/\/api.w.org\/{rel}","templated":true}]}}