{"id":3785,"date":"2022-04-08T12:52:57","date_gmt":"2022-04-08T11:52:57","guid":{"rendered":"https:\/\/lebronze-distribution.com\/product\/aleacion-de-cobre-de-alta-precision-arcap-ap1d\/"},"modified":"2025-02-17T13:30:36","modified_gmt":"2025-02-17T13:30:36","slug":"arcap-ap1d","status":"publish","type":"product","link":"https:\/\/lebronze-distribution.com\/es\/producto\/arcap-ap1d\/","title":{"rendered":"Aleaci\u00f3n de cobre de alta precisi\u00f3n ARCAP\u00ae AP1D"},"content":{"rendered":"<h2>Propiedades principales de ARCAP\u00ae AP1D<\/h2>\n<p><strong>ARCAP\u00ae AP1D <\/strong>es una aleaci\u00f3n de cobre-n\u00edquel-cinc que presenta altas propiedades mec\u00e1nicas, gran elasticidad y conformabilidad, alta resistencia a la corrosi\u00f3n, estrictos controles de magnetismo, resistividad estable y gran facilidad de uso.<\/p>\n<p>El grado <strong>ARCAP\u00ae AP1D<\/strong> ha sido creado especialmente para todo tipo de trabajos de mecanizado con una maquinabilidad mucho mejor que la de las aleaciones de acero inoxidable y sin compatibilidad qu\u00edmica (electr\u00f3lisis). Al contrario que el lat\u00f3n cuando se trata de un entorno duro, <strong>ARCAP\u00ae AP1D<\/strong> no necesita niquelado.<\/p>\n<p>La <strong>ARCAP\u00ae AP1D<\/strong> es extremadamente f\u00e1cil de mecanizar, lo que se refleja en sus velocidades de corte, sus excelentes acabados superficiales, la ausencia de rebabas en el taladrado y la reducci\u00f3n de las frecuencias de afilado.<\/p>\n<h2>Aplicaciones ARCAP\u00ae AP1D<\/h2>\n<p><strong>Electr\u00f3nica<\/strong><\/p>\n<p><strong>ARCAP\u00ae AP1D<\/strong> se utiliza para conectores de fibra \u00f3ptica, especialmente en entornos dif\u00edciles.<\/p>\n<p><strong>Marina<\/strong><\/p>\n<p><strong>ARCAP\u00ae AP1D <\/strong>es resistente a la corrosi\u00f3n: puede utilizarse en ambientes marinos.<\/p>\n<p><strong>Bienes de lujo y de consumo<\/strong><\/p>\n<p><strong>ARCAP\u00ae AP1D<\/strong> se utiliza en el lujo: puede transformarse en microcomponentes de relojer\u00eda.<\/p>\n","protected":false},"excerpt":{"rendered":"<p><strong>ARCAP\u00ae AP1D<\/strong> es una aleaci\u00f3n de cobre-n\u00edquel-zinc que presenta altas propiedades mec\u00e1nicas, alta elasticidad y formabilidad, alta resistencia a la corrosi\u00f3n, estrictos controles de magnetismo, resistividad estable y gran facilidad de uso.<\/p>\n<p> Anticorrosi\u00f3n, antimagnetismo y maquinabilidad<\/p>\n","protected":false},"featured_media":1603,"comment_status":"open","ping_status":"closed","template":"","meta":{"_acf_changed":false,"_seopress_robots_primary_cat":"none","_seopress_titles_title":"","_seopress_titles_desc":"","_seopress_robots_index":""},"product_brand":[],"product_cat":[211],"product_tag":[],"class_list":{"0":"post-3785","1":"product","2":"type-product","3":"status-publish","4":"has-post-thumbnail","6":"product_cat-arcap-es","8":"first","9":"instock","10":"shipping-taxable","11":"product-type-simple"},"acf":[],"_links":{"self":[{"href":"https:\/\/lebronze-distribution.com\/es\/wp-json\/wp\/v2\/product\/3785","targetHints":{"allow":["GET"]}}],"collection":[{"href":"https:\/\/lebronze-distribution.com\/es\/wp-json\/wp\/v2\/product"}],"about":[{"href":"https:\/\/lebronze-distribution.com\/es\/wp-json\/wp\/v2\/types\/product"}],"replies":[{"embeddable":true,"href":"https:\/\/lebronze-distribution.com\/es\/wp-json\/wp\/v2\/comments?post=3785"}],"wp:featuredmedia":[{"embeddable":true,"href":"https:\/\/lebronze-distribution.com\/es\/wp-json\/wp\/v2\/media\/1603"}],"wp:attachment":[{"href":"https:\/\/lebronze-distribution.com\/es\/wp-json\/wp\/v2\/media?parent=3785"}],"wp:term":[{"taxonomy":"product_brand","embeddable":true,"href":"https:\/\/lebronze-distribution.com\/es\/wp-json\/wp\/v2\/product_brand?post=3785"},{"taxonomy":"product_cat","embeddable":true,"href":"https:\/\/lebronze-distribution.com\/es\/wp-json\/wp\/v2\/product_cat?post=3785"},{"taxonomy":"product_tag","embeddable":true,"href":"https:\/\/lebronze-distribution.com\/es\/wp-json\/wp\/v2\/product_tag?post=3785"}],"curies":[{"name":"wp","href":"https:\/\/api.w.org\/{rel}","templated":true}]}}