{"id":3784,"date":"2022-05-23T11:12:54","date_gmt":"2022-05-23T10:12:54","guid":{"rendered":"https:\/\/lebronze-distribution.com\/product\/k7-aleacion-de-cobre-niquel-y-aluminio-para-el-sector-aeroespacial-cuni14al3fe1-ln9468\/"},"modified":"2025-02-17T13:30:33","modified_gmt":"2025-02-17T13:30:33","slug":"k7-cuni14al3fe1-wl-2-1504-ln-9468-copper-nickel-aluminum","status":"publish","type":"product","link":"https:\/\/lebronze-distribution.com\/es\/producto\/k7-cuni14al3fe1-wl-2-1504-ln-9468-copper-nickel-aluminum\/","title":{"rendered":"K7 | CuNi14Al3Fe1 | LN9468 &#8211; Aleaci\u00f3n de alto rendimiento de cobre, n\u00edquel y aluminio para el sector aeroespacial"},"content":{"rendered":"<h2>K7 | CuNi14Al3Fe1 | LN9468 propiedades principales<\/h2>\n<p><strong>K7 | CuNi14Al3Fe1 | LN9468<\/strong> es una aleaci\u00f3n de cobre-n\u00edquel-aluminio forjado CuNi14Al3Fe1 dise\u00f1ada para aplicaciones de alta resistencia y fiabilidad. No es magn\u00e9tico y resiste el desgaste mec\u00e1nico, el gripado y la corrosi\u00f3n marina. Se puede mecanizar f\u00e1cilmente en componentes complejos y es respetuoso con el medio ambiente, ya que no contiene plomo ni berilio.<\/p>\n<p><strong>K7 | CuNi14Al3Fe1 | LN9468<\/strong> se utiliza en la industria aeroespacial gracias a sus excelentes propiedades f\u00edsicas y mec\u00e1nicas en diversos componentes. Especialmente, <strong>K7 | CuNi14Al3Fe1 | LN9468<\/strong> puede utilizarse sin ninguna, o con una lubricaci\u00f3n limitada.<\/p>\n<h2>K7 | CuNi14Al3Fe1 | LN9468 Aplicaciones clave<\/h2>\n<p><strong>Aeroespacial<\/strong><\/p>\n<p><strong>K7 | CuNi14Al3Fe1 | LN9468 <\/strong>se utiliza en componentes de fuselaje sometidos a grandes esfuerzos.<\/p>\n<p><strong>K7 | CuNi14Al3Fe1 | LN9468 <\/strong>demuestra una excelente resistencia al desgaste metal-metal, por lo que es adecuado para los casquillos del tren de aterrizaje y los casquillos de los cojinetes.<\/p>\n<p><strong>K7 | CuNi14Al3Fe1 | LN9468<\/strong> tambi\u00e9n se utiliza en muchos otros sistemas, como bujes de sistemas de carga, puertas de aviones, manguitos de accionamiento, componentes de superficies de control, en muchos componentes mec\u00e1nicos y electromec\u00e1nicos.<\/p>\n<p><strong>K7 | CuNi14Al3Fe1 | LN9468<\/strong> tambi\u00e9n se utiliza en helic\u00f3pteros, para los sistemas de flaps y los casquillos.<\/p>\n","protected":false},"excerpt":{"rendered":"<p class=\"heading heading--md aos-init aos-animate\" data-aos=\"fade-right\"><strong>K7 | CuNi14Al3Fe1 | LN9468<\/strong> es una aleaci\u00f3n de cobre-n\u00edquel-aluminio forjado CuNi14Al3Fe1 dise\u00f1ada para aplicaciones de alta resistencia y fiabilidad.<\/p>\n","protected":false},"featured_media":2225,"comment_status":"open","ping_status":"closed","template":"","meta":{"_acf_changed":false,"_seopress_robots_primary_cat":"none","_seopress_titles_title":"K7 | CuNi14Al3Fe1 | LN9468 | Cobre N\u00edquel Aluminio","_seopress_titles_desc":"","_seopress_robots_index":""},"product_brand":[],"product_cat":[207],"product_tag":[208,214,209,210],"class_list":{"0":"post-3784","1":"product","2":"type-product","3":"status-publish","4":"has-post-thumbnail","6":"product_cat-aleaciones-de-cobre-niquel-y-bronce","7":"product_tag-cuni14al3fe1-es","8":"product_tag-din-2-1504-es","9":"product_tag-ln-9468-es","10":"product_tag-wl-2-1504-es","12":"first","13":"instock","14":"shipping-taxable","15":"product-type-simple"},"acf":[],"_links":{"self":[{"href":"https:\/\/lebronze-distribution.com\/es\/wp-json\/wp\/v2\/product\/3784","targetHints":{"allow":["GET"]}}],"collection":[{"href":"https:\/\/lebronze-distribution.com\/es\/wp-json\/wp\/v2\/product"}],"about":[{"href":"https:\/\/lebronze-distribution.com\/es\/wp-json\/wp\/v2\/types\/product"}],"replies":[{"embeddable":true,"href":"https:\/\/lebronze-distribution.com\/es\/wp-json\/wp\/v2\/comments?post=3784"}],"wp:featuredmedia":[{"embeddable":true,"href":"https:\/\/lebronze-distribution.com\/es\/wp-json\/wp\/v2\/media\/2225"}],"wp:attachment":[{"href":"https:\/\/lebronze-distribution.com\/es\/wp-json\/wp\/v2\/media?parent=3784"}],"wp:term":[{"taxonomy":"product_brand","embeddable":true,"href":"https:\/\/lebronze-distribution.com\/es\/wp-json\/wp\/v2\/product_brand?post=3784"},{"taxonomy":"product_cat","embeddable":true,"href":"https:\/\/lebronze-distribution.com\/es\/wp-json\/wp\/v2\/product_cat?post=3784"},{"taxonomy":"product_tag","embeddable":true,"href":"https:\/\/lebronze-distribution.com\/es\/wp-json\/wp\/v2\/product_tag?post=3784"}],"curies":[{"name":"wp","href":"https:\/\/api.w.org\/{rel}","templated":true}]}}