{"id":3778,"date":"2022-07-11T10:45:24","date_gmt":"2022-07-11T09:45:24","guid":{"rendered":"https:\/\/lebronze-distribution.com\/product\/ncs-aerospace-niquel-aluminio-bronce-c63020-cual11ni5fe5-ams-4590-astm-b-150-cw308g\/"},"modified":"2025-02-17T13:30:12","modified_gmt":"2025-02-17T13:30:12","slug":"ncs-c63020-cuni11al5fe5-ams4590-cw308g","status":"publish","type":"product","link":"https:\/\/lebronze-distribution.com\/es\/producto\/ncs-c63020-cuni11al5fe5-ams4590-cw308g\/","title":{"rendered":"NCS | C63020 | CuAl11Ni5Fe5 | AM 4590 | ASTM B 150 | CW308G &#8211; Bronce de n\u00edquel aluminio aeroespacial"},"content":{"rendered":"<h2>NCS | C63020 | CuAl11Ni5Fe5 | AMS 4590 propiedades clave<\/h2>\n<p><strong>NCS | C63020 | CuAl11Ni5Fe5 | AMS4590<\/strong> es una aleaci\u00f3n de n\u00edquel-aluminio-bronce de alto rendimiento y dos fases. Presenta elevadas propiedades mec\u00e1nicas, as\u00ed como grandes propiedades superficiales.<\/p>\n<p><strong>NCS | C63020 | CuAl11Ni5Fe5 | AMS4590<\/strong> tambi\u00e9n demuestra una excelente resistencia a la oxidaci\u00f3n y la corrosi\u00f3n, incluso en zonas de niebla salina.<\/p>\n<h2>NCS | C63020 | CuAl11Ni5Fe5 | AMS 4590 aplicaciones clave<\/h2>\n<p><strong>Aeroespacial<\/strong><\/p>\n<p><strong>NCS | C63020 | CuAl11Ni5Fe5 | AMS 4590<\/strong> puede transformarse en anillos para la industria aeroespacial. Es el material ideal para los casquillos y cojinetes de los trenes de aterrizaje.<\/p>\n<p><strong>NCS | C63020 | CuAl11Ni5Fe5 | AMS 4590<\/strong> tambi\u00e9n pueden utilizarse como piezas mec\u00e1nicas.<\/p>\n<p><strong>Industria hidr\u00e1ulica<\/strong><\/p>\n<p><strong>NCS | C63020 | CuAl11Ni5Fe5 | AMS 4590<\/strong> pueden utilizarse como bloques de bomba.<\/p>\n","protected":false},"excerpt":{"rendered":"<p><strong>NCS | AMS 4590 | CuAl11Ni5Fe5 | CW 308G<\/strong> es una aleaci\u00f3n de n\u00edquel-aluminio-bronce de alto rendimiento y dos fases. Cumple con las siguientes normas C63020, ASTM B150, AMS 4590, NFA 51-116, NFL 14-706, DIN 17665 WN 20978, DIN 17672 WN 20978, EN 12167, EN 12163, EN 12420 y CW308G.<\/p>\n","protected":false},"featured_media":6696,"comment_status":"closed","ping_status":"closed","template":"","meta":{"_acf_changed":false,"_seopress_robots_primary_cat":"none","_seopress_titles_title":"NCS | C63020 | CuAl11Ni5Fe5 | AM 4590 | ASTM B 150 | CW308G","_seopress_titles_desc":"","_seopress_robots_index":""},"product_brand":[],"product_cat":[198],"product_tag":[199,205,204,202,203,200,201,206],"class_list":{"0":"post-3778","1":"product","2":"type-product","3":"status-publish","4":"has-post-thumbnail","6":"product_cat-aleaciones-de-niquel-aluminio-bronce","7":"product_tag-ams-4590-es","8":"product_tag-cuni11al5fe5-es","9":"product_tag-cw308g-es","10":"product_tag-din-17665-wn-20978-es","11":"product_tag-din-17672-wn-20978-es","12":"product_tag-nfa-51-116-es","13":"product_tag-nfl-14-706-es","14":"product_tag-niquel-aluminio-bronce","16":"first","17":"instock","18":"shipping-taxable","19":"product-type-simple"},"acf":[],"_links":{"self":[{"href":"https:\/\/lebronze-distribution.com\/es\/wp-json\/wp\/v2\/product\/3778","targetHints":{"allow":["GET"]}}],"collection":[{"href":"https:\/\/lebronze-distribution.com\/es\/wp-json\/wp\/v2\/product"}],"about":[{"href":"https:\/\/lebronze-distribution.com\/es\/wp-json\/wp\/v2\/types\/product"}],"replies":[{"embeddable":true,"href":"https:\/\/lebronze-distribution.com\/es\/wp-json\/wp\/v2\/comments?post=3778"}],"wp:featuredmedia":[{"embeddable":true,"href":"https:\/\/lebronze-distribution.com\/es\/wp-json\/wp\/v2\/media\/6696"}],"wp:attachment":[{"href":"https:\/\/lebronze-distribution.com\/es\/wp-json\/wp\/v2\/media?parent=3778"}],"wp:term":[{"taxonomy":"product_brand","embeddable":true,"href":"https:\/\/lebronze-distribution.com\/es\/wp-json\/wp\/v2\/product_brand?post=3778"},{"taxonomy":"product_cat","embeddable":true,"href":"https:\/\/lebronze-distribution.com\/es\/wp-json\/wp\/v2\/product_cat?post=3778"},{"taxonomy":"product_tag","embeddable":true,"href":"https:\/\/lebronze-distribution.com\/es\/wp-json\/wp\/v2\/product_tag?post=3778"}],"curies":[{"name":"wp","href":"https:\/\/api.w.org\/{rel}","templated":true}]}}