{"id":7118,"date":"2024-04-02T09:37:02","date_gmt":"2024-04-02T08:37:02","guid":{"rendered":"https:\/\/lebronze-distribution.com\/aleaciones-de-cobre-niquel-y-silicio\/"},"modified":"2024-12-17T13:32:26","modified_gmt":"2024-12-17T13:32:26","slug":"aleaciones-de-cobre-niquel-y-silicio","status":"publish","type":"page","link":"https:\/\/lebronze-distribution.com\/es\/aleaciones-de-cobre-niquel-y-silicio\/","title":{"rendered":"Aleaciones de cobre, n\u00edquel y silicio."},"content":{"rendered":"\t\t<div data-elementor-type=\"wp-page\" data-elementor-id=\"7118\" class=\"elementor elementor-7118 elementor-7107\" data-elementor-post-type=\"page\">\n\t\t\t\t\t\t<section class=\"elementor-section elementor-top-section elementor-element elementor-element-d5c8e68 elementor-section-boxed elementor-section-height-default elementor-section-height-default\" data-id=\"d5c8e68\" data-element_type=\"section\" data-e-type=\"section\" data-settings=\"{&quot;jet_parallax_layout_list&quot;:[],&quot;background_background&quot;:&quot;classic&quot;}\">\n\t\t\t\t\t\t\t<div class=\"elementor-background-overlay\"><\/div>\n\t\t\t\t\t\t\t<div class=\"elementor-container elementor-column-gap-default\">\n\t\t\t\t\t<div class=\"elementor-column elementor-col-100 elementor-top-column elementor-element elementor-element-51b7914\" data-id=\"51b7914\" data-element_type=\"column\" data-e-type=\"column\">\n\t\t\t<div class=\"elementor-widget-wrap elementor-element-populated\">\n\t\t\t\t\t\t<div class=\"elementor-element elementor-element-96d4c62 elementor-widget elementor-widget-heading\" data-id=\"96d4c62\" data-element_type=\"widget\" data-e-type=\"widget\" data-widget_type=\"heading.default\">\n\t\t\t\t<div class=\"elementor-widget-container\">\n\t\t\t\t\t<h1 class=\"elementor-heading-title elementor-size-default\">Aleaciones de cobre, n\u00edquel y silicio<\/h1>\t\t\t\t<\/div>\n\t\t\t\t<\/div>\n\t\t\t\t\t<\/div>\n\t\t<\/div>\n\t\t\t\t\t<\/div>\n\t\t<\/section>\n\t\t\t\t<section class=\"elementor-section elementor-top-section elementor-element elementor-element-0ce0232 elementor-section-full_width elementor-section-height-default elementor-section-height-default\" data-id=\"0ce0232\" data-element_type=\"section\" data-e-type=\"section\" data-settings=\"{&quot;jet_parallax_layout_list&quot;:[]}\">\n\t\t\t\t\t\t<div class=\"elementor-container elementor-column-gap-default\">\n\t\t\t\t\t<div class=\"elementor-column elementor-col-100 elementor-top-column elementor-element elementor-element-5b1838b\" data-id=\"5b1838b\" data-element_type=\"column\" data-e-type=\"column\">\n\t\t\t<div class=\"elementor-widget-wrap elementor-element-populated\">\n\t\t\t\t\t\t<div class=\"elementor-element elementor-element-0b6c58b elementor-product-loop-item--align-left elementor-grid-mobile-1 elementor-grid-4 elementor-grid-tablet-3 elementor-products-grid elementor-wc-products elementor-show-pagination-border-yes elementor-widget elementor-widget-woocommerce-products\" data-id=\"0b6c58b\" data-element_type=\"widget\" data-e-type=\"widget\" data-widget_type=\"woocommerce-products.default\">\n\t\t\t\t<div class=\"elementor-widget-container\">\n\t\t\t\t\t<div class=\"woocommerce columns-4 \"><div class=\"woocommerce-notices-wrapper\"><\/div><p class=\"woocommerce-result-count\" role=\"alert\" aria-relevant=\"all\" >\n\tMostrando los 3 resultados<\/p>\n<ul class=\"products elementor-grid columns-4\">\n<li class=\"product type-product post-6709 status-publish first instock product_cat-cobre-niquel-aleaciones-de-silicio has-post-thumbnail shipping-taxable product-type-simple\">\n\t<a href=\"https:\/\/lebronze-distribution.com\/es\/producto\/ns30-cuni7si2cr1-alta-conductividad-termica-y-aleacion-de-alta-resistencia\/\" class=\"woocommerce-LoopProduct-link woocommerce-loop-product__link\"><img fetchpriority=\"high\" decoding=\"async\" width=\"300\" height=\"300\" src=\"https:\/\/lebronze-distribution.com\/wp-content\/uploads\/2024\/02\/BARS-02-300x300.jpg\" class=\"attachment-woocommerce_thumbnail size-woocommerce_thumbnail\" alt=\"NS30 | CuNi7Si2Cr | Aleaci\u00f3n de cobre, n\u00edquel y silicio de alta conductividad t\u00e9rmica y alta resistencia | Aleaciones Lebronze\" srcset=\"https:\/\/lebronze-distribution.com\/wp-content\/uploads\/2024\/02\/BARS-02-300x300.jpg 300w, https:\/\/lebronze-distribution.com\/wp-content\/uploads\/2024\/02\/BARS-02-150x150.jpg 150w, https:\/\/lebronze-distribution.com\/wp-content\/uploads\/2024\/02\/BARS-02-100x100.jpg 100w\" sizes=\"(max-width: 300px) 100vw, 300px\" \/><h2 class=\"woocommerce-loop-product__title\">NS30 | CuNi7Si2Cr1 | Aleaci\u00f3n de cobre, n\u00edquel y silicio de alta conductividad t\u00e9rmica y alta resistencia<\/h2>\n<\/a><\/li>\n<li class=\"product type-product post-6717 status-publish instock product_cat-cobre-niquel-aleaciones-de-silicio has-post-thumbnail shipping-taxable product-type-simple\">\n\t<a href=\"https:\/\/lebronze-distribution.com\/es\/producto\/ns5-cuni2si-cuni3si-cw111c-aleaciones-de-cobre-niquel-y-silicio-de-alta-resistencia\/\" class=\"woocommerce-LoopProduct-link woocommerce-loop-product__link\"><img fetchpriority=\"high\" decoding=\"async\" width=\"300\" height=\"300\" src=\"https:\/\/lebronze-distribution.com\/wp-content\/uploads\/2024\/02\/BARS-02-300x300.jpg\" class=\"attachment-woocommerce_thumbnail size-woocommerce_thumbnail\" alt=\"NS30 | CuNi7Si2Cr | Aleaci\u00f3n de cobre, n\u00edquel y silicio de alta conductividad t\u00e9rmica y alta resistencia | Aleaciones Lebronze\" srcset=\"https:\/\/lebronze-distribution.com\/wp-content\/uploads\/2024\/02\/BARS-02-300x300.jpg 300w, https:\/\/lebronze-distribution.com\/wp-content\/uploads\/2024\/02\/BARS-02-150x150.jpg 150w, https:\/\/lebronze-distribution.com\/wp-content\/uploads\/2024\/02\/BARS-02-100x100.jpg 100w\" sizes=\"(max-width: 300px) 100vw, 300px\" \/><h2 class=\"woocommerce-loop-product__title\">NS5 | CuNi2Si | CW111C | 2.0855 | DTD 498 | Aleaci\u00f3n de cobre, n\u00edquel y silicio de alta resistencia<\/h2>\n<\/a><\/li>\n<li class=\"product type-product post-6803 status-publish instock product_cat-cobre-niquel-aleaciones-de-silicio has-post-thumbnail shipping-taxable product-type-simple\">\n\t<a href=\"https:\/\/lebronze-distribution.com\/es\/producto\/ns6-cuni3si-c18000-aleacion-de-cobre-niquel-y-silicio-de-altas-propiedades-mecanicas\/\" class=\"woocommerce-LoopProduct-link woocommerce-loop-product__link\"><img fetchpriority=\"high\" decoding=\"async\" width=\"300\" height=\"300\" src=\"https:\/\/lebronze-distribution.com\/wp-content\/uploads\/2024\/02\/BARS-02-300x300.jpg\" class=\"attachment-woocommerce_thumbnail size-woocommerce_thumbnail\" alt=\"NS30 | CuNi7Si2Cr | Aleaci\u00f3n de cobre, n\u00edquel y silicio de alta conductividad t\u00e9rmica y alta resistencia | Aleaciones Lebronze\" srcset=\"https:\/\/lebronze-distribution.com\/wp-content\/uploads\/2024\/02\/BARS-02-300x300.jpg 300w, https:\/\/lebronze-distribution.com\/wp-content\/uploads\/2024\/02\/BARS-02-150x150.jpg 150w, https:\/\/lebronze-distribution.com\/wp-content\/uploads\/2024\/02\/BARS-02-100x100.jpg 100w\" sizes=\"(max-width: 300px) 100vw, 300px\" \/><h2 class=\"woocommerce-loop-product__title\">NS6 | CuNi3Si | C18000 | Aleaci\u00f3n de cobre, n\u00edquel y silicio de altas propiedades mec\u00e1nicas.<\/h2>\n<\/a><\/li>\n<\/ul>\n<\/div>\t\t\t\t<\/div>\n\t\t\t\t<\/div>\n\t\t\t\t\t<\/div>\n\t\t<\/div>\n\t\t\t\t\t<\/div>\n\t\t<\/section>\n\t\t\t\t<\/div>\n\t\t","protected":false},"excerpt":{"rendered":"<p>Aleaciones de cobre, n\u00edquel y silicio<\/p>\n","protected":false},"author":23,"featured_media":0,"parent":0,"menu_order":0,"comment_status":"closed","ping_status":"closed","template":"elementor_header_footer","meta":{"_acf_changed":false,"_seopress_robots_primary_cat":"","_seopress_titles_title":"","_seopress_titles_desc":"","_seopress_robots_index":"","footnotes":""},"class_list":["post-7118","page","type-page","status-publish","hentry"],"acf":[],"_links":{"self":[{"href":"https:\/\/lebronze-distribution.com\/es\/wp-json\/wp\/v2\/pages\/7118","targetHints":{"allow":["GET"]}}],"collection":[{"href":"https:\/\/lebronze-distribution.com\/es\/wp-json\/wp\/v2\/pages"}],"about":[{"href":"https:\/\/lebronze-distribution.com\/es\/wp-json\/wp\/v2\/types\/page"}],"author":[{"embeddable":true,"href":"https:\/\/lebronze-distribution.com\/es\/wp-json\/wp\/v2\/users\/23"}],"replies":[{"embeddable":true,"href":"https:\/\/lebronze-distribution.com\/es\/wp-json\/wp\/v2\/comments?post=7118"}],"version-history":[{"count":4,"href":"https:\/\/lebronze-distribution.com\/es\/wp-json\/wp\/v2\/pages\/7118\/revisions"}],"predecessor-version":[{"id":8110,"href":"https:\/\/lebronze-distribution.com\/es\/wp-json\/wp\/v2\/pages\/7118\/revisions\/8110"}],"wp:attachment":[{"href":"https:\/\/lebronze-distribution.com\/es\/wp-json\/wp\/v2\/media?parent=7118"}],"curies":[{"name":"wp","href":"https:\/\/api.w.org\/{rel}","templated":true}]}}