{"id":3775,"date":"2022-07-21T16:35:56","date_gmt":"2022-07-21T15:35:56","guid":{"rendered":"https:\/\/lebronze-distribution.com\/aleaciones-de-cobre-niquel-y-bronce\/"},"modified":"2026-03-23T14:05:17","modified_gmt":"2026-03-23T14:05:17","slug":"aleaciones-de-cobre-niquel-y-bronce","status":"publish","type":"page","link":"https:\/\/lebronze-distribution.com\/es\/aleaciones-de-cobre-niquel-y-bronce\/","title":{"rendered":"Aleaciones de cobre, n\u00edquel y bronce"},"content":{"rendered":"\t\t<div data-elementor-type=\"wp-page\" data-elementor-id=\"3775\" class=\"elementor elementor-3775 elementor-2443\" data-elementor-post-type=\"page\">\n\t\t\t\t\t\t<section class=\"elementor-section elementor-top-section elementor-element elementor-element-f2a44c7 elementor-section-boxed elementor-section-height-default elementor-section-height-default\" data-id=\"f2a44c7\" data-element_type=\"section\" data-e-type=\"section\" data-settings=\"{&quot;jet_parallax_layout_list&quot;:[],&quot;background_background&quot;:&quot;classic&quot;}\">\n\t\t\t\t\t\t\t<div class=\"elementor-background-overlay\"><\/div>\n\t\t\t\t\t\t\t<div class=\"elementor-container elementor-column-gap-default\">\n\t\t\t\t\t<div class=\"elementor-column elementor-col-100 elementor-top-column elementor-element elementor-element-754eae7\" data-id=\"754eae7\" data-element_type=\"column\" data-e-type=\"column\">\n\t\t\t<div class=\"elementor-widget-wrap elementor-element-populated\">\n\t\t\t\t\t\t<div class=\"elementor-element elementor-element-9b52ffe elementor-widget elementor-widget-heading\" data-id=\"9b52ffe\" data-element_type=\"widget\" data-e-type=\"widget\" data-widget_type=\"heading.default\">\n\t\t\t\t<div class=\"elementor-widget-container\">\n\t\t\t\t\t<h1 class=\"elementor-heading-title elementor-size-default\">Aleaciones de cobre n\u00edquel bronce<\/h1>\t\t\t\t<\/div>\n\t\t\t\t<\/div>\n\t\t\t\t\t<\/div>\n\t\t<\/div>\n\t\t\t\t\t<\/div>\n\t\t<\/section>\n\t\t\t\t<section class=\"elementor-section elementor-top-section elementor-element elementor-element-0ce0232 elementor-section-full_width elementor-section-height-default elementor-section-height-default\" data-id=\"0ce0232\" data-element_type=\"section\" data-e-type=\"section\" data-settings=\"{&quot;jet_parallax_layout_list&quot;:[]}\">\n\t\t\t\t\t\t<div class=\"elementor-container elementor-column-gap-default\">\n\t\t\t\t\t<div class=\"elementor-column elementor-col-100 elementor-top-column elementor-element elementor-element-5b1838b\" data-id=\"5b1838b\" data-element_type=\"column\" data-e-type=\"column\">\n\t\t\t<div class=\"elementor-widget-wrap elementor-element-populated\">\n\t\t\t\t\t\t<div class=\"elementor-element elementor-element-0b6c58b elementor-product-loop-item--align-left elementor-grid-mobile-1 elementor-grid-4 elementor-grid-tablet-3 elementor-products-grid elementor-wc-products elementor-show-pagination-border-yes elementor-widget elementor-widget-woocommerce-products\" data-id=\"0b6c58b\" data-element_type=\"widget\" data-e-type=\"widget\" data-widget_type=\"woocommerce-products.default\">\n\t\t\t\t<div class=\"elementor-widget-container\">\n\t\t\t\t\t<div class=\"woocommerce columns-4 \"><div class=\"woocommerce-notices-wrapper\"><\/div><p class=\"woocommerce-result-count\" role=\"alert\" aria-relevant=\"all\" >\n\tMostrando los 5 resultados<\/p>\n<ul class=\"products elementor-grid columns-4\">\n<li class=\"product type-product post-3841 status-publish first instock product_cat-aleaciones-de-cobre-niquel-y-bronce product_tag-cobre-niquel-aluminio product_tag-cuni14mn4al2-es product_tag-def-stan-02-835-es product_tag-nes835-es has-post-thumbnail shipping-taxable product-type-simple\">\n\t<a href=\"https:\/\/lebronze-distribution.com\/es\/producto\/k5b-cuni14mn4al2-def-stan-02-835\/\" class=\"woocommerce-LoopProduct-link woocommerce-loop-product__link\"><img fetchpriority=\"high\" decoding=\"async\" width=\"300\" height=\"300\" src=\"https:\/\/lebronze-distribution.com\/wp-content\/uploads\/2022\/05\/CuNi14Al3Fe1-WL-2.1504-Copper-Nickel-Aluminum-300x300.jpg\" class=\"attachment-woocommerce_thumbnail size-woocommerce_thumbnail\" alt=\"Aluminio N\u00edquel Cobre - Cu Ni Al - CuNi14Al2 - CuNi14Al3| Aleaciones Lebronze\" srcset=\"https:\/\/lebronze-distribution.com\/wp-content\/uploads\/2022\/05\/CuNi14Al3Fe1-WL-2.1504-Copper-Nickel-Aluminum-300x300.jpg 300w, https:\/\/lebronze-distribution.com\/wp-content\/uploads\/2022\/05\/CuNi14Al3Fe1-WL-2.1504-Copper-Nickel-Aluminum-150x150.jpg 150w, https:\/\/lebronze-distribution.com\/wp-content\/uploads\/2022\/05\/CuNi14Al3Fe1-WL-2.1504-Copper-Nickel-Aluminum-100x100.jpg 100w\" sizes=\"(max-width: 300px) 100vw, 300px\" \/><h2 class=\"woocommerce-loop-product__title\">K5B | CuNi14Mn4Al2 | DEF STAN 02-835 &#8211; Aleaci\u00f3n de aluminio cobre-n\u00edquel<\/h2>\n<\/a><\/li>\n<li class=\"product type-product post-3801 status-publish instock product_cat-aleaciones-de-cobre-niquel-y-bronce product_tag-cuni14al3-es product_tag-gam-mm11-es product_tag-nfl14702-es product_tag-x316-es has-post-thumbnail shipping-taxable product-type-simple\">\n\t<a href=\"https:\/\/lebronze-distribution.com\/es\/producto\/k5-cuni14al3-nfl14702-aluminum-nickel-copper-alloy\/\" class=\"woocommerce-LoopProduct-link woocommerce-loop-product__link\"><img decoding=\"async\" width=\"300\" height=\"300\" src=\"https:\/\/lebronze-distribution.com\/wp-content\/uploads\/2022\/04\/WL-2.1504-CuNi14Al3Fe1-Copper-Nickel-Aluminum-300x300.jpg\" class=\"attachment-woocommerce_thumbnail size-woocommerce_thumbnail\" alt=\"Aluminio N\u00edquel Cobre - Cu Ni Al - CuNi14Al2 - CuNi14Al3| Aleaciones Lebronze\" srcset=\"https:\/\/lebronze-distribution.com\/wp-content\/uploads\/2022\/04\/WL-2.1504-CuNi14Al3Fe1-Copper-Nickel-Aluminum-300x300.jpg 300w, https:\/\/lebronze-distribution.com\/wp-content\/uploads\/2022\/04\/WL-2.1504-CuNi14Al3Fe1-Copper-Nickel-Aluminum-150x150.jpg 150w, https:\/\/lebronze-distribution.com\/wp-content\/uploads\/2022\/04\/WL-2.1504-CuNi14Al3Fe1-Copper-Nickel-Aluminum-100x100.jpg 100w\" sizes=\"(max-width: 300px) 100vw, 300px\" \/><h2 class=\"woocommerce-loop-product__title\">K5 | CuNi14Al3 | NFL14702 &#8211; Aleaci\u00f3n de aluminio cobre-n\u00edquel<\/h2>\n<\/a><\/li>\n<li class=\"product type-product post-3854 status-publish instock product_cat-aleaciones-de-cobre-niquel-y-bronce product_tag-cuni14al3fe1-es product_tag-din-2-1504-es product_tag-dtd-900-4805-es product_tag-wl-2-1504-es has-post-thumbnail shipping-taxable product-type-simple\">\n\t<a href=\"https:\/\/lebronze-distribution.com\/es\/producto\/cuni14al3fe1-wl-2-1504-cobre-niquel-aluminio-aleaciones-de-bronce\/\" class=\"woocommerce-LoopProduct-link woocommerce-loop-product__link\"><img decoding=\"async\" width=\"300\" height=\"300\" src=\"https:\/\/lebronze-distribution.com\/wp-content\/uploads\/2022\/05\/Illustration-Hardibron-300x300.png\" class=\"attachment-woocommerce_thumbnail size-woocommerce_thumbnail\" alt=\"CuNi14Al3Fe1 - WL 2.1504 - Aleaciones de Cobre N\u00edquel Aluminio | Lebronze\" srcset=\"https:\/\/lebronze-distribution.com\/wp-content\/uploads\/2022\/05\/Illustration-Hardibron-300x300.png 300w, https:\/\/lebronze-distribution.com\/wp-content\/uploads\/2022\/05\/Illustration-Hardibron-150x150.png 150w, https:\/\/lebronze-distribution.com\/wp-content\/uploads\/2022\/05\/Illustration-Hardibron-768x768.png 768w, https:\/\/lebronze-distribution.com\/wp-content\/uploads\/2022\/05\/Illustration-Hardibron-600x600.png 600w, https:\/\/lebronze-distribution.com\/wp-content\/uploads\/2022\/05\/Illustration-Hardibron-100x100.png 100w, https:\/\/lebronze-distribution.com\/wp-content\/uploads\/2022\/05\/Illustration-Hardibron.png 833w\" sizes=\"(max-width: 300px) 100vw, 300px\" \/><h2 class=\"woocommerce-loop-product__title\">Hardibron\u00ae | CuNi14Al3Fe1 | WL 2.1504 &#8211; Aleaci\u00f3n de alto rendimiento de cobre, n\u00edquel y aluminio para petr\u00f3leo y gas<\/h2>\n<\/a><\/li>\n<li class=\"product type-product post-3863 status-publish last instock product_cat-aleaciones-de-cobre-niquel-y-bronce product_tag-asna-6127-es product_tag-cuni14al3-es product_tag-gam-mm11-es product_tag-x316-es has-post-thumbnail shipping-taxable product-type-simple\">\n\t<a href=\"https:\/\/lebronze-distribution.com\/es\/producto\/k5-k5b-aleaciones-especiales-de-cobre-niquel-aluminio\/\" class=\"woocommerce-LoopProduct-link woocommerce-loop-product__link\"><img decoding=\"async\" width=\"300\" height=\"300\" src=\"https:\/\/lebronze-distribution.com\/wp-content\/uploads\/2022\/04\/WL-2.1504-CuNi14Al3Fe1-Copper-Nickel-Aluminum-300x300.jpg\" class=\"attachment-woocommerce_thumbnail size-woocommerce_thumbnail\" alt=\"Aluminio N\u00edquel Cobre - Cu Ni Al - CuNi14Al2 - CuNi14Al3| Aleaciones Lebronze\" srcset=\"https:\/\/lebronze-distribution.com\/wp-content\/uploads\/2022\/04\/WL-2.1504-CuNi14Al3Fe1-Copper-Nickel-Aluminum-300x300.jpg 300w, https:\/\/lebronze-distribution.com\/wp-content\/uploads\/2022\/04\/WL-2.1504-CuNi14Al3Fe1-Copper-Nickel-Aluminum-150x150.jpg 150w, https:\/\/lebronze-distribution.com\/wp-content\/uploads\/2022\/04\/WL-2.1504-CuNi14Al3Fe1-Copper-Nickel-Aluminum-100x100.jpg 100w\" sizes=\"(max-width: 300px) 100vw, 300px\" \/><h2 class=\"woocommerce-loop-product__title\">K5 | CuNi14Al3 | ASNA 6127 &#8211; Aleaci\u00f3n de aluminio cobre-n\u00edquel<\/h2>\n<\/a><\/li>\n<li class=\"product type-product post-3784 status-publish first instock product_cat-aleaciones-de-cobre-niquel-y-bronce product_tag-cuni14al3fe1-es product_tag-din-2-1504-es product_tag-ln-9468-es product_tag-wl-2-1504-es has-post-thumbnail shipping-taxable product-type-simple\">\n\t<a href=\"https:\/\/lebronze-distribution.com\/es\/producto\/k7-cuni14al3fe1-wl-2-1504-ln-9468-copper-nickel-aluminum\/\" class=\"woocommerce-LoopProduct-link woocommerce-loop-product__link\"><img loading=\"lazy\" decoding=\"async\" width=\"300\" height=\"300\" src=\"https:\/\/lebronze-distribution.com\/wp-content\/uploads\/2022\/05\/Illustration-K7-300x300.png\" class=\"attachment-woocommerce_thumbnail size-woocommerce_thumbnail\" alt=\"CuNi14Al3Fe1 - WL 2.1504 - Aleaciones de Cobre N\u00edquel Aluminio | Lebronze\" srcset=\"https:\/\/lebronze-distribution.com\/wp-content\/uploads\/2022\/05\/Illustration-K7-300x300.png 300w, https:\/\/lebronze-distribution.com\/wp-content\/uploads\/2022\/05\/Illustration-K7-150x150.png 150w, https:\/\/lebronze-distribution.com\/wp-content\/uploads\/2022\/05\/Illustration-K7-768x768.png 768w, https:\/\/lebronze-distribution.com\/wp-content\/uploads\/2022\/05\/Illustration-K7-600x600.png 600w, https:\/\/lebronze-distribution.com\/wp-content\/uploads\/2022\/05\/Illustration-K7-100x100.png 100w, https:\/\/lebronze-distribution.com\/wp-content\/uploads\/2022\/05\/Illustration-K7.png 833w\" sizes=\"(max-width: 300px) 100vw, 300px\" \/><h2 class=\"woocommerce-loop-product__title\">K7 | CuNi14Al3Fe1 | LN9468 &#8211; Aleaci\u00f3n de alto rendimiento de cobre, n\u00edquel y aluminio para el sector aeroespacial<\/h2>\n<\/a><\/li>\n<\/ul>\n<\/div>\t\t\t\t<\/div>\n\t\t\t\t<\/div>\n\t\t\t\t\t<\/div>\n\t\t<\/div>\n\t\t\t\t\t<\/div>\n\t\t<\/section>\n\t\t\t\t<\/div>\n\t\t","protected":false},"excerpt":{"rendered":"<p>Aleaciones de cobre n\u00edquel bronce<\/p>\n","protected":false},"author":1,"featured_media":0,"parent":0,"menu_order":0,"comment_status":"closed","ping_status":"closed","template":"elementor_header_footer","meta":{"_acf_changed":false,"_seopress_robots_primary_cat":"","_seopress_titles_title":"","_seopress_titles_desc":"","_seopress_robots_index":"","footnotes":""},"class_list":["post-3775","page","type-page","status-publish","hentry"],"acf":[],"_links":{"self":[{"href":"https:\/\/lebronze-distribution.com\/es\/wp-json\/wp\/v2\/pages\/3775","targetHints":{"allow":["GET"]}}],"collection":[{"href":"https:\/\/lebronze-distribution.com\/es\/wp-json\/wp\/v2\/pages"}],"about":[{"href":"https:\/\/lebronze-distribution.com\/es\/wp-json\/wp\/v2\/types\/page"}],"author":[{"embeddable":true,"href":"https:\/\/lebronze-distribution.com\/es\/wp-json\/wp\/v2\/users\/1"}],"replies":[{"embeddable":true,"href":"https:\/\/lebronze-distribution.com\/es\/wp-json\/wp\/v2\/comments?post=3775"}],"version-history":[{"count":8,"href":"https:\/\/lebronze-distribution.com\/es\/wp-json\/wp\/v2\/pages\/3775\/revisions"}],"predecessor-version":[{"id":9523,"href":"https:\/\/lebronze-distribution.com\/es\/wp-json\/wp\/v2\/pages\/3775\/revisions\/9523"}],"wp:attachment":[{"href":"https:\/\/lebronze-distribution.com\/es\/wp-json\/wp\/v2\/media?parent=3775"}],"curies":[{"name":"wp","href":"https:\/\/api.w.org\/{rel}","templated":true}]}}