{"id":3723,"date":"2022-06-14T15:50:56","date_gmt":"2022-06-14T14:50:56","guid":{"rendered":"https:\/\/lebronze-distribution.com\/condiciones-de-uso\/"},"modified":"2024-01-24T14:50:50","modified_gmt":"2024-01-24T14:50:50","slug":"condiciones-de-uso","status":"publish","type":"page","link":"https:\/\/lebronze-distribution.com\/es\/condiciones-de-uso\/","title":{"rendered":"Condiciones de uso"},"content":{"rendered":"\t\t<div data-elementor-type=\"wp-page\" data-elementor-id=\"3723\" class=\"elementor elementor-3723 elementor-1384\" data-elementor-post-type=\"page\">\n\t\t\t\t\t\t<section class=\"elementor-section elementor-top-section elementor-element elementor-element-f06c0f0 elementor-section-boxed elementor-section-height-default elementor-section-height-default\" data-id=\"f06c0f0\" data-element_type=\"section\" data-e-type=\"section\" data-settings=\"{&quot;jet_parallax_layout_list&quot;:[]}\">\n\t\t\t\t\t\t<div class=\"elementor-container elementor-column-gap-default\">\n\t\t\t\t\t<div class=\"elementor-column elementor-col-100 elementor-top-column elementor-element elementor-element-0c33322\" data-id=\"0c33322\" data-element_type=\"column\" data-e-type=\"column\">\n\t\t\t<div class=\"elementor-widget-wrap elementor-element-populated\">\n\t\t\t\t\t\t<div class=\"elementor-element elementor-element-bded373 elementor-widget elementor-widget-text-editor\" data-id=\"bded373\" data-element_type=\"widget\" data-e-type=\"widget\" data-widget_type=\"text-editor.default\">\n\t\t\t\t<div class=\"elementor-widget-container\">\n\t\t\t\t\t\t\t\t\t<h1> <\/h1>\n<h1>CONDICIONES DE USO DEL SITIO WEB<\/h1>\n<p><em>(\u00daltima actualizaci\u00f3n: junio de 2022)<\/em><\/p>\n<h2>ART\u00cdCULO 1 : Objetivo<\/h2>\n<p>Las presentes condiciones de uso del sitio web (en adelante denominadas  <strong>\u00abT\u00e9rminos\u00bb<\/strong>) establecen los t\u00e9rminos legales y las condiciones bajo las cuales LEBRONZE ALLOYS UK LIMITED (en lo sucesivo, el  <strong>\u00abEditorial\u00bb<\/strong>(identificada en el art\u00edculo 2.1) presta servicios a trav\u00e9s del sitio web  <a href=\"https:\/\/lebronze-distribution.com\/es\/\">https:\/\/lebronze-distribution.com\/<\/a>  (en lo sucesivo, el  <strong>\u00abSitio web\u00bb<\/strong>), y dichos servicios son utilizados por el usuario de Internet (en adelante, el  <strong>\u00abUsuario\u00bb<\/strong>).<\/p>\n<p>Las Condiciones deben ser aceptadas por cualquier Usuario que desee acceder al Sitio Web. Establecen un contrato entre el Editor y el Usuario (en adelante, el <strong>\u00abContrato\u00bb)<\/strong>. Al acceder al sitio web, el usuario acepta estas condiciones.<\/p>\n<p>Si el Usuario no est\u00e1 de acuerdo con las Condiciones del Contrato, deber\u00e1 abstenerse de acceder a los servicios ofrecidos por el Editor en el Sitio Web.<\/p>\n<p>La editorial se reserva el derecho de modificar las condiciones en cualquier momento a su entera discreci\u00f3n.<\/p>\n<h2>ART\u00cdCULO 2 : Cr\u00e9ditos del sitio web<\/h2>\n<h3><span style=\"text-decoration: underline;\">2.1 Editor del sitio web:<strong> <\/strong><\/span><\/h3>\n<p><strong>LEBRONZE ALLOYS UK LIMITED<\/strong><\/p>\n<p>Una sociedad an\u00f3nima,<\/p>\n<p>Direcci\u00f3n registrada: Unit 58 Empire Industrial Park, Aldridge, Walsall, INGLATERRA, WS9 8UY,<\/p>\n<p>Registro de la empresa: 01650805,<\/p>\n<p>Tel.: <a href=\"tel:+44%20(0)%201922%20612722\">+44 (0) 1922 612722<\/a><\/p>\n<p><strong> <\/strong><\/p>\n<h3><u>2.2 Gestor de publicaciones<\/u>:<\/h3>\n<p>Richard MONCKTON<\/p>\n<p><strong> <\/strong><\/p>\n<h3><u>2.2 Dise\u00f1o y desarrollo del sitio web<\/u>:<\/h3>\n<p><strong> <\/strong><\/p>\n<p><strong>ADVENTURE GRAPHICS LIMITED<\/strong><\/p>\n<p>Una sociedad an\u00f3nima,<\/p>\n<p>Direcci\u00f3n registrada: First Floor Station House, Midland Drive, Sutton Coldfield, INGLATERRA, B72 1TU,<\/p>\n<p>Registro de la empresa: 07014188,<\/p>\n<p>Tel.: +44 (0) 121 354 1010<\/p>\n<p>P\u00e1gina web: <a href=\"https:\/\/adventuregraphics.co.uk\/\">https:\/\/adventuregraphics.co.uk\/<\/a><\/p>\n<h3><u>2.3 Proveedor de alojamiento de sitios web<\/u>:<\/h3>\n<p><strong> <\/strong><\/p>\n<p><strong>DUNBLUE LIMITED<\/strong><\/p>\n<p>Una sociedad an\u00f3nima,<\/p>\n<p>Direcci\u00f3n registrada: 70-72 The Havens<\/p>\n<p>Ransomes Europark, Ipswich, Suffolk ENGLAND, IP3 9BF<\/p>\n<p>Registro de la empresa: 6291003<\/p>\n<p>Tel\u00e9fono: 01473553335  <\/p>\n<p>P\u00e1gina web: <a href=\"https:\/\/www.dunblue.com\">https:\/\/www.dunblue.com<\/a><\/p>\n<h2>ART\u00cdCULO 3 : Acceso a los servicios<\/h2>\n<p>El Editor permite al Usuario acceder a los siguientes servicios en el Sitio Web de forma gratuita:<\/p>\n<ul>\n<li>Informaci\u00f3n sobre la actividad de la editorial,<\/li>\n<li>Informaci\u00f3n sobre los productos de la editorial,<\/li>\n<li>Art\u00edculos de prensa,<\/li>\n<li>Contacto con la editorial,<\/li>\n<\/ul>\n<p>(en adelante, los <strong>\u00abServicios\u00bb)<\/strong>.<\/p>\n<p>Cualquier usuario con acceso a Internet puede acceder al sitio web de forma gratuita desde cualquier lugar. El Usuario es responsable de todos los costes que se deriven del acceso a los Servicios (por ejemplo, hardware, software, conexi\u00f3n a Internet).<\/p>\n<p>El Editor tomar\u00e1 todas las medidas disponibles para proporcionar un acceso de calidad a los Servicios, y est\u00e1 sujeto a una obligaci\u00f3n de medios.<\/p>\n<p>El acceso a los servicios del sitio web puede ser interrumpido, suspendido o modificado en cualquier momento sin previo aviso por razones de mantenimiento u otras. Los usuarios no tienen derecho a reclamar una indemnizaci\u00f3n por cualquier interrupci\u00f3n, suspensi\u00f3n o cambio del Contrato.<\/p>\n<p>Los usuarios pueden ponerse en contacto con la editorial a trav\u00e9s del formulario de contacto disponible en <a href=\"mailto:contact@lebronze-distribution.com\">contact@lebronze-distribution.com.<\/a><\/p>\n<h2><strong>ART\u00cdCULO 4 : <\/strong><strong>Hiperv\u00ednculos y sitios de terceros<\/strong><\/h2>\n<p>El sitio web puede contener hiperv\u00ednculos a otros sitios no publicados por LEBRONZE ALLOYS UK LIMITED. LEBRONZE ALLOYS UK LIMITED no acepta ninguna responsabilidad por la disponibilidad o el contenido de esos sitios de terceros y no tiene ning\u00fan control sobre los enlaces.<\/p>\n<p>Los usuarios son los \u00fanicos responsables de utilizar los hiperv\u00ednculos a otros sitios.<\/p>\n<h2>ART\u00cdCULO 5 : Propiedad intelectual<\/h2>\n<p>Las marcas comerciales LEBRONZE ALLOYS<strong><br \/>\n  <sup>\u00ae<\/sup><br \/>\n<\/strong>, HARDIALL<strong><br \/>\n  <sup>\u00ae<\/sup><br \/>\n<\/strong>, BRONZIALL<strong><br \/>\n  <sup>\u00ae<\/sup><br \/>\n<\/strong>, STERIALL<strong><sup>\u00ae<\/sup><\/strong>ARCAP<strong><sup>\u00ae<\/sup><\/strong>CUPROFOR<strong><sup>\u00ae<\/sup><\/strong>, NICLAFOR<strong><sup>\u00ae<\/sup><\/strong>, CRM16<strong><sup>\u00ae<\/sup><\/strong>Los logotipos, los nombres de dominio, todas las marcas distintivas y todos los dem\u00e1s contenidos del sitio web, incluidos los textos, los v\u00eddeos, las im\u00e1genes, las fotograf\u00edas y la gu\u00eda de estilo, etc., son propiedad del Grupo LEBRONZE ALLOYS y est\u00e1n protegidos por las leyes de propiedad intelectual francesas, brit\u00e1nicas, europeas e internacionales, incluidos los derechos de autor.<\/p>\n<p>Las fotos e im\u00e1genes se han obtenido del banco de im\u00e1genes del Grupo LEBRONZE ALLOYS o se utilizan bajo licencia.<\/p>\n<p>Cualquier reproducci\u00f3n total o parcial de este contenido y de estas marcas est\u00e1 estrictamente prohibida, es susceptible de constituir un delito de falsificaci\u00f3n.<\/p>\n<p>Los usuarios deben solicitar autorizaci\u00f3n previa al editor para cualquier reproducci\u00f3n, publicaci\u00f3n, copia, hiperv\u00ednculo, enmarcado, etc., del contenido del sitio web. Los usuarios pueden ponerse en contacto con la editorial en <a href=\"mailto:contact@lebronze-distribution.com\">contact@lebronze-distribution.com<\/a><\/p>\n<h2>ART\u00cdCULO 6 : Datos personales<\/h2>\n<p>La Pol\u00edtica de privacidad del editor se puede encontrar en <a href=\"https:\/\/lebronze-distribution.com\/es\/politica-de-privacidad\/\">https:\/\/lebronze-distribution.com\/privacy-policy\/<\/a><\/p>\n<h2>ART\u00cdCULO 7 : Responsabilidad<\/h2>\n<p>El sitio web se esfuerza por publicar informaci\u00f3n procedente de fuentes fiables. Sin embargo, el Editor no puede garantizar la exactitud, la exhaustividad o la actualidad de la informaci\u00f3n contenida en el Sitio Web. Toda la informaci\u00f3n contenida en el sitio web se ofrece a t\u00edtulo ilustrativo y el usuario es el \u00fanico responsable del uso que haga de la informaci\u00f3n y el contenido del sitio web.<\/p>\n<p>El sitio web no aceptar\u00e1 ninguna responsabilidad por (i) actos de Dios; (ii) errores u omisiones en el sitio web; (iii) los da\u00f1os directos o indirectos, independientemente de la causa, la naturaleza o la consecuencia, que resulten del acceso o del uso del Sitio Web, incluida la accesibilidad, la p\u00e9rdida de datos, la corrupci\u00f3n, la destrucci\u00f3n o los virus que afecten al equipo del Usuario y\/o de la presencia de un virus en el Sitio Web.<\/p>\n<p>El Editor puede tener derecho a una compensaci\u00f3n por cualquier uso del Servicio por parte de un Usuario que resulte en un da\u00f1o directo o indirecto.<\/p>\n<h2>ART\u00cdCULO 8 : Duraci\u00f3n<\/h2>\n<p>El contrato no tiene una fecha de finalizaci\u00f3n fija. El Contrato ser\u00e1 vinculante para el Usuario al utilizar el Servicio.<\/p>\n<h2>ART\u00cdCULO 9 : Modificaciones<\/h2>\n<p>El Sitio Web se reserva el derecho de modificar el Contrato en cualquier momento.<\/p>\n<h2>ART\u00cdCULO 10 : Ley aplicable y jurisdicci\u00f3n<\/h2>\n<p>El Sitio Web, su contenido y el Contrato se rigen por la legislaci\u00f3n de Inglaterra y Gales.<\/p>\n<p>Si las partes no consiguen llegar a una soluci\u00f3n amistosa de cualquier conflicto, el asunto se someter\u00e1 a la jurisdicci\u00f3n de los tribunales ingleses.<\/p>\n\t\t\t\t\t\t\t\t<\/div>\n\t\t\t\t<\/div>\n\t\t\t\t\t<\/div>\n\t\t<\/div>\n\t\t\t\t\t<\/div>\n\t\t<\/section>\n\t\t\t\t<\/div>\n\t\t","protected":false},"excerpt":{"rendered":"<p>CONDICIONES DE USO DEL SITIO WEB (\u00daltima actualizaci\u00f3n: junio de 2022) ART\u00cdCULO 1 : Objetivo Las presentes condiciones de uso del sitio web (en adelante denominadas \u00abT\u00e9rminos\u00bb) establecen los t\u00e9rminos legales y las condiciones bajo las cuales LEBRONZE ALLOYS UK LIMITED (en lo sucesivo, el \u00abEditorial\u00bb(identificada en el art\u00edculo 2.1) presta servicios a trav\u00e9s del [&hellip;]<\/p>\n","protected":false},"author":1,"featured_media":0,"parent":0,"menu_order":0,"comment_status":"closed","ping_status":"closed","template":"elementor_header_footer","meta":{"_acf_changed":false,"_seopress_robots_primary_cat":"","_seopress_titles_title":"","_seopress_titles_desc":"","_seopress_robots_index":"","footnotes":""},"class_list":["post-3723","page","type-page","status-publish","hentry"],"acf":[],"_links":{"self":[{"href":"https:\/\/lebronze-distribution.com\/es\/wp-json\/wp\/v2\/pages\/3723","targetHints":{"allow":["GET"]}}],"collection":[{"href":"https:\/\/lebronze-distribution.com\/es\/wp-json\/wp\/v2\/pages"}],"about":[{"href":"https:\/\/lebronze-distribution.com\/es\/wp-json\/wp\/v2\/types\/page"}],"author":[{"embeddable":true,"href":"https:\/\/lebronze-distribution.com\/es\/wp-json\/wp\/v2\/users\/1"}],"replies":[{"embeddable":true,"href":"https:\/\/lebronze-distribution.com\/es\/wp-json\/wp\/v2\/comments?post=3723"}],"version-history":[{"count":2,"href":"https:\/\/lebronze-distribution.com\/es\/wp-json\/wp\/v2\/pages\/3723\/revisions"}],"predecessor-version":[{"id":6562,"href":"https:\/\/lebronze-distribution.com\/es\/wp-json\/wp\/v2\/pages\/3723\/revisions\/6562"}],"wp:attachment":[{"href":"https:\/\/lebronze-distribution.com\/es\/wp-json\/wp\/v2\/media?parent=3723"}],"curies":[{"name":"wp","href":"https:\/\/api.w.org\/{rel}","templated":true}]}}