{"id":3699,"date":"2022-05-13T11:00:13","date_gmt":"2022-05-13T10:00:13","guid":{"rendered":"https:\/\/lebronze-distribution.com\/aleaciones-spinodal\/"},"modified":"2024-12-17T16:48:03","modified_gmt":"2024-12-17T16:48:03","slug":"aleaciones-spinodal","status":"publish","type":"page","link":"https:\/\/lebronze-distribution.com\/es\/aleaciones-spinodal\/","title":{"rendered":"Aleaciones Spinodal"},"content":{"rendered":"\t\t<div data-elementor-type=\"wp-page\" data-elementor-id=\"3699\" class=\"elementor elementor-3699 elementor-722\" data-elementor-post-type=\"page\">\n\t\t\t\t\t\t<section class=\"elementor-section elementor-top-section elementor-element elementor-element-6c39527 elementor-section-boxed elementor-section-height-default elementor-section-height-default\" data-id=\"6c39527\" data-element_type=\"section\" data-e-type=\"section\" data-settings=\"{&quot;jet_parallax_layout_list&quot;:[],&quot;background_background&quot;:&quot;classic&quot;}\">\n\t\t\t\t\t\t\t<div class=\"elementor-background-overlay\"><\/div>\n\t\t\t\t\t\t\t<div class=\"elementor-container elementor-column-gap-default\">\n\t\t\t\t\t<div class=\"elementor-column elementor-col-100 elementor-top-column elementor-element elementor-element-35ca447\" data-id=\"35ca447\" data-element_type=\"column\" data-e-type=\"column\">\n\t\t\t<div class=\"elementor-widget-wrap elementor-element-populated\">\n\t\t\t\t\t\t\t<\/div>\n\t\t<\/div>\n\t\t\t\t\t<\/div>\n\t\t<\/section>\n\t\t\t\t<section class=\"elementor-section elementor-top-section elementor-element elementor-element-6269ac4 elementor-section-full_width elementor-section-height-default elementor-section-height-default\" data-id=\"6269ac4\" data-element_type=\"section\" data-e-type=\"section\" data-settings=\"{&quot;jet_parallax_layout_list&quot;:[]}\">\n\t\t\t\t\t\t<div class=\"elementor-container elementor-column-gap-default\">\n\t\t\t\t\t<div class=\"elementor-column elementor-col-100 elementor-top-column elementor-element elementor-element-3dfa084\" data-id=\"3dfa084\" data-element_type=\"column\" data-e-type=\"column\">\n\t\t\t<div class=\"elementor-widget-wrap elementor-element-populated\">\n\t\t\t\t\t\t<div class=\"elementor-element elementor-element-b95ac94 elementor-product-loop-item--align-left elementor-grid-mobile-1 elementor-grid-4 elementor-grid-tablet-3 elementor-products-grid elementor-wc-products elementor-show-pagination-border-yes elementor-widget elementor-widget-woocommerce-products\" data-id=\"b95ac94\" data-element_type=\"widget\" data-e-type=\"widget\" data-widget_type=\"woocommerce-products.default\">\n\t\t\t\t<div class=\"elementor-widget-container\">\n\t\t\t\t\t<div class=\"woocommerce columns-4 \"><div class=\"woocommerce-notices-wrapper\"><\/div><p class=\"woocommerce-result-count\" role=\"alert\" aria-relevant=\"all\" >\n\tMostrando el \u00fanico resultado<\/p>\n<ul class=\"products elementor-grid columns-4\">\n<li class=\"product type-product post-3867 status-publish first outofstock product_cat-aleaciones-spinodal product_tag-ams-4596-es product_tag-ams-4597-es product_tag-ams-4598-es product_tag-astm-b505-es product_tag-astm-b929-es product_tag-c729-es product_tag-c72900-es product_tag-cuni15sn8-es product_tag-cw355h-es product_tag-en-12163-es product_tag-nace-mr0175-es product_tag-toughmet-3-es has-post-thumbnail shipping-taxable purchasable product-type-variable\">\n\t<a href=\"https:\/\/lebronze-distribution.com\/es\/producto\/hardiall-c72900-cuni15sn8-ams-4596-toughmet\/\" class=\"woocommerce-LoopProduct-link woocommerce-loop-product__link\"><img fetchpriority=\"high\" decoding=\"async\" width=\"300\" height=\"300\" src=\"https:\/\/lebronze-distribution.com\/wp-content\/uploads\/2022\/05\/Lebronze-Alloys-shooting-Cirkus-Prod-125-e1709118807688-300x300.jpg\" class=\"attachment-woocommerce_thumbnail size-woocommerce_thumbnail\" alt=\"Hardiall\u00ae | CuNi15Sn8 | C72900 | AMS 4596 | AMS 4597 | AMS 4598 | Aleaciones Lebronze\" srcset=\"https:\/\/lebronze-distribution.com\/wp-content\/uploads\/2022\/05\/Lebronze-Alloys-shooting-Cirkus-Prod-125-e1709118807688-300x300.jpg 300w, https:\/\/lebronze-distribution.com\/wp-content\/uploads\/2022\/05\/Lebronze-Alloys-shooting-Cirkus-Prod-125-e1709118807688-150x150.jpg 150w, https:\/\/lebronze-distribution.com\/wp-content\/uploads\/2022\/05\/Lebronze-Alloys-shooting-Cirkus-Prod-125-e1709118807688-100x100.jpg 100w\" sizes=\"(max-width: 300px) 100vw, 300px\" \/><h2 class=\"woocommerce-loop-product__title\">Hardiall\u00ae | C72900 | CuNi15Sn8 | AMS 4596 | AMS 4597 | AMS 4598 &#8211; Aleaci\u00f3n espinodal de cobre, n\u00edquel y esta\u00f1o de alta resistencia<\/h2>\n<\/a><\/li>\n<\/ul>\n<\/div>\t\t\t\t<\/div>\n\t\t\t\t<\/div>\n\t\t\t\t\t<\/div>\n\t\t<\/div>\n\t\t\t\t\t<\/div>\n\t\t<\/section>\n\t\t\t\t<\/div>\n\t\t","protected":false},"excerpt":{"rendered":"","protected":false},"author":1,"featured_media":0,"parent":0,"menu_order":0,"comment_status":"closed","ping_status":"closed","template":"elementor_header_footer","meta":{"_acf_changed":false,"_seopress_robots_primary_cat":"","_seopress_titles_title":"","_seopress_titles_desc":"","_seopress_robots_index":"","footnotes":""},"class_list":["post-3699","page","type-page","status-publish","hentry"],"acf":[],"_links":{"self":[{"href":"https:\/\/lebronze-distribution.com\/es\/wp-json\/wp\/v2\/pages\/3699","targetHints":{"allow":["GET"]}}],"collection":[{"href":"https:\/\/lebronze-distribution.com\/es\/wp-json\/wp\/v2\/pages"}],"about":[{"href":"https:\/\/lebronze-distribution.com\/es\/wp-json\/wp\/v2\/types\/page"}],"author":[{"embeddable":true,"href":"https:\/\/lebronze-distribution.com\/es\/wp-json\/wp\/v2\/users\/1"}],"replies":[{"embeddable":true,"href":"https:\/\/lebronze-distribution.com\/es\/wp-json\/wp\/v2\/comments?post=3699"}],"version-history":[{"count":4,"href":"https:\/\/lebronze-distribution.com\/es\/wp-json\/wp\/v2\/pages\/3699\/revisions"}],"predecessor-version":[{"id":8208,"href":"https:\/\/lebronze-distribution.com\/es\/wp-json\/wp\/v2\/pages\/3699\/revisions\/8208"}],"wp:attachment":[{"href":"https:\/\/lebronze-distribution.com\/es\/wp-json\/wp\/v2\/media?parent=3699"}],"curies":[{"name":"wp","href":"https:\/\/api.w.org\/{rel}","templated":true}]}}