{"id":3675,"date":"2022-06-14T15:59:37","date_gmt":"2022-06-14T14:59:37","guid":{"rendered":"https:\/\/lebronze-distribution.com\/creditos\/"},"modified":"2022-11-28T13:03:50","modified_gmt":"2022-11-28T13:03:50","slug":"creditos","status":"publish","type":"page","link":"https:\/\/lebronze-distribution.com\/es\/creditos\/","title":{"rendered":"Cr\u00e9ditos"},"content":{"rendered":"\t\t<div data-elementor-type=\"wp-page\" data-elementor-id=\"3675\" class=\"elementor elementor-3675 elementor-1393\" data-elementor-post-type=\"page\">\n\t\t\t\t\t\t<section class=\"elementor-section elementor-top-section elementor-element elementor-element-06a4cd9 elementor-section-boxed elementor-section-height-default elementor-section-height-default\" data-id=\"06a4cd9\" data-element_type=\"section\" data-e-type=\"section\" data-settings=\"{&quot;jet_parallax_layout_list&quot;:[]}\">\n\t\t\t\t\t\t<div class=\"elementor-container elementor-column-gap-default\">\n\t\t\t\t\t<div class=\"elementor-column elementor-col-100 elementor-top-column elementor-element elementor-element-aff37b4\" data-id=\"aff37b4\" data-element_type=\"column\" data-e-type=\"column\">\n\t\t\t<div class=\"elementor-widget-wrap elementor-element-populated\">\n\t\t\t\t\t\t<div class=\"elementor-element elementor-element-2a983fe elementor-widget elementor-widget-text-editor\" data-id=\"2a983fe\" data-element_type=\"widget\" data-e-type=\"widget\" data-widget_type=\"text-editor.default\">\n\t\t\t\t<div class=\"elementor-widget-container\">\n\t\t\t\t\t\t\t\t\t<h1>CR\u00c9DITOS DEL SITIO WEB<\/h1>\n<p><em>(\u00daltima actualizaci\u00f3n: junio de 2022)<\/em><\/p>\n<h2>1. Editor del sitio web<\/h2>\n<p><strong>LEBRONZE ALLOYS UK LIMITED<\/strong><\/p>\n<p>Una sociedad an\u00f3nima,<\/p>\n<p>Direcci\u00f3n registrada: Unit 58 Empire Industrial Park, Aldridge, Walsall, INGLATERRA, WS9 8UY,<\/p>\n<p>Registro de la empresa: 01650805,<\/p>\n<p>Tel.: <a href=\"tel:+44%20(0)%201922%20612722\">+44 (0) 1922 612722<\/a><\/p>\n<p><strong> <\/strong><\/p>\n<h2><u>2 Director de publicaciones<\/u>:<\/h2>\n<p>Richard MONCKTON<\/p>\n<p><strong> <\/strong><\/p>\n<h2><u>3 Dise\u00f1o y desarrollo de sitios web<\/u>:<strong> <\/strong><\/h2>\n<p><strong>ADVENTURE GRAPHICS LIMITED<\/strong><\/p>\n<p>Una sociedad an\u00f3nima,<\/p>\n<p>Direcci\u00f3n registrada: First Floor Station House, Midland Drive, Sutton Coldfield, INGLATERRA, B72 1TU,<\/p>\n<p>Registro de la empresa: 07014188,<\/p>\n<p>Tel.: +44 (0) 121 354 1010<\/p>\n<p>P\u00e1gina web: <a href=\"https:\/\/adventuregraphics.co.uk\/\">https:\/\/adventuregraphics.co.uk\/<\/a><\/p>\n<h2><u>4 Proveedor de alojamiento de sitios web<\/u>:<\/h2>\n<p><strong> <\/strong><\/p>\n<p><strong>DUNBLUE LIMITED<\/strong><\/p>\n<p>Una sociedad an\u00f3nima,<\/p>\n<p>Direcci\u00f3n registrada: 70-72 The Havens<\/p>\n<p>Ransomes Europark, Ipswich, Suffolk ENGLAND, IP3 9BF<\/p>\n<p>Registro de la empresa: 6291003<\/p>\n<p>Tel\u00e9fono: 01473553335  <\/p>\n<p>P\u00e1gina web: <a href=\"https:\/\/www.dunblue.com\">https:\/\/www.dunblue.com<\/a><\/p>\n\t\t\t\t\t\t\t\t<\/div>\n\t\t\t\t<\/div>\n\t\t\t\t\t<\/div>\n\t\t<\/div>\n\t\t\t\t\t<\/div>\n\t\t<\/section>\n\t\t\t\t<\/div>\n\t\t","protected":false},"excerpt":{"rendered":"<p>CR\u00c9DITOS DEL SITIO WEB (\u00daltima actualizaci\u00f3n: junio de 2022) 1. Editor del sitio web LEBRONZE ALLOYS UK LIMITED Una sociedad an\u00f3nima, Direcci\u00f3n registrada: Unit 58 Empire Industrial Park, Aldridge, Walsall, INGLATERRA, WS9 8UY, Registro de la empresa: 01650805, Tel.: +44 (0) 1922 612722 2 Director de publicaciones: Richard MONCKTON 3 Dise\u00f1o y desarrollo de sitios [&hellip;]<\/p>\n","protected":false},"author":1,"featured_media":0,"parent":0,"menu_order":0,"comment_status":"closed","ping_status":"closed","template":"elementor_header_footer","meta":{"_acf_changed":false,"_seopress_robots_primary_cat":"","_seopress_titles_title":"","_seopress_titles_desc":"","_seopress_robots_index":"","footnotes":""},"class_list":["post-3675","page","type-page","status-publish","hentry"],"acf":[],"_links":{"self":[{"href":"https:\/\/lebronze-distribution.com\/es\/wp-json\/wp\/v2\/pages\/3675","targetHints":{"allow":["GET"]}}],"collection":[{"href":"https:\/\/lebronze-distribution.com\/es\/wp-json\/wp\/v2\/pages"}],"about":[{"href":"https:\/\/lebronze-distribution.com\/es\/wp-json\/wp\/v2\/types\/page"}],"author":[{"embeddable":true,"href":"https:\/\/lebronze-distribution.com\/es\/wp-json\/wp\/v2\/users\/1"}],"replies":[{"embeddable":true,"href":"https:\/\/lebronze-distribution.com\/es\/wp-json\/wp\/v2\/comments?post=3675"}],"version-history":[{"count":2,"href":"https:\/\/lebronze-distribution.com\/es\/wp-json\/wp\/v2\/pages\/3675\/revisions"}],"predecessor-version":[{"id":5675,"href":"https:\/\/lebronze-distribution.com\/es\/wp-json\/wp\/v2\/pages\/3675\/revisions\/5675"}],"wp:attachment":[{"href":"https:\/\/lebronze-distribution.com\/es\/wp-json\/wp\/v2\/media?parent=3675"}],"curies":[{"name":"wp","href":"https:\/\/api.w.org\/{rel}","templated":true}]}}