{"id":3458,"date":"2022-05-11T11:31:02","date_gmt":"2022-05-11T10:31:02","guid":{"rendered":"https:\/\/lebronze-distribution.com\/navegador-de-aleaciones-lba\/"},"modified":"2026-03-23T13:59:17","modified_gmt":"2026-03-23T13:59:17","slug":"navegador-de-aleaciones-lba","status":"publish","type":"page","link":"https:\/\/lebronze-distribution.com\/es\/navegador-de-aleaciones-lba\/","title":{"rendered":"Navegador de aleaciones LBA"},"content":{"rendered":"\t\t<div data-elementor-type=\"wp-page\" data-elementor-id=\"3458\" class=\"elementor elementor-3458 elementor-667\" data-elementor-post-type=\"page\">\n\t\t\t\t\t\t<section class=\"elementor-section elementor-top-section elementor-element elementor-element-4f6e576 elementor-section-boxed elementor-section-height-default elementor-section-height-default\" data-id=\"4f6e576\" data-element_type=\"section\" data-e-type=\"section\" data-settings=\"{&quot;jet_parallax_layout_list&quot;:[],&quot;background_background&quot;:&quot;classic&quot;}\">\n\t\t\t\t\t\t\t<div class=\"elementor-background-overlay\"><\/div>\n\t\t\t\t\t\t\t<div class=\"elementor-container elementor-column-gap-default\">\n\t\t\t\t\t<div class=\"elementor-column elementor-col-100 elementor-top-column elementor-element elementor-element-a22e2d8\" data-id=\"a22e2d8\" data-element_type=\"column\" data-e-type=\"column\">\n\t\t\t<div class=\"elementor-widget-wrap elementor-element-populated\">\n\t\t\t\t\t\t\t<\/div>\n\t\t<\/div>\n\t\t\t\t\t<\/div>\n\t\t<\/section>\n\t\t\t\t<section class=\"elementor-section elementor-top-section elementor-element elementor-element-34a700a elementor-section-boxed elementor-section-height-default elementor-section-height-default\" data-id=\"34a700a\" data-element_type=\"section\" data-e-type=\"section\" data-settings=\"{&quot;jet_parallax_layout_list&quot;:[]}\">\n\t\t\t\t\t\t<div class=\"elementor-container elementor-column-gap-default\">\n\t\t\t\t\t<div class=\"elementor-column elementor-col-100 elementor-top-column elementor-element elementor-element-2da6e64\" data-id=\"2da6e64\" data-element_type=\"column\" data-e-type=\"column\">\n\t\t\t<div class=\"elementor-widget-wrap elementor-element-populated\">\n\t\t\t\t\t\t<div class=\"elementor-element elementor-element-e5dadbd elementor-widget elementor-widget-heading\" data-id=\"e5dadbd\" data-element_type=\"widget\" data-e-type=\"widget\" data-widget_type=\"heading.default\">\n\t\t\t\t<div class=\"elementor-widget-container\">\n\t\t\t\t\t<h2 class=\"elementor-heading-title elementor-size-default\">Bienvenido al Navegador de aleaciones, una aplicaci\u00f3n creada para comparar materiales de aleaciones Lebronze.<\/h2>\t\t\t\t<\/div>\n\t\t\t\t<\/div>\n\t\t\t\t<div class=\"elementor-element elementor-element-35b0692 elementor-widget elementor-widget-text-editor\" data-id=\"35b0692\" data-element_type=\"widget\" data-e-type=\"widget\" data-widget_type=\"text-editor.default\">\n\t\t\t\t<div class=\"elementor-widget-container\">\n\t\t\t\t\t\t\t\t\t<p>Esta aplicaci\u00f3n est\u00e1 dise\u00f1ada para comparar y seleccionar m\u00e1s de 100 materiales de aleaciones Lebronze y permitirle \u00abnavegar\u00bb por nuestra cartera de productos. Con esta aplicaci\u00f3n, puedes:<\/p>\n<ul>\n<li>Buscar un material por norma o composici\u00f3n  <\/li>\n<li>Consulte las fichas t\u00e9cnicas de los materiales que busca<\/li>\n<li>Filtre y clasifique nuestras aleaciones en funci\u00f3n de m\u00e1s de 20 criterios t\u00e9cnicos diferentes.\n<ul>\n<li>Propiedades mec\u00e1nicas<\/li>\n<li>Propiedades f\u00edsicas<\/li>\n<li>Formas y tama\u00f1os<\/li>\n<li>Propiedades de la superficie<\/li>\n<\/ul>\n<\/li>\n<li>Comparar los datos t\u00e9cnicos de los materiales<\/li>\n<li>Crear gr\u00e1ficos de comparaci\u00f3n  <\/li>\n<li>Exporte los resultados de su comparaci\u00f3n<\/li>\n<\/ul>\n\t\t\t\t\t\t\t\t<\/div>\n\t\t\t\t<\/div>\n\t\t\t\t<div class=\"elementor-element elementor-element-71b5236 elementor-widget elementor-widget-video\" data-id=\"71b5236\" data-element_type=\"widget\" data-e-type=\"widget\" data-settings=\"{&quot;youtube_url&quot;:&quot;https:\\\/\\\/www.youtube.com\\\/watch?v=AHM-zKFU0Ts&quot;,&quot;video_type&quot;:&quot;youtube&quot;,&quot;controls&quot;:&quot;yes&quot;}\" data-widget_type=\"video.default\">\n\t\t\t\t<div class=\"elementor-widget-container\">\n\t\t\t\t\t\t\t<div class=\"elementor-wrapper elementor-open-inline\">\n\t\t\t<div class=\"elementor-video\"><\/div>\t\t<\/div>\n\t\t\t\t\t\t<\/div>\n\t\t\t\t<\/div>\n\t\t\t\t<div class=\"elementor-element elementor-element-5fe8d8f elementor-align-center elementor-widget elementor-widget-button\" data-id=\"5fe8d8f\" data-element_type=\"widget\" data-e-type=\"widget\" data-widget_type=\"button.default\">\n\t\t\t\t<div class=\"elementor-widget-container\">\n\t\t\t\t\t\t\t\t\t<div class=\"elementor-button-wrapper\">\n\t\t\t\t\t<a class=\"elementor-button elementor-button-link elementor-size-sm\" href=\"https:\/\/www.lba-materials.com\/#\/\" target=\"_blank\">\n\t\t\t\t\t\t<span class=\"elementor-button-content-wrapper\">\n\t\t\t\t\t\t\t\t\t<span class=\"elementor-button-text\">Navegador Access Alloys<\/span>\n\t\t\t\t\t<\/span>\n\t\t\t\t\t<\/a>\n\t\t\t\t<\/div>\n\t\t\t\t\t\t\t\t<\/div>\n\t\t\t\t<\/div>\n\t\t\t\t<div class=\"elementor-element elementor-element-6cd10ac elementor-widget elementor-widget-text-editor\" data-id=\"6cd10ac\" data-element_type=\"widget\" data-e-type=\"widget\" data-widget_type=\"text-editor.default\">\n\t\t\t\t<div class=\"elementor-widget-container\">\n\t\t\t\t\t\t\t\t\t<p>Nota: como utilizamos rangos de valores para algunas propiedades, tenga en cuenta que el filtro tiene en cuenta el valor superior de estos rangos, mientras que los gr\u00e1ficos tienen en cuenta el valor inferior de estos rangos.  <\/p>\n<p>Para m\u00e1s detalles, <a href=\"https:\/\/lebronze-distribution.com\/es\/contactar-con-un-experto\/\">contacte con nuestros expertos<\/a>. Podemos personalizar nuestros productos para adaptarlos a las necesidades de nuestros clientes.<\/p>\n\t\t\t\t\t\t\t\t<\/div>\n\t\t\t\t<\/div>\n\t\t\t\t\t<\/div>\n\t\t<\/div>\n\t\t\t\t\t<\/div>\n\t\t<\/section>\n\t\t\t\t<\/div>\n\t\t","protected":false},"excerpt":{"rendered":"<p>Bienvenido al Navegador de aleaciones, una aplicaci\u00f3n creada para comparar materiales de aleaciones Lebronze. Esta aplicaci\u00f3n est\u00e1 dise\u00f1ada para comparar y seleccionar m\u00e1s de 100 materiales de aleaciones Lebronze y permitirle \u00abnavegar\u00bb por nuestra cartera de productos. Con esta aplicaci\u00f3n, puedes: Buscar un material por norma o composici\u00f3n Consulte las fichas t\u00e9cnicas de los materiales [&hellip;]<\/p>\n","protected":false},"author":1,"featured_media":0,"parent":0,"menu_order":0,"comment_status":"closed","ping_status":"closed","template":"elementor_header_footer","meta":{"_acf_changed":false,"_seopress_robots_primary_cat":"","_seopress_titles_title":"","_seopress_titles_desc":"","_seopress_robots_index":"","footnotes":""},"class_list":["post-3458","page","type-page","status-publish","hentry"],"acf":[],"_links":{"self":[{"href":"https:\/\/lebronze-distribution.com\/es\/wp-json\/wp\/v2\/pages\/3458","targetHints":{"allow":["GET"]}}],"collection":[{"href":"https:\/\/lebronze-distribution.com\/es\/wp-json\/wp\/v2\/pages"}],"about":[{"href":"https:\/\/lebronze-distribution.com\/es\/wp-json\/wp\/v2\/types\/page"}],"author":[{"embeddable":true,"href":"https:\/\/lebronze-distribution.com\/es\/wp-json\/wp\/v2\/users\/1"}],"replies":[{"embeddable":true,"href":"https:\/\/lebronze-distribution.com\/es\/wp-json\/wp\/v2\/comments?post=3458"}],"version-history":[{"count":8,"href":"https:\/\/lebronze-distribution.com\/es\/wp-json\/wp\/v2\/pages\/3458\/revisions"}],"predecessor-version":[{"id":9499,"href":"https:\/\/lebronze-distribution.com\/es\/wp-json\/wp\/v2\/pages\/3458\/revisions\/9499"}],"wp:attachment":[{"href":"https:\/\/lebronze-distribution.com\/es\/wp-json\/wp\/v2\/media?parent=3458"}],"curies":[{"name":"wp","href":"https:\/\/api.w.org\/{rel}","templated":true}]}}