{"id":3426,"date":"2022-03-30T17:43:57","date_gmt":"2022-03-30T16:43:57","guid":{"rendered":"https:\/\/lebronze-distribution.com\/politica-de-privacidad\/"},"modified":"2024-10-18T11:17:16","modified_gmt":"2024-10-18T10:17:16","slug":"politica-de-privacidad","status":"publish","type":"page","link":"https:\/\/lebronze-distribution.com\/es\/politica-de-privacidad\/","title":{"rendered":"Pol\u00edtica de privacidad"},"content":{"rendered":"\t\t<div data-elementor-type=\"wp-page\" data-elementor-id=\"3426\" class=\"elementor elementor-3426 elementor-3\" data-elementor-post-type=\"page\">\n\t\t\t\t\t\t<section class=\"elementor-section elementor-top-section elementor-element elementor-element-395f2ce elementor-section-boxed elementor-section-height-default elementor-section-height-default\" data-id=\"395f2ce\" data-element_type=\"section\" data-e-type=\"section\" data-settings=\"{&quot;jet_parallax_layout_list&quot;:[]}\">\n\t\t\t\t\t\t<div class=\"elementor-container elementor-column-gap-default\">\n\t\t\t\t\t<div class=\"elementor-column elementor-col-100 elementor-top-column elementor-element elementor-element-403d103\" data-id=\"403d103\" data-element_type=\"column\" data-e-type=\"column\">\n\t\t\t<div class=\"elementor-widget-wrap elementor-element-populated\">\n\t\t\t\t\t\t<div class=\"elementor-element elementor-element-77a89fa elementor-widget elementor-widget-text-editor\" data-id=\"77a89fa\" data-element_type=\"widget\" data-e-type=\"widget\" data-widget_type=\"text-editor.default\">\n\t\t\t\t<div class=\"elementor-widget-container\">\n\t\t\t\t\t\t\t\t\t<h1>POL\u00cdTICA DE PRIVACIDAD<\/h1><p>PARA www.lebronze-DISTRIBUTION.com<\/p><p>(\u00daltima actualizaci\u00f3n: octubre de 2024)<\/p><p>Esta pol\u00edtica de privacidad se aplica a todos los tratamientos de datos personales realizados<\/p><p>por LEBRONZE ALLOYS UK y LEBRONZE ALLOYS (Francia) (en adelante denominados \u00abResponsable(s) del Tratamiento\u00bb),<\/p><p>de acuerdo con (i) el Reglamento (UE) 2016\/679, de 27 de abril de 2016, relativo a la protecci\u00f3n de las personas f\u00edsicas en lo que respecta al tratamiento de datos personales y a la libre circulaci\u00f3n de estos datos (\u00abRGPD\u00bb), (ii) la Ley francesa n\u00b078-17, de 6 de enero de 1978, relativa a la protecci\u00f3n de datos y a la libertad de informaci\u00f3n, conocida como Ley de protecci\u00f3n de datos (modificada por la Ley n\u00b02018-493, de 20 de junio de 2018, relativa a la protecci\u00f3n de datos personales), (iii) la Ley de Protecci\u00f3n de Datos (Reino Unido) de 2018, y por cualquier ley posterior.<\/p><p>con sujeci\u00f3n a las siguientes condiciones:<\/p><h2>1. Procesamiento de datos<\/h2><h3>1.1 Responsable del tratamiento de datos<\/h3><p>Los responsables conjuntos de los datos son:<\/p><p>LEBRONZE ALLOYS UK LIMITED, sociedad an\u00f3nima, constituida seg\u00fan las leyes de Inglaterra y Gales, registrada en el Registro de Sociedades con el n\u00famero 016508054, cuya sede social se encuentra en Unit 58 Empire Industrial Park, Aldridge, Walsall, INGLATERRA, WS9 8UY, representada por el Sr. Richard Monckton, Director General,<\/p><p>Y su holding:<\/p><p>LEBRONZE ALLOYS (Francia), sociedad por acciones simplificada, constituida seg\u00fan las leyes de Francia, con un capital social de 12 508 759,45 EUR, inscrita en el Registro Mercantil de Ch\u00e2lons-en-Champagne con el n\u00famero 572 196 129, cuya sede social est\u00e1 situada en Voie de Ch\u00e2lons, Route d\u00e9partementale 977, 51600 Suippes (Francia), representada por el Sr. Michel Dumont, Presidente,<\/p><p>Los datos de contacto del responsable del tratamiento son<\/p><p>Direcci\u00f3n postal: LEBRONZE ALLOYS, Service RGPD, 8, rue de Hanovre, 75002 PARIS, France,<\/p><p>Direcci\u00f3n de correo electr\u00f3nico: <a href=\"mailto:rgpd@lebronze-alloys.com\">rgpd@lebronze-alloys.com<\/a><\/p><h3>1.2 Fines del tratamiento de datos<\/h3><p>Formulario de contacto \u00abVentas\u00bb: Los datos se tratan con el fin de responder a las solicitudes de informaci\u00f3n, a los pedidos de productos manufacturados vendidos por LEBRONZE ALLOYS UK y a las ofertas de venta de productos a LEBRONZE ALLOYS UK.<\/p><p>Formulario de contacto \u00abFolleto\u00bb: Los datos se tratan con la finalidad de responder a las solicitudes de folletos sobre los productos y\/o actividades del Grupo LEBRONZE ALLOYS.<\/p><p>Marketing directo: Los datos se tratan para enviar boletines informativos e informaci\u00f3n espec\u00edfica sobre nuevos productos, ferias, etc. que puedan ser de inter\u00e9s para el interesado.<\/p><h3>1.3 Base jur\u00eddica del tratamiento<\/h3><p>La base legal para el tratamiento de datos es el consentimiento del interesado.<\/p><h2>2. Datos procesados<\/h2><h3>2.1 Categor\u00edas de datos<\/h3><p><strong>Formulario de contacto \u00abGeneral\u00bb \/ \u00abVentas\u00bb:<\/strong><\/p><ul><li>T\u00edtulo (Sra. \/ Sr.)<\/li><li>Apellido,<\/li><li>El nombre,<\/li><li>La empresa,<\/li><li>N\u00famero de tel\u00e9fono,<\/li><li>Correo electr\u00f3nico,<\/li><li>Pa\u00eds,<\/li><li>Objetivo,<\/li><li>Material,<\/li><li>Mensaje,<\/li><\/ul><p><strong>Formulario de contacto \u00abFolleto\u00bb:<\/strong><\/p><ul><li>T\u00edtulo (Sra. \/ Sr.)<\/li><li>Apellido,<\/li><li>El nombre,<\/li><li>La empresa,<\/li><li>Posici\u00f3n,<\/li><li>N\u00famero de tel\u00e9fono,<\/li><li>Correo electr\u00f3nico,<\/li><li>Pa\u00eds,<\/li><\/ul><p><strong>Marketing directo:<\/strong><\/p><ul><li>Apellido,<\/li><li>El nombre,<\/li><li>La empresa,<\/li><li>Posici\u00f3n,<\/li><li>N\u00famero de tel\u00e9fono,<\/li><li>Correo electr\u00f3nico,<\/li><li>Pa\u00eds,<\/li><li>Sector de actividad,<\/li><\/ul><h3>2.2 Fuente de datos<\/h3><p>Todos los datos se recogen directamente del interesado.<\/p><h3>2.3 Recogida obligatoria de datos<\/h3><p>Todos los datos son obligatorios, salvo que se indique lo contrario. Los datos obligatorios est\u00e1n marcados con un asterisco y\/o un comentario.<\/p><p>Formularios de contacto \u00abVentas\u00bb y \u00abFolletos\u00bb: No se responder\u00e1 a las peticiones de informaci\u00f3n o folletos ni a las solicitudes de empleo si no se facilitan los datos. Si no se facilitan datos, el interesado no recibir\u00e1 respuesta.<\/p><p>Comercializaci\u00f3n directa: No se enviar\u00e1 ning\u00fan tipo de marketing a menos que se suministren los datos. Si no se facilitan los datos, el interesado no recibir\u00e1 publicidad.<\/p><h3>2.4 Toma de decisiones automatizada<\/h3><p>El tratamiento de datos no implicar\u00e1 ninguna <a href=\"https:\/\/www.cnil.fr\/fr\/reglement-europeen-protection-donnees\/chapitre3#Article22\">toma de decisiones automatizada<\/a>.<\/p><h2>3. Los sujetos de los datos<\/h2><p>Formularios de contacto \u201cVentas\u201d y \u201cFolletos\u201d: Los interesados \u200b\u200bson personas que solicitan informaci\u00f3n o folletos a trav\u00e9s de los formularios de contacto disponibles en el sitio web <a href=\"https:\/\/lebronze-distribution.com\/es\/\">https:\/\/lebronze-distribution.com\/<\/a> .<\/p><p>Marketing directo: Los interesados \u200b\u200bson personas que dan su consentimiento para recibir marketing a trav\u00e9s del sitio web <a href=\"https:\/\/lebronze-distribution.com\/es\/\">https:\/\/lebronze-distribution.com\/<\/a> marcando la casilla correspondiente en el formulario de contacto mencionado anteriormente.<\/p><h2>4. Destinatarios de los datos<\/h2><h3>4.1 Categor\u00edas de beneficiarios<\/h3><p><strong>Formularios de contacto \u00abVentas\u00bb y \u00abFolleto<\/strong>\u00ab: Todos o algunos de los datos pueden ser enviados a los empleados del Responsable del Tratamiento, en particular a los que trabajan para sus Departamentos de Ventas y Marketing, en funci\u00f3n de sus necesidades.<\/p><p>Marketing directo: Todos o algunos de los datos pueden ser enviados a los empleados del Responsable del Tratamiento, en particular a los que trabajan para sus Departamentos de Ventas y Marketing, en funci\u00f3n de sus necesidades.<\/p><h3>4.2 Transferencias de datos fuera de la UE e Inglaterra<\/h3><p>Formularios de contacto \u00abVentas\u00bb y \u00abFolleto\u00bb: Los datos pueden ser transferidos fuera de la Uni\u00f3n Europea e Inglaterra, \u00fanicamente a las filiales del Grupo LEBRONZE ALLOYS.<\/p><p>Marketing directo: Los datos pueden ser transferidos fuera de la Uni\u00f3n Europea e Inglaterra, \u00fanicamente a las filiales del Grupo LEBRONZE ALLOYS.<\/p><h2>5. Duraci\u00f3n del almacenamiento de datos<\/h2><p>Formularios de contacto \u00abVentas\u00bb y \u00abFolleto\u00bb: Los datos se almacenar\u00e1n durante tres (3) a\u00f1os a partir de la fecha del \u00faltimo contacto con LEBRONZE ALLOYS Group o hasta que el interesado retire su consentimiento (enviando un correo electr\u00f3nico a los datos de contacto del punto 6.2), sin perjuicio de las acciones posteriores que se realicen (por ejemplo, la firma de un contrato, la realizaci\u00f3n de un pedido, etc.).<\/p><p>Marketing directo: Los datos se almacenar\u00e1n durante tres (3) a\u00f1os a partir de la fecha del \u00faltimo contacto con LEBRONZE ALLOYS Group o hasta que el interesado retire su consentimiento (enviando un correo electr\u00f3nico a los datos de contacto del punto 6.2 o haciendo clic en el enlace \u00abcancelar la suscripci\u00f3n\u00bb del correo).<\/p><h2>6. Cookies<\/h2><h3>6.1 Definici\u00f3n de cookie inform\u00e1tica<\/h3><p>Una cookie es un peque\u00f1o archivo almacenado por un servidor en el disco duro del terminal del usuario (ordenador, smartphone, tableta, etc.) y asociado a un dominio del sitio web.<\/p><h3>6.2 Funci\u00f3n de una cookie inform\u00e1tica<\/h3><p>Las cookies sirven para m\u00faltiples prop\u00f3sitos, tales como:<\/p><ul><li>Mantener la elecci\u00f3n expresada por los usuarios sobre el dep\u00f3sito de cookies;<\/li><li>Autenticar a un usuario en un servicio;<\/li><li>Recuerde el contenido de un carrito de la compra en un sitio web de un comerciante;<\/li><li>Personalizar la interfaz de usuario (por ejemplo, la selecci\u00f3n del idioma);<\/li><li>Medir la audiencia de un sitio web;<\/li><li>Mostrar publicidad personalizada o no personalizada;<\/li><li>Comparte en las redes sociales;<\/li><\/ul><p>Las cookies requieren el consentimiento previo del usuario, salvo que sean estrictamente necesarias para la prestaci\u00f3n de un servicio de comunicaci\u00f3n en l\u00ednea expresamente solicitado por el usuario o que tengan como \u00fanica finalidad permitir o facilitar la comunicaci\u00f3n por medios electr\u00f3nicos.<\/p><h3>6.3 Cookies inform\u00e1ticas utilizadas por LEBRONZE ALLOYS en el Sitio Web<\/h3><p>El Grupo LEBRONZE ALLOYS utiliza cookies en su sitio web <a href=\"https:\/\/lebronze-distribution.com\/es\/\">https:\/\/lebronze-distribution.com\/<\/a> , de la siguiente manera:<\/p>\t\t\t\t\t\t\t\t<\/div>\n\t\t\t\t<\/div>\n\t\t\t\t<div class=\"elementor-element elementor-element-8fa084e elementor-widget elementor-widget-shortcode\" data-id=\"8fa084e\" data-element_type=\"widget\" data-e-type=\"widget\" data-widget_type=\"shortcode.default\">\n\t\t\t\t<div class=\"elementor-widget-container\">\n\t\t\t\t\t\t\t<div class=\"elementor-shortcode\"><table class=\"cookielawinfo-row-cat-table cookielawinfo-classic\"><thead><tr><th class=\"cookielawinfo-column-1\">Cookie<\/th><th class=\"cookielawinfo-column-3\">Duraci\u00f3n<\/th><th class=\"cookielawinfo-column-4\">Descripci\u00f3n<\/th><\/tr><\/thead><tbody><tr class=\"cookielawinfo-row\"><td class=\"cookielawinfo-column-1\">cookielawinfo-checkbox-advertisement<\/td><td class=\"cookielawinfo-column-3\"><\/td><td class=\"cookielawinfo-column-4\">Establecida por el plugin GDPR Cookie Consent, esta cookie se utiliza para registrar el consentimiento del usuario para las cookies de la categor\u00eda \"Publicidad\" .<\/td><\/tr><tr class=\"cookielawinfo-row\"><td class=\"cookielawinfo-column-1\">cookielawinfo-checkbox-analytics<\/td><td class=\"cookielawinfo-column-3\"><\/td><td class=\"cookielawinfo-column-4\">Esta cookie es establecida por el plugin GDPR Cookie Consent. La cookie se utiliza para almacenar el consentimiento del usuario para las cookies de la categor\u00eda \"Analytics\".<\/td><\/tr><tr class=\"cookielawinfo-row\"><td class=\"cookielawinfo-column-1\">cookielawinfo-checkbox-funcional<\/td><td class=\"cookielawinfo-column-3\"><\/td><td class=\"cookielawinfo-column-4\">La cookie se establece por el consentimiento de cookies GDPR para registrar el consentimiento del usuario para las cookies en la categor\u00eda \"Funcional\".<\/td><\/tr><tr class=\"cookielawinfo-row\"><td class=\"cookielawinfo-column-1\">cookielawinfo-checkbox-necessary<\/td><td class=\"cookielawinfo-column-3\"><\/td><td class=\"cookielawinfo-column-4\">Esta cookie es establecida por el plugin GDPR Cookie Consent. Las cookies se utilizan para almacenar el consentimiento del usuario para las cookies de la categor\u00eda \"Necesaria\".<\/td><\/tr><tr class=\"cookielawinfo-row\"><td class=\"cookielawinfo-column-1\">cookielawinfo-checkbox-others<\/td><td class=\"cookielawinfo-column-3\"><\/td><td class=\"cookielawinfo-column-4\">Esta cookie es establecida por el plugin GDPR Cookie Consent. La cookie se utiliza para almacenar el consentimiento del usuario para las cookies de la categor\u00eda \"Otros\".<\/td><\/tr><tr class=\"cookielawinfo-row\"><td class=\"cookielawinfo-column-1\">cookielawinfo-checkbox-performance<\/td><td class=\"cookielawinfo-column-3\"><\/td><td class=\"cookielawinfo-column-4\">Esta cookie es establecida por el plugin GDPR Cookie Consent. La cookie se utiliza para almacenar el consentimiento del usuario para las cookies de la categor\u00eda \"Rendimiento\".<\/td><\/tr><tr class=\"cookielawinfo-row\"><td class=\"cookielawinfo-column-1\">CookieLawInfoConsent<\/td><td class=\"cookielawinfo-column-3\"><\/td><td class=\"cookielawinfo-column-4\">Registra el estado del bot\u00f3n por defecto de la categor\u00eda correspondiente y el estado de CCPA. S\u00f3lo funciona en coordinaci\u00f3n con la cookie principal.<\/td><\/tr><tr class=\"cookielawinfo-row\"><td class=\"cookielawinfo-column-1\">elementor<\/td><td class=\"cookielawinfo-column-3\"><\/td><td class=\"cookielawinfo-column-4\">Esta cookie es utilizada por el tema de WordPress del sitio web. Permite al propietario del sitio web implementar o cambiar el contenido del mismo en tiempo real.<\/td><\/tr><tr class=\"cookielawinfo-row\"><td class=\"cookielawinfo-column-1\">viewed_cookie_policy<\/td><td class=\"cookielawinfo-column-3\"><\/td><td class=\"cookielawinfo-column-4\">La cookie es establecida por el plugin GDPR Cookie Consent y se utiliza para almacenar si el usuario ha consentido o no el uso de cookies. No almacena ning\u00fan dato personal.<\/td><\/tr><tr class=\"cookielawinfo-row\"><td class=\"cookielawinfo-column-1\">wp-wpml_current_language<\/td><td class=\"cookielawinfo-column-3\"><\/td><td class=\"cookielawinfo-column-4\">No hay descripci\u00f3n disponible.<\/td><\/tr><\/tbody><\/table> <\/div>\n\t\t\t\t\t\t<\/div>\n\t\t\t\t<\/div>\n\t\t\t\t\t<\/div>\n\t\t<\/div>\n\t\t\t\t\t<\/div>\n\t\t<\/section>\n\t\t\t\t<section class=\"elementor-section elementor-top-section elementor-element elementor-element-3612ef8e elementor-section-boxed elementor-section-height-default elementor-section-height-default\" data-id=\"3612ef8e\" data-element_type=\"section\" data-e-type=\"section\" data-settings=\"{&quot;jet_parallax_layout_list&quot;:[]}\">\n\t\t\t\t\t\t<div class=\"elementor-container elementor-column-gap-default\">\n\t\t\t\t\t<div class=\"elementor-column elementor-col-100 elementor-top-column elementor-element elementor-element-697172d4\" data-id=\"697172d4\" data-element_type=\"column\" data-e-type=\"column\">\n\t\t\t<div class=\"elementor-widget-wrap elementor-element-populated\">\n\t\t\t\t\t\t<div class=\"elementor-element elementor-element-3227d001 elementor-widget elementor-widget-text-editor\" data-id=\"3227d001\" data-element_type=\"widget\" data-e-type=\"widget\" data-widget_type=\"text-editor.default\">\n\t\t\t\t<div class=\"elementor-widget-container\">\n\t\t\t\t\t\t\t\t\t<h3>6.4 Gesti\u00f3n de las cookies del ordenador<\/h3>\n<p>Las cookies se pueden gestionar de dos maneras:<\/p>\n<ul>\n<li><strong>En el \u00abbanner de las cookies\u00bb:<\/strong><\/li>\n<\/ul>\n<p>En la primera conexi\u00f3n del usuario, el Sitio Web presenta un \u00abbanner de cookies\u00bb que indica los diferentes tipos de cookies que el Grupo LEBRONZE ALLOYS, o sus socios terceros (an\u00e1lisis, venta en l\u00ednea, etc.) son susceptibles de implantar en el navegador del usuario, as\u00ed como los fines perseguidos y las especificidades del tratamiento correspondiente. Se ofrece al usuario la posibilidad de aceptar o rechazar la colocaci\u00f3n de cookies, en su totalidad o tipo por tipo.<\/p>\n<ul>\n<li><strong>En la configuraci\u00f3n del navegador:<\/strong><\/li>\n<\/ul>\n<p>El usuario tiene la posibilidad, en todo momento, de aceptar o rechazar la colocaci\u00f3n de cookies, en su totalidad o tipo por tipo, configurando el navegador de su ordenador.<\/p>\n<p>Para ello, el procedimiento depende del navegador del usuario:<\/p>\n<ul>\n<li>Internet explorer&nbsp; <a href=\"https:\/\/support.microsoft.com\/fr-fr\/windows\/supprimer-et-g%C3%A9rer-les-cookies-168dab11-0753-043d-7c16-ede5947fc64d\">%C3%<\/a><\/li>\n<li>Safari&nbsp; <a href=\"https:\/\/support.apple.com\/fr-fr\/HT201265\">https:\/\/support.apple.com\/fr-fr\/HT201265<\/a><\/li>\n<li>Cromo <a href=\"https:\/\/policies.google.com\/technologies\/cookies?hl=fr&amp;gl=fr#managing-cookies\">https:\/\/policies.google.com\/technologies\/cookies?hl=fr&amp;gl=fr#managing-cookies<\/a><\/li>\n<li>Firefox&nbsp; <a href=\"https:\/\/support.mozilla.org\/fr\/kb\/protection-renforcee-contre-pistage-firefox-ordinateur?redirectlocale=fr&amp;redirectslug=activer-desactiver-cookies\">https:\/\/support.mozilla.org\/fr\/kb\/protection-renforcee-contre-pistage-firefox-ordinateur?redirectlocale=fr&amp;redirectslug=activer-desactiver-cookies<\/a><\/li>\n<li>Para otros navegadores: consulte la ayuda en l\u00ednea de estos navegadores.<\/li>\n<\/ul>\n<h2>7. Derechos de los interesados<\/h2>\n<h3>7.1 Informaci\u00f3n sobre los derechos de los interesados<\/h3>\n<p>Los interesados cuyos datos personales se recogen tienen los siguientes derechos:<\/p>\n<ul>\n<li>Derecho de acceso,<\/li>\n<li>Derecho de rectificaci\u00f3n,<\/li>\n<li>Derecho al borrado,<\/li>\n<li>Derecho a la restricci\u00f3n del tratamiento,<\/li>\n<li>Derecho a oponerse al tratamiento,<\/li>\n<li>Derecho a retirar el consentimiento en cualquier momento,<\/li>\n<li>Derecho a la portabilidad de los datos.<\/li>\n<\/ul>\n<h3>7.2 C\u00f3mo ejercer estos derechos<\/h3>\n<p>Los interesados pueden ejercer sus derechos escribiendo a<\/p>\n<p>ALEACIONES DE LEBRONCE<br>Servicio RGPD<br>8, rue de Hanovre<br>75002 PAR\u00cdS<br>Francia<\/p>\n<p><a href=\"mailto:rgpd@lebronze-alloys.com\">rgpd@lebronze-alloys.com<\/a><\/p>\n<h3>7.3 Reclamaciones de la Autoridad de Supervisi\u00f3n<\/h3>\n<p>Si el interesado no est\u00e1 satisfecho con la respuesta recibida del Departamento de GDPR de LEBRONZE ALLOYS, puede <a href=\"https:\/\/www.cnil.fr\/fr\/webform\/adresser-une-plainte\">presentar una queja ante la Autoridad de Protecci\u00f3n de Datos francesa, la CNIL<\/a>, en <a href=\"https:\/\/www.cnil.fr\/fr\/webform\/adresser-une-plainte\">https:\/\/www.cnil.fr\/fr\/webform\/adresser-une-plainte.<\/a><\/p>\t\t\t\t\t\t\t\t<\/div>\n\t\t\t\t<\/div>\n\t\t\t\t\t<\/div>\n\t\t<\/div>\n\t\t\t\t\t<\/div>\n\t\t<\/section>\n\t\t\t\t<\/div>\n\t\t","protected":false},"excerpt":{"rendered":"<p>POL\u00cdTICA DE PRIVACIDAD PARA www.lebronze-DISTRIBUTION.com (\u00daltima actualizaci\u00f3n: octubre de 2024) Esta pol\u00edtica de privacidad se aplica a todos los tratamientos de datos personales realizados por LEBRONZE ALLOYS UK y LEBRONZE ALLOYS (Francia) (en adelante denominados \u00abResponsable(s) del Tratamiento\u00bb), de acuerdo con (i) el Reglamento (UE) 2016\/679, de 27 de abril de 2016, relativo a la [&hellip;]<\/p>\n","protected":false},"author":1,"featured_media":0,"parent":0,"menu_order":0,"comment_status":"closed","ping_status":"open","template":"elementor_header_footer","meta":{"_acf_changed":false,"_seopress_robots_primary_cat":"","_seopress_titles_title":"","_seopress_titles_desc":"","_seopress_robots_index":"","footnotes":""},"class_list":["post-3426","page","type-page","status-publish","hentry"],"acf":[],"_links":{"self":[{"href":"https:\/\/lebronze-distribution.com\/es\/wp-json\/wp\/v2\/pages\/3426","targetHints":{"allow":["GET"]}}],"collection":[{"href":"https:\/\/lebronze-distribution.com\/es\/wp-json\/wp\/v2\/pages"}],"about":[{"href":"https:\/\/lebronze-distribution.com\/es\/wp-json\/wp\/v2\/types\/page"}],"author":[{"embeddable":true,"href":"https:\/\/lebronze-distribution.com\/es\/wp-json\/wp\/v2\/users\/1"}],"replies":[{"embeddable":true,"href":"https:\/\/lebronze-distribution.com\/es\/wp-json\/wp\/v2\/comments?post=3426"}],"version-history":[{"count":5,"href":"https:\/\/lebronze-distribution.com\/es\/wp-json\/wp\/v2\/pages\/3426\/revisions"}],"predecessor-version":[{"id":7814,"href":"https:\/\/lebronze-distribution.com\/es\/wp-json\/wp\/v2\/pages\/3426\/revisions\/7814"}],"wp:attachment":[{"href":"https:\/\/lebronze-distribution.com\/es\/wp-json\/wp\/v2\/media?parent=3426"}],"curies":[{"name":"wp","href":"https:\/\/api.w.org\/{rel}","templated":true}]}}