{"id":8875,"date":"2026-02-09T13:34:59","date_gmt":"2026-02-09T13:34:59","guid":{"rendered":"https:\/\/lebronze-distribution.com\/product\/nical-400-nicu32fe2mn-n04400-hochleistungslegierung-fuer-festigkeit-verschleissfestigkeit-und-thermische-stabilitaet\/"},"modified":"2026-02-18T17:55:06","modified_gmt":"2026-02-18T17:55:06","slug":"niclal400-nicu32fe2mn-n04400","status":"publish","type":"product","link":"https:\/\/lebronze-distribution.com\/de\/produkt\/niclal400-nicu32fe2mn-n04400\/","title":{"rendered":"Niclal\u00ae 400 | NiCu32Fe2Mn | N04400 Hochleistungslegierung f\u00fcr Festigkeit, Verschlei\u00dffestigkeit und thermische Stabilit\u00e4t"},"content":{"rendered":"<h2>Niclal\u00ae 400 | NiCu32Fe2Mn | N04400 \u2013 Wichtigste Eigenschaften<\/h2>\n<p><strong>Niclal\u00ae 400 | NiCu32Fe2Mn | N04400<\/strong> ist eine Nickelbasislegierung, die eine ausgezeichnete Best\u00e4ndigkeit gegen\u00fcber Meerwasser- und Chloralkalikorrosion bietet und somit eine \u00fcberlegene Haltbarkeit in stark aggressiven Umgebungen gew\u00e4hrleistet.<br \/>\n<strong>Niclal\u00ae 400<\/strong> weist hohe mechanische Eigenschaften auf und eignet sich daher f\u00fcr Struktur- und tragende Bauteile, die extremen Bedingungen ausgesetzt sind.<br \/>\nDie Legierung ist mit Kaltverformung, Tiefziehen und Schwei\u00dfen kompatibel und erm\u00f6glicht so eine pr\u00e4zise Fertigung ohne Beeintr\u00e4chtigung der Korrosionsbest\u00e4ndigkeit oder der mechanischen Eigenschaften.<\/p>\n<h2>Niclal\u00ae 400 | NiCu32Fe2Mn | N04400 Anwendungen<\/h2>\n<p><strong>Niclal\u00ae 400<\/strong> wird in Sprinkleranlagen, Befestigungselementen und Chlorventilen eingesetzt, wo Korrosionsbest\u00e4ndigkeit und mechanische Zuverl\u00e4ssigkeit von entscheidender Bedeutung sind.<br \/>\nDie Legierung findet auch Anwendung in \u00d6l- und Gasdichtungen, W\u00e4rmetauschern und anderen mechanischen Bauteilen und bietet dort Best\u00e4ndigkeit gegen\u00fcber korrosiven Fl\u00fcssigkeiten.<\/p>\n<p><strong>Industrieanlagen<\/strong><br \/>\nDie Legierung findet breite Anwendung in Industrieanlagen f\u00fcr Ventile, Befestigungselemente und mechanische Baugruppen, wo Best\u00e4ndigkeit gegen\u00fcber Meerwasser und Chemikalien erforderlich ist.<\/p>\n<p><strong>\u00d6l &amp; Gas und Energie<\/strong><br \/>\nEs findet Anwendung in Dichtungen, Rohrleitungen und mechanischen Bauteilen f\u00fcr die \u00d6l- und Gasindustrie und bietet zuverl\u00e4ssige Leistung unter korrosiven Bedingungen.<\/p>\n<p><strong>Wasseraufbereitung und Brandschutz<\/strong><br \/>\nDie Legierung wird in Sprinkleranlagen, Pumpen und anderen wasserf\u00fchrenden Komponenten verwendet, die aggressiven w\u00e4ssrigen Medien ausgesetzt sind.<\/p>\n","protected":false},"excerpt":{"rendered":"<p>Nical\u00ae 400 | NiCu32Fe2Mn | N04400 Hochleistungslegierung f\u00fcr Festigkeit, Verschlei\u00dffestigkeit und thermische Stabilit\u00e4t<\/p>\n","protected":false},"featured_media":8850,"comment_status":"open","ping_status":"closed","template":"","meta":{"_acf_changed":false,"_seopress_robots_primary_cat":"none","_seopress_titles_title":"","_seopress_titles_desc":"","_seopress_robots_index":""},"product_brand":[],"product_cat":[638],"product_tag":[641,639,640],"class_list":{"0":"post-8875","1":"product","2":"type-product","3":"status-publish","4":"has-post-thumbnail","6":"product_cat-nickellegierungen","7":"product_tag-n04400","8":"product_tag-nicral-400","9":"product_tag-nicu32fe2mn","11":"first","12":"instock","13":"shipping-taxable","14":"product-type-simple"},"acf":[],"_links":{"self":[{"href":"https:\/\/lebronze-distribution.com\/de\/wp-json\/wp\/v2\/product\/8875","targetHints":{"allow":["GET"]}}],"collection":[{"href":"https:\/\/lebronze-distribution.com\/de\/wp-json\/wp\/v2\/product"}],"about":[{"href":"https:\/\/lebronze-distribution.com\/de\/wp-json\/wp\/v2\/types\/product"}],"replies":[{"embeddable":true,"href":"https:\/\/lebronze-distribution.com\/de\/wp-json\/wp\/v2\/comments?post=8875"}],"wp:featuredmedia":[{"embeddable":true,"href":"https:\/\/lebronze-distribution.com\/de\/wp-json\/wp\/v2\/media\/8850"}],"wp:attachment":[{"href":"https:\/\/lebronze-distribution.com\/de\/wp-json\/wp\/v2\/media?parent=8875"}],"wp:term":[{"taxonomy":"product_brand","embeddable":true,"href":"https:\/\/lebronze-distribution.com\/de\/wp-json\/wp\/v2\/product_brand?post=8875"},{"taxonomy":"product_cat","embeddable":true,"href":"https:\/\/lebronze-distribution.com\/de\/wp-json\/wp\/v2\/product_cat?post=8875"},{"taxonomy":"product_tag","embeddable":true,"href":"https:\/\/lebronze-distribution.com\/de\/wp-json\/wp\/v2\/product_tag?post=8875"}],"curies":[{"name":"wp","href":"https:\/\/api.w.org\/{rel}","templated":true}]}}