{"id":8868,"date":"2026-02-16T11:27:46","date_gmt":"2026-02-16T11:27:46","guid":{"rendered":"https:\/\/lebronze-distribution.com\/product\/nicral-43a-cumn12ni-cumn12ni2-hochstabile-kupfer-mangan-nickel-legierung-fuer-praezise-elektrische-messungen\/"},"modified":"2026-02-18T17:48:11","modified_gmt":"2026-02-18T17:48:11","slug":"niclal43a-cumn12ni-cumn12ni2","status":"publish","type":"product","link":"https:\/\/lebronze-distribution.com\/de\/produkt\/niclal43a-cumn12ni-cumn12ni2\/","title":{"rendered":"Niclal\u00ae 43A | CuMn12Ni | CuMn12Ni2 hochstabile Kupfer-Mangan-Nickel-Legierung f\u00fcr pr\u00e4zise elektrische Messungen"},"content":{"rendered":"<h2>Niclal\u00ae 43A | CuMn12Ni | CuMn12Ni2 \u2013 Wichtigste Eigenschaften<\/h2>\n<p><strong>Niclal\u00ae 43A | CuMn12Ni | CuMn12Ni2<\/strong> ist eine Kupfer-Mangan-Nickel-Legierung, die f\u00fcr pr\u00e4zise Strommessanwendungen entwickelt wurde, welche eine stabile elektrische Leistung erfordern.<br \/>\n<strong>Niclal\u00ae 43A<\/strong> beh\u00e4lt eine hohe thermische Stabilit\u00e4t des elektrischen Widerstands bei und gew\u00e4hrleistet so eine zuverl\u00e4ssige und wiederholbare Leistung in Pr\u00e4zisionswiderst\u00e4nden und Shunts.<br \/>\nDie Legierung bietet hervorragende Umformbarkeit und Verarbeitbarkeit und ist mit Kaltumformung, Stanzen, L\u00f6ten und Schwei\u00dfen kompatibel, ohne dass die elektrischen Eigenschaften beeintr\u00e4chtigt werden.<\/p>\n<h2>Niclal\u00ae 43A | CuMn12Ni | CuMn12Ni2 Anwendungen<\/h2>\n<p><strong>Niclal\u00ae 43A | CuMn12Ni | CuMn12Ni2<\/strong> wird in Pr\u00e4zisionswiderst\u00e4nden eingesetzt, bei denen eine stabile elektrische Leistung von entscheidender Bedeutung ist.<br \/>\n<strong>Niclal\u00ae 43A<\/strong> wird in elektrischen Shunts f\u00fcr Stromz\u00e4hler und Gleichstrom-Amperemeter eingesetzt und gew\u00e4hrleistet eine konsistente und zuverl\u00e4ssige Strommessung.<\/p>\n<p><strong>Industrieanlagen<br \/>\n<\/strong> <strong>Niclal\u00ae 43A<\/strong> wird in der industriellen Messtechnik h\u00e4ufig f\u00fcr pr\u00e4zise Strommessungen, Shuntwiderst\u00e4nde und Messschaltungen eingesetzt, wo eine stabile elektrische Leistung unter thermischer und mechanischer Belastung erforderlich ist.<\/p>\n<p><strong>Elektrotechnik und Elektronik<br \/>\n<\/strong> Die Legierung gew\u00e4hrleistet einen zuverl\u00e4ssigen Betrieb von Widerst\u00e4nden, Amperemetern, Voltmetern und anderen \u00dcberwachungsger\u00e4ten, die im Labor und im Feld eingesetzt werden.<\/p>\n<p><strong>Energie- und Batteriemanagement<br \/>\n<\/strong> Es findet Anwendung in der Batterie\u00fcberwachung, der Leistungselektronik und in Energiemesssystemen und bietet eine genaue Strommessung sowie langfristige elektrische Stabilit\u00e4t.<\/p>\n","protected":false},"excerpt":{"rendered":"<p>Niclal\u00ae 43A | CuMn12Ni | CuMn12Ni2 \u2013 Wichtigste Eigenschaften Niclal\u00ae 43A | CuMn12Ni | CuMn12Ni2 ist eine Kupfer-Mangan-Nickel-Legierung, die f\u00fcr pr\u00e4zise Strommessanwendungen entwickelt wurde, welche eine stabile elektrische Leistung erfordern. Niclal\u00ae 43A beh\u00e4lt eine hohe thermische Stabilit\u00e4t des elektrischen Widerstands bei und gew\u00e4hrleistet so eine zuverl\u00e4ssige und wiederholbare Leistung in Pr\u00e4zisionswiderst\u00e4nden und Shunts. Die Legierung [&hellip;]<\/p>\n","protected":false},"featured_media":8842,"comment_status":"open","ping_status":"closed","template":"","meta":{"_acf_changed":false,"_seopress_robots_primary_cat":"none","_seopress_titles_title":"","_seopress_titles_desc":"","_seopress_robots_index":""},"product_brand":[],"product_cat":[618],"product_tag":[620,621,619],"class_list":{"0":"post-8868","1":"product","2":"type-product","3":"status-publish","4":"has-post-thumbnail","6":"product_cat-kupfer-mangan-nickel-legierungen","7":"product_tag-cumn12ni","8":"product_tag-cumn12ni2","9":"product_tag-niclal-43a","11":"first","12":"instock","13":"shipping-taxable","14":"product-type-simple"},"acf":[],"_links":{"self":[{"href":"https:\/\/lebronze-distribution.com\/de\/wp-json\/wp\/v2\/product\/8868","targetHints":{"allow":["GET"]}}],"collection":[{"href":"https:\/\/lebronze-distribution.com\/de\/wp-json\/wp\/v2\/product"}],"about":[{"href":"https:\/\/lebronze-distribution.com\/de\/wp-json\/wp\/v2\/types\/product"}],"replies":[{"embeddable":true,"href":"https:\/\/lebronze-distribution.com\/de\/wp-json\/wp\/v2\/comments?post=8868"}],"wp:featuredmedia":[{"embeddable":true,"href":"https:\/\/lebronze-distribution.com\/de\/wp-json\/wp\/v2\/media\/8842"}],"wp:attachment":[{"href":"https:\/\/lebronze-distribution.com\/de\/wp-json\/wp\/v2\/media?parent=8868"}],"wp:term":[{"taxonomy":"product_brand","embeddable":true,"href":"https:\/\/lebronze-distribution.com\/de\/wp-json\/wp\/v2\/product_brand?post=8868"},{"taxonomy":"product_cat","embeddable":true,"href":"https:\/\/lebronze-distribution.com\/de\/wp-json\/wp\/v2\/product_cat?post=8868"},{"taxonomy":"product_tag","embeddable":true,"href":"https:\/\/lebronze-distribution.com\/de\/wp-json\/wp\/v2\/product_tag?post=8868"}],"curies":[{"name":"wp","href":"https:\/\/api.w.org\/{rel}","templated":true}]}}