{"id":8860,"date":"2026-02-16T11:32:51","date_gmt":"2026-02-16T11:32:51","guid":{"rendered":"https:\/\/lebronze-distribution.com\/product\/cuprofor-cucop-c15600-hochleistungslegierung-fuer-festigkeit-verschleissfestigkeit-und-thermische-stabilitaet\/"},"modified":"2026-02-18T17:53:30","modified_gmt":"2026-02-18T17:53:30","slug":"cuprofor-cucop-c15600","status":"publish","type":"product","link":"https:\/\/lebronze-distribution.com\/de\/produkt\/cuprofor-cucop-c15600\/","title":{"rendered":"Cuprofor\u00ae | CuCoP | C15600 Hochleistungslegierung f\u00fcr Festigkeit, Verschlei\u00dffestigkeit und thermische Stabilit\u00e4t"},"content":{"rendered":"<h2>Cuprofor\u00ae | CuCoP | C15600 Haupteigenschaften<\/h2>\n<p><strong>Cuprofor\u00ae | CuCoP | C15600<\/strong> ist ein niedriglegiertes Kupfer mit hervorragender elektrischer Leitf\u00e4higkeit und eignet sich daher ideal f\u00fcr leitf\u00e4hige Bauteile wie elektrische Kontakte, Klemmen und Steckverbinder. Es vereint hohe mechanische Festigkeit mit hoher Leitf\u00e4higkeit und gew\u00e4hrleistet so strukturelle Integrit\u00e4t und Belastbarkeit bis 500 \u00b0C f\u00fcr anspruchsvolle elektrische und thermische Anwendungen. Dar\u00fcber hinaus zeichnet sich Cuprofor\u00ae durch eine ausgezeichnete Dauerfestigkeit aus und garantiert eine lange Lebensdauer von Bauteilen, die wiederholten mechanischen oder thermischen Belastungen ausgesetzt sind.<\/p>\n<h2>Cuprofor\u00ae | CuCoP | C15600-Anwendungen<\/h2>\n<p><strong>Cuprofor\u00ae | CuCoP | C15600<\/strong> wird in K\u00fchlk\u00f6rpern f\u00fcr Leistungstransistoren, Leiterplattentr\u00e4gern, elektrischen Kontakten, Kontakthalterungen und Drucktasten eingesetzt, wo eine hohe Leitf\u00e4higkeit und mechanische Festigkeit von entscheidender Bedeutung sind.<br \/>\n<strong>Cuprofor\u00ae | CuCoP | C15600<\/strong> wird auch in leitf\u00e4higen Teilen, elektrischen Verbindungen und Klemmen, W\u00e4rmetauschern, Dichtungen, Unterlegscheiben, Phasenringen und Shunts eingesetzt und bietet zuverl\u00e4ssige Leistung unter thermischer und mechanischer Belastung.<\/p>\n<p><strong>Elektrotechnik und Elektronik<\/strong><br \/>\n<strong>Cuprofor\u00ae | CuCoP | C15600<\/strong> wird h\u00e4ufig f\u00fcr Leiterplattentr\u00e4ger, elektrische Kontakte, Klemmen und Drucktaster verwendet, wo hervorragende Leitf\u00e4higkeit, mechanische Festigkeit und Dauerfestigkeit unerl\u00e4sslich sind.<\/p>\n<p><strong>Energie- und W\u00e4rmemanagement<\/strong><br \/>\nEs findet Anwendung in K\u00fchlk\u00f6rpern, W\u00e4rmetauschern und leitf\u00e4higen Baugruppen, die eine stabile Leistung bei erh\u00f6hten Temperaturen und wiederholten Temperaturzyklen erfordern.<\/p>\n<p><strong>Allgemeine Ingenieurwissenschaften<\/strong><br \/>\nDie Legierung bietet dauerhafte Leistung in mechanischen Bauteilen wie Unterlegscheiben, Dichtungen und Entphasungsringen, die m\u00e4\u00dfigen Belastungen und thermischer Beanspruchung ausgesetzt sind.<\/p>\n","protected":false},"excerpt":{"rendered":"<p>Cuprofor\u00ae | CuCoP | C15600 Hochleistungslegierung f\u00fcr Festigkeit, Verschlei\u00dffestigkeit und thermische Stabilit\u00e4t<\/p>\n","protected":false},"featured_media":8844,"comment_status":"open","ping_status":"closed","template":"","meta":{"_acf_changed":false,"_seopress_robots_primary_cat":"none","_seopress_titles_title":"","_seopress_titles_desc":"","_seopress_robots_index":""},"product_brand":[],"product_cat":[606],"product_tag":[609,608,607],"class_list":{"0":"post-8860","1":"product","2":"type-product","3":"status-publish","4":"has-post-thumbnail","6":"product_cat-niedriglegierte-kupferlegierungen","7":"product_tag-c15600","8":"product_tag-cucop","9":"product_tag-cuprofor","11":"first","12":"instock","13":"shipping-taxable","14":"product-type-simple"},"acf":[],"_links":{"self":[{"href":"https:\/\/lebronze-distribution.com\/de\/wp-json\/wp\/v2\/product\/8860","targetHints":{"allow":["GET"]}}],"collection":[{"href":"https:\/\/lebronze-distribution.com\/de\/wp-json\/wp\/v2\/product"}],"about":[{"href":"https:\/\/lebronze-distribution.com\/de\/wp-json\/wp\/v2\/types\/product"}],"replies":[{"embeddable":true,"href":"https:\/\/lebronze-distribution.com\/de\/wp-json\/wp\/v2\/comments?post=8860"}],"wp:featuredmedia":[{"embeddable":true,"href":"https:\/\/lebronze-distribution.com\/de\/wp-json\/wp\/v2\/media\/8844"}],"wp:attachment":[{"href":"https:\/\/lebronze-distribution.com\/de\/wp-json\/wp\/v2\/media?parent=8860"}],"wp:term":[{"taxonomy":"product_brand","embeddable":true,"href":"https:\/\/lebronze-distribution.com\/de\/wp-json\/wp\/v2\/product_brand?post=8860"},{"taxonomy":"product_cat","embeddable":true,"href":"https:\/\/lebronze-distribution.com\/de\/wp-json\/wp\/v2\/product_cat?post=8860"},{"taxonomy":"product_tag","embeddable":true,"href":"https:\/\/lebronze-distribution.com\/de\/wp-json\/wp\/v2\/product_tag?post=8860"}],"curies":[{"name":"wp","href":"https:\/\/api.w.org\/{rel}","templated":true}]}}