{"id":7301,"date":"2024-05-17T08:58:31","date_gmt":"2024-05-17T07:58:31","guid":{"rendered":"https:\/\/lebronze-distribution.com\/product\/airbus-qpl-zugelassene-materialien\/"},"modified":"2025-02-17T13:30:00","modified_gmt":"2025-02-17T13:30:00","slug":"airbus-qpl-zugelassene-materialien","status":"publish","type":"product","link":"https:\/\/lebronze-distribution.com\/de\/produkt\/airbus-qpl-zugelassene-materialien\/","title":{"rendered":"AIRBUS QPL-zugelassene Materialien"},"content":{"rendered":"<h2>Ein gro\u00dfes Portfolio an Airbus QPL-zugelassenen Materialien<\/h2>\n<p>Lebronze Alloys UK ist seit vielen Jahren ein f\u00fchrender Vertriebspartner in der Luft- und Raumfahrtindustrie.<br \/>\nMit Airbus QPL-zugelassenen Materialien in unserem Lagerbestand k\u00f6nnen wir jetzt effektiver auf die Bed\u00fcrfnisse unserer Kunden reagieren. Diese von Airbus QPL zugelassenen Materialien zeugen vom Vertrauen, das einer der weltweit f\u00fchrenden Luft- und Raumfahrtlieferanten in uns setzt.<\/p>\n<p>Weitere Informationen zu Airbus QPL-zugelassenen Materialien erhalten Sie unter folgendem Link: <a href=\"https:\/\/info.airbus.com\/en\/aqpl-airbus-qualified-parts-list\" data-cke-saved-href=\"https:\/\/info.airbus.com\/en\/aqpl-airbus-qualified-parts-list\">https:\/\/info.airbus.com\/en\/aqpl-airbus-qualified-parts-list<\/a><\/p>\n<h2>Suchtool der Lebronze Alloys Group f\u00fcr Airbus QPL-Materialien<\/h2>\n<p>Zus\u00e4tzlich zum Vertrieb von Airbus QPL-zugelassenen Materialien hat die Lebronze Alloys Group ein eigenes Suchtool f\u00fcr Airbus QPL-Materialien entwickelt.<\/p>\n<p>Dieses Suchtool soll Ihnen dabei helfen und Sie dar\u00fcber informieren, ob Ihr spezifisches Materialzertifikat f\u00fcr Lebronze-Legierungen \u00fcber das Airbus QPL-Zertifikat verf\u00fcgt oder nicht.<\/p>\n<p>Klicken Sie auf den folgenden Link, um auf das Suchtool von Lebronze Alloys zuzugreifen: <a href=\"https:\/\/www.lebronze-alloys.com\/en\/airbus-qpl\/\">https:\/\/www.lebronze-alloys.com\/en\/airbus-qpl\/<\/a><\/p>\n<h2>Auf Lager befindliche Airbus QPL-zugelassene Materialien<\/h2>\n\n<table id=\"tablepress-8\" class=\"tablepress tablepress-id-8 tbody-has-connected-cells\">\n<tbody class=\"row-striping row-hover\">\n<tr class=\"row-1\">\n\t<td colspan=\"2\" class=\"column-1\"><strong>AIRBUS QPL APPROVED MATERIALS<\/td>\n<\/tr>\n<tr class=\"row-2\">\n\t<td class=\"column-1\"><strong>Materials<\/td><td class=\"column-2\"><strong>Dimensions<\/td>\n<\/tr>\n<tr class=\"row-3\">\n\t<td class=\"column-1\">ABS 5152<\/td><td class=\"column-2\">50 \u2264 OD \u2264 200 mm \/ 1,97 \u2264 OD \u2264 7,87\"<br \/>\n7 \u2264 thickness \u2264 30 mm \/ 0,28 \u2264 thickness \u2264 1,18\"<\/td>\n<\/tr>\n<tr class=\"row-4\">\n\t<td class=\"column-1\">ABS 5849<\/td><td class=\"column-2\">15 \u2264 \u2300 \u2264 18 mm<br \/>\n0,59 \u2264 \u2300 \u2264 0,71\"<\/td>\n<\/tr>\n<tr class=\"row-5\">\n\t<td class=\"column-1\">ASNA 3315<\/td><td class=\"column-2\">20 x 50 mm \/ 25 x 50 mm<br \/>\n0,79 x 1,97\" \/ 0,98 x 1x97\"<\/td>\n<\/tr>\n<tr class=\"row-6\">\n\t<td class=\"column-1\">ASNA 3406<\/td><td class=\"column-2\">15 \u2264 \u2300 \u2264 275 mm<br \/>\n0,59 \u2264 \u2300 \u2264 10,82\"<\/td>\n<\/tr>\n<tr class=\"row-7\">\n\t<td class=\"column-1\">ASNA 6127<\/td><td class=\"column-2\">15 \u2264 \u2300 \u2264 140 mm<br \/>\n0,59 \u2264 \u2300 \u2264 5,51\"<\/td>\n<\/tr>\n<tr class=\"row-8\">\n\t<td class=\"column-1\">LN 9468<\/td><td class=\"column-2\">16 \u2264 \u2300 \u2264 80 mm<br \/>\n0,63 \u2264 \u2300 \u2264 3,15\"<\/td>\n<\/tr>\n<tr class=\"row-9\">\n\t<td class=\"column-1\">BS B23<\/td><td class=\"column-2\">16 \u2264 \u2300 \u2264 250 mm<br \/>\n0,63 \u2264 \u2300 \u2264 9,84\"<\/td>\n<\/tr>\n<tr class=\"row-10\">\n\t<td class=\"column-1\">DTD 197A<\/td><td class=\"column-2\">15,875 \u2264 \u2300 \u2264 101,6 mm<br \/>\n0,625 \u2264 \u2300 \u2264 4\"<\/td>\n<\/tr>\n<\/tbody>\n<\/table>\n<!-- #tablepress-8 from cache -->\n","protected":false},"excerpt":{"rendered":"<p>Ein gro\u00dfes Portfolio an Airbus QPL-zugelassenen Materialien Lebronze Alloys UK ist seit vielen Jahren ein f\u00fchrender Vertriebspartner in der Luft- und Raumfahrtindustrie. Mit Airbus QPL-zugelassenen Materialien in unserem Lagerbestand k\u00f6nnen wir jetzt effektiver auf die Bed\u00fcrfnisse unserer Kunden reagieren. Diese von Airbus QPL zugelassenen Materialien zeugen vom Vertrauen, das einer der weltweit f\u00fchrenden Luft- und [&hellip;]<\/p>\n","protected":false},"featured_media":7255,"comment_status":"open","ping_status":"closed","template":"","meta":{"_acf_changed":false,"_seopress_robots_primary_cat":"none","_seopress_titles_title":"","_seopress_titles_desc":"","_seopress_robots_index":""},"product_brand":[],"product_cat":[579],"product_tag":[],"class_list":{"0":"post-7301","1":"product","2":"type-product","3":"status-publish","4":"has-post-thumbnail","6":"product_cat-airbus-qpl-zugelassene-materialien","8":"first","9":"instock","10":"shipping-taxable","11":"product-type-simple"},"acf":[],"_links":{"self":[{"href":"https:\/\/lebronze-distribution.com\/de\/wp-json\/wp\/v2\/product\/7301","targetHints":{"allow":["GET"]}}],"collection":[{"href":"https:\/\/lebronze-distribution.com\/de\/wp-json\/wp\/v2\/product"}],"about":[{"href":"https:\/\/lebronze-distribution.com\/de\/wp-json\/wp\/v2\/types\/product"}],"replies":[{"embeddable":true,"href":"https:\/\/lebronze-distribution.com\/de\/wp-json\/wp\/v2\/comments?post=7301"}],"wp:featuredmedia":[{"embeddable":true,"href":"https:\/\/lebronze-distribution.com\/de\/wp-json\/wp\/v2\/media\/7255"}],"wp:attachment":[{"href":"https:\/\/lebronze-distribution.com\/de\/wp-json\/wp\/v2\/media?parent=7301"}],"wp:term":[{"taxonomy":"product_brand","embeddable":true,"href":"https:\/\/lebronze-distribution.com\/de\/wp-json\/wp\/v2\/product_brand?post=7301"},{"taxonomy":"product_cat","embeddable":true,"href":"https:\/\/lebronze-distribution.com\/de\/wp-json\/wp\/v2\/product_cat?post=7301"},{"taxonomy":"product_tag","embeddable":true,"href":"https:\/\/lebronze-distribution.com\/de\/wp-json\/wp\/v2\/product_tag?post=7301"}],"curies":[{"name":"wp","href":"https:\/\/api.w.org\/{rel}","templated":true}]}}