{"id":6802,"date":"2024-02-29T10:04:31","date_gmt":"2024-02-29T10:04:31","guid":{"rendered":"https:\/\/lebronze-distribution.com\/?post_type=product&#038;p=6802"},"modified":"2025-02-17T13:30:02","modified_gmt":"2025-02-17T13:30:02","slug":"ns6-cuni3si-c18000-kupfer-nickel-siliziumlegierung-mit-hohen-mechanischen-eigenschaften","status":"publish","type":"product","link":"https:\/\/lebronze-distribution.com\/de\/produkt\/ns6-cuni3si-c18000-kupfer-nickel-siliziumlegierung-mit-hohen-mechanischen-eigenschaften\/","title":{"rendered":"NS6 | CuNi3Si | C18000 | Kupfer-Nickel-Siliziumlegierung mit hohen mechanischen Eigenschaften"},"content":{"rendered":"<h2>NS6 | CuNi3Si | C18000-Schl\u00fcsseleigenschaften<\/h2>\n<p><strong>NS6 | CuNi3Si | C18000<\/strong> ist eine Kupfer-Nickel-Silizium-Knetlegierung CuNi3Si mit Strukturh\u00e4rtung.<\/p>\n<p><strong>NS6 | CuNi3Si | C18000<\/strong> weist hohe mechanische Eigenschaften sowie geeignete elektrische und thermische Eigenschaften auf.<\/p>\n<p><strong>NS6 | CuNi3Si | C18000<\/strong> verf\u00fcgt au\u00dferdem \u00fcber gute Gleiteigenschaften und ist zum Hartl\u00f6ten geeignet.<\/p>\n<h2>NS6 | CuNi3Si | C18000-Schl\u00fcsselanwendungen<\/h2>\n<p><strong>NS6 | CuNi3Si | C18000<\/strong> wird verwendet f\u00fcr:<\/p>\n<ul>\n<li>Kolbenspitzen f\u00fcr Druckgussmaschinen<\/li>\n<li>Teile zum Widerstandsschwei\u00dfen<\/li>\n<li>Einsatz f\u00fcr Kunststoffspritzgussformen<\/li>\n<\/ul>\n","protected":false},"excerpt":{"rendered":"<p>NS6 | CuNi3Si | C18000-Schl\u00fcsseleigenschaften NS6 | CuNi3Si | C18000 ist eine Kupfer-Nickel-Silizium-Knetlegierung CuNi3Si mit Strukturh\u00e4rtung. NS6 | CuNi3Si | C18000 weist hohe mechanische Eigenschaften sowie geeignete elektrische und thermische Eigenschaften auf. NS6 | CuNi3Si | C18000 verf\u00fcgt au\u00dferdem \u00fcber gute Gleiteigenschaften und ist zum Hartl\u00f6ten geeignet. NS6 | CuNi3Si | C18000-Schl\u00fcsselanwendungen NS6 | CuNi3Si [&hellip;]<\/p>\n","protected":false},"featured_media":8085,"comment_status":"open","ping_status":"closed","template":"","meta":{"_acf_changed":false,"_seopress_robots_primary_cat":"none","_seopress_titles_title":"","_seopress_titles_desc":"","_seopress_robots_index":""},"product_brand":[],"product_cat":[573],"product_tag":[],"class_list":{"0":"post-6802","1":"product","2":"type-product","3":"status-publish","4":"has-post-thumbnail","6":"product_cat-kupfer-nickel-silizium-legierungen","8":"first","9":"instock","10":"shipping-taxable","11":"product-type-simple"},"acf":[],"_links":{"self":[{"href":"https:\/\/lebronze-distribution.com\/de\/wp-json\/wp\/v2\/product\/6802","targetHints":{"allow":["GET"]}}],"collection":[{"href":"https:\/\/lebronze-distribution.com\/de\/wp-json\/wp\/v2\/product"}],"about":[{"href":"https:\/\/lebronze-distribution.com\/de\/wp-json\/wp\/v2\/types\/product"}],"replies":[{"embeddable":true,"href":"https:\/\/lebronze-distribution.com\/de\/wp-json\/wp\/v2\/comments?post=6802"}],"wp:featuredmedia":[{"embeddable":true,"href":"https:\/\/lebronze-distribution.com\/de\/wp-json\/wp\/v2\/media\/8085"}],"wp:attachment":[{"href":"https:\/\/lebronze-distribution.com\/de\/wp-json\/wp\/v2\/media?parent=6802"}],"wp:term":[{"taxonomy":"product_brand","embeddable":true,"href":"https:\/\/lebronze-distribution.com\/de\/wp-json\/wp\/v2\/product_brand?post=6802"},{"taxonomy":"product_cat","embeddable":true,"href":"https:\/\/lebronze-distribution.com\/de\/wp-json\/wp\/v2\/product_cat?post=6802"},{"taxonomy":"product_tag","embeddable":true,"href":"https:\/\/lebronze-distribution.com\/de\/wp-json\/wp\/v2\/product_tag?post=6802"}],"curies":[{"name":"wp","href":"https:\/\/api.w.org\/{rel}","templated":true}]}}