{"id":6718,"date":"2024-02-28T17:05:20","date_gmt":"2024-02-28T17:05:20","guid":{"rendered":"https:\/\/lebronze-distribution.com\/product\/ns5-cuni2si-cuni3si-cw111c-hochfeste-kupfer-nickel-silizium-legierungen\/"},"modified":"2025-02-17T13:30:09","modified_gmt":"2025-02-17T13:30:09","slug":"ns5-cuni2si-cuni3si-cw111c-hochfeste-kupfer-nickel-silizium-legierungen","status":"publish","type":"product","link":"https:\/\/lebronze-distribution.com\/de\/produkt\/ns5-cuni2si-cuni3si-cw111c-hochfeste-kupfer-nickel-silizium-legierungen\/","title":{"rendered":"NS5 | CuNi2Si | CW111C | 2.0855 | DTD 498 | Hochfeste Kupfer-Nickel-Silizium-Legierung"},"content":{"rendered":"<h2>NS5 | CuNi2Si | CW111C | 2.0855 | DTD 498 Schl\u00fcsseleigenschaften<\/h2>\n<p><strong>NS5 | CuNi2Si | CW111C | 2.0855 | DTD 498<\/strong> ist eine aush\u00e4rtbare Kupfer-Nickel-Silizium-Knetlegierung CuNi2Si.<\/p>\n<p><strong>NS5 | CuNi2Si | CW111C | 2.0855 | DTD 498<\/strong> ist f\u00fcr hochfeste Anwendungen konzipiert.<\/p>\n<p><strong>NS5 | CuNi2Si | CW111C | 2.0855 | DTD 498<\/strong> weist gute elektrische und thermische Eigenschaften sowie geeignete Gleiteigenschaften auf.<\/p>\n<p><strong>NS5 | CuNi2Si | CW111C | 2.0855 | DTD 498<\/strong> widersteht mechanischem Verschlei\u00df, Abrieb und ist best\u00e4ndig gegen Meereskorrosion.<\/p>\n<p>Schlie\u00dflich <strong>NS5 | CuNi2Si | CW111C | 2.0855 | DTD 498<\/strong><strong> <\/strong>hat eine geringe magnetische Permeabilit\u00e4t und ausgezeichnete Antifouling-Verhalten.<\/p>\n<h2>NS5 | CuNi2Si | CW111C | 2.0855 | DTD 498 wichtige Anwendungen<\/h2>\n<p><strong>Luft- und Raumfahrt<\/strong><\/p>\n<p><strong>NS5 | CuNi2Si | CW111C | 2.0855 | DTD 498<\/strong> eignet sich sehr gut f\u00fcr die Luft- und Raumfahrtindustrie und kann f\u00fcr Lagerk\u00e4fige, Kurzschlussringe, Rotoren und W\u00e4lzringe verwendet werden.<\/p>\n<p><strong>Automobilindustrie<\/strong><\/p>\n<p><strong>NS5 | CuNi2Si | CW111C | 2.0855 | DTD 498<\/strong> wird in der Automobilindustrie als Einsatz f\u00fcr Kunststoff-Spritzgussformen verwendet.<\/p>\n<p><strong>\u00d6l und Gas<\/strong><\/p>\n<p>Dank der hervorragenden Best\u00e4ndigkeit gegen Metall-Metall-Verschlei\u00df und der thermodynamischen Leistung <strong>von NS5 | CuNi2Si | CW111C | 2.0855 | DTD 498<\/strong> ist es eine bevorzugte Legierung f\u00fcr die \u00d6l- und Gasindustrie.<\/p>\n<p>Tats\u00e4chlich, <strong>NS5 | CuNi2Si | CW111C | 2.0855 | DTD 498<\/strong><strong> <\/strong>wird f\u00fcr Anwendungen wie Kurzschlussringe f\u00fcr Kraft\u00fcbertragungsk\u00f6pfe, Rotorkeile, Lager und Buchsen, Gleitringdichtungen und vieles mehr verwendet.<\/p>\n","protected":false},"excerpt":{"rendered":"<p>NS5 | CuNi2Si | CW111C | 2.0855 | DTD 498 Schl\u00fcsseleigenschaften NS5 | CuNi2Si | CW111C | 2.0855 | DTD 498 ist eine aush\u00e4rtbare Kupfer-Nickel-Silizium-Knetlegierung CuNi2Si. NS5 | CuNi2Si | CW111C | 2.0855 | DTD 498 ist f\u00fcr hochfeste Anwendungen konzipiert. NS5 | CuNi2Si | CW111C | 2.0855 | DTD 498 weist gute elektrische und [&hellip;]<\/p>\n","protected":false},"featured_media":8085,"comment_status":"open","ping_status":"closed","template":"","meta":{"_acf_changed":false,"_seopress_robots_primary_cat":"none","_seopress_titles_title":"","_seopress_titles_desc":"","_seopress_robots_index":""},"product_brand":[],"product_cat":[573],"product_tag":[],"class_list":{"0":"post-6718","1":"product","2":"type-product","3":"status-publish","4":"has-post-thumbnail","6":"product_cat-kupfer-nickel-silizium-legierungen","8":"first","9":"instock","10":"shipping-taxable","11":"product-type-simple"},"acf":[],"_links":{"self":[{"href":"https:\/\/lebronze-distribution.com\/de\/wp-json\/wp\/v2\/product\/6718","targetHints":{"allow":["GET"]}}],"collection":[{"href":"https:\/\/lebronze-distribution.com\/de\/wp-json\/wp\/v2\/product"}],"about":[{"href":"https:\/\/lebronze-distribution.com\/de\/wp-json\/wp\/v2\/types\/product"}],"replies":[{"embeddable":true,"href":"https:\/\/lebronze-distribution.com\/de\/wp-json\/wp\/v2\/comments?post=6718"}],"wp:featuredmedia":[{"embeddable":true,"href":"https:\/\/lebronze-distribution.com\/de\/wp-json\/wp\/v2\/media\/8085"}],"wp:attachment":[{"href":"https:\/\/lebronze-distribution.com\/de\/wp-json\/wp\/v2\/media?parent=6718"}],"wp:term":[{"taxonomy":"product_brand","embeddable":true,"href":"https:\/\/lebronze-distribution.com\/de\/wp-json\/wp\/v2\/product_brand?post=6718"},{"taxonomy":"product_cat","embeddable":true,"href":"https:\/\/lebronze-distribution.com\/de\/wp-json\/wp\/v2\/product_cat?post=6718"},{"taxonomy":"product_tag","embeddable":true,"href":"https:\/\/lebronze-distribution.com\/de\/wp-json\/wp\/v2\/product_tag?post=6718"}],"curies":[{"name":"wp","href":"https:\/\/api.w.org\/{rel}","templated":true}]}}