{"id":6708,"date":"2024-02-28T14:48:05","date_gmt":"2024-02-28T14:48:05","guid":{"rendered":"https:\/\/lebronze-distribution.com\/product\/ns30-cuni7si2cr1-hohe-waermeleitfaehigkeit-und-hochfeste-legierung\/"},"modified":"2025-02-17T13:30:11","modified_gmt":"2025-02-17T13:30:11","slug":"ns30-cuni7si2cr1-hohe-waermeleitfaehigkeit-und-hochfeste-legierung","status":"publish","type":"product","link":"https:\/\/lebronze-distribution.com\/de\/produkt\/ns30-cuni7si2cr1-hohe-waermeleitfaehigkeit-und-hochfeste-legierung\/","title":{"rendered":"NS30 | CuNi7Si2Cr1 | Kupfer-Nickel-Silizium-Legierung mit hoher W\u00e4rmeleitf\u00e4higkeit und hoher Festigkeit"},"content":{"rendered":"<h2><strong>NS30 | CuNi7Si2Cr1 Schl\u00fcsseleigenschaften<\/strong><\/h2>\n<p><strong>NS30 | CuNi7Si2Cr1<\/strong> ist eine geschmiedete Kupfer-Nickel-Silizium-Legierung CuNi7Si2Cr1, die f\u00fcr Anwendungen entwickelt wurde, die eine Kombination aus hoher W\u00e4rmeableitung, hoher Festigkeit, Sto\u00dffestigkeit und Korrosionsbest\u00e4ndigkeit erfordern.<\/p>\n<p><strong>NS30 | CuNi7Si2Cr1<\/strong> weist hervorragende physikalische und mechanische Eigenschaften auf.<\/p>\n<p><strong>NS30 | CuNi7Si2Cr1<\/strong> ist au\u00dfergew\u00f6hnlich best\u00e4ndig gegen Metall-auf-Metall-Verschlei\u00df, Abrieb und Erweichung.<\/p>\n<p><strong>NS30 | CuNi7Si2Cr1<\/strong> garantiert eine l\u00e4ngere Lebensdauer und weniger Ausf\u00e4lle und optimiert somit Ihre Gesamtbetriebskosten (TCO).<\/p>\n<p><strong>NS30 | CuNi7Si2Cr1<\/strong> l\u00e4sst sich leicht zu komplexen Bauteilen verarbeiten und <strong>ist gleichzeitig umweltfreundlich,<\/strong> da es sowohl <strong>berylliumfrei als auch bleifrei ist.<\/strong><\/p>\n<p><strong>NS30 | CuNi7Si2Cr1 ist<\/strong> <strong>ein idealer Ersatz f\u00fcr CuBe2 Berylliumkupfer<\/strong> und entspricht den REACH- und RoHS-Vorschriften.<\/p>\n<h2><strong>NS30 | CuNi7Si2Cr1-Anwendungen<\/strong><\/h2>\n<h3><strong>Automobilindustrie<\/strong><\/h3>\n<p><strong>NS30 | CuNi7Si2Cr1<\/strong> verbessert die Motorleistung durch Minimierung des Spaltvolumens und der Kopfverzerrung, Senkung der Auspuffbr\u00fcckentemperatur, Reduzierung der Kolbenmasse und Regulierung der Gesamttemperatur.<\/p>\n<p>Dar\u00fcber hinaus verringert <strong>NS30 | CuNi7Si2Cr1<\/strong> den Klopfeffekt und optimiert die Z\u00fcndverstellung f\u00fcr eine verbesserte Motoreffizienz.<\/p>\n<p>In kraftstoff- und CO2-effizienten Tourenwagen wird <strong>NS30 | CuNi7Si2Cr1<\/strong> in Ventilsitzen, Ventilf\u00fchrungen, Laufbuchsen, Lagern und Buchsen verwendet.<\/p>\n<p>Ebenso wird <strong>NS30 | CuNi7Si2Cr1<\/strong> in Rennwagen f\u00fcr Ventiltriebkomponenten eingesetzt, um die Leistung zu steigern.<\/p>\n<p><strong>Spritzgusswerkzeuge<\/strong><\/p>\n<p><strong>NS30 | CuNi7Si2Cr1<\/strong> ist aufgrund seiner au\u00dfergew\u00f6hnlichen thermischen und mechanischen Eigenschaften eine ausgezeichnete Wahl f\u00fcr Werkzeuganwendungen.<\/p>\n<p>Es eignet sich gut f\u00fcr den Einsatz in Formeins\u00e4tzen f\u00fcr Spritzguss, Spritz- und Extrusionsblasformen sowie f\u00fcr Spritzkomponenten wie D\u00fcsen und Verteiler f\u00fcr Hei\u00dfkanalsysteme.<\/p>\n<p><strong>Schwei\u00dfen<\/strong><\/p>\n<p><strong>NS30 | CuNi7Si2Cr1<\/strong> ist speziell f\u00fcr anspruchsvolle Schwei\u00dfanwendungen konzipiert, darunter hochbeanspruchte Schwei\u00dfsch\u00e4fte und -r\u00e4der sowie Kolbenspitzen und Kolben f\u00fcr den Hochdruckguss.<\/p>\n","protected":false},"excerpt":{"rendered":"<h2 style=\"text-align: left;\">Verf\u00fcgbare Formen und Gr\u00f6\u00dfen<\/h2>\n<ul>\n<li style=\"text-align: left;\">Stangen: 0,50&#8243; (12,7 mm)&lt; \u00d8 \u2264 5&#8243; (127 mm)<\/li>\n<\/ul>\n","protected":false},"featured_media":8085,"comment_status":"open","ping_status":"closed","template":"","meta":{"_acf_changed":false,"_seopress_robots_primary_cat":"none","_seopress_titles_title":"","_seopress_titles_desc":"","_seopress_robots_index":""},"product_brand":[],"product_cat":[573],"product_tag":[],"class_list":{"0":"post-6708","1":"product","2":"type-product","3":"status-publish","4":"has-post-thumbnail","6":"product_cat-kupfer-nickel-silizium-legierungen","8":"first","9":"instock","10":"shipping-taxable","11":"product-type-simple"},"acf":[],"_links":{"self":[{"href":"https:\/\/lebronze-distribution.com\/de\/wp-json\/wp\/v2\/product\/6708","targetHints":{"allow":["GET"]}}],"collection":[{"href":"https:\/\/lebronze-distribution.com\/de\/wp-json\/wp\/v2\/product"}],"about":[{"href":"https:\/\/lebronze-distribution.com\/de\/wp-json\/wp\/v2\/types\/product"}],"replies":[{"embeddable":true,"href":"https:\/\/lebronze-distribution.com\/de\/wp-json\/wp\/v2\/comments?post=6708"}],"wp:featuredmedia":[{"embeddable":true,"href":"https:\/\/lebronze-distribution.com\/de\/wp-json\/wp\/v2\/media\/8085"}],"wp:attachment":[{"href":"https:\/\/lebronze-distribution.com\/de\/wp-json\/wp\/v2\/media?parent=6708"}],"wp:term":[{"taxonomy":"product_brand","embeddable":true,"href":"https:\/\/lebronze-distribution.com\/de\/wp-json\/wp\/v2\/product_brand?post=6708"},{"taxonomy":"product_cat","embeddable":true,"href":"https:\/\/lebronze-distribution.com\/de\/wp-json\/wp\/v2\/product_cat?post=6708"},{"taxonomy":"product_tag","embeddable":true,"href":"https:\/\/lebronze-distribution.com\/de\/wp-json\/wp\/v2\/product_tag?post=6708"}],"curies":[{"name":"wp","href":"https:\/\/api.w.org\/{rel}","templated":true}]}}